{"id":74,"date":"2026-01-19T18:06:46","date_gmt":"2026-01-19T18:06:46","guid":{"rendered":"https:\/\/grumblydaddy.com\/?page_id=74"},"modified":"2026-03-22T21:27:48","modified_gmt":"2026-03-22T20:27:48","slug":"end-user-licence-agreement-eula","status":"publish","type":"page","link":"https:\/\/grumblydaddy.com\/vi\/end-user-licence-agreement-eula\/","title":{"rendered":"Th\u1ecfa thu\u1eadn c\u1ea5p ph\u00e9p cho ng\u01b0\u1eddi d\u00f9ng cu\u1ed1i (EULA)"},"content":{"rendered":"<h3 class=\"wp-block-heading\"><strong>GI\u1edaI H\u1ea0N TR\u00c1CH NHI\u1ec6M PH\u00c1P L\u00dd \u0110\u1ed0I V\u1edaI C\u00c1C TR\u00d2 CH\u01a0I VIDEO GI\u00c1O D\u1ee4C<\/strong><\/h3>\n\n\n\n<p>TR\u00d2 CH\u01a0I \u0110I\u1ec6N T\u1eec N\u00c0Y \u0110\u01af\u1ee2C CUNG C\u1ea4P \u201cNGUY\u00caN TR\u1ea0NG\u201d V\u00c0 \u201cTHEO T\u00ccNH TR\u1ea0NG C\u00d3 S\u1eb4N\u201d CH\u1ec8 V\u1edaI M\u1ee4C \u0110\u00cdCH GI\u1ea2I TR\u00cd V\u00c0 GI\u00c1O D\u1ee4C CHUNG. M\u1eb6C D\u00d9 TR\u00d2 CH\u01a0I C\u00d3 TH\u1ec2 CH\u1ee8A N\u1ed8I DUNG GI\u00c1O D\u1ee4C, NH\u01afNG N\u00d3 KH\u00d4NG NH\u1eb0M THAY TH\u1ebe CHO GI\u00c1O D\u1ee4C CH\u00cdNH TH\u1ee8C, \u0110\u00c0O T\u1ea0O CHUY\u00caN NGHI\u1ec6P HO\u1eb6C L\u1edcI KHUY\u00caN C\u1ee6A CHUY\u00caN GIA.<\/p>\n\n\n\n<p>TRONG PH\u1ea0M VI T\u1ed0I \u0110A M\u00c0 PH\u00c1P LU\u1eacT CHO PH\u00c9P, NH\u00c0 PH\u00c1T TRI\u1ec2N, NH\u00c0 PH\u00c2N PH\u1ed0I V\u00c0 B\u1ea4T K\u1ef2 \u0110\u01a0N V\u1eca LI\u00caN K\u1ebeT N\u00c0O KH\u00d4NG C\u00d3 B\u1ea4T K\u1ef2 CAM K\u1ebeT N\u00c0O, D\u00d9 R\u00d5 R\u00c0NG HAY NG\u1ee4 \u00dd, V\u1ec0 T\u00cdNH CH\u00cdNH X\u00c1C, T\u00cdNH \u0110\u1ea6Y \u0110\u1ee6 HO\u1eb6C T\u00cdNH TIN C\u1eacY C\u1ee6A TH\u00d4NG TIN \u0110\u01af\u1ee2C TR\u00ccNH B\u00c0Y TRONG TR\u00d2 CH\u01a0I. Ng\u01b0\u1eddi d\u00f9ng n\u00ean x\u00e1c minh b\u1ea5t k\u1ef3 th\u00f4ng tin n\u00e0o t\u1eeb c\u00e1c ngu\u1ed3n \u0111\u00e1ng tin c\u1eady tr\u01b0\u1edbc khi d\u1ef1a v\u00e0o \u0111\u00f3 \u0111\u1ec3 \u0111\u01b0a ra c\u00e1c quy\u1ebft \u0111\u1ecbnh h\u1ecdc thu\u1eadt, ngh\u1ec1 nghi\u1ec7p ho\u1eb7c c\u00e1 nh\u00e2n.<\/p>\n\n\n\n<p>TRONG B\u1ea4T K\u1ef2 TR\u01af\u1edcNG H\u1ee2P N\u00c0O, NH\u00c0 PH\u00c1T TRI\u1ec2N, NH\u00c0 PH\u00c2N PH\u1ed0I HO\u1eb6C C\u00c1C B\u00caN LI\u00caN QUAN C\u0168NG KH\u00d4NG CH\u1ecaU TR\u00c1CH NHI\u1ec6M PH\u00c1P L\u00dd \u0110\u1ed0I V\u1edaI B\u1ea4T K\u1ef2 THI\u1ec6T H\u1ea0I GI\u00c1N TI\u1ebeP, NG\u1eaaU NHI\u00caN, H\u1eacU QU\u1ea2, \u0110\u1eb6C BI\u1ec6T HO\u1eb6C R\u0102N \u0110E N\u00c0O PH\u00c1T SINH T\u1eea VI\u1ec6C S\u1eec D\u1ee4NG HO\u1eb6C HI\u1ec2U SAI N\u1ed8I DUNG C\u1ee6A TR\u00d2 CH\u01a0I. \u0110I\u1ec0U N\u00c0Y BAO G\u1ed2M, NH\u01afNG KH\u00d4NG GI\u1edaI H\u1ea0N \u1ede, K\u1ebeT QU\u1ea2 H\u1eccC T\u1eacP, TH\u00d4NG TIN SAI L\u1ea6M, THI\u1ec6T H\u1ea0I T\u00c0I CH\u00cdNH HO\u1eb6C B\u1ea4T K\u1ef2 QUY\u1ebeT \u0110\u1ecaNH N\u00c0O D\u1ef0A TR\u00caN TH\u00d4NG TIN TRONG TR\u00d2 CH\u01a0I.<\/p>\n\n\n\n<p>T\u1ea0I C\u00c1C PH\u00c1P L\u00dd N\u01a0I C\u00d3 GI\u1edaI H\u1ea0N TR\u00c1CH NHI\u1ec6M (BAO G\u1ed2M CALIFORNIA), TR\u00c1CH NHI\u1ec6M S\u1ebc \u0110\u01af\u1ee2C GI\u1edaI H\u1ea0N \u1ede M\u1ee8C T\u1ed0I \u0110A M\u00c0 PH\u00c1P LU\u1eacT CHO PH\u00c9P. TRONG M\u1eccI TR\u01af\u1edcNG H\u1ee2P, T\u1ed4NG TR\u00c1CH NHI\u1ec6M C\u1ee6A NH\u00c0 PH\u00c1T TRI\u1ec2N HO\u1eb6C NH\u00c0 PH\u00c2N PH\u1ed0I S\u1ebc KH\u00d4NG V\u01af\u1ee2T QU\u00c1 S\u1ed0 TI\u1ec0N \u0110\u00c3 THANH TO\u00c1N CHO TR\u00d2 CH\u01a0I.<\/p>\n\n\n\n<p>KHI CH\u01a0I TR\u00d2 CH\u01a0I N\u00c0Y, B\u1ea0N X\u00c1C NH\u1eacN R\u1eb0NG B\u1ea0N \u0110\u00c3 HI\u1ec2U V\u00c0 CH\u1ea4P NH\u1eacN C\u00c1C GI\u1edaI H\u1ea0N TR\u00c1CH NHI\u1ec6M N\u00c0Y.<\/p>\n\n\n\n<p>TR\u00d2 CH\u01a0I N\u00c0Y C\u00d3 H\u00ccNH \u1ea2NH M\u1ed8T CH\u00da G\u1ea4U B\u1ed0 T\u1eb6NG QU\u00c0 CHO C\u00c1C CON TRAI KHI CH\u00daNG TR\u1ea2 L\u1edcI \u0110\u00daNG C\u00c2U H\u1eceI C\u1ee6A B\u1ed0. \u0110I\u1ec0U N\u00c0Y CH\u1ec8 MANG T\u00cdNH BI\u1ec2U T\u01af\u1ee2NG V\u00c0 KH\u00d4NG \u0110\u01af\u1ee2C HI\u1ec2U L\u00c0 TR\u00d2 CH\u01a0I \u0110ANG T\u1eb6NG QU\u00c0 CHO NG\u01af\u1edcI CH\u01a0I.<\/p>\n\n\n\n<p><\/p>\n\n\n\n<p><\/p>\n\n\n\n<p class=\"has-medium-font-size\">\u0110\u1ecba ch\u1ec9 email c\u1ee7a ch\u00fang t\u00f4i: contact@grumblydaddy.com<\/p>","protected":false},"excerpt":{"rendered":"<p>LIMITATION OF LIABILITY FOR EDUCATIONAL VIDEO GAMES THIS VIDEO GAME IS PROVIDED &#8220;AS IS&#8221; AND &#8220;AS AVAILABLE&#8221; FOR ENTERTAINMENT AND GENERAL EDUCATIONAL PURPOSES ONLY. WHILE IT MAY CONTAIN EDUCATIONAL CONTENT, IT IS NOT INTENDED TO REPLACE FORMAL EDUCATION, PROFESSIONAL TRAINING, OR EXPERT ADVICE. TO THE MAXIMUM EXTENT PERMITTED BY LAW, THE DEVELOPER, DISTRIBUTOR, AND ANY [&hellip;]<\/p>\n","protected":false},"author":1,"featured_media":0,"parent":0,"menu_order":3,"comment_status":"closed","ping_status":"closed","template":"","meta":{"footnotes":""},"class_list":["post-74","page","type-page","status-publish","hentry"],"_links":{"self":[{"href":"https:\/\/grumblydaddy.com\/vi\/wp-json\/wp\/v2\/pages\/74","targetHints":{"allow":["GET"]}}],"collection":[{"href":"https:\/\/grumblydaddy.com\/vi\/wp-json\/wp\/v2\/pages"}],"about":[{"href":"https:\/\/grumblydaddy.com\/vi\/wp-json\/wp\/v2\/types\/page"}],"author":[{"embeddable":true,"href":"https:\/\/grumblydaddy.com\/vi\/wp-json\/wp\/v2\/users\/1"}],"replies":[{"embeddable":true,"href":"https:\/\/grumblydaddy.com\/vi\/wp-json\/wp\/v2\/comments?post=74"}],"version-history":[{"count":4,"href":"https:\/\/grumblydaddy.com\/vi\/wp-json\/wp\/v2\/pages\/74\/revisions"}],"predecessor-version":[{"id":87,"href":"https:\/\/grumblydaddy.com\/vi\/wp-json\/wp\/v2\/pages\/74\/revisions\/87"}],"wp:attachment":[{"href":"https:\/\/grumblydaddy.com\/vi\/wp-json\/wp\/v2\/media?parent=74"}],"curies":[{"name":"wp","href":"https:\/\/api.w.org\/{rel}","templated":true}]}}