{"id":64,"date":"2026-01-10T16:14:02","date_gmt":"2026-01-10T16:14:02","guid":{"rendered":"https:\/\/grumblydaddy.com\/?page_id=64"},"modified":"2026-03-27T19:10:43","modified_gmt":"2026-03-27T18:10:43","slug":"chinh-sach-bao-mat-cua-trang-web-nay","status":"publish","type":"page","link":"https:\/\/grumblydaddy.com\/vi\/this-sites-privacy-policy\/","title":{"rendered":"Ch\u00ednh s\u00e1ch b\u1ea3o m\u1eadt c\u1ee7a trang web n\u00e0y"},"content":{"rendered":"<p>\u0110\u1ecba ch\u1ec9 trang web c\u1ee7a ch\u00fang t\u00f4i l\u00e0: https:\/\/grumblydaddy.com.<\/p>\n\n\n\n<p><strong>B\u00ecnh lu\u1eadn<\/strong><br>Khi kh\u00e1ch truy c\u1eadp \u0111\u1ec3 l\u1ea1i b\u00ecnh lu\u1eadn tr\u00ean trang web, ch\u00fang t\u00f4i thu th\u1eadp c\u00e1c th\u00f4ng tin \u0111\u01b0\u1ee3c hi\u1ec3n th\u1ecb trong bi\u1ec3u m\u1eabu b\u00ecnh lu\u1eadn, c\u0169ng nh\u01b0 \u0111\u1ecba ch\u1ec9 IP v\u00e0 chu\u1ed7i user agent c\u1ee7a tr\u00ecnh duy\u1ec7t c\u1ee7a kh\u00e1ch truy c\u1eadp \u0111\u1ec3 h\u1ed7 tr\u1ee3 vi\u1ec7c ph\u00e1t hi\u1ec7n spam.<\/p>\n\n\n\n<p>M\u1ed9t chu\u1ed7i k\u00fd t\u1ef1 \u1ea9n danh \u0111\u01b0\u1ee3c t\u1ea1o ra t\u1eeb \u0111\u1ecba ch\u1ec9 email c\u1ee7a b\u1ea1n (c\u00f2n g\u1ecdi l\u00e0 m\u00e3 b\u0103m) c\u00f3 th\u1ec3 \u0111\u01b0\u1ee3c g\u1eedi \u0111\u1ebfn d\u1ecbch v\u1ee5 Gravatar \u0111\u1ec3 ki\u1ec3m tra xem b\u1ea1n c\u00f3 \u0111ang s\u1eed d\u1ee5ng d\u1ecbch v\u1ee5 n\u00e0y hay kh\u00f4ng. Ch\u00ednh s\u00e1ch b\u1ea3o m\u1eadt c\u1ee7a d\u1ecbch v\u1ee5 Gravatar c\u00f3 t\u1ea1i \u0111\u00e2y: https:\/\/automattic.com\/privacy\/. Sau khi b\u00ecnh lu\u1eadn c\u1ee7a b\u1ea1n \u0111\u01b0\u1ee3c duy\u1ec7t, \u1ea3nh \u0111\u1ea1i di\u1ec7n c\u1ee7a b\u1ea1n s\u1ebd hi\u1ec3n th\u1ecb c\u00f4ng khai k\u00e8m theo b\u00ecnh lu\u1eadn \u0111\u00f3.<\/p>\n\n\n\n<p><strong>Ph\u01b0\u01a1ng ti\u1ec7n truy\u1ec1n th\u00f4ng<\/strong><br>N\u1ebfu b\u1ea1n t\u1ea3i h\u00ecnh \u1ea3nh l\u00ean trang web, b\u1ea1n n\u00ean tr\u00e1nh t\u1ea3i l\u00ean nh\u1eefng h\u00ecnh \u1ea3nh c\u00f3 ch\u1ee9a d\u1eef li\u1ec7u v\u1ecb tr\u00ed (EXIF GPS). Ng\u01b0\u1eddi truy c\u1eadp trang web c\u00f3 th\u1ec3 t\u1ea3i xu\u1ed1ng v\u00e0 tr\u00edch xu\u1ea5t b\u1ea5t k\u1ef3 d\u1eef li\u1ec7u v\u1ecb tr\u00ed n\u00e0o t\u1eeb c\u00e1c h\u00ecnh \u1ea3nh tr\u00ean trang web.<\/p>\n\n\n\n<p><strong>B\u00e1nh quy<\/strong><br>N\u1ebfu b\u1ea1n \u0111\u1ec3 l\u1ea1i b\u00ecnh lu\u1eadn tr\u00ean trang web c\u1ee7a ch\u00fang t\u00f4i, b\u1ea1n c\u00f3 th\u1ec3 ch\u1ecdn l\u01b0u t\u00ean, \u0111\u1ecba ch\u1ec9 email v\u00e0 trang web c\u1ee7a m\u00ecnh v\u00e0o cookie. \u0110i\u1ec1u n\u00e0y nh\u1eb1m mang l\u1ea1i s\u1ef1 thu\u1eadn ti\u1ec7n cho b\u1ea1n, gi\u00fap b\u1ea1n kh\u00f4ng ph\u1ea3i \u0111i\u1ec1n l\u1ea1i th\u00f4ng tin khi \u0111\u1ec3 l\u1ea1i b\u00ecnh lu\u1eadn kh\u00e1c. C\u00e1c cookie n\u00e0y s\u1ebd c\u00f3 th\u1eddi h\u1ea1n s\u1eed d\u1ee5ng trong m\u1ed9t n\u0103m.<\/p>\n\n\n\n<p>N\u1ebfu b\u1ea1n truy c\u1eadp trang \u0111\u0103ng nh\u1eadp c\u1ee7a ch\u00fang t\u00f4i, ch\u00fang t\u00f4i s\u1ebd \u0111\u1eb7t m\u1ed9t cookie t\u1ea1m th\u1eddi \u0111\u1ec3 x\u00e1c \u0111\u1ecbnh xem tr\u00ecnh duy\u1ec7t c\u1ee7a b\u1ea1n c\u00f3 ch\u1ea5p nh\u1eadn cookie hay kh\u00f4ng. Cookie n\u00e0y kh\u00f4ng ch\u1ee9a b\u1ea5t k\u1ef3 d\u1eef li\u1ec7u c\u00e1 nh\u00e2n n\u00e0o v\u00e0 s\u1ebd b\u1ecb x\u00f3a khi b\u1ea1n \u0111\u00f3ng tr\u00ecnh duy\u1ec7t.<\/p>\n\n\n\n<p>Khi b\u1ea1n \u0111\u0103ng nh\u1eadp, ch\u00fang t\u00f4i c\u0169ng s\u1ebd thi\u1ebft l\u1eadp m\u1ed9t s\u1ed1 cookie \u0111\u1ec3 l\u01b0u th\u00f4ng tin \u0111\u0103ng nh\u1eadp v\u00e0 c\u00e1c t\u00f9y ch\u1ecdn hi\u1ec3n th\u1ecb m\u00e0n h\u00ecnh c\u1ee7a b\u1ea1n. Cookie \u0111\u0103ng nh\u1eadp c\u00f3 th\u1eddi h\u1ea1n hai ng\u00e0y, c\u00f2n cookie t\u00f9y ch\u1ecdn m\u00e0n h\u00ecnh c\u00f3 th\u1eddi h\u1ea1n m\u1ed9t n\u0103m. N\u1ebfu b\u1ea1n ch\u1ecdn \u201cGhi nh\u1edb t\u00f4i\u201d, th\u00f4ng tin \u0111\u0103ng nh\u1eadp c\u1ee7a b\u1ea1n s\u1ebd \u0111\u01b0\u1ee3c l\u01b0u trong hai tu\u1ea7n. N\u1ebfu b\u1ea1n \u0111\u0103ng xu\u1ea5t kh\u1ecfi t\u00e0i kho\u1ea3n, c\u00e1c cookie \u0111\u0103ng nh\u1eadp s\u1ebd b\u1ecb x\u00f3a.<\/p>\n\n\n\n<p>N\u1ebfu b\u1ea1n ch\u1ec9nh s\u1eeda ho\u1eb7c xu\u1ea5t b\u1ea3n m\u1ed9t b\u00e0i vi\u1ebft, m\u1ed9t cookie b\u1ed5 sung s\u1ebd \u0111\u01b0\u1ee3c l\u01b0u trong tr\u00ecnh duy\u1ec7t c\u1ee7a b\u1ea1n. Cookie n\u00e0y kh\u00f4ng ch\u1ee9a b\u1ea5t k\u1ef3 d\u1eef li\u1ec7u c\u00e1 nh\u00e2n n\u00e0o v\u00e0 ch\u1ec9 ghi l\u1ea1i ID b\u00e0i vi\u1ebft m\u00e0 b\u1ea1n v\u1eeba ch\u1ec9nh s\u1eeda. Cookie n\u00e0y s\u1ebd h\u1ebft h\u1ea1n sau 1 ng\u00e0y.<\/p>\n\n\n\n<p>\u0110\u1ec3 qu\u1ea3n l\u00fd c\u00e1c cookie v\u00e0 c\u00e1c c\u00f4ng ngh\u1ec7 t\u01b0\u01a1ng t\u1ef1 \u0111\u01b0\u1ee3c s\u1eed d\u1ee5ng (pixel theo d\u00f5i, web beacon, v.v.) c\u0169ng nh\u01b0 c\u00e1c s\u1ef1 \u0111\u1ed3ng \u00fd li\u00ean quan, ch\u00fang t\u00f4i s\u1eed d\u1ee5ng c\u00f4ng c\u1ee5 xin s\u1ef1 \u0111\u1ed3ng \u00fd \u201cReal Cookie Banner\u201d.<\/p>\n\n\n\n<p>C\u01a1 s\u1edf ph\u00e1p l\u00fd cho vi\u1ec7c x\u1eed l\u00fd d\u1eef li\u1ec7u c\u00e1 nh\u00e2n trong tr\u01b0\u1eddng h\u1ee3p n\u00e0y l\u00e0 \u0110i\u1ec1u 6 (1) (c) v\u00e0 \u0110i\u1ec1u 6 (1) (f) c\u1ee7a Quy \u0111\u1ecbnh chung v\u1ec1 b\u1ea3o v\u1ec7 d\u1eef li\u1ec7u (GDPR). L\u1ee3i \u00edch h\u1ee3p ph\u00e1p c\u1ee7a ch\u00fang t\u00f4i l\u00e0 vi\u1ec7c qu\u1ea3n l\u00fd c\u00e1c cookie v\u00e0 c\u00e1c c\u00f4ng ngh\u1ec7 t\u01b0\u01a1ng t\u1ef1 \u0111\u01b0\u1ee3c s\u1eed d\u1ee5ng c\u0169ng nh\u01b0 c\u00e1c s\u1ef1 \u0111\u1ed3ng \u00fd li\u00ean quan.<\/p>\n\n\n\n<p>Vi\u1ec7c cung c\u1ea5p d\u1eef li\u1ec7u c\u00e1 nh\u00e2n kh\u00f4ng ph\u1ea3i l\u00e0 y\u00eau c\u1ea7u theo h\u1ee3p \u0111\u1ed3ng c\u0169ng nh\u01b0 kh\u00f4ng ph\u1ea3i l\u00e0 \u0111i\u1ec1u ki\u1ec7n c\u1ea7n thi\u1ebft \u0111\u1ec3 k\u00fd k\u1ebft h\u1ee3p \u0111\u1ed3ng. Qu\u00fd v\u1ecb kh\u00f4ng c\u00f3 ngh\u0129a v\u1ee5 ph\u1ea3i cung c\u1ea5p d\u1eef li\u1ec7u c\u00e1 nh\u00e2n. N\u1ebfu qu\u00fd v\u1ecb kh\u00f4ng cung c\u1ea5p d\u1eef li\u1ec7u c\u00e1 nh\u00e2n, ch\u00fang t\u00f4i s\u1ebd kh\u00f4ng th\u1ec3 qu\u1ea3n l\u00fd c\u00e1c s\u1ef1 \u0111\u1ed3ng \u00fd c\u1ee7a qu\u00fd v\u1ecb.<\/p>\n\n\n\n<p><strong>N\u1ed9i dung \u0111\u01b0\u1ee3c nh\u00fang t\u1eeb c\u00e1c trang web kh\u00e1c<\/strong><br>C\u00e1c b\u00e0i vi\u1ebft tr\u00ean trang web n\u00e0y c\u00f3 th\u1ec3 ch\u1ee9a n\u1ed9i dung nh\u00fang (v\u00ed d\u1ee5: video, h\u00ecnh \u1ea3nh, b\u00e0i vi\u1ebft, v.v.). N\u1ed9i dung nh\u00fang t\u1eeb c\u00e1c trang web kh\u00e1c ho\u1ea1t \u0111\u1ed9ng y h\u1ec7t nh\u01b0 khi ng\u01b0\u1eddi d\u00f9ng truy c\u1eadp tr\u1ef1c ti\u1ebfp v\u00e0o trang web \u0111\u00f3.<\/p>\n\n\n\n<p>C\u00e1c trang web n\u00e0y c\u00f3 th\u1ec3 thu th\u1eadp d\u1eef li\u1ec7u v\u1ec1 b\u1ea1n, s\u1eed d\u1ee5ng cookie, nh\u00fang c\u00e1c c\u00f4ng c\u1ee5 theo d\u00f5i c\u1ee7a b\u00ean th\u1ee9 ba v\u00e0 theo d\u00f5i t\u01b0\u01a1ng t\u00e1c c\u1ee7a b\u1ea1n v\u1edbi n\u1ed9i dung \u0111\u01b0\u1ee3c nh\u00fang \u0111\u00f3, bao g\u1ed3m c\u1ea3 vi\u1ec7c theo d\u00f5i t\u01b0\u01a1ng t\u00e1c c\u1ee7a b\u1ea1n v\u1edbi n\u1ed9i dung \u0111\u01b0\u1ee3c nh\u00fang n\u1ebfu b\u1ea1n c\u00f3 t\u00e0i kho\u1ea3n v\u00e0 \u0111\u00e3 \u0111\u0103ng nh\u1eadp v\u00e0o trang web \u0111\u00f3.<\/p>\n\n\n\n<p><strong>Ch\u00fang t\u00f4i chia s\u1ebb d\u1eef li\u1ec7u c\u1ee7a b\u1ea1n v\u1edbi ai<\/strong><br>N\u1ebfu b\u1ea1n y\u00eau c\u1ea7u \u0111\u1eb7t l\u1ea1i m\u1eadt kh\u1ea9u, \u0111\u1ecba ch\u1ec9 IP c\u1ee7a b\u1ea1n s\u1ebd \u0111\u01b0\u1ee3c ghi trong email \u0111\u1eb7t l\u1ea1i m\u1eadt kh\u1ea9u.<\/p>\n\n\n\n<p><strong>Ch\u00fang t\u00f4i l\u01b0u gi\u1eef d\u1eef li\u1ec7u c\u1ee7a b\u1ea1n trong bao l\u00e2u<\/strong><br>N\u1ebfu b\u1ea1n \u0111\u1ec3 l\u1ea1i b\u00ecnh lu\u1eadn, b\u00ecnh lu\u1eadn \u0111\u00f3 c\u00f9ng c\u00e1c th\u00f4ng tin li\u00ean quan s\u1ebd \u0111\u01b0\u1ee3c l\u01b0u tr\u1eef v\u00f4 th\u1eddi h\u1ea1n. \u0110i\u1ec1u n\u00e0y gi\u00fap ch\u00fang t\u00f4i c\u00f3 th\u1ec3 t\u1ef1 \u0111\u1ed9ng nh\u1eadn di\u1ec7n v\u00e0 duy\u1ec7t c\u00e1c b\u00ecnh lu\u1eadn ti\u1ebfp theo thay v\u00ec gi\u1eef ch\u00fang trong h\u00e0ng \u0111\u1ee3i ki\u1ec3m duy\u1ec7t.<\/p>\n\n\n\n<p>\u0110\u1ed1i v\u1edbi nh\u1eefng ng\u01b0\u1eddi d\u00f9ng \u0111\u0103ng k\u00fd tr\u00ean trang web c\u1ee7a ch\u00fang t\u00f4i (n\u1ebfu c\u00f3), ch\u00fang t\u00f4i c\u0169ng l\u01b0u tr\u1eef th\u00f4ng tin c\u00e1 nh\u00e2n m\u00e0 h\u1ecd cung c\u1ea5p trong h\u1ed3 s\u01a1 ng\u01b0\u1eddi d\u00f9ng c\u1ee7a h\u1ecd. T\u1ea5t c\u1ea3 ng\u01b0\u1eddi d\u00f9ng \u0111\u1ec1u c\u00f3 th\u1ec3 xem, ch\u1ec9nh s\u1eeda ho\u1eb7c x\u00f3a th\u00f4ng tin c\u00e1 nh\u00e2n c\u1ee7a m\u00ecnh b\u1ea5t c\u1ee9 l\u00fac n\u00e0o (tr\u1eeb t\u00ean ng\u01b0\u1eddi d\u00f9ng th\u00ec kh\u00f4ng th\u1ec3 thay \u0111\u1ed5i). Qu\u1ea3n tr\u1ecb vi\u00ean trang web c\u0169ng c\u00f3 th\u1ec3 xem v\u00e0 ch\u1ec9nh s\u1eeda th\u00f4ng tin \u0111\u00f3.<\/p>\n\n\n\n<p><strong>B\u1ea1n c\u00f3 nh\u1eefng quy\u1ec1n g\u00ec \u0111\u1ed1i v\u1edbi d\u1eef li\u1ec7u c\u1ee7a m\u00ecnh<\/strong><br>N\u1ebfu b\u1ea1n c\u00f3 t\u00e0i kho\u1ea3n tr\u00ean trang web n\u00e0y ho\u1eb7c \u0111\u00e3 \u0111\u1ec3 l\u1ea1i b\u00ecnh lu\u1eadn, b\u1ea1n c\u00f3 th\u1ec3 y\u00eau c\u1ea7u nh\u1eadn m\u1ed9t t\u1ec7p tin ch\u1ee9a d\u1eef li\u1ec7u c\u00e1 nh\u00e2n m\u00e0 ch\u00fang t\u00f4i l\u01b0u tr\u1eef v\u1ec1 b\u1ea1n, bao g\u1ed3m c\u1ea3 nh\u1eefng d\u1eef li\u1ec7u m\u00e0 b\u1ea1n \u0111\u00e3 cung c\u1ea5p cho ch\u00fang t\u00f4i. B\u1ea1n c\u0169ng c\u00f3 th\u1ec3 y\u00eau c\u1ea7u ch\u00fang t\u00f4i x\u00f3a b\u1ea5t k\u1ef3 d\u1eef li\u1ec7u c\u00e1 nh\u00e2n n\u00e0o m\u00e0 ch\u00fang t\u00f4i l\u01b0u tr\u1eef v\u1ec1 b\u1ea1n. Tuy nhi\u00ean, \u0111i\u1ec1u n\u00e0y kh\u00f4ng bao g\u1ed3m nh\u1eefng d\u1eef li\u1ec7u m\u00e0 ch\u00fang t\u00f4i b\u1eaft bu\u1ed9c ph\u1ea3i l\u01b0u gi\u1eef v\u00ec m\u1ee5c \u0111\u00edch h\u00e0nh ch\u00ednh, ph\u00e1p l\u00fd ho\u1eb7c an ninh.<\/p>\n\n\n\n<p><strong>D\u1eef li\u1ec7u c\u1ee7a b\u1ea1n \u0111\u01b0\u1ee3c g\u1eedi \u0111\u1ebfn \u0111\u00e2u<\/strong><br>C\u00e1c b\u00ecnh lu\u1eadn c\u1ee7a kh\u00e1ch truy c\u1eadp c\u00f3 th\u1ec3 \u0111\u01b0\u1ee3c ki\u1ec3m tra th\u00f4ng qua m\u1ed9t d\u1ecbch v\u1ee5 ph\u00e1t hi\u1ec7n th\u01b0 r\u00e1c t\u1ef1 \u0111\u1ed9ng.<\/p>\n\n\n\n<p class=\"has-medium-font-size\"><strong>\u0110\u1ecba ch\u1ec9 email c\u1ee7a ch\u00fang t\u00f4i:<\/strong> contact@grumblydaddy.com<\/p>","protected":false},"excerpt":{"rendered":"<p>Our website address is: https:\/\/grumblydaddy.com. CommentsWhen visitors leave comments on the site we collect the data shown in the comments form, and also the visitor\u2019s IP address and browser user agent string to help spam detection. An anonymized string created from your email address (also called a hash) may be provided to the Gravatar service [&hellip;]<\/p>\n","protected":false},"author":1,"featured_media":0,"parent":0,"menu_order":2,"comment_status":"closed","ping_status":"closed","template":"","meta":{"footnotes":""},"class_list":["post-64","page","type-page","status-publish","hentry"],"_links":{"self":[{"href":"https:\/\/grumblydaddy.com\/vi\/wp-json\/wp\/v2\/pages\/64","targetHints":{"allow":["GET"]}}],"collection":[{"href":"https:\/\/grumblydaddy.com\/vi\/wp-json\/wp\/v2\/pages"}],"about":[{"href":"https:\/\/grumblydaddy.com\/vi\/wp-json\/wp\/v2\/types\/page"}],"author":[{"embeddable":true,"href":"https:\/\/grumblydaddy.com\/vi\/wp-json\/wp\/v2\/users\/1"}],"replies":[{"embeddable":true,"href":"https:\/\/grumblydaddy.com\/vi\/wp-json\/wp\/v2\/comments?post=64"}],"version-history":[{"count":6,"href":"https:\/\/grumblydaddy.com\/vi\/wp-json\/wp\/v2\/pages\/64\/revisions"}],"predecessor-version":[{"id":200,"href":"https:\/\/grumblydaddy.com\/vi\/wp-json\/wp\/v2\/pages\/64\/revisions\/200"}],"wp:attachment":[{"href":"https:\/\/grumblydaddy.com\/vi\/wp-json\/wp\/v2\/media?parent=64"}],"curies":[{"name":"wp","href":"https:\/\/api.w.org\/{rel}","templated":true}]}}