{"id":62,"date":"2026-01-10T16:12:38","date_gmt":"2026-01-10T16:12:38","guid":{"rendered":"https:\/\/grumblydaddy.com\/?page_id=62"},"modified":"2026-03-22T21:21:15","modified_gmt":"2026-03-22T20:21:15","slug":"chinh-sach-bao-mat-cua-tro-choi","status":"publish","type":"page","link":"https:\/\/grumblydaddy.com\/vi\/the-games-privacy-policy\/","title":{"rendered":"Ch\u00ednh s\u00e1ch b\u1ea3o m\u1eadt c\u1ee7a tr\u00f2 ch\u01a1i"},"content":{"rendered":"<p class=\"has-large-font-size\"><strong>Gi\u1edbi thi\u1ec7u<\/strong><br>Ch\u00ednh s\u00e1ch B\u1ea3o m\u1eadt n\u00e0y gi\u1ea3i th\u00edch c\u00e1ch GrumblyDaddy (\u201cch\u00fang t\u00f4i\u201d, \u201cc\u1ee7a ch\u00fang t\u00f4i\u201d ho\u1eb7c \u201cch\u00fang t\u00f4i\u201d) x\u1eed l\u00fd th\u00f4ng tin ng\u01b0\u1eddi d\u00f9ng.<br>GrumblyDaddy l\u00e0 m\u1ed9t tr\u00f2 ch\u01a1i gi\u00e1o d\u1ee5c d\u00e0nh cho c\u1ea3 tr\u1ebb em v\u00e0 ng\u01b0\u1eddi l\u1edbn. Ch\u00fang t\u00f4i cam k\u1ebft b\u1ea3o v\u1ec7 quy\u1ec1n ri\u00eang t\u01b0 c\u1ee7a ng\u01b0\u1eddi d\u00f9ng v\u00e0 \u0111\u1ea3m b\u1ea3o m\u1ed9t m\u00f4i tr\u01b0\u1eddng an to\u00e0n cho m\u1ecdi l\u1ee9a tu\u1ed5i.<\/p>\n\n\n\n<p><strong>Th\u00f4ng tin ch\u00fang t\u00f4i thu th\u1eadp<\/strong><br>GrumblyDaddy kh\u00f4ng thu th\u1eadp, l\u01b0u tr\u1eef, s\u1eed d\u1ee5ng ho\u1eb7c chia s\u1ebb b\u1ea5t k\u1ef3 d\u1eef li\u1ec7u c\u00e1 nh\u00e2n n\u00e0o.<br>Ch\u00fang t\u00f4i kh\u00f4ng thu th\u1eadp:<br>T\u00ean, \u0111\u1ecba ch\u1ec9 email ho\u1eb7c s\u1ed1 \u0111i\u1ec7n tho\u1ea1i<br>Th\u00f4ng tin t\u00e0i kho\u1ea3n<br>D\u1eef li\u1ec7u v\u1ecb tr\u00ed<br>M\u00e3 \u0111\u1ecbnh danh thi\u1ebft b\u1ecb<br>D\u1eef li\u1ec7u s\u1eed d\u1ee5ng ho\u1eb7c d\u1eef li\u1ec7u ph\u00e2n t\u00edch<br>\u1ee8ng d\u1ee5ng n\u00e0y c\u00f3 th\u1ec3 s\u1eed d\u1ee5ng ho\u00e0n to\u00e0n \u1edf ch\u1ebf \u0111\u1ed9 ngo\u1ea1i tuy\u1ebfn v\u00e0 kh\u00f4ng y\u00eau c\u1ea7u t\u1ea1o t\u00e0i kho\u1ea3n.<\/p>\n\n\n\n<p><strong>Quy\u1ec1n truy c\u1eadp<\/strong><br>GrumblyDaddy kh\u00f4ng y\u00eau c\u1ea7u quy\u1ec1n truy c\u1eadp v\u00e0o b\u1ea5t k\u1ef3 quy\u1ec1n nh\u1ea1y c\u1ea3m hay d\u1eef li\u1ec7u c\u00e1 nh\u00e2n n\u00e0o, theo quy \u0111\u1ecbnh c\u1ee7a ch\u00ednh s\u00e1ch Google Play.<\/p>\n\n\n\n<p><strong>Quy\u1ec1n ri\u00eang t\u01b0 c\u1ee7a tr\u1ebb em<\/strong><br>GrumblyDaddy ph\u00f9 h\u1ee3p v\u1edbi tr\u1ebb em d\u01b0\u1edbi 13 tu\u1ed5i v\u00e0 tu\u00e2n th\u1ee7 \u0110\u1ea1o lu\u1eadt B\u1ea3o v\u1ec7 Quy\u1ec1n ri\u00eang t\u01b0 Tr\u1ef1c tuy\u1ebfn c\u1ee7a Tr\u1ebb em (COPPA).<br>Ch\u00fang t\u00f4i kh\u00f4ng c\u1ed1 \u00fd thu th\u1eadp b\u1ea5t k\u1ef3 th\u00f4ng tin c\u00e1 nh\u00e2n n\u00e0o t\u1eeb tr\u1ebb em.<br>V\u00ec kh\u00f4ng thu th\u1eadp d\u1eef li\u1ec7u n\u00e0o, n\u00ean kh\u00f4ng c\u00f3 d\u1eef li\u1ec7u n\u00e0o \u0111\u1ec3 l\u01b0u tr\u1eef, chia s\u1ebb ho\u1eb7c x\u1eed l\u00fd.<\/p>\n\n\n\n<p><strong>M\u1ee5c \u0111\u00edch gi\u00e1o d\u1ee5c<\/strong><br>\u1ee8ng d\u1ee5ng n\u00e0y ch\u1ec9 d\u00e0nh cho m\u1ee5c \u0111\u00edch gi\u00e1o d\u1ee5c v\u00e0 kh\u00f4ng bao g\u1ed3m:<br>Qu\u1ea3ng c\u00e1o<br>Mua h\u00e0ng trong \u1ee9ng d\u1ee5ng<br>C\u00e1c t\u00ednh n\u0103ng t\u01b0\u01a1ng t\u00e1c x\u00e3 h\u1ed9i<br>C\u00e1c li\u00ean k\u1ebft b\u00ean ngo\u00e0i \u0111\u1ebfn c\u00e1c d\u1ecbch v\u1ee5 c\u1ee7a b\u00ean th\u1ee9 ba<\/p>\n\n\n\n<p><strong>D\u1ecbch v\u1ee5 c\u1ee7a b\u00ean th\u1ee9 ba<\/strong><br>Tr\u00f2 ch\u01a1i GrumblyDaddy kh\u00f4ng s\u1eed d\u1ee5ng c\u00e1c b\u1ed9 c\u00f4ng c\u1ee5 ph\u00e1t tri\u1ec3n ph\u1ea7n m\u1ec1m (SDK) hay d\u1ecbch v\u1ee5 c\u1ee7a b\u00ean th\u1ee9 ba c\u00f3 ch\u1ee9c n\u0103ng thu th\u1eadp ho\u1eb7c x\u1eed l\u00fd d\u1eef li\u1ec7u ng\u01b0\u1eddi d\u00f9ng (ch\u1eb3ng h\u1ea1n nh\u01b0 c\u00f4ng c\u1ee5 ph\u00e2n t\u00edch, qu\u1ea3ng c\u00e1o ho\u1eb7c c\u00f4ng c\u1ee5 theo d\u00f5i).<\/p>\n\n\n\n<p><strong>Chia s\u1ebb d\u1eef li\u1ec7u<\/strong><br>Ch\u00fang t\u00f4i kh\u00f4ng thu th\u1eadp b\u1ea5t k\u1ef3 d\u1eef li\u1ec7u c\u00e1 nh\u00e2n n\u00e0o, do \u0111\u00f3 kh\u00f4ng chia s\u1ebb d\u1eef li\u1ec7u v\u1edbi b\u00ean th\u1ee9 ba.<\/p>\n\n\n\n<p><strong>B\u1ea3o m\u1eadt<\/strong><br>V\u00ec kh\u00f4ng c\u00f3 d\u1eef li\u1ec7u ng\u01b0\u1eddi d\u00f9ng n\u00e0o \u0111\u01b0\u1ee3c thu th\u1eadp ho\u1eb7c l\u01b0u tr\u1eef, n\u00ean kh\u00f4ng c\u00f3 r\u1ee7i ro n\u00e0o li\u00ean quan \u0111\u1ebfn an ninh d\u1eef li\u1ec7u c\u00e1 nh\u00e2n.<\/p>\n\n\n\n<p><strong>Nh\u1eefng thay \u0111\u1ed5i \u0111\u1ed1i v\u1edbi Ch\u00ednh s\u00e1ch b\u1ea3o m\u1eadt n\u00e0y<\/strong><br>Ch\u00fang t\u00f4i c\u00f3 th\u1ec3 c\u1eadp nh\u1eadt Ch\u00ednh s\u00e1ch B\u1ea3o m\u1eadt n\u00e0y theo th\u1eddi gian. M\u1ecdi thay \u0111\u1ed5i s\u1ebd \u0111\u01b0\u1ee3c c\u1eadp nh\u1eadt tr\u00ean trang n\u00e0y ho\u1eb7c trong ph\u1ea7n m\u00f4 t\u1ea3 \u1ee9ng d\u1ee5ng tr\u00ean c\u1eeda h\u00e0ng \u1ee9ng d\u1ee5ng.<\/p>\n\n\n\n<p><strong>Li\u00ean h\u1ec7 v\u1edbi ch\u00fang t\u00f4i<\/strong><br>N\u1ebfu qu\u00fd v\u1ecb c\u00f3 b\u1ea5t k\u1ef3 th\u1eafc m\u1eafc n\u00e0o v\u1ec1 Ch\u00ednh s\u00e1ch b\u1ea3o m\u1eadt n\u00e0y, vui l\u00f2ng li\u00ean h\u1ec7 v\u1edbi ch\u00fang t\u00f4i qua \u0111\u1ecba ch\u1ec9 email: contact@grumblydaddy.com<\/p>","protected":false},"excerpt":{"rendered":"<p>IntroductionThis Privacy Policy explains how GrumblyDaddy (\u201cwe\u201d, \u201cour\u201d, or \u201cus\u201d) handles user information.GrumblyDaddy is an educational game designed for both children and adults. We are committed to protecting user privacy and ensuring a safe experience for all ages. Information We CollectGrumblyDaddy does not collect, store, use, or share any personal data.We do not collect:Names, email [&hellip;]<\/p>\n","protected":false},"author":1,"featured_media":0,"parent":0,"menu_order":1,"comment_status":"closed","ping_status":"closed","template":"","meta":{"footnotes":""},"class_list":["post-62","page","type-page","status-publish","hentry"],"_links":{"self":[{"href":"https:\/\/grumblydaddy.com\/vi\/wp-json\/wp\/v2\/pages\/62","targetHints":{"allow":["GET"]}}],"collection":[{"href":"https:\/\/grumblydaddy.com\/vi\/wp-json\/wp\/v2\/pages"}],"about":[{"href":"https:\/\/grumblydaddy.com\/vi\/wp-json\/wp\/v2\/types\/page"}],"author":[{"embeddable":true,"href":"https:\/\/grumblydaddy.com\/vi\/wp-json\/wp\/v2\/users\/1"}],"replies":[{"embeddable":true,"href":"https:\/\/grumblydaddy.com\/vi\/wp-json\/wp\/v2\/comments?post=62"}],"version-history":[{"count":2,"href":"https:\/\/grumblydaddy.com\/vi\/wp-json\/wp\/v2\/pages\/62\/revisions"}],"predecessor-version":[{"id":70,"href":"https:\/\/grumblydaddy.com\/vi\/wp-json\/wp\/v2\/pages\/62\/revisions\/70"}],"wp:attachment":[{"href":"https:\/\/grumblydaddy.com\/vi\/wp-json\/wp\/v2\/media?parent=62"}],"curies":[{"name":"wp","href":"https:\/\/api.w.org\/{rel}","templated":true}]}}