{"id":48,"date":"2026-01-10T15:51:37","date_gmt":"2026-01-10T15:51:37","guid":{"rendered":"https:\/\/grumblydaddy.com\/?page_id=48"},"modified":"2026-04-14T22:57:29","modified_gmt":"2026-04-14T21:57:29","slug":"the-grumblydaddy-game","status":"publish","type":"page","link":"https:\/\/grumblydaddy.com\/vi\/","title":{"rendered":"Tr\u00f2 ch\u01a1i to\u00e1n h\u1ecdc cho tr\u1ebb em GrumblyDaddy"},"content":{"rendered":"<p class=\"is-style-text-subtitle has-x-large-font-size is-style-text-subtitle--1\"><strong>H\u00e3y c\u00f9ng vui v\u1ebb v\u1edbi m\u00f4n to\u00e1n nh\u00e9!<\/strong><\/p>\n\n\n\n<div style=\"height:40px\" aria-hidden=\"true\" class=\"wp-block-spacer\"><\/div>\n\n\n\n<p>H\u00e3y \u0111\u1ec3 c\u00e1c em h\u1ecdc b\u1ed1n ph\u00e9p t\u00ednh c\u01a1 b\u1ea3n m\u1ed9t c\u00e1ch th\u00fa v\u1ecb.<br>GrumblyDaddy gi\u00fap c\u00e1c em h\u1ecdc sinh ti\u1ec3u h\u1ecdc luy\u1ec7n t\u1eadp c\u00e1c ph\u00e9p t\u00ednh c\u1ed9ng, tr\u1eeb, nh\u00e2n v\u00e0 chia.<\/p>\n\n\n\n<p>Tr\u1ea3 l\u1eddi \u0111\u00fang \u0111\u1ec3 b\u1ed1 g\u1ea5u ng\u00e0y c\u00e0ng vui v\u1ebb h\u01a1n. N\u1ebfu b\u1ea1n tr\u1ea3 l\u1eddi sai, b\u1ed1 g\u1ea5u s\u1ebd c\u00e1u k\u1ec9nh\u2026 nh\u01b0ng b\u1ea1n c\u00f3 th\u1ec3 c\u00f9 v\u00e0o m\u0169i b\u1ed1 g\u1ea5u \u0111\u1ec3 l\u00e0m b\u1ed1 g\u1ea5u b\u00ecnh t\u0129nh l\u1ea1i v\u00e0 xem chuy\u1ec7n g\u00ec s\u1ebd x\u1ea3y ra.<\/p>\n\n\n\n<p>GrumblyDaddy l\u00e0 m\u1ed9t \u1ee9ng d\u1ee5ng gi\u00e1o d\u1ee5c d\u00e0nh cho tr\u1ebb em t\u1eeb 5 \u0111\u1ebfn 10 tu\u1ed5i.<\/p>\n\n\n\n<p>C\u00f9ng v\u1edbi ch\u00fa g\u1ea5u b\u1ed1 v\u00e0 s\u00e1u ch\u00fa g\u1ea5u con, c\u00e1c b\u00e9 c\u00f3 th\u1ec3 luy\u1ec7n t\u1eadp:<\/p>\n\n\n\n<ul class=\"wp-block-list\">\n<li>ph\u1ea7n b\u1ed5 sung<\/li>\n\n\n\n<li>ph\u00e9p tr\u1eeb<\/li>\n\n\n\n<li>nh\u00e2n<\/li>\n\n\n\n<li>b\u1ed9 ph\u1eadn<\/li>\n<\/ul>\n\n\n\n<p><\/p>\n\n\n\n<p>T\u1ea1i sao tr\u1ebb em l\u1ea1i th\u00edch GrumblyDaddy:<\/p>\n\n\n\n<ul class=\"wp-block-list\">\n<li>b\u00e0i t\u1eadp to\u00e1n \u0111\u01a1n gi\u1ea3n v\u00e0 vui nh\u1ed9n<\/li>\n\n\n\n<li>m\u1ed9t nh\u00e2n v\u1eadt g\u1ea5u ng\u1ed9 ngh\u0129nh v\u00e0 gi\u00e0u bi\u1ec3u c\u1ea3m<\/li>\n\n\n\n<li>ph\u01b0\u01a1ng ph\u00e1p h\u1ecdc t\u1eadp ph\u00f9 h\u1ee3p v\u1edbi h\u1ecdc sinh ti\u1ec3u h\u1ecdc<\/li>\n\n\n\n<li>m\u1ed9t c\u00e1ch th\u00fa v\u1ecb \u0111\u1ec3 luy\u1ec7n t\u1eadp to\u00e1n<\/li>\n\n\n\n<li>qu\u00e1 tr\u00ecnh kh\u00e1m ph\u00e1 d\u1ea7n d\u1ea7n 4 ph\u00e9p t\u00ednh c\u01a1 b\u1ea3n<\/li>\n<\/ul>\n\n\n\n<p><\/p>\n\n\n\n<p>T\u1ea1i sao c\u00e1c b\u1eadc ph\u1ee5 huynh l\u1ea1i th\u00edch n\u00f3:<\/p>\n\n\n\n<ul class=\"wp-block-list\">\n<li>tr\u1ebb em r\u00e8n luy\u1ec7n c\u00e1c k\u1ef9 n\u0103ng to\u00e1n h\u1ecdc c\u01a1 b\u1ea3n<\/li>\n\n\n\n<li>vi\u1ec7c h\u1ecdc di\u1ec5n ra th\u00f4ng qua tr\u00f2 ch\u01a1i<\/li>\n\n\n\n<li>th\u1ebf gi\u1edbi h\u00e0i h\u01b0\u1edbc gi\u00fap thu h\u00fat s\u1ef1 ch\u00fa \u00fd<\/li>\n\n\n\n<li>ph\u00f9 h\u1ee3p v\u1edbi h\u1ecdc sinh nh\u1ecf tu\u1ed5i<\/li>\n<\/ul>\n\n\n\n<p><\/p>\n\n\n\n<p>GrumblyDaddy l\u00e0 l\u1ef1a ch\u1ecdn l\u00fd t\u01b0\u1edfng cho c\u00e1c em nh\u1ecf m\u1edbi b\u1eaft \u0111\u1ea7u h\u1ecdc to\u00e1n ho\u1eb7c mu\u1ed1n c\u1ee7ng c\u1ed1 c\u00e1c k\u1ef9 n\u0103ng to\u00e1n h\u1ecdc c\u01a1 b\u1ea3n.<\/p>\n\n\n\n<p><\/p>\n\n\n\n<p>Tr\u00f2 ch\u01a1i c\u00f3 phi\u00ean b\u1ea3n mi\u1ec5n ph\u00ed, ch\u1ec9 gi\u1edbi h\u1ea1n \u1edf b\u00e0n 2 v\u00e0 3, m\u00e0 b\u1ea1n c\u00f3 th\u1ec3 t\u00ecm th\u1ea5y <a href=\"https:\/\/play.google.com\/store\/apps\/details?id=com.applisphones.bearoperations2\" target=\"_blank\" rel=\"noreferrer noopener\">t\u1ea1i \u0111\u00e2y<\/a> Tr\u00ean Google Play Store, \u1ee9ng d\u1ee5ng n\u00e0y c\u00f3 t\u00f9y ch\u1ecdn Premium, cho ph\u00e9p m\u1edf kh\u00f3a t\u1ea5t c\u1ea3 c\u00e1c b\u00e0n ch\u01a1i. H\u00e3y th\u1eed \u0111\u1ec3 c\u1ea3m nh\u1eadn giao di\u1ec7n v\u00e0 l\u1ed1i ch\u01a1i c\u1ee7a tr\u00f2 ch\u01a1i!<\/p>\n\n\n\n<div style=\"height:40px\" aria-hidden=\"true\" class=\"wp-block-spacer\"><\/div>\n\n\n\n<h1 class=\"wp-block-heading\">Chi ti\u1ebft<\/h1>\n\n\n\n<h2 class=\"wp-block-heading\">M\u00e0n h\u00ecnh ch\u00ednh<\/h2>\n\n\n\n<p>Tr\u00ean m\u00e0n h\u00ecnh ch\u00ednh, ch\u00fang ta th\u1ea5y m\u1ed9t ch\u00fa g\u1ea5u b\u1ed1 \u0111ang d\u00f5i theo s\u00e1u ch\u00fa g\u1ea5u con c\u1ee7a m\u00ecnh, nh\u1eefng ch\u00fa \u0111ang c\u1ed1 g\u1eafng t\u00ecm ra \u0111\u00e1p \u00e1n \u0111\u00fang cho c\u00e1c c\u00e2u h\u1ecfi v\u1ec1 c\u00e1c ph\u00e9p t\u00ednh c\u1ed9ng, tr\u1eeb, nh\u00e2n v\u00e0 chia.<\/p>\n\n\n\n<figure class=\"wp-block-image size-full\"><img loading=\"lazy\" decoding=\"async\" width=\"480\" height=\"800\" src=\"https:\/\/grumblydaddy.com\/wp-content\/uploads\/2026\/01\/Screenshot_20251202_222212.png\" alt=\"M\u00e0n h\u00ecnh ch\u00ednh c\u1ee7a tr\u00f2 ch\u01a1i to\u00e1n h\u1ecdc GrumblyDaddy d\u00e0nh cho tr\u1ebb em.\" class=\"wp-image-43\" srcset=\"https:\/\/grumblydaddy.com\/wp-content\/uploads\/2026\/01\/Screenshot_20251202_222212.png 480w, https:\/\/grumblydaddy.com\/wp-content\/uploads\/2026\/01\/Screenshot_20251202_222212-180x300.png 180w\" sizes=\"auto, (max-width: 480px) 100vw, 480px\" \/><\/figure>\n\n\n\n<p>N\u1ebfu c\u00e1c con tr\u1ea3 l\u1eddi \u0111\u00fang, b\u1ed1 g\u1ea5u s\u1ebd ng\u00e0y c\u00e0ng vui v\u1ebb h\u01a1n.<\/p>\n\n\n\n<p>N\u1ebfu kh\u00f4ng, b\u1ed1 g\u1ea5u s\u1ebd c\u00e0ng l\u00fac c\u00e0ng t\u1ee9c gi\u1eadn. Tuy nhi\u00ean, \u0111\u1ec3 l\u00e0m d\u1ecbu c\u01a1n gi\u1eadn c\u1ee7a b\u1ed1, b\u1ea1n c\u00f3 th\u1ec3 c\u00f9 v\u00e0o m\u0169i b\u1ed1. H\u00e3y th\u1eed xem chuy\u1ec7n g\u00ec s\u1ebd x\u1ea3y ra!<\/p>\n\n\n\n<p>B\u1ea1n c\u00f3 th\u1ec3 t\u1ea1m d\u1eebng b\u1ea5t c\u1ee9 l\u00fac n\u00e0o.<\/p>\n\n\n\n<p>B\u1ea1n c\u00f3 th\u1ec3 ch\u1ecdn m\u1ee9c \u0111\u1ed9 kh\u00f3 trong s\u1ed1 c\u00e1c m\u1ee9c D\u1ec5, Trung b\u00ecnh v\u00e0 Kh\u00f3.<\/p>\n\n\n\n<p>\u1ee8ng d\u1ee5ng GrumblyDaddy nh\u1eb1m m\u1ee5c \u0111\u00edch bi\u1ebfn c\u00e1c b\u00e0i to\u00e1n tr\u1edf n\u00ean h\u00e0i h\u01b0\u1edbc v\u00e0 h\u1ea5p d\u1eabn. Tr\u1ebb em s\u1ebd c\u1ea3m th\u1ea5y th\u00e2n thu\u1ed9c v\u1edbi nh\u1eefng ch\u00fa g\u1ea5u con trong \u1ee9ng d\u1ee5ng. Nh\u1eefng ch\u00fa g\u1ea5u con r\u1ea5t th\u00edch \u0111\u01b0\u1ee3c b\u1ed1 g\u1ea5u ch\u0103m s\u00f3c, v\u00e0 c\u00f3 th\u1ec3 l\u00e0m b\u1ed1 b\u00ecnh t\u0129nh l\u1ea1i b\u1eb1ng c\u00e1ch c\u00f9 v\u00e0o m\u0169i b\u1ed1 m\u1ed7i khi b\u1ed1 n\u1ed5i gi\u1eadn. Ngo\u00e0i ra, khi m\u1ed9t trong nh\u1eefng ch\u00fa g\u1ea5u con m\u1eafc l\u1ed7i, nh\u1eefng ch\u00fa kh\u00e1c th\u01b0\u1eddng tr\u00eau ch\u1ecdc n\u00f3.<\/p>\n\n\n\n<div style=\"height:40px\" aria-hidden=\"true\" class=\"wp-block-spacer\"><\/div>\n\n\n\n<h2 class=\"wp-block-heading\">M\u00e0n h\u00ecnh th\u1ed1ng k\u00ea<\/h2>\n\n\n\n<p>C\u00f3 m\u1ed9t m\u00e0n h\u00ecnh th\u1ed1ng k\u00ea, hi\u1ec3n th\u1ecb c\u00e1c c\u00e2u h\u1ecfi \u0111\u00e3 \u0111\u01b0\u1ee3c tr\u1ea3 l\u1eddi \u0111\u00fang v\u00e0 nh\u1eefng c\u00e2u h\u1ecfi c\u00f2n c\u1ea7n c\u1ea3i thi\u1ec7n.<\/p>\n\n\n\n<figure class=\"wp-block-image size-full\"><img loading=\"lazy\" decoding=\"async\" width=\"480\" height=\"800\" src=\"https:\/\/grumblydaddy.com\/wp-content\/uploads\/2026\/01\/Screenshot_20251202_220243-1.png\" alt=\"Th\u1ed1ng k\u00ea to\u00e1n h\u1ecdc v\u00e0 t\u1ed5ng quan v\u1ec1 \u0111i\u1ec3m s\u1ed1\" class=\"wp-image-50\" srcset=\"https:\/\/grumblydaddy.com\/wp-content\/uploads\/2026\/01\/Screenshot_20251202_220243-1.png 480w, https:\/\/grumblydaddy.com\/wp-content\/uploads\/2026\/01\/Screenshot_20251202_220243-1-180x300.png 180w\" sizes=\"auto, (max-width: 480px) 100vw, 480px\" \/><\/figure>\n\n\n\n<div style=\"height:40px\" aria-hidden=\"true\" class=\"wp-block-spacer\"><\/div>\n\n\n\n<h2 class=\"wp-block-heading\">M\u00e0n h\u00ecnh t\u00f9y ch\u1ecdn<\/h2>\n\n\n\n<p>Ngo\u00e0i ra c\u00f2n c\u00f3 m\u1ed9t m\u00e0n h\u00ecnh t\u00f9y ch\u1ecdn \u0111\u1ec3 b\u1ea1n ch\u1ecdn c\u00e1c b\u00e0n m\u00e0 b\u1ea1n mu\u1ed1n luy\u1ec7n t\u1eadp.<\/p>\n\n\n\n<figure class=\"wp-block-image size-full\"><img loading=\"lazy\" decoding=\"async\" width=\"480\" height=\"800\" src=\"https:\/\/grumblydaddy.com\/wp-content\/uploads\/2026\/01\/Screenshot_20251202_220306-1.png\" alt=\"\" class=\"wp-image-51\" srcset=\"https:\/\/grumblydaddy.com\/wp-content\/uploads\/2026\/01\/Screenshot_20251202_220306-1.png 480w, https:\/\/grumblydaddy.com\/wp-content\/uploads\/2026\/01\/Screenshot_20251202_220306-1-180x300.png 180w\" sizes=\"auto, (max-width: 480px) 100vw, 480px\" \/><\/figure>\n\n\n\n<div style=\"height:40px\" aria-hidden=\"true\" class=\"wp-block-spacer\"><\/div>\n\n\n\n<h2 class=\"wp-block-heading\">M\u00e0n h\u00ecnh ch\u1ec9nh s\u1eeda<\/h2>\n\n\n\n<p>Ngo\u00e0i ra c\u00f2n c\u00f3 m\u1ed9t m\u00e0n h\u00ecnh \u00f4n t\u1eadp \u0111\u1ec3 h\u1ecdc ho\u1eb7c \u00f4n l\u1ea1i c\u00e1c b\u1ea3ng nh\u00e2n.<\/p>\n\n\n\n<figure class=\"wp-block-image size-full\"><img loading=\"lazy\" decoding=\"async\" width=\"480\" height=\"800\" src=\"https:\/\/grumblydaddy.com\/wp-content\/uploads\/2026\/01\/Screenshot_20251202_220325-1.png\" alt=\"\" class=\"wp-image-52\" srcset=\"https:\/\/grumblydaddy.com\/wp-content\/uploads\/2026\/01\/Screenshot_20251202_220325-1.png 480w, https:\/\/grumblydaddy.com\/wp-content\/uploads\/2026\/01\/Screenshot_20251202_220325-1-180x300.png 180w\" sizes=\"auto, (max-width: 480px) 100vw, 480px\" \/><\/figure>\n\n\n\n<div style=\"height:40px\" aria-hidden=\"true\" class=\"wp-block-spacer\"><\/div>\n\n\n\n<h2 class=\"wp-block-heading\">Video gi\u1edbi thi\u1ec7u<\/h2>\n\n\n\n<p class=\"has-large-font-size\">B\u1ea1n c\u00f3 th\u1ec3 xem <a href=\"https:\/\/youtu.be\/FvbKwQSI-vU\" target=\"_blank\" rel=\"noopener\">m\u1ed9t video gi\u1edbi thi\u1ec7u nhanh v\u1ec1 \u1ee9ng d\u1ee5ng n\u00e0y.<\/a><\/p>\n\n\n\n<p><\/p>\n\n\n\n<p>Ch\u00fac ho\u1ea1t \u0111\u1ed9ng su\u00f4n s\u1ebb!<\/p>\n\n\n\n<div style=\"height:100px\" aria-hidden=\"true\" class=\"wp-block-spacer\"><\/div>\n\n\n\n<p><\/p>\n\n\n\n<p class=\"has-medium-font-size\" style=\"margin-top:0;margin-right:0;margin-bottom:0;margin-left:0\"><a href=\"https:\/\/grumblydaddy.com\/vi\/chinh-sach-bao-mat-cua-tro-choi\/\" data-type=\"page\" data-id=\"62\">Ch\u00ednh s\u00e1ch b\u1ea3o m\u1eadt c\u1ee7a \u1ee9ng d\u1ee5ng<\/a><\/p>\n\n\n\n<p class=\"has-medium-font-size\" style=\"margin-top:0;margin-bottom:0\"><a href=\"https:\/\/grumblydaddy.com\/vi\/end-user-licence-agreement-eula\/\" data-type=\"page\" data-id=\"74\">Th\u1ecfa thu\u1eadn c\u1ea5p ph\u00e9p ng\u01b0\u1eddi d\u00f9ng cu\u1ed1i (EULA) c\u1ee7a \u1ee9ng d\u1ee5ng<\/a><\/p>\n\n\n\n<p class=\"has-medium-font-size\" style=\"margin-top:0;margin-right:0;margin-bottom:0;margin-left:0;padding-top:0;padding-bottom:0\"><a href=\"https:\/\/grumblydaddy.com\/vi\/chinh-sach-bao-mat-cua-trang-web-nay\/\" data-type=\"page\" data-id=\"64\">Ch\u00ednh s\u00e1ch b\u1ea3o m\u1eadt c\u1ee7a trang web n\u00e0y<\/a><\/p>\n\n\n\n<p class=\"has-medium-font-size\" style=\"margin-top:0;margin-bottom:0\"><a href=\"https:\/\/grumblydaddy.com\/vi\/crash-reporting-stability-firebase-crashlytics\/\" data-type=\"page\" data-id=\"90\">B\u00e1o c\u00e1o s\u1ef1 c\u1ed1<\/a><\/p>\n\n\n\n<p class=\"has-medium-font-size\" style=\"margin-top:0;margin-bottom:0\">Li\u00ean h\u1ec7: contact@grumblydaddy.com<\/p>","protected":false},"excerpt":{"rendered":"<p>Let\u2019s have fun with arithmetic! Let kids learn the four basic operations in a funny way.GrumblyDaddy helps primary school children practice addition, subtraction, multiplication and division. Answer correctly to make daddy bear happier and happier. If you make mistakes, he gets grumpy\u2026 but you can tickle his nose to calm him down and see what [&hellip;]<\/p>\n","protected":false},"author":1,"featured_media":112,"parent":0,"menu_order":0,"comment_status":"closed","ping_status":"closed","template":"","meta":{"footnotes":""},"class_list":["post-48","page","type-page","status-publish","has-post-thumbnail","hentry"],"_links":{"self":[{"href":"https:\/\/grumblydaddy.com\/vi\/wp-json\/wp\/v2\/pages\/48","targetHints":{"allow":["GET"]}}],"collection":[{"href":"https:\/\/grumblydaddy.com\/vi\/wp-json\/wp\/v2\/pages"}],"about":[{"href":"https:\/\/grumblydaddy.com\/vi\/wp-json\/wp\/v2\/types\/page"}],"author":[{"embeddable":true,"href":"https:\/\/grumblydaddy.com\/vi\/wp-json\/wp\/v2\/users\/1"}],"replies":[{"embeddable":true,"href":"https:\/\/grumblydaddy.com\/vi\/wp-json\/wp\/v2\/comments?post=48"}],"version-history":[{"count":51,"href":"https:\/\/grumblydaddy.com\/vi\/wp-json\/wp\/v2\/pages\/48\/revisions"}],"predecessor-version":[{"id":203,"href":"https:\/\/grumblydaddy.com\/vi\/wp-json\/wp\/v2\/pages\/48\/revisions\/203"}],"wp:featuredmedia":[{"embeddable":true,"href":"https:\/\/grumblydaddy.com\/vi\/wp-json\/wp\/v2\/media\/112"}],"wp:attachment":[{"href":"https:\/\/grumblydaddy.com\/vi\/wp-json\/wp\/v2\/media?parent=48"}],"curies":[{"name":"wp","href":"https:\/\/api.w.org\/{rel}","templated":true}]}}