{"id":90,"date":"2026-03-03T19:58:52","date_gmt":"2026-03-03T19:58:52","guid":{"rendered":"https:\/\/grumblydaddy.com\/?page_id=90"},"modified":"2026-03-22T21:29:05","modified_gmt":"2026-03-22T20:29:05","slug":"crash-reporting-stability-firebase-crashlytics","status":"publish","type":"page","link":"https:\/\/grumblydaddy.com\/tr\/crash-reporting-stability-firebase-crashlytics\/","title":{"rendered":"\u00c7\u00f6kme raporlama (kararl\u0131l\u0131k) - Firebase Crashlytics"},"content":{"rendered":"<p>Biz kullan\u0131yoruz <strong>Firebase Crashlytics<\/strong> (Google)'a <strong>\u00e7\u00f6kmeleri tespit ve te\u015fhis etme<\/strong>, sorunlar\u0131 d\u00fczeltin ve <strong>istikrar\u0131 iyile\u015ftirmek<\/strong> .. <strong>GrumblyDaddy<\/strong> Uygulama.<\/p>\n\n\n\n<p><strong>\u0130\u015flenen veriler<\/strong><br>Bir \u00e7\u00f6kme meydana geldi\u011finde, Crashlytics toplayabilir ve bize g\u00f6nderebilir:<\/p>\n\n\n\n<ul class=\"wp-block-list\">\n<li>\u00e7\u00f6kmeyle ilgili bilgiler (\u00f6rne\u011fin, \u00e7\u00f6kme izi\/y\u0131\u011f\u0131n izi, \u00e7\u00f6kme zaman\u0131, teknik ba\u011flam);<\/li>\n\n\n\n<li>cihaz ve uygulama hakk\u0131nda teknik bilgiler (\u00f6rne\u011fin, cihaz modeli, Android s\u00fcr\u00fcm\u00fc, dil\/lokal, uygulama s\u00fcr\u00fcm\u00fc);<\/li>\n\n\n\n<li>a <strong>takma ad tan\u0131mlay\u0131c\u0131<\/strong> kurulumla ba\u011flant\u0131l\u0131: bir Crashlytics <code>userId<\/code> dayal\u0131 bir <strong>kurulumda olu\u015fturulan rastgele UUID<\/strong>, sonra <strong>hashed<\/strong>. Bu tan\u0131mlay\u0131c\u0131 bir reklam tan\u0131mlay\u0131c\u0131s\u0131ndan veya bir cihaz tan\u0131mlay\u0131c\u0131s\u0131ndan t\u00fcretilmemi\u015ftir.<\/li>\n<\/ul>\n\n\n\n<p><strong>Kas\u0131tl\u0131 olarak toplamad\u0131\u011f\u0131m\u0131z veriler<\/strong><br>Crashlytics arac\u0131l\u0131\u011f\u0131yla sizi do\u011frudan tan\u0131mlayan verileri (\u00f6r. ad, e-posta adresi, telefon numaras\u0131) veya hassas verileri toplamaya \u00e7al\u0131\u015fm\u0131yoruz. Ki\u015fisel verileri teknik g\u00fcnl\u00fcklere dahil etmekten de ka\u00e7\u0131n\u0131yoruz.<\/p>\n\n\n\n<p><strong>Ama\u00e7<\/strong><br>D\u00fczeltici bak\u0131m, hata te\u015fhisi ve uygulaman\u0131n g\u00fcvenilirli\u011fini ve g\u00fcvenli\u011fini geli\u015ftirme.<\/p>\n\n\n\n<p><strong>Yasal dayanak<\/strong><br>Yasal dayana\u011f\u0131m\u0131z <strong>me\u015fru menfaat<\/strong> Uygulaman\u0131n d\u00fczg\u00fcn \u00e7al\u0131\u015fmas\u0131n\u0131 ve g\u00fcvenli\u011fini sa\u011flamada.<\/p>\n\n\n\n<p><strong>Al\u0131c\u0131lar<\/strong><br>Verilere yaln\u0131zca yetkili personel (teknik ekipler) eri\u015febilir ve veriler a\u015fa\u011f\u0131daki ki\u015filer taraf\u0131ndan i\u015flenir <strong>Google\/Firebase<\/strong> bir hizmet sa\u011flay\u0131c\u0131 olarak.<\/p>\n\n\n\n<p><strong>Uluslararas\u0131 transferler<\/strong><br>Veriler, Avrupa Birli\u011fi d\u0131\u015f\u0131nda bulunan altyap\u0131lar da dahil olmak \u00fczere Google\/Firebase taraf\u0131ndan, Google\/Firebase taraf\u0131ndan y\u00fcr\u00fcrl\u00fc\u011fe konulan s\u00f6zle\u015fme mekanizmalar\u0131 ve koruma \u00f6nlemlerine uygun olarak i\u015flenebilir.<\/p>\n\n\n\n<p><strong>Elde tutma<\/strong><br>Kaza raporlar\u0131 a\u015fa\u011f\u0131dakiler i\u00e7in saklan\u0131r <strong>12 ay<\/strong>, daha sonra yasal bir zorunluluk aksini gerektirmedik\u00e7e silinir veya anonim hale getirilir.<\/p>\n\n\n\n<p><strong>Sizin haklar\u0131n\u0131z<\/strong><br>Y\u00fcr\u00fcrl\u00fckteki yasalara tabi olarak eri\u015fim, d\u00fczeltme, silme, k\u0131s\u0131tlama ve itiraz haklar\u0131na sahipsiniz.<br>Haklar\u0131n\u0131z\u0131 kullanmak i\u00e7in bizimle ileti\u015fime ge\u00e7in: <strong><a href=\"mailto:contact@grumblydaddy.com\">contact@grumblydaddy.com<\/a><\/strong>.<\/p>","protected":false},"excerpt":{"rendered":"<p>We use Firebase Crashlytics (Google) to detect and diagnose crashes, fix issues, and improve the stability of the GrumblyDaddy app. Data processedWhen a crash occurs, Crashlytics may collect and send us: Data we do not intentionally collectWe do not seek to collect, via Crashlytics, data that directly identifies you (e.g., name, email address, phone number) [&hellip;]<\/p>\n","protected":false},"author":1,"featured_media":0,"parent":0,"menu_order":4,"comment_status":"closed","ping_status":"closed","template":"","meta":{"footnotes":""},"class_list":["post-90","page","type-page","status-publish","hentry"],"_links":{"self":[{"href":"https:\/\/grumblydaddy.com\/tr\/wp-json\/wp\/v2\/pages\/90","targetHints":{"allow":["GET"]}}],"collection":[{"href":"https:\/\/grumblydaddy.com\/tr\/wp-json\/wp\/v2\/pages"}],"about":[{"href":"https:\/\/grumblydaddy.com\/tr\/wp-json\/wp\/v2\/types\/page"}],"author":[{"embeddable":true,"href":"https:\/\/grumblydaddy.com\/tr\/wp-json\/wp\/v2\/users\/1"}],"replies":[{"embeddable":true,"href":"https:\/\/grumblydaddy.com\/tr\/wp-json\/wp\/v2\/comments?post=90"}],"version-history":[{"count":1,"href":"https:\/\/grumblydaddy.com\/tr\/wp-json\/wp\/v2\/pages\/90\/revisions"}],"predecessor-version":[{"id":91,"href":"https:\/\/grumblydaddy.com\/tr\/wp-json\/wp\/v2\/pages\/90\/revisions\/91"}],"wp:attachment":[{"href":"https:\/\/grumblydaddy.com\/tr\/wp-json\/wp\/v2\/media?parent=90"}],"curies":[{"name":"wp","href":"https:\/\/api.w.org\/{rel}","templated":true}]}}