{"id":74,"date":"2026-01-19T18:06:46","date_gmt":"2026-01-19T18:06:46","guid":{"rendered":"https:\/\/grumblydaddy.com\/?page_id=74"},"modified":"2026-03-22T21:27:48","modified_gmt":"2026-03-22T20:27:48","slug":"end-user-licence-agreement-eula","status":"publish","type":"page","link":"https:\/\/grumblydaddy.com\/tr\/end-user-licence-agreement-eula\/","title":{"rendered":"Son kullan\u0131c\u0131 lisans s\u00f6zle\u015fmesi (EULA)"},"content":{"rendered":"<h3 class=\"wp-block-heading\"><strong>E\u011eI\u0307TI\u0307CI\u0307 VI\u0307DEO OYUNLARI I\u0307\u00c7I\u0307N SORUMLULU\u011eUN SINIRLANDIRILMASI<\/strong><\/h3>\n\n\n\n<p>BU VI\u0307DEO OYUNU SADECE E\u011eLENCE VE GENEL E\u011eI\u0307TI\u0307M AMA\u00c7LI OLARAK \u201cOLDU\u011eU GI\u0307BI\u0307\u201d VE \u201cMEVCUT HALI\u0307YLE\u201d SUNULMAKTADIR. E\u011eI\u0307TI\u0307CI\u0307 I\u0307\u00c7ERI\u0307\u011eE SAHI\u0307P OLSA DA, RESMI\u0307 E\u011eI\u0307TI\u0307M, PROFESYONEL E\u011eI\u0307TI\u0307M VEYA UZMAN TAVSI\u0307YESI\u0307 YERI\u0307NE GE\u00c7MESI\u0307 AMA\u00c7LANMAMI\u015eTIR.<\/p>\n\n\n\n<p>YASALARIN I\u0307ZI\u0307N VERDI\u0307\u011eI\u0307 AZAMI\u0307 \u00d6L\u00c7\u00dcDE, GELI\u0307\u015eTI\u0307RI\u0307CI\u0307, DA\u011eITICI VE BA\u011eLI TARAFLAR, OYUNDA SUNULAN BI\u0307LGI\u0307LERI\u0307N DO\u011eRULU\u011eU, B\u00dcT\u00dcNL\u00dc\u011e\u00dc VEYA G\u00dcVENI\u0307LI\u0307RLI\u0307\u011eI\u0307 I\u0307LE I\u0307LGI\u0307LI\u0307 A\u00c7IK VEYA ZIMNI\u0307 HI\u0307\u00c7BI\u0307R GARANTI\u0307 VERMEMEKTEDI\u0307R. KULLANICILAR HERHANGI\u0307 BI\u0307R BI\u0307LGI\u0307YI\u0307 AKADEMI\u0307K, PROFESYONEL VEYA KI\u0307\u015eI\u0307SEL KARARLAR I\u0307\u00c7I\u0307N KULLANMADAN \u00d6NCE G\u00dcVENI\u0307LI\u0307R KAYNAKLARDAN DO\u011eRULAMALIDIR.<\/p>\n\n\n\n<p>GELI\u0307\u015eTI\u0307RI\u0307CI\u0307, DA\u011eITICI VEYA BA\u011eLI TARAFLAR HI\u0307\u00c7BI\u0307R KO\u015eUL ALTINDA OYUN I\u0307\u00c7ERI\u0307\u011eI\u0307NI\u0307N KULLANIMINDAN VEYA YANLI\u015e YORUMLANMASINDAN KAYNAKLANAN DOLAYLI, ARIZI\u0307, SONU\u00c7 OLARAK ORTAYA \u00c7IKAN, \u00d6ZEL VEYA \u00d6RNEK NI\u0307TELI\u0307\u011eI\u0307NDEKI\u0307 ZARARLARDAN SORUMLU TUTULAMAZ. BUNA AKADEMI\u0307K SONU\u00c7LAR, YANLI\u015e BI\u0307LGI\u0307LENDI\u0307RME, MALI\u0307 KAYIP VEYA OYUN I\u0307\u00c7I\u0307 BI\u0307LGI\u0307LERE DAYALI KARARLAR DAHI\u0307LDI\u0307R ANCAK BUNLARLA SINIRLI DE\u011eI\u0307LDI\u0307R.<\/p>\n\n\n\n<p>SORUMLULUK SINIRLAMALARININ SINIRLANDIRILDI\u011eI YARGI B\u00d6LGELERI\u0307NDE (KALI\u0307FORNI\u0307YA DAHI\u0307L), SORUMLULUK YASALARIN I\u0307ZI\u0307N VERDI\u0307\u011eI\u0307 AZAMI\u0307 \u00d6L\u00c7\u00dcDE SINIRLANDIRILACAKTIR. HER DURUMDA, GELI\u0307\u015eTI\u0307RI\u0307CI\u0307 VEYA DA\u011eITICININ TOPLAM SORUMLULU\u011eU OYUN I\u0307\u00c7I\u0307N \u00d6DENEN TUTARI A\u015eMAYACAKTIR.<\/p>\n\n\n\n<p>BU OYUNU OYNAYARAK, BU SORUMLULUK SINIRLAMALARINI ANLADI\u011eINIZI VE KABUL ETTI\u0307\u011eI\u0307NI\u0307ZI\u0307 ONAYLARSINIZ.<\/p>\n\n\n\n<p>BU OYUNDA, BABALARINA DO\u011eRU CEVAPLARI VERDI\u0307KLERI\u0307NDE O\u011eULLARINA BI\u0307R HEDI\u0307YE SUNAN BI\u0307R BABA AYI YER ALMAKTADIR. BU SEMBOLI\u0307KTI\u0307R VE OYUNUN KULLANICIYA BI\u0307R HEDI\u0307YE SUNDU\u011eU \u015eEKLI\u0307NDE YORUMLANMAMALIDIR.<\/p>\n\n\n\n<p><\/p>\n\n\n\n<p><\/p>\n\n\n\n<p class=\"has-medium-font-size\">E-posta adresimiz : contact@grumblydaddy.com<\/p>","protected":false},"excerpt":{"rendered":"<p>LIMITATION OF LIABILITY FOR EDUCATIONAL VIDEO GAMES THIS VIDEO GAME IS PROVIDED &#8220;AS IS&#8221; AND &#8220;AS AVAILABLE&#8221; FOR ENTERTAINMENT AND GENERAL EDUCATIONAL PURPOSES ONLY. WHILE IT MAY CONTAIN EDUCATIONAL CONTENT, IT IS NOT INTENDED TO REPLACE FORMAL EDUCATION, PROFESSIONAL TRAINING, OR EXPERT ADVICE. TO THE MAXIMUM EXTENT PERMITTED BY LAW, THE DEVELOPER, DISTRIBUTOR, AND ANY [&hellip;]<\/p>\n","protected":false},"author":1,"featured_media":0,"parent":0,"menu_order":3,"comment_status":"closed","ping_status":"closed","template":"","meta":{"footnotes":""},"class_list":["post-74","page","type-page","status-publish","hentry"],"_links":{"self":[{"href":"https:\/\/grumblydaddy.com\/tr\/wp-json\/wp\/v2\/pages\/74","targetHints":{"allow":["GET"]}}],"collection":[{"href":"https:\/\/grumblydaddy.com\/tr\/wp-json\/wp\/v2\/pages"}],"about":[{"href":"https:\/\/grumblydaddy.com\/tr\/wp-json\/wp\/v2\/types\/page"}],"author":[{"embeddable":true,"href":"https:\/\/grumblydaddy.com\/tr\/wp-json\/wp\/v2\/users\/1"}],"replies":[{"embeddable":true,"href":"https:\/\/grumblydaddy.com\/tr\/wp-json\/wp\/v2\/comments?post=74"}],"version-history":[{"count":4,"href":"https:\/\/grumblydaddy.com\/tr\/wp-json\/wp\/v2\/pages\/74\/revisions"}],"predecessor-version":[{"id":87,"href":"https:\/\/grumblydaddy.com\/tr\/wp-json\/wp\/v2\/pages\/74\/revisions\/87"}],"wp:attachment":[{"href":"https:\/\/grumblydaddy.com\/tr\/wp-json\/wp\/v2\/media?parent=74"}],"curies":[{"name":"wp","href":"https:\/\/api.w.org\/{rel}","templated":true}]}}