{"id":48,"date":"2026-01-10T15:51:37","date_gmt":"2026-01-10T15:51:37","guid":{"rendered":"https:\/\/grumblydaddy.com\/?page_id=48"},"modified":"2026-04-14T22:57:29","modified_gmt":"2026-04-14T21:57:29","slug":"the-grumblydaddy-game","status":"publish","type":"page","link":"https:\/\/grumblydaddy.com\/tr\/","title":{"rendered":"GrumblyDaddy matematik \u00e7ocuk oyunu"},"content":{"rendered":"<p class=\"is-style-text-subtitle has-x-large-font-size is-style-text-subtitle--1\"><strong>Aritmetik ile e\u011flenelim!<\/strong><\/p>\n\n\n\n<div style=\"height:40px\" aria-hidden=\"true\" class=\"wp-block-spacer\"><\/div>\n\n\n\n<p>\u00c7ocuklar\u0131n d\u00f6rt temel i\u015flemi e\u011flenceli bir \u015fekilde \u00f6\u011frenmelerini sa\u011flay\u0131n.<br>GrumblyDaddy ilkokul \u00e7ocuklar\u0131n\u0131n toplama, \u00e7\u0131karma, \u00e7arpma ve b\u00f6lme al\u0131\u015ft\u0131rmalar\u0131 yapmalar\u0131na yard\u0131mc\u0131 olur.<\/p>\n\n\n\n<p>Baba ay\u0131y\u0131 daha da mutlu etmek i\u00e7in do\u011fru cevap verin. Hata yaparsan\u0131z, huysuzla\u015f\u0131r... ama onu sakinle\u015ftirmek i\u00e7in burnunu g\u0131d\u0131klayabilir ve ne olaca\u011f\u0131n\u0131 g\u00f6rebilirsiniz.<\/p>\n\n\n\n<p>GrumblyDaddy 4 ila 10 ya\u015f aras\u0131 \u00e7ocuklar i\u00e7in tasarlanm\u0131\u015f bir e\u011fitim uygulamas\u0131d\u0131r.<\/p>\n\n\n\n<p>Baba ay\u0131 ve alt\u0131 o\u011flu ile \u00e7ocuklar pratik yapabilir:<\/p>\n\n\n\n<ul class=\"wp-block-list\">\n<li>ek olarak<\/li>\n\n\n\n<li>\u00c7IKARMA<\/li>\n\n\n\n<li>\u00c7ARPMA<\/li>\n\n\n\n<li>b\u00f6l\u00fcm<\/li>\n<\/ul>\n\n\n\n<p><\/p>\n\n\n\n<p>\u00c7ocuklar neden GrumblyDaddy'yi seviyor?<\/p>\n\n\n\n<ul class=\"wp-block-list\">\n<li>basit ve e\u011flenceli matematik al\u0131\u015ft\u0131rmalar\u0131<\/li>\n\n\n\n<li>komik ve etkileyici bir ay\u0131 karakteri<\/li>\n\n\n\n<li>ilkokul \u00e7ocuklar\u0131 i\u00e7in uyarlanm\u0131\u015f \u00f6\u011frenme<\/li>\n\n\n\n<li>aritmetik prati\u011fi yapman\u0131n e\u011flenceli bir yolu<\/li>\n\n\n\n<li>4 temel i\u015flemin a\u015famal\u0131 olarak ke\u015ffedilmesi<\/li>\n<\/ul>\n\n\n\n<p><\/p>\n\n\n\n<p>Ebeveynler neden seviyor?<\/p>\n\n\n\n<ul class=\"wp-block-list\">\n<li>\u00e7ocuklar temel aritmetik becerilerini uygular<\/li>\n\n\n\n<li>\u00f6\u011frenme oyun yoluyla ger\u00e7ekle\u015fir<\/li>\n\n\n\n<li>mizahi evren dikkati korumaya yard\u0131mc\u0131 olur<\/li>\n\n\n\n<li>gen\u00e7 \u00f6\u011frenciler i\u00e7in uygun<\/li>\n<\/ul>\n\n\n\n<p><\/p>\n\n\n\n<p>GrumblyDaddy, aritmeti\u011fe yeni ba\u015flayan veya temel matematik becerilerini g\u00fc\u00e7lendirmek isteyen \u00e7ocuklar i\u00e7in idealdir.<\/p>\n\n\n\n<p><\/p>\n\n\n\n<p>Oyunun 2. ve 3. masalarla s\u0131n\u0131rl\u0131 \u00fccretsiz bir  s\u00fcr\u00fcm\u00fc bulunmaktad\u0131r. <a href=\"https:\/\/play.google.com\/store\/apps\/details?id=com.applisphones.bearoperations2\" target=\"_blank\" rel=\"noreferrer noopener\">Burada<\/a> Google Play Store'da mevcut. T\u00fcm masalar\u0131n kilidini a\u00e7acak bir Premium se\u00e7ene\u011fi de bulunuyor. Oyunun g\u00f6r\u00fcn\u00fcm\u00fcn\u00fc ve oynan\u0131\u015f\u0131n\u0131 deneyimlemek i\u00e7in deneyin!<\/p>\n\n\n\n<div style=\"height:40px\" aria-hidden=\"true\" class=\"wp-block-spacer\"><\/div>\n\n\n\n<h1 class=\"wp-block-heading\">Detaylar<\/h1>\n\n\n\n<h2 class=\"wp-block-heading\">Ana ekran<\/h2>\n\n\n\n<p>Ana ekranda, toplama, \u00e7\u0131karma, \u00e7arpma ve b\u00f6lme i\u015flemleriyle ilgili sorulara do\u011fru cevaplar\u0131 bulmaya \u00e7al\u0131\u015fan alt\u0131 o\u011fluna bakan bir baba ay\u0131 ke\u015ffediyoruz.<\/p>\n\n\n\n<figure class=\"wp-block-image size-full\"><img loading=\"lazy\" decoding=\"async\" width=\"480\" height=\"800\" src=\"https:\/\/grumblydaddy.com\/wp-content\/uploads\/2026\/01\/Screenshot_20251202_222212.png\" alt=\"\u00c7ocuklar i\u00e7in GrumblyDaddy matematik oyununun ana ekran\u0131.\" class=\"wp-image-43\" srcset=\"https:\/\/grumblydaddy.com\/wp-content\/uploads\/2026\/01\/Screenshot_20251202_222212.png 480w, https:\/\/grumblydaddy.com\/wp-content\/uploads\/2026\/01\/Screenshot_20251202_222212-180x300.png 180w\" sizes=\"auto, (max-width: 480px) 100vw, 480px\" \/><\/figure>\n\n\n\n<p>E\u011fer do\u011fru cevap verirlerse, baba ay\u0131 gittik\u00e7e daha mutlu oluyor.<\/p>\n\n\n\n<p>E\u011fer yapmazlarsa, baba ay\u0131 gittik\u00e7e daha da sinirleniyor. Ancak onu sakinle\u015ftirmek i\u00e7in burnunu g\u0131d\u0131klayabilirsiniz. Yap\u0131n ve ne olaca\u011f\u0131n\u0131 g\u00f6r\u00fcn!<\/p>\n\n\n\n<p>\u0130stedi\u011finiz zaman duraklatabilirsiniz.<\/p>\n\n\n\n<p>Kolay, Orta ve Zor aras\u0131ndan bir zorluk seviyesi se\u00e7ebilirsiniz.<\/p>\n\n\n\n<p>GrumblyDaddy uygulamas\u0131 aritmeti\u011fi mizahi ve ilgi \u00e7ekici hale getirmeyi ama\u00e7lamaktad\u0131r. \u00c7ocuklar uygulamadaki yavrularla \u00f6zde\u015fle\u015fiyor. Yavrular, baba ay\u0131lar\u0131 taraf\u0131ndan izlenmeyi ve sinirlendi\u011finde onu burnundan g\u0131d\u0131klayarak sakinle\u015ftirebilmeyi seviyorlar. Ayr\u0131ca, yavrulardan biri hata yapt\u0131\u011f\u0131nda, di\u011ferleri onunla dalga ge\u00e7meyi seviyor.<\/p>\n\n\n\n<div style=\"height:40px\" aria-hidden=\"true\" class=\"wp-block-spacer\"><\/div>\n\n\n\n<h2 class=\"wp-block-heading\">\u0130statistik ekran\u0131<\/h2>\n\n\n\n<p>Do\u011fru cevaplanan ve geli\u015ftirilmesi gereken sorular\u0131 g\u00f6steren bir istatistik ekran\u0131 bulunmaktad\u0131r.<\/p>\n\n\n\n<figure class=\"wp-block-image size-full\"><img loading=\"lazy\" decoding=\"async\" width=\"480\" height=\"800\" src=\"https:\/\/grumblydaddy.com\/wp-content\/uploads\/2026\/01\/Screenshot_20251202_220243-1.png\" alt=\"Matematik istatistikleri ve puanlara genel bak\u0131\u015f\" class=\"wp-image-50\" srcset=\"https:\/\/grumblydaddy.com\/wp-content\/uploads\/2026\/01\/Screenshot_20251202_220243-1.png 480w, https:\/\/grumblydaddy.com\/wp-content\/uploads\/2026\/01\/Screenshot_20251202_220243-1-180x300.png 180w\" sizes=\"auto, (max-width: 480px) 100vw, 480px\" \/><\/figure>\n\n\n\n<div style=\"height:40px\" aria-hidden=\"true\" class=\"wp-block-spacer\"><\/div>\n\n\n\n<h2 class=\"wp-block-heading\">Se\u00e7enekler ekran\u0131<\/h2>\n\n\n\n<p>Al\u0131\u015ft\u0131rma yapmak istedi\u011finiz tablolar\u0131 se\u00e7ebilece\u011finiz bir se\u00e7enekler ekran\u0131 da bulunmaktad\u0131r.<\/p>\n\n\n\n<figure class=\"wp-block-image size-full\"><img loading=\"lazy\" decoding=\"async\" width=\"480\" height=\"800\" src=\"https:\/\/grumblydaddy.com\/wp-content\/uploads\/2026\/01\/Screenshot_20251202_220306-1.png\" alt=\"\" class=\"wp-image-51\" srcset=\"https:\/\/grumblydaddy.com\/wp-content\/uploads\/2026\/01\/Screenshot_20251202_220306-1.png 480w, https:\/\/grumblydaddy.com\/wp-content\/uploads\/2026\/01\/Screenshot_20251202_220306-1-180x300.png 180w\" sizes=\"auto, (max-width: 480px) 100vw, 480px\" \/><\/figure>\n\n\n\n<div style=\"height:40px\" aria-hidden=\"true\" class=\"wp-block-spacer\"><\/div>\n\n\n\n<h2 class=\"wp-block-heading\">Revizyon ekran\u0131<\/h2>\n\n\n\n<p>Tablolar\u0131 \u00f6\u011frenmek veya g\u00f6zden ge\u00e7irmek i\u00e7in bir g\u00f6zden ge\u00e7irme ekran\u0131 da bulunmaktad\u0131r.<\/p>\n\n\n\n<figure class=\"wp-block-image size-full\"><img loading=\"lazy\" decoding=\"async\" width=\"480\" height=\"800\" src=\"https:\/\/grumblydaddy.com\/wp-content\/uploads\/2026\/01\/Screenshot_20251202_220325-1.png\" alt=\"\" class=\"wp-image-52\" srcset=\"https:\/\/grumblydaddy.com\/wp-content\/uploads\/2026\/01\/Screenshot_20251202_220325-1.png 480w, https:\/\/grumblydaddy.com\/wp-content\/uploads\/2026\/01\/Screenshot_20251202_220325-1-180x300.png 180w\" sizes=\"auto, (max-width: 480px) 100vw, 480px\" \/><\/figure>\n\n\n\n<div style=\"height:40px\" aria-hidden=\"true\" class=\"wp-block-spacer\"><\/div>\n\n\n\n<h2 class=\"wp-block-heading\">Video demosu<\/h2>\n\n\n\n<p class=\"has-large-font-size\">G\u00f6r\u00fcnt\u00fcleyebilirsiniz <a href=\"https:\/\/youtu.be\/FvbKwQSI-vU\" target=\"_blank\" rel=\"noopener\">bu uygulaman\u0131n h\u0131zl\u0131 bir video turu.<\/a><\/p>\n\n\n\n<p><\/p>\n\n\n\n<p>Mutlu operasyonlar!<\/p>\n\n\n\n<div style=\"height:100px\" aria-hidden=\"true\" class=\"wp-block-spacer\"><\/div>\n\n\n\n<p><\/p>\n\n\n\n<p class=\"has-medium-font-size\" style=\"margin-top:0;margin-right:0;margin-bottom:0;margin-left:0\"><a href=\"https:\/\/grumblydaddy.com\/tr\/the-games-privacy-policy\/\" data-type=\"page\" data-id=\"62\">Uygulaman\u0131n Gizlilik Politikas\u0131<\/a><\/p>\n\n\n\n<p class=\"has-medium-font-size\" style=\"margin-top:0;margin-bottom:0\"><a href=\"https:\/\/grumblydaddy.com\/tr\/end-user-licence-agreement-eula\/\" data-type=\"page\" data-id=\"74\">Uygulaman\u0131n Son kullan\u0131c\u0131 lisans s\u00f6zle\u015fmesi (EULA)<\/a><\/p>\n\n\n\n<p class=\"has-medium-font-size\" style=\"margin-top:0;margin-right:0;margin-bottom:0;margin-left:0;padding-top:0;padding-bottom:0\"><a href=\"https:\/\/grumblydaddy.com\/tr\/bu-si%cc%87teni%cc%87n-gi%cc%87zli%cc%87li%cc%87k-poli%cc%87ti%cc%87kasi\/\" data-type=\"page\" data-id=\"64\">Bu sitenin Gizlilik Politikas\u0131<\/a><\/p>\n\n\n\n<p class=\"has-medium-font-size\" style=\"margin-top:0;margin-bottom:0\"><a href=\"https:\/\/grumblydaddy.com\/tr\/crash-reporting-stability-firebase-crashlytics\/\" data-type=\"page\" data-id=\"90\">Kaza raporlama<\/a><\/p>\n\n\n\n<p class=\"has-medium-font-size\" style=\"margin-top:0;margin-bottom:0\">\u0130leti\u015fim: contact@grumblydaddy.com<\/p>","protected":false},"excerpt":{"rendered":"<p>Let\u2019s have fun with arithmetic! Let kids learn the four basic operations in a funny way.GrumblyDaddy helps primary school children practice addition, subtraction, multiplication and division. Answer correctly to make daddy bear happier and happier. If you make mistakes, he gets grumpy\u2026 but you can tickle his nose to calm him down and see what [&hellip;]<\/p>\n","protected":false},"author":1,"featured_media":112,"parent":0,"menu_order":0,"comment_status":"closed","ping_status":"closed","template":"","meta":{"footnotes":""},"class_list":["post-48","page","type-page","status-publish","has-post-thumbnail","hentry"],"_links":{"self":[{"href":"https:\/\/grumblydaddy.com\/tr\/wp-json\/wp\/v2\/pages\/48","targetHints":{"allow":["GET"]}}],"collection":[{"href":"https:\/\/grumblydaddy.com\/tr\/wp-json\/wp\/v2\/pages"}],"about":[{"href":"https:\/\/grumblydaddy.com\/tr\/wp-json\/wp\/v2\/types\/page"}],"author":[{"embeddable":true,"href":"https:\/\/grumblydaddy.com\/tr\/wp-json\/wp\/v2\/users\/1"}],"replies":[{"embeddable":true,"href":"https:\/\/grumblydaddy.com\/tr\/wp-json\/wp\/v2\/comments?post=48"}],"version-history":[{"count":51,"href":"https:\/\/grumblydaddy.com\/tr\/wp-json\/wp\/v2\/pages\/48\/revisions"}],"predecessor-version":[{"id":203,"href":"https:\/\/grumblydaddy.com\/tr\/wp-json\/wp\/v2\/pages\/48\/revisions\/203"}],"wp:featuredmedia":[{"embeddable":true,"href":"https:\/\/grumblydaddy.com\/tr\/wp-json\/wp\/v2\/media\/112"}],"wp:attachment":[{"href":"https:\/\/grumblydaddy.com\/tr\/wp-json\/wp\/v2\/media?parent=48"}],"curies":[{"name":"wp","href":"https:\/\/api.w.org\/{rel}","templated":true}]}}