{"id":90,"date":"2026-03-03T19:58:52","date_gmt":"2026-03-03T19:58:52","guid":{"rendered":"https:\/\/grumblydaddy.com\/?page_id=90"},"modified":"2026-03-22T21:29:05","modified_gmt":"2026-03-22T20:29:05","slug":"crash-reporting-stability-firebase-crashlytics","status":"publish","type":"page","link":"https:\/\/grumblydaddy.com\/sv\/crash-reporting-stability-firebase-crashlytics\/","title":{"rendered":"Kraschrapportering (stabilitet) - Firebase Crashlytics"},"content":{"rendered":"<p>Vi anv\u00e4nder <strong>Firebase Crashlytics<\/strong> (Google) till <strong>uppt\u00e4cka och diagnostisera krascher<\/strong>, \u00e5tg\u00e4rda problem och <strong>f\u00f6rb\u00e4ttra stabiliteten<\/strong> av <strong>GrumblyDaddy<\/strong> app.<\/p>\n\n\n\n<p><strong>Behandlade uppgifter<\/strong><br>N\u00e4r en krasch intr\u00e4ffar kan Crashlytics samla in och skicka oss<\/p>\n\n\n\n<ul class=\"wp-block-list\">\n<li>kraschrelaterad information (t.ex. kraschsp\u00e5rning\/stacksp\u00e5rning, tidpunkt f\u00f6r kraschen, tekniskt sammanhang);<\/li>\n\n\n\n<li>teknisk information om enheten och appen (t.ex. enhetsmodell, Android-version, spr\u00e5k\/lokal, appversion);<\/li>\n\n\n\n<li>a <strong>pseudonym identifierare<\/strong> kopplad till installationen: vi st\u00e4ller in en Crashlytics <code>anv\u00e4ndarId<\/code> baserat p\u00e5 en <strong>slumpm\u00e4ssigt UUID genereras vid installationen<\/strong>, sedan <strong>hash<\/strong>. Denna identifierare h\u00e4rr\u00f6r inte fr\u00e5n en reklamidentifierare eller en enhetsidentifierare.<\/li>\n<\/ul>\n\n\n\n<p><strong>Uppgifter som vi inte avsiktligt samlar in<\/strong><br>Vi f\u00f6rs\u00f6ker inte samla in, via Crashlytics, uppgifter som direkt identifierar dig (t.ex. namn, e-postadress, telefonnummer) eller k\u00e4nsliga uppgifter. Vi undviker ocks\u00e5 att inkludera personuppgifter i tekniska loggar.<\/p>\n\n\n\n<p><strong>Syfte<\/strong><br>Avhj\u00e4lpande underh\u00e5ll, feldiagnos och f\u00f6rb\u00e4ttring av appens tillf\u00f6rlitlighet och s\u00e4kerhet.<\/p>\n\n\n\n<p><strong>R\u00e4ttslig grund<\/strong><br>V\u00e5r r\u00e4ttsliga grund \u00e4r v\u00e5r <strong>ber\u00e4ttigat intresse<\/strong> f\u00f6r att s\u00e4kerst\u00e4lla att appen fungerar korrekt och \u00e4r s\u00e4ker.<\/p>\n\n\n\n<p><strong>Mottagare<\/strong><br>Uppgifterna \u00e4r endast tillg\u00e4ngliga f\u00f6r beh\u00f6rig personal (tekniska team) och behandlas av <strong>Google\/Firebase<\/strong> som tj\u00e4nsteleverant\u00f6r.<\/p>\n\n\n\n<p><strong>Internationella \u00f6verf\u00f6ringar<\/strong><br>Uppgifterna kan behandlas av Google\/Firebase, inklusive p\u00e5 infrastruktur utanf\u00f6r Europeiska unionen, i enlighet med de avtalsmekanismer och skydds\u00e5tg\u00e4rder som Google\/Firebase har inf\u00f6rt.<\/p>\n\n\n\n<p><strong>Kvarh\u00e5llande<\/strong><br>Krockrapporter sparas f\u00f6r <strong>12 m\u00e5nader<\/strong>, och sedan raderas eller anonymiseras, s\u00e5vida inte en r\u00e4ttslig f\u00f6rpliktelse kr\u00e4ver n\u00e5got annat.<\/p>\n\n\n\n<p><strong>Dina r\u00e4ttigheter<\/strong><br>Du har r\u00e4tt till tillg\u00e5ng, r\u00e4ttelse, radering, begr\u00e4nsning och inv\u00e4ndning i enlighet med till\u00e4mplig lag.<br>F\u00f6r att ut\u00f6va dina r\u00e4ttigheter, kontakta oss p\u00e5 <strong><a href=\"mailto:contact@grumblydaddy.com\">contact@grumblydaddy.com<\/a><\/strong>.<\/p>","protected":false},"excerpt":{"rendered":"<p>We use Firebase Crashlytics (Google) to detect and diagnose crashes, fix issues, and improve the stability of the GrumblyDaddy app. Data processedWhen a crash occurs, Crashlytics may collect and send us: Data we do not intentionally collectWe do not seek to collect, via Crashlytics, data that directly identifies you (e.g., name, email address, phone number) [&hellip;]<\/p>\n","protected":false},"author":1,"featured_media":0,"parent":0,"menu_order":4,"comment_status":"closed","ping_status":"closed","template":"","meta":{"footnotes":""},"class_list":["post-90","page","type-page","status-publish","hentry"],"_links":{"self":[{"href":"https:\/\/grumblydaddy.com\/sv\/wp-json\/wp\/v2\/pages\/90","targetHints":{"allow":["GET"]}}],"collection":[{"href":"https:\/\/grumblydaddy.com\/sv\/wp-json\/wp\/v2\/pages"}],"about":[{"href":"https:\/\/grumblydaddy.com\/sv\/wp-json\/wp\/v2\/types\/page"}],"author":[{"embeddable":true,"href":"https:\/\/grumblydaddy.com\/sv\/wp-json\/wp\/v2\/users\/1"}],"replies":[{"embeddable":true,"href":"https:\/\/grumblydaddy.com\/sv\/wp-json\/wp\/v2\/comments?post=90"}],"version-history":[{"count":1,"href":"https:\/\/grumblydaddy.com\/sv\/wp-json\/wp\/v2\/pages\/90\/revisions"}],"predecessor-version":[{"id":91,"href":"https:\/\/grumblydaddy.com\/sv\/wp-json\/wp\/v2\/pages\/90\/revisions\/91"}],"wp:attachment":[{"href":"https:\/\/grumblydaddy.com\/sv\/wp-json\/wp\/v2\/media?parent=90"}],"curies":[{"name":"wp","href":"https:\/\/api.w.org\/{rel}","templated":true}]}}