{"id":74,"date":"2026-01-19T18:06:46","date_gmt":"2026-01-19T18:06:46","guid":{"rendered":"https:\/\/grumblydaddy.com\/?page_id=74"},"modified":"2026-03-22T21:27:48","modified_gmt":"2026-03-22T20:27:48","slug":"end-user-licence-agreement-eula","status":"publish","type":"page","link":"https:\/\/grumblydaddy.com\/sv\/end-user-licence-agreement-eula\/","title":{"rendered":"Licensavtal f\u00f6r slutanv\u00e4ndare (EULA)"},"content":{"rendered":"<h3 class=\"wp-block-heading\"><strong>BEGR\u00c4NSNING AV ANSVAR F\u00d6R PEDAGOGISKA VIDEOSPEL<\/strong><\/h3>\n\n\n\n<p>DETTA VIDEOSPEL TILLHANDAH\u00c5LLS \u201cI BEFINTLIGT SKICK\u201d OCH \u201cI M\u00c5N AV TILLG\u00c5NG\u201d ENDAST F\u00d6R UNDERH\u00c5LLNING OCH ALLM\u00c4NNA UTBILDNINGS\u00c4NDAM\u00c5L. \u00c4VEN OM DET KAN INNEH\u00c5LLA PEDAGOGISKT INNEH\u00c5LL \u00c4R DET INTE AVSETT ATT ERS\u00c4TTA FORMELL UTBILDNING, YRKESUTBILDNING ELLER EXPERTR\u00c5D.<\/p>\n\n\n\n<p>I DEN UTSTR\u00c4CKNING SOM LAGEN TILL\u00c5TER L\u00c4MNAR UTVECKLAREN, DISTRIBUT\u00d6REN OCH EVENTUELLA N\u00c4RST\u00c5ENDE PARTER INGA GARANTIER, VARKEN UTTRYCKLIGA ELLER UNDERF\u00d6RST\u00c5DDA, AVSEENDE RIKTIGHETEN, FULLST\u00c4NDIGHETEN ELLER TILLF\u00d6RLITLIGHETEN HOS DEN INFORMATION SOM PRESENTERAS I SPELET. ANV\u00c4NDARE B\u00d6R VERIFIERA ALL INFORMATION FR\u00c5N TILLF\u00d6RLITLIGA K\u00c4LLOR INNAN DE F\u00d6RLITAR SIG P\u00c5 DEN F\u00d6R AKADEMISKA, PROFESSIONELLA ELLER PERSONLIGA BESLUT.<\/p>\n\n\n\n<p>UTVECKLAREN, DISTRIBUT\u00d6REN ELLER N\u00c4RST\u00c5ENDE PARTER SKA UNDER INGA OMST\u00c4NDIGHETER H\u00c5LLAS ANSVARIGA F\u00d6R INDIREKTA, TILLF\u00c4LLIGA, F\u00d6LJDSKADOR, S\u00c4RSKILDA ELLER EXEMPLIFIERANDE SKADOR SOM UPPST\u00c5R TILL F\u00d6LJD AV ANV\u00c4NDNING ELLER FELTOLKNING AV SPELETS INNEH\u00c5LL. DETTA INKLUDERAR, MEN \u00c4R INTE BEGR\u00c4NSAT TILL, AKADEMISKA RESULTAT, FELAKTIG INFORMATION, EKONOMISK F\u00d6RLUST ELLER ANDRA BESLUT SOM BASERAS P\u00c5 INFORMATION I SPELET.<\/p>\n\n\n\n<p>I JURISDIKTIONER D\u00c4R ANSVARSBEGR\u00c4NSNINGAR \u00c4R BEGR\u00c4NSADE (INKLUSIVE KALIFORNIEN) SKA ANSVARET BEGR\u00c4NSAS TILL DEN MAXIMALA OMFATTNING SOM TILL\u00c5TS ENLIGT LAG. UTVECKLARENS ELLER DISTRIBUT\u00d6RENS TOTALA ANSVAR SKA INTE I N\u00c5GOT FALL \u00d6VERSTIGA DET BELOPP SOM BETALATS F\u00d6R SPELET.<\/p>\n\n\n\n<p>GENOM ATT SPELA DET H\u00c4R SPELET BEKR\u00c4FTAR DU ATT DU F\u00d6RST\u00c5R OCH ACCEPTERAR DESSA ANSVARSBEGR\u00c4NSNINGAR.<\/p>\n\n\n\n<p>I DET H\u00c4R SPELET FINNS EN BJ\u00d6RNPAPPA SOM GER EN PRESENT TILL SINA S\u00d6NER N\u00c4R DE GER R\u00c4TT SVAR TILL SIN PAPPA. DETTA \u00c4R SYMBOLISKT OCH F\u00c5R INTE TOLKAS SOM ATT SPELET ERBJUDER EN G\u00c5VA TILL ANV\u00c4NDAREN.<\/p>\n\n\n\n<p><\/p>\n\n\n\n<p><\/p>\n\n\n\n<p class=\"has-medium-font-size\">V\u00e5r e-post : contact@grumblydaddy.com<\/p>","protected":false},"excerpt":{"rendered":"<p>LIMITATION OF LIABILITY FOR EDUCATIONAL VIDEO GAMES THIS VIDEO GAME IS PROVIDED &#8220;AS IS&#8221; AND &#8220;AS AVAILABLE&#8221; FOR ENTERTAINMENT AND GENERAL EDUCATIONAL PURPOSES ONLY. WHILE IT MAY CONTAIN EDUCATIONAL CONTENT, IT IS NOT INTENDED TO REPLACE FORMAL EDUCATION, PROFESSIONAL TRAINING, OR EXPERT ADVICE. TO THE MAXIMUM EXTENT PERMITTED BY LAW, THE DEVELOPER, DISTRIBUTOR, AND ANY [&hellip;]<\/p>\n","protected":false},"author":1,"featured_media":0,"parent":0,"menu_order":3,"comment_status":"closed","ping_status":"closed","template":"","meta":{"footnotes":""},"class_list":["post-74","page","type-page","status-publish","hentry"],"_links":{"self":[{"href":"https:\/\/grumblydaddy.com\/sv\/wp-json\/wp\/v2\/pages\/74","targetHints":{"allow":["GET"]}}],"collection":[{"href":"https:\/\/grumblydaddy.com\/sv\/wp-json\/wp\/v2\/pages"}],"about":[{"href":"https:\/\/grumblydaddy.com\/sv\/wp-json\/wp\/v2\/types\/page"}],"author":[{"embeddable":true,"href":"https:\/\/grumblydaddy.com\/sv\/wp-json\/wp\/v2\/users\/1"}],"replies":[{"embeddable":true,"href":"https:\/\/grumblydaddy.com\/sv\/wp-json\/wp\/v2\/comments?post=74"}],"version-history":[{"count":4,"href":"https:\/\/grumblydaddy.com\/sv\/wp-json\/wp\/v2\/pages\/74\/revisions"}],"predecessor-version":[{"id":87,"href":"https:\/\/grumblydaddy.com\/sv\/wp-json\/wp\/v2\/pages\/74\/revisions\/87"}],"wp:attachment":[{"href":"https:\/\/grumblydaddy.com\/sv\/wp-json\/wp\/v2\/media?parent=74"}],"curies":[{"name":"wp","href":"https:\/\/api.w.org\/{rel}","templated":true}]}}