{"id":48,"date":"2026-01-10T15:51:37","date_gmt":"2026-01-10T15:51:37","guid":{"rendered":"https:\/\/grumblydaddy.com\/?page_id=48"},"modified":"2026-04-14T22:57:29","modified_gmt":"2026-04-14T21:57:29","slug":"the-grumblydaddy-game","status":"publish","type":"page","link":"https:\/\/grumblydaddy.com\/sv\/","title":{"rendered":"GrumblyDaddy matte spel f\u00f6r barn"},"content":{"rendered":"<p class=\"is-style-text-subtitle has-x-large-font-size is-style-text-subtitle--1\"><strong>L\u00e5t oss ha kul med aritmetik!<\/strong><\/p>\n\n\n\n<div style=\"height:40px\" aria-hidden=\"true\" class=\"wp-block-spacer\"><\/div>\n\n\n\n<p>L\u00e5t barnen l\u00e4ra sig de fyra grundl\u00e4ggande operationerna p\u00e5 ett roligt s\u00e4tt.<br>GrumblyDaddy hj\u00e4lper barn i l\u00e5gstadiet att \u00f6va addition, subtraktion, multiplikation och division.<\/p>\n\n\n\n<p>Svara r\u00e4tt f\u00f6r att g\u00f6ra pappa bj\u00f6rn gladare och gladare. Om du g\u00f6r fel blir han grinig ... men du kan kittla honom p\u00e5 n\u00e4san f\u00f6r att lugna honom och se vad som h\u00e4nder.<\/p>\n\n\n\n<p>GrumblyDaddy \u00e4r en pedagogisk app som \u00e4r utformad f\u00f6r barn i \u00e5ldern 5 till 10 \u00e5r.<\/p>\n\n\n\n<p>Tillsammans med pappa Bj\u00f6rn och hans sex s\u00f6ner kan barnen tr\u00e4na:<\/p>\n\n\n\n<ul class=\"wp-block-list\">\n<li>till\u00e4gg<\/li>\n\n\n\n<li>subtraktion<\/li>\n\n\n\n<li>multiplikation<\/li>\n\n\n\n<li>division<\/li>\n<\/ul>\n\n\n\n<p><\/p>\n\n\n\n<p>Varf\u00f6r barn tycker om GrumblyDaddy:<\/p>\n\n\n\n<ul class=\"wp-block-list\">\n<li>enkel och lekfull matematiktr\u00e4ning<\/li>\n\n\n\n<li>en rolig och uttrycksfull bj\u00f6rnfigur<\/li>\n\n\n\n<li>inl\u00e4rning anpassad f\u00f6r grundskolebarn<\/li>\n\n\n\n<li>ett roligt s\u00e4tt att \u00f6va p\u00e5 aritmetik<\/li>\n\n\n\n<li>gradvis uppt\u00e4ckt av de 4 grundl\u00e4ggande operationerna<\/li>\n<\/ul>\n\n\n\n<p><\/p>\n\n\n\n<p>Varf\u00f6r f\u00f6r\u00e4ldrar gillar det:<\/p>\n\n\n\n<ul class=\"wp-block-list\">\n<li>barn tr\u00e4nar grundl\u00e4ggande aritmetiska f\u00e4rdigheter<\/li>\n\n\n\n<li>l\u00e4rande sker genom lek<\/li>\n\n\n\n<li>det humoristiska universumet hj\u00e4lper till att h\u00e5lla uppm\u00e4rksamheten<\/li>\n\n\n\n<li>l\u00e4mplig f\u00f6r unga elever<\/li>\n<\/ul>\n\n\n\n<p><\/p>\n\n\n\n<p>GrumblyDaddy \u00e4r perfekt f\u00f6r barn som b\u00f6rjar med aritmetik eller som vill st\u00e4rka sina grundl\u00e4ggande matematiska f\u00e4rdigheter.<\/p>\n\n\n\n<p><\/p>\n\n\n\n<p>Spelet finns i en gratis version, begr\u00e4nsad till bord 1, 2 och 3, som du kan hitta <a href=\"https:\/\/play.google.com\/store\/apps\/details?id=com.applisphones.bearoperations2\" target=\"_blank\" rel=\"noreferrer noopener\">h\u00e4r<\/a> i Google Play Store. Den har ett Premium-alternativ som l\u00e5ser upp alla bord. Testa det f\u00f6r att f\u00e5 spelets utseende och k\u00e4nsla!<\/p>\n\n\n\n<div style=\"height:40px\" aria-hidden=\"true\" class=\"wp-block-spacer\"><\/div>\n\n\n\n<h1 class=\"wp-block-heading\">Detaljer<\/h1>\n\n\n\n<h2 class=\"wp-block-heading\">Huvudsk\u00e4rmen<\/h2>\n\n\n\n<p>P\u00e5 huvudsk\u00e4rmen ser vi en bj\u00f6rnpappa som har uppsikt \u00f6ver sina sex s\u00f6ner som f\u00f6rs\u00f6ker hitta r\u00e4tt svar p\u00e5 fr\u00e5gor om addition, subtraktion, multiplikation och division.<\/p>\n\n\n\n<figure class=\"wp-block-image size-full\"><img loading=\"lazy\" decoding=\"async\" width=\"480\" height=\"800\" src=\"https:\/\/grumblydaddy.com\/wp-content\/uploads\/2026\/01\/Screenshot_20251202_222212.png\" alt=\"Huvudsk\u00e4rmen i matematikspelet GrumblyDaddy f\u00f6r barn.\" class=\"wp-image-43\" srcset=\"https:\/\/grumblydaddy.com\/wp-content\/uploads\/2026\/01\/Screenshot_20251202_222212.png 480w, https:\/\/grumblydaddy.com\/wp-content\/uploads\/2026\/01\/Screenshot_20251202_222212-180x300.png 180w\" sizes=\"auto, (max-width: 480px) 100vw, 480px\" \/><\/figure>\n\n\n\n<p>Om de svarar r\u00e4tt blir pappa bj\u00f6rn gladare och gladare.<\/p>\n\n\n\n<p>Om de inte g\u00f6r det blir bj\u00f6rnpappan argare och argare. Men f\u00f6r att lugna ner honom kan du kittla honom p\u00e5 n\u00e4san. G\u00f6r det, och se vad som h\u00e4nder!<\/p>\n\n\n\n<p>Du kan pausa n\u00e4r som helst.<\/p>\n\n\n\n<p>Du kan v\u00e4lja en sv\u00e5righetsgrad bland Easy, Medium och Difficult.<\/p>\n\n\n\n<p>Appen GrumblyDaddy syftar till att g\u00f6ra aritmetik humoristiskt och engagerande. Barn identifierar sig med ungarna i appen. Ungarna \u00e4lskar att bli vaktade av sin bj\u00f6rnpappa och att kunna lugna ner honom genom att kittla honom p\u00e5 nosen n\u00e4r han blir arg. Och n\u00e4r en av ungarna g\u00f6r ett misstag gillar de andra att reta honom.<\/p>\n\n\n\n<div style=\"height:40px\" aria-hidden=\"true\" class=\"wp-block-spacer\"><\/div>\n\n\n\n<h2 class=\"wp-block-heading\">Statistiksk\u00e4rmen<\/h2>\n\n\n\n<p>Det finns en statistiksk\u00e4rm som visar vilka fr\u00e5gor som besvarades korrekt och vilka som kan f\u00f6rb\u00e4ttras.<\/p>\n\n\n\n<figure class=\"wp-block-image size-full\"><img loading=\"lazy\" decoding=\"async\" width=\"480\" height=\"800\" src=\"https:\/\/grumblydaddy.com\/wp-content\/uploads\/2026\/01\/Screenshot_20251202_220243-1.png\" alt=\"Matematisk statistik och po\u00e4ng\u00f6versikt\" class=\"wp-image-50\" srcset=\"https:\/\/grumblydaddy.com\/wp-content\/uploads\/2026\/01\/Screenshot_20251202_220243-1.png 480w, https:\/\/grumblydaddy.com\/wp-content\/uploads\/2026\/01\/Screenshot_20251202_220243-1-180x300.png 180w\" sizes=\"auto, (max-width: 480px) 100vw, 480px\" \/><\/figure>\n\n\n\n<div style=\"height:40px\" aria-hidden=\"true\" class=\"wp-block-spacer\"><\/div>\n\n\n\n<h2 class=\"wp-block-heading\">Sk\u00e4rmen f\u00f6r alternativ<\/h2>\n\n\n\n<p>Det finns ocks\u00e5 en alternativsk\u00e4rm d\u00e4r du kan v\u00e4lja vilka tabeller du vill \u00f6va p\u00e5.<\/p>\n\n\n\n<figure class=\"wp-block-image size-full\"><img loading=\"lazy\" decoding=\"async\" width=\"480\" height=\"800\" src=\"https:\/\/grumblydaddy.com\/wp-content\/uploads\/2026\/01\/Screenshot_20251202_220306-1.png\" alt=\"\" class=\"wp-image-51\" srcset=\"https:\/\/grumblydaddy.com\/wp-content\/uploads\/2026\/01\/Screenshot_20251202_220306-1.png 480w, https:\/\/grumblydaddy.com\/wp-content\/uploads\/2026\/01\/Screenshot_20251202_220306-1-180x300.png 180w\" sizes=\"auto, (max-width: 480px) 100vw, 480px\" \/><\/figure>\n\n\n\n<div style=\"height:40px\" aria-hidden=\"true\" class=\"wp-block-spacer\"><\/div>\n\n\n\n<h2 class=\"wp-block-heading\">Sk\u00e4rmen f\u00f6r revidering<\/h2>\n\n\n\n<p>Det finns ocks\u00e5 en repetitionssk\u00e4rm f\u00f6r att l\u00e4ra sig eller repetera tabellerna.<\/p>\n\n\n\n<figure class=\"wp-block-image size-full\"><img loading=\"lazy\" decoding=\"async\" width=\"480\" height=\"800\" src=\"https:\/\/grumblydaddy.com\/wp-content\/uploads\/2026\/01\/Screenshot_20251202_220325-1.png\" alt=\"\" class=\"wp-image-52\" srcset=\"https:\/\/grumblydaddy.com\/wp-content\/uploads\/2026\/01\/Screenshot_20251202_220325-1.png 480w, https:\/\/grumblydaddy.com\/wp-content\/uploads\/2026\/01\/Screenshot_20251202_220325-1-180x300.png 180w\" sizes=\"auto, (max-width: 480px) 100vw, 480px\" \/><\/figure>\n\n\n\n<div style=\"height:40px\" aria-hidden=\"true\" class=\"wp-block-spacer\"><\/div>\n\n\n\n<h2 class=\"wp-block-heading\">Videodemo<\/h2>\n\n\n\n<p class=\"has-large-font-size\">Du kan visa <a href=\"https:\/\/youtu.be\/FvbKwQSI-vU\" target=\"_blank\" rel=\"noopener\">en snabb videotur av den h\u00e4r appen.<\/a><\/p>\n\n\n\n<p><\/p>\n\n\n\n<p>Lyckliga operationer!<\/p>\n\n\n\n<div style=\"height:100px\" aria-hidden=\"true\" class=\"wp-block-spacer\"><\/div>\n\n\n\n<p><\/p>\n\n\n\n<p class=\"has-medium-font-size\" style=\"margin-top:0;margin-right:0;margin-bottom:0;margin-left:0\"><a href=\"https:\/\/grumblydaddy.com\/sv\/the-games-privacy-policy\/\" data-type=\"page\" data-id=\"62\">Appens integritetspolicy<\/a><\/p>\n\n\n\n<p class=\"has-medium-font-size\" style=\"margin-top:0;margin-bottom:0\"><a href=\"https:\/\/grumblydaddy.com\/sv\/end-user-licence-agreement-eula\/\" data-type=\"page\" data-id=\"74\">Appens licensavtal f\u00f6r slutanv\u00e4ndare (EULA)<\/a><\/p>\n\n\n\n<p class=\"has-medium-font-size\" style=\"margin-top:0;margin-right:0;margin-bottom:0;margin-left:0;padding-top:0;padding-bottom:0\"><a href=\"https:\/\/grumblydaddy.com\/sv\/denna-webbplats-integritetspolicy\/\" data-type=\"page\" data-id=\"64\">Integritetspolicy f\u00f6r denna webbplats<\/a><\/p>\n\n\n\n<p class=\"has-medium-font-size\" style=\"margin-top:0;margin-bottom:0\"><a href=\"https:\/\/grumblydaddy.com\/sv\/crash-reporting-stability-firebase-crashlytics\/\" data-type=\"page\" data-id=\"90\">Rapportering av olyckor<\/a><\/p>\n\n\n\n<p class=\"has-medium-font-size\" style=\"margin-top:0;margin-bottom:0\">Kontakt: contact@grumblydaddy.com<\/p>","protected":false},"excerpt":{"rendered":"<p>Let\u2019s have fun with arithmetic! Let kids learn the four basic operations in a funny way.GrumblyDaddy helps primary school children practice addition, subtraction, multiplication and division. Answer correctly to make daddy bear happier and happier. If you make mistakes, he gets grumpy\u2026 but you can tickle his nose to calm him down and see what [&hellip;]<\/p>\n","protected":false},"author":1,"featured_media":112,"parent":0,"menu_order":0,"comment_status":"closed","ping_status":"closed","template":"","meta":{"footnotes":""},"class_list":["post-48","page","type-page","status-publish","has-post-thumbnail","hentry"],"_links":{"self":[{"href":"https:\/\/grumblydaddy.com\/sv\/wp-json\/wp\/v2\/pages\/48","targetHints":{"allow":["GET"]}}],"collection":[{"href":"https:\/\/grumblydaddy.com\/sv\/wp-json\/wp\/v2\/pages"}],"about":[{"href":"https:\/\/grumblydaddy.com\/sv\/wp-json\/wp\/v2\/types\/page"}],"author":[{"embeddable":true,"href":"https:\/\/grumblydaddy.com\/sv\/wp-json\/wp\/v2\/users\/1"}],"replies":[{"embeddable":true,"href":"https:\/\/grumblydaddy.com\/sv\/wp-json\/wp\/v2\/comments?post=48"}],"version-history":[{"count":51,"href":"https:\/\/grumblydaddy.com\/sv\/wp-json\/wp\/v2\/pages\/48\/revisions"}],"predecessor-version":[{"id":203,"href":"https:\/\/grumblydaddy.com\/sv\/wp-json\/wp\/v2\/pages\/48\/revisions\/203"}],"wp:featuredmedia":[{"embeddable":true,"href":"https:\/\/grumblydaddy.com\/sv\/wp-json\/wp\/v2\/media\/112"}],"wp:attachment":[{"href":"https:\/\/grumblydaddy.com\/sv\/wp-json\/wp\/v2\/media?parent=48"}],"curies":[{"name":"wp","href":"https:\/\/api.w.org\/{rel}","templated":true}]}}