{"id":74,"date":"2026-01-19T18:06:46","date_gmt":"2026-01-19T18:06:46","guid":{"rendered":"https:\/\/grumblydaddy.com\/?page_id=74"},"modified":"2026-03-22T21:27:48","modified_gmt":"2026-03-22T20:27:48","slug":"end-user-licence-agreement-eula","status":"publish","type":"page","link":"https:\/\/grumblydaddy.com\/sk\/end-user-licence-agreement-eula\/","title":{"rendered":"Licen\u010dn\u00e1 zmluva s koncov\u00fdm pou\u017e\u00edvate\u013eom (EULA)"},"content":{"rendered":"<h3 class=\"wp-block-heading\"><strong>OBMEDZENIE ZODPOVEDNOSTI ZA VZDEL\u00c1VACIE VIDEOHRY<\/strong><\/h3>\n\n\n\n<p>T\u00c1TO VIDEOHRA SA POSKYTUJE \u201cTAK, AKO JE\u201d A \u201cTAK, AKO JE K DISPOZ\u00cdCII\u201d LEN NA Z\u00c1BAVN\u00c9 A V\u0160EOBECN\u00c9 VZDEL\u00c1VACIE \u00da\u010cELY. HOCI M\u00d4\u017dE OBSAHOVA\u0164 VZDEL\u00c1VAC\u00cd OBSAH, NIE JE UR\u010cEN\u00c1 NA NAHRADENIE FORM\u00c1LNEHO VZDEL\u00c1VANIA, ODBORN\u00c9HO \u0160KOLENIA ALEBO ODBORN\u00c9HO PORADENSTVA.<\/p>\n\n\n\n<p>V MAXIM\u00c1LNOM ROZSAHU POVOLENOM Z\u00c1KONOM NEPOSKYTUJE V\u00ddVOJ\u00c1R, DISTRIB\u00daTOR A V\u0160ETKY PRIDRU\u017dEN\u00c9 STRANY \u017dIADNE Z\u00c1RUKY, V\u00ddSLOVN\u00c9 ANI IMPLICITN\u00c9, T\u00ddKAJ\u00daCE SA PRESNOSTI, \u00daPLNOSTI ALEBO SPO\u013dAHLIVOSTI INFORM\u00c1CI\u00cd UVEDEN\u00ddCH V HRE. POU\u017d\u00cdVATELIA BY SI MALI OVERI\u0164 V\u0160ETKY INFORM\u00c1CIE ZO SPO\u013dAHLIV\u00ddCH ZDROJOV SK\u00d4R, AKO SA NA NE SPO\u013dAHN\u00da PRI AKADEMICK\u00ddCH, PROFESION\u00c1LNYCH ALEBO OSOBN\u00ddCH ROZHODNUTIACH.<\/p>\n\n\n\n<p>V\u00ddVOJ\u00c1R, DISTRIB\u00daTOR ANI PRIDRU\u017dEN\u00c9 STRANY NENES\u00da ZA \u017dIADNYCH OKOLNOST\u00cd ZODPOVEDNOS\u0164 ZA AK\u00c9KO\u013dVEK NEPRIAME, N\u00c1HODN\u00c9, N\u00c1SLEDN\u00c9, OSOBITN\u00c9 ALEBO EXEMPL\u00c1RNE \u0160KODY VYPL\u00ddVAJ\u00daCE Z POU\u017d\u00cdVANIA ALEBO NESPR\u00c1VNEJ INTERPRET\u00c1CIE OBSAHU HRY. TO ZAH\u0154\u0147A OKREM IN\u00c9HO AKADEMICK\u00c9 V\u00ddSLEDKY, NESPR\u00c1VNE INFORM\u00c1CIE, FINAN\u010cN\u00c9 STRATY ALEBO AK\u00c9KO\u013dVEK ROZHODNUTIA ZALO\u017dEN\u00c9 NA INFORM\u00c1CI\u00c1CH V HRE.<\/p>\n\n\n\n<p>V JURISDIKCI\u00c1CH, KDE S\u00da OBMEDZENIA ZODPOVEDNOSTI OBMEDZEN\u00c9 (VR\u00c1TANE KALIFORNIE), JE ZODPOVEDNOS\u0164 OBMEDZEN\u00c1 V MAXIM\u00c1LNOM ROZSAHU POVOLENOM Z\u00c1KONOM. V KA\u017dDOM PR\u00cdPADE CELKOV\u00c1 ZODPOVEDNOS\u0164 V\u00ddVOJ\u00c1RA ALEBO DISTRIB\u00daTORA NEPRESIAHNE SUMU ZAPLATEN\u00da ZA HRU.<\/p>\n\n\n\n<p>HRAN\u00cdM TEJTO HRY POTVRDZUJETE, \u017dE ROZUMIETE A PRIJ\u00cdMATE TIETO OBMEDZENIA ZODPOVEDNOSTI.<\/p>\n\n\n\n<p>T\u00c1TO HRA OBSAHUJE MEDVEDIEHO OTCA, KTOR\u00dd SVOJIM SYNOM DARUJE DAR\u010cEK, KE\u010e SPR\u00c1VNE ODPOVEDIA NA OT\u00c1ZKY SVOJHO OTCA. JE TO SYMBOLICK\u00c9 A NESMIE SA TO INTERPRETOVA\u0164 TAK, \u017dE HRA PON\u00daKA DAR\u010cEK POU\u017d\u00cdVATE\u013dOVI.<\/p>\n\n\n\n<p><\/p>\n\n\n\n<p><\/p>\n\n\n\n<p class=\"has-medium-font-size\">N\u00e1\u0161 e-mail : contact@grumblydaddy.com<\/p>","protected":false},"excerpt":{"rendered":"<p>LIMITATION OF LIABILITY FOR EDUCATIONAL VIDEO GAMES THIS VIDEO GAME IS PROVIDED &#8220;AS IS&#8221; AND &#8220;AS AVAILABLE&#8221; FOR ENTERTAINMENT AND GENERAL EDUCATIONAL PURPOSES ONLY. WHILE IT MAY CONTAIN EDUCATIONAL CONTENT, IT IS NOT INTENDED TO REPLACE FORMAL EDUCATION, PROFESSIONAL TRAINING, OR EXPERT ADVICE. TO THE MAXIMUM EXTENT PERMITTED BY LAW, THE DEVELOPER, DISTRIBUTOR, AND ANY [&hellip;]<\/p>\n","protected":false},"author":1,"featured_media":0,"parent":0,"menu_order":3,"comment_status":"closed","ping_status":"closed","template":"","meta":{"footnotes":""},"class_list":["post-74","page","type-page","status-publish","hentry"],"_links":{"self":[{"href":"https:\/\/grumblydaddy.com\/sk\/wp-json\/wp\/v2\/pages\/74","targetHints":{"allow":["GET"]}}],"collection":[{"href":"https:\/\/grumblydaddy.com\/sk\/wp-json\/wp\/v2\/pages"}],"about":[{"href":"https:\/\/grumblydaddy.com\/sk\/wp-json\/wp\/v2\/types\/page"}],"author":[{"embeddable":true,"href":"https:\/\/grumblydaddy.com\/sk\/wp-json\/wp\/v2\/users\/1"}],"replies":[{"embeddable":true,"href":"https:\/\/grumblydaddy.com\/sk\/wp-json\/wp\/v2\/comments?post=74"}],"version-history":[{"count":4,"href":"https:\/\/grumblydaddy.com\/sk\/wp-json\/wp\/v2\/pages\/74\/revisions"}],"predecessor-version":[{"id":87,"href":"https:\/\/grumblydaddy.com\/sk\/wp-json\/wp\/v2\/pages\/74\/revisions\/87"}],"wp:attachment":[{"href":"https:\/\/grumblydaddy.com\/sk\/wp-json\/wp\/v2\/media?parent=74"}],"curies":[{"name":"wp","href":"https:\/\/api.w.org\/{rel}","templated":true}]}}