{"id":48,"date":"2026-01-10T15:51:37","date_gmt":"2026-01-10T15:51:37","guid":{"rendered":"https:\/\/grumblydaddy.com\/?page_id=48"},"modified":"2026-04-14T22:57:29","modified_gmt":"2026-04-14T21:57:29","slug":"the-grumblydaddy-game","status":"publish","type":"page","link":"https:\/\/grumblydaddy.com\/sk\/","title":{"rendered":"Matematick\u00e1 hra pre deti GrumblyDaddy"},"content":{"rendered":"<p class=\"is-style-text-subtitle has-x-large-font-size is-style-text-subtitle--1\"><strong>Zabavme sa s aritmetikou!<\/strong><\/p>\n\n\n\n<div style=\"height:40px\" aria-hidden=\"true\" class=\"wp-block-spacer\"><\/div>\n\n\n\n<p>Nechajte deti nau\u010di\u0165 sa \u0161tyri z\u00e1kladn\u00e9 oper\u00e1cie z\u00e1bavnou formou.<br>GrumblyDaddy pom\u00e1ha de\u0165om na z\u00e1kladn\u00fdch \u0161kol\u00e1ch precvi\u010dova\u0165 s\u010d\u00edtanie, od\u010d\u00edtanie, n\u00e1sobenie a delenie.<\/p>\n\n\n\n<p>Odpovedzte spr\u00e1vne, aby bol otecko medve\u010f \u0161\u0165astnej\u0161\u00ed a spokojnej\u0161\u00ed. Ak urob\u00edte chybu, bude nevrl\u00fd... ale m\u00f4\u017eete ho po\u0161tekli\u0165 na nose, aby ste ho upokojili, a uvid\u00edte, \u010do sa stane.<\/p>\n\n\n\n<p>GrumblyDaddy je vzdel\u00e1vacia aplik\u00e1cia ur\u010den\u00e1 pre deti vo veku od 5 do 10 rokov.<\/p>\n\n\n\n<p>S otcom medve\u010fom a jeho \u0161iestimi synmi m\u00f4\u017eu deti cvi\u010di\u0165:<\/p>\n\n\n\n<ul class=\"wp-block-list\">\n<li>pridanie<\/li>\n\n\n\n<li>od\u010d\u00edtanie<\/li>\n\n\n\n<li>n\u00e1sobenie<\/li>\n\n\n\n<li>div\u00edzia<\/li>\n<\/ul>\n\n\n\n<p><\/p>\n\n\n\n<p>Pre\u010do sa de\u0165om p\u00e1\u010di GrumblyDaddy:<\/p>\n\n\n\n<ul class=\"wp-block-list\">\n<li>jednoduch\u00e9 a hrav\u00e9 precvi\u010dovanie matematiky<\/li>\n\n\n\n<li>vtipn\u00e1 a v\u00fdrazn\u00e1 postava medve\u010fa<\/li>\n\n\n\n<li>u\u010denie prisp\u00f4soben\u00e9 pre \u017eiakov z\u00e1kladn\u00fdch \u0161k\u00f4l<\/li>\n\n\n\n<li>z\u00e1bavn\u00fd sp\u00f4sob precvi\u010dovania aritmetiky<\/li>\n\n\n\n<li>postupn\u00e9 objavovanie 4 z\u00e1kladn\u00fdch oper\u00e1ci\u00ed<\/li>\n<\/ul>\n\n\n\n<p><\/p>\n\n\n\n<p>Pre\u010do sa rodi\u010dom p\u00e1\u010di:<\/p>\n\n\n\n<ul class=\"wp-block-list\">\n<li>deti si precvi\u010duj\u00fa z\u00e1kladn\u00e9 aritmetick\u00e9 zru\u010dnosti.<\/li>\n\n\n\n<li>u\u010denie sa prostredn\u00edctvom hry<\/li>\n\n\n\n<li>humorn\u00fd vesm\u00edr pom\u00e1ha udr\u017ea\u0165 pozornos\u0165<\/li>\n\n\n\n<li>vhodn\u00e9 pre mlad\u00fdch \u0161tudentov<\/li>\n<\/ul>\n\n\n\n<p><\/p>\n\n\n\n<p>GrumblyDaddy je ide\u00e1lny pre deti, ktor\u00e9 za\u010d\u00ednaj\u00fa po\u010d\u00edta\u0165 alebo si chc\u00fa upevni\u0165 z\u00e1kladn\u00e9 matematick\u00e9 zru\u010dnosti.<\/p>\n\n\n\n<p><\/p>\n\n\n\n<p>Hra je k dispoz\u00edcii v bezplatnej verzii, ktor\u00e1 je obmedzen\u00e1 na stoly 1, 2 a 3 a ktor\u00fa n\u00e1jdete <a href=\"https:\/\/play.google.com\/store\/apps\/details?id=com.applisphones.bearoperations2\" target=\"_blank\" rel=\"noreferrer noopener\">tu<\/a> v Obchode Google Play. Pon\u00faka pr\u00e9miov\u00fa mo\u017enos\u0165, ktor\u00e1 odomkne v\u0161etky stoly. Vysk\u00fa\u0161ajte si ju a spoznajte hern\u00fd vzh\u013ead a atmosf\u00e9ru!<\/p>\n\n\n\n<div style=\"height:40px\" aria-hidden=\"true\" class=\"wp-block-spacer\"><\/div>\n\n\n\n<h1 class=\"wp-block-heading\">Podrobnosti<\/h1>\n\n\n\n<h2 class=\"wp-block-heading\">Hlavn\u00e1 obrazovka<\/h2>\n\n\n\n<p>Na hlavnej obrazovke objav\u00edme otca medve\u010fa, ktor\u00fd sa pozer\u00e1 na svojich \u0161es\u0165 synov, ktor\u00ed sa sna\u017eia n\u00e1js\u0165 spr\u00e1vne odpovede na ot\u00e1zky t\u00fdkaj\u00face sa s\u010d\u00edtania, od\u010d\u00edtania, n\u00e1sobenia a delenia.<\/p>\n\n\n\n<figure class=\"wp-block-image size-full\"><img loading=\"lazy\" decoding=\"async\" width=\"480\" height=\"800\" src=\"https:\/\/grumblydaddy.com\/wp-content\/uploads\/2026\/01\/Screenshot_20251202_222212.png\" alt=\"Hlavn\u00e1 obrazovka matematickej hry pre deti GrumblyDaddy.\" class=\"wp-image-43\" srcset=\"https:\/\/grumblydaddy.com\/wp-content\/uploads\/2026\/01\/Screenshot_20251202_222212.png 480w, https:\/\/grumblydaddy.com\/wp-content\/uploads\/2026\/01\/Screenshot_20251202_222212-180x300.png 180w\" sizes=\"auto, (max-width: 480px) 100vw, 480px\" \/><\/figure>\n\n\n\n<p>Ak odpovedaj\u00fa spr\u00e1vne, otecko medve\u010f je st\u00e1le \u0161\u0165astnej\u0161\u00ed a \u0161\u0165astnej\u0161\u00ed.<\/p>\n\n\n\n<p>Ak to neurobia, otec medve\u010f sa bude hneva\u0165 \u010doraz viac. Aby ste ho v\u0161ak upokojili, m\u00f4\u017eete ho po\u0161tekli\u0165 na nose. Urobte to a uvid\u00edte, \u010do sa stane !<\/p>\n\n\n\n<p>M\u00f4\u017eete ho kedyko\u013evek pozastavi\u0165.<\/p>\n\n\n\n<p>M\u00f4\u017eete si vybra\u0165 \u00farove\u0148 obtia\u017enosti medzi \u013eahkou, strednou a \u0165a\u017ekou.<\/p>\n\n\n\n<p>Cie\u013eom aplik\u00e1cie GrumblyDaddy je urobi\u0165 aritmetiku vtipnou a p\u00fatavou. Deti sa v aplik\u00e1cii stoto\u017e\u0148uj\u00fa s ml\u00e1\u010fatami. Ml\u00e1\u010fat\u00e1m sa p\u00e1\u010di, \u017ee na nich dohliada ich medved\u00ed otec a \u017ee ho m\u00f4\u017eu upokoji\u0165 \u0161teklen\u00edm po nose, ke\u010f sa nahnev\u00e1. Tie\u017e ke\u010f jedno z ml\u00e1\u010fat urob\u00ed chybu, ostatn\u00ed si z neho radi u\u0165ahuj\u00fa.<\/p>\n\n\n\n<div style=\"height:40px\" aria-hidden=\"true\" class=\"wp-block-spacer\"><\/div>\n\n\n\n<h2 class=\"wp-block-heading\">Obrazovka \u0161tatist\u00edk<\/h2>\n\n\n\n<p>Na obrazovke so \u0161tatistikami sa zobrazuj\u00fa ot\u00e1zky, ktor\u00e9 boli zodpovedan\u00e9 spr\u00e1vne, a tie, ktor\u00e9 je potrebn\u00e9 zlep\u0161i\u0165.<\/p>\n\n\n\n<figure class=\"wp-block-image size-full\"><img loading=\"lazy\" decoding=\"async\" width=\"480\" height=\"800\" src=\"https:\/\/grumblydaddy.com\/wp-content\/uploads\/2026\/01\/Screenshot_20251202_220243-1.png\" alt=\"Matematick\u00e9 \u0161tatistiky a preh\u013ead v\u00fdsledkov\" class=\"wp-image-50\" srcset=\"https:\/\/grumblydaddy.com\/wp-content\/uploads\/2026\/01\/Screenshot_20251202_220243-1.png 480w, https:\/\/grumblydaddy.com\/wp-content\/uploads\/2026\/01\/Screenshot_20251202_220243-1-180x300.png 180w\" sizes=\"auto, (max-width: 480px) 100vw, 480px\" \/><\/figure>\n\n\n\n<div style=\"height:40px\" aria-hidden=\"true\" class=\"wp-block-spacer\"><\/div>\n\n\n\n<h2 class=\"wp-block-heading\">Obrazovka mo\u017enost\u00ed<\/h2>\n\n\n\n<p>K dispoz\u00edcii je aj obrazovka s mo\u017enos\u0165ami, kde si m\u00f4\u017eete vybra\u0165 stoly, ktor\u00e9 chcete cvi\u010di\u0165.<\/p>\n\n\n\n<figure class=\"wp-block-image size-full\"><img loading=\"lazy\" decoding=\"async\" width=\"480\" height=\"800\" src=\"https:\/\/grumblydaddy.com\/wp-content\/uploads\/2026\/01\/Screenshot_20251202_220306-1.png\" alt=\"\" class=\"wp-image-51\" srcset=\"https:\/\/grumblydaddy.com\/wp-content\/uploads\/2026\/01\/Screenshot_20251202_220306-1.png 480w, https:\/\/grumblydaddy.com\/wp-content\/uploads\/2026\/01\/Screenshot_20251202_220306-1-180x300.png 180w\" sizes=\"auto, (max-width: 480px) 100vw, 480px\" \/><\/figure>\n\n\n\n<div style=\"height:40px\" aria-hidden=\"true\" class=\"wp-block-spacer\"><\/div>\n\n\n\n<h2 class=\"wp-block-heading\">Obrazovka rev\u00edzie<\/h2>\n\n\n\n<p>K dispoz\u00edcii je aj obrazovka na opravu, kde sa m\u00f4\u017eete nau\u010di\u0165 tabu\u013eky alebo si ich skontrolova\u0165.<\/p>\n\n\n\n<figure class=\"wp-block-image size-full\"><img loading=\"lazy\" decoding=\"async\" width=\"480\" height=\"800\" src=\"https:\/\/grumblydaddy.com\/wp-content\/uploads\/2026\/01\/Screenshot_20251202_220325-1.png\" alt=\"\" class=\"wp-image-52\" srcset=\"https:\/\/grumblydaddy.com\/wp-content\/uploads\/2026\/01\/Screenshot_20251202_220325-1.png 480w, https:\/\/grumblydaddy.com\/wp-content\/uploads\/2026\/01\/Screenshot_20251202_220325-1-180x300.png 180w\" sizes=\"auto, (max-width: 480px) 100vw, 480px\" \/><\/figure>\n\n\n\n<div style=\"height:40px\" aria-hidden=\"true\" class=\"wp-block-spacer\"><\/div>\n\n\n\n<h2 class=\"wp-block-heading\">Uk\u00e1\u017ekov\u00e9 video<\/h2>\n\n\n\n<p class=\"has-large-font-size\">M\u00f4\u017eete si zobrazi\u0165 <a href=\"https:\/\/youtu.be\/FvbKwQSI-vU\" target=\"_blank\" rel=\"noopener\">r\u00fdchla videoprehliadka tejto aplik\u00e1cie.<\/a><\/p>\n\n\n\n<p><\/p>\n\n\n\n<p>\u0160\u0165astn\u00e9 oper\u00e1cie !<\/p>\n\n\n\n<div style=\"height:100px\" aria-hidden=\"true\" class=\"wp-block-spacer\"><\/div>\n\n\n\n<p><\/p>\n\n\n\n<p class=\"has-medium-font-size\" style=\"margin-top:0;margin-right:0;margin-bottom:0;margin-left:0\"><a href=\"https:\/\/grumblydaddy.com\/sk\/the-games-privacy-policy\/\" data-type=\"page\" data-id=\"62\">Z\u00e1sady ochrany osobn\u00fdch \u00fadajov aplik\u00e1cie<\/a><\/p>\n\n\n\n<p class=\"has-medium-font-size\" style=\"margin-top:0;margin-bottom:0\"><a href=\"https:\/\/grumblydaddy.com\/sk\/end-user-licence-agreement-eula\/\" data-type=\"page\" data-id=\"74\">Licen\u010dn\u00e1 zmluva s koncov\u00fdm pou\u017e\u00edvate\u013eom (EULA) aplik\u00e1cie<\/a><\/p>\n\n\n\n<p class=\"has-medium-font-size\" style=\"margin-top:0;margin-right:0;margin-bottom:0;margin-left:0;padding-top:0;padding-bottom:0\"><a href=\"https:\/\/grumblydaddy.com\/sk\/zasady-ochrany-osobnych-udajov-na-tychto-strankach\/\" data-type=\"page\" data-id=\"64\">Z\u00e1sady ochrany osobn\u00fdch \u00fadajov na tejto str\u00e1nke<\/a><\/p>\n\n\n\n<p class=\"has-medium-font-size\" style=\"margin-top:0;margin-bottom:0\"><a href=\"https:\/\/grumblydaddy.com\/sk\/crash-reporting-stability-firebase-crashlytics\/\" data-type=\"page\" data-id=\"90\">Hl\u00e1senie hav\u00e1rie<\/a><\/p>\n\n\n\n<p class=\"has-medium-font-size\" style=\"margin-top:0;margin-bottom:0\">Kontakt: contact@grumblydaddy.com<\/p>","protected":false},"excerpt":{"rendered":"<p>Let\u2019s have fun with arithmetic! Let kids learn the four basic operations in a funny way.GrumblyDaddy helps primary school children practice addition, subtraction, multiplication and division. Answer correctly to make daddy bear happier and happier. If you make mistakes, he gets grumpy\u2026 but you can tickle his nose to calm him down and see what [&hellip;]<\/p>\n","protected":false},"author":1,"featured_media":112,"parent":0,"menu_order":0,"comment_status":"closed","ping_status":"closed","template":"","meta":{"footnotes":""},"class_list":["post-48","page","type-page","status-publish","has-post-thumbnail","hentry"],"_links":{"self":[{"href":"https:\/\/grumblydaddy.com\/sk\/wp-json\/wp\/v2\/pages\/48","targetHints":{"allow":["GET"]}}],"collection":[{"href":"https:\/\/grumblydaddy.com\/sk\/wp-json\/wp\/v2\/pages"}],"about":[{"href":"https:\/\/grumblydaddy.com\/sk\/wp-json\/wp\/v2\/types\/page"}],"author":[{"embeddable":true,"href":"https:\/\/grumblydaddy.com\/sk\/wp-json\/wp\/v2\/users\/1"}],"replies":[{"embeddable":true,"href":"https:\/\/grumblydaddy.com\/sk\/wp-json\/wp\/v2\/comments?post=48"}],"version-history":[{"count":51,"href":"https:\/\/grumblydaddy.com\/sk\/wp-json\/wp\/v2\/pages\/48\/revisions"}],"predecessor-version":[{"id":203,"href":"https:\/\/grumblydaddy.com\/sk\/wp-json\/wp\/v2\/pages\/48\/revisions\/203"}],"wp:featuredmedia":[{"embeddable":true,"href":"https:\/\/grumblydaddy.com\/sk\/wp-json\/wp\/v2\/media\/112"}],"wp:attachment":[{"href":"https:\/\/grumblydaddy.com\/sk\/wp-json\/wp\/v2\/media?parent=48"}],"curies":[{"name":"wp","href":"https:\/\/api.w.org\/{rel}","templated":true}]}}