{"id":74,"date":"2026-01-19T18:06:46","date_gmt":"2026-01-19T18:06:46","guid":{"rendered":"https:\/\/grumblydaddy.com\/?page_id=74"},"modified":"2026-03-22T21:27:48","modified_gmt":"2026-03-22T20:27:48","slug":"acord-de-licenta-pentru-utilizatorul-final-eula","status":"publish","type":"page","link":"https:\/\/grumblydaddy.com\/ro\/end-user-licence-agreement-eula\/","title":{"rendered":"Acord de licen\u021b\u0103 pentru utilizatorul final (EULA)"},"content":{"rendered":"<h3 class=\"wp-block-heading\"><strong>LIMITAREA R\u0102SPUNDERII PENTRU JOCURILE VIDEO EDUCA\u021aIONALE<\/strong><\/h3>\n\n\n\n<p>ACEST JOC VIDEO ESTE FURNIZAT \u201cA\u0218A CUM ESTE\u201d \u0218I \u201c\u00ceN FUNC\u021aIE DE DISPONIBILITATE\u201d NUMAI \u00ceN SCOPURI EDUCA\u021aIONALE GENERALE \u0218I DE DIVERTISMENT. DE\u0218I POATE CON\u021aINE CON\u021aINUT EDUCA\u021aIONAL, ACESTA NU ESTE DESTINAT S\u0102 \u00ceNLOCUIASC\u0102 EDUCA\u021aIA FORMAL\u0102, FORMAREA PROFESIONAL\u0102 SAU CONSULTAN\u021aA DE SPECIALITATE.<\/p>\n\n\n\n<p>\u00ceN M\u0102SURA MAXIM\u0102 PERMIS\u0102 DE LEGE, DEZVOLTATORUL, DISTRIBUITORUL \u0218I ORICE P\u0102R\u021aI AFILIATE NU OFER\u0102 NICIO GARAN\u021aIE, EXPRES\u0102 SAU IMPLICIT\u0102, CU PRIVIRE LA ACURATE\u021aEA, EXHAUSTIVITATEA SAU FIABILITATEA INFORMA\u021aIILOR PREZENTATE \u00ceN JOC. UTILIZATORII TREBUIE S\u0102 VERIFICE ORICE INFORMA\u021aIE DIN SURSE DE \u00ceNCREDERE \u00ceNAINTE DE A SE BAZA PE ACEASTA PENTRU DECIZII ACADEMICE, PROFESIONALE SAU PERSONALE.<\/p>\n\n\n\n<p>\u00ceN NICIUN CAZ DEZVOLTATORUL, DISTRIBUITORUL SAU P\u0102R\u021aILE AFILIATE NU VOR FI R\u0102SPUNZ\u0102TOARE PENTRU ORICE DAUNE INDIRECTE, ACCIDENTALE, CONSECVENTE, SPECIALE SAU EXEMPLARE CARE REZULT\u0102 DIN UTILIZAREA SAU INTERPRETAREA GRE\u0218IT\u0102 A CON\u021aINUTULUI JOCULUI. ACEST LUCRU INCLUDE, DAR NU SE LIMITEAZ\u0102 LA, REZULTATE ACADEMICE, DEZINFORMARE, PIERDERI FINANCIARE SAU ORICE DECIZII BAZATE PE INFORMA\u021aII DIN JOC.<\/p>\n\n\n\n<p>\u00ceN JURISDIC\u021aIILE \u00ceN CARE LIMIT\u0102RILE R\u0102SPUNDERII SUNT RESTRIC\u021aIONATE (INCLUSIV CALIFORNIA), R\u0102SPUNDEREA VA FI LIMITAT\u0102 LA MAXIMUL PERMIS DE LEGE. \u00ceN ORICE CAZ, R\u0102SPUNDEREA TOTAL\u0102 A DEZVOLTATORULUI SAU DISTRIBUITORULUI NU VA DEP\u0102\u0218I SUMA PL\u0102TIT\u0102 PENTRU JOC.<\/p>\n\n\n\n<p>JUC\u00c2ND ACEST JOC, RECUNOA\u0218TE\u021aI C\u0102 \u00ceN\u021aELEGE\u021aI \u0218I ACCEPTA\u021aI ACESTE LIMIT\u0102RI ALE R\u0102SPUNDERII.<\/p>\n\n\n\n<p>ACEST JOC PREZINT\u0102 UN T\u0102TIC URS CARE OFER\u0102 UN CADOU FIILOR S\u0102I ATUNCI C\u00c2ND ACE\u0218TIA DAU R\u0102SPUNSURILE CORECTE T\u0102TICULUI LOR. ACEST LUCRU ESTE SIMBOLIC \u0218I NU TREBUIE INTERPRETAT CA \u0218I CUM JOCUL AR OFERI UN CADOU UTILIZATORULUI.<\/p>\n\n\n\n<p><\/p>\n\n\n\n<p><\/p>\n\n\n\n<p class=\"has-medium-font-size\">Email-ul nostru : contact@grumblydaddy.com<\/p>","protected":false},"excerpt":{"rendered":"<p>LIMITATION OF LIABILITY FOR EDUCATIONAL VIDEO GAMES THIS VIDEO GAME IS PROVIDED &#8220;AS IS&#8221; AND &#8220;AS AVAILABLE&#8221; FOR ENTERTAINMENT AND GENERAL EDUCATIONAL PURPOSES ONLY. WHILE IT MAY CONTAIN EDUCATIONAL CONTENT, IT IS NOT INTENDED TO REPLACE FORMAL EDUCATION, PROFESSIONAL TRAINING, OR EXPERT ADVICE. TO THE MAXIMUM EXTENT PERMITTED BY LAW, THE DEVELOPER, DISTRIBUTOR, AND ANY [&hellip;]<\/p>\n","protected":false},"author":1,"featured_media":0,"parent":0,"menu_order":3,"comment_status":"closed","ping_status":"closed","template":"","meta":{"footnotes":""},"class_list":["post-74","page","type-page","status-publish","hentry"],"_links":{"self":[{"href":"https:\/\/grumblydaddy.com\/ro\/wp-json\/wp\/v2\/pages\/74","targetHints":{"allow":["GET"]}}],"collection":[{"href":"https:\/\/grumblydaddy.com\/ro\/wp-json\/wp\/v2\/pages"}],"about":[{"href":"https:\/\/grumblydaddy.com\/ro\/wp-json\/wp\/v2\/types\/page"}],"author":[{"embeddable":true,"href":"https:\/\/grumblydaddy.com\/ro\/wp-json\/wp\/v2\/users\/1"}],"replies":[{"embeddable":true,"href":"https:\/\/grumblydaddy.com\/ro\/wp-json\/wp\/v2\/comments?post=74"}],"version-history":[{"count":4,"href":"https:\/\/grumblydaddy.com\/ro\/wp-json\/wp\/v2\/pages\/74\/revisions"}],"predecessor-version":[{"id":87,"href":"https:\/\/grumblydaddy.com\/ro\/wp-json\/wp\/v2\/pages\/74\/revisions\/87"}],"wp:attachment":[{"href":"https:\/\/grumblydaddy.com\/ro\/wp-json\/wp\/v2\/media?parent=74"}],"curies":[{"name":"wp","href":"https:\/\/api.w.org\/{rel}","templated":true}]}}