{"id":48,"date":"2026-01-10T15:51:37","date_gmt":"2026-01-10T15:51:37","guid":{"rendered":"https:\/\/grumblydaddy.com\/?page_id=48"},"modified":"2026-04-14T22:57:29","modified_gmt":"2026-04-14T21:57:29","slug":"the-grumblydaddy-game","status":"publish","type":"page","link":"https:\/\/grumblydaddy.com\/ro\/","title":{"rendered":"Jocul de matematic\u0103 pentru copii GrumblyDaddy"},"content":{"rendered":"<p class=\"is-style-text-subtitle has-x-large-font-size is-style-text-subtitle--1\"><strong>S\u0103 ne distr\u0103m cu aritmetica!<\/strong><\/p>\n\n\n\n<div style=\"height:40px\" aria-hidden=\"true\" class=\"wp-block-spacer\"><\/div>\n\n\n\n<p>L\u0103sa\u021bi copiii s\u0103 \u00eenve\u021be cele patru opera\u021bii de baz\u0103 \u00eentr-un mod amuzant.<br>GrumblyDaddy ajut\u0103 copiii de \u0219coal\u0103 primar\u0103 s\u0103 exerseze adunarea, sc\u0103derea, \u00eenmul\u021birea \u0219i \u00eemp\u0103r\u021birea.<\/p>\n\n\n\n<p>R\u0103spunde corect pentru a-l face pe t\u0103ticul urs din ce \u00een ce mai fericit. Dac\u0103 faci gre\u0219eli, el devine moroc\u0103nos... dar \u00eel po\u021bi g\u00e2dila pe nas pentru a-l calma \u0219i vezi ce se \u00eent\u00e2mpl\u0103.<\/p>\n\n\n\n<p>GrumblyDaddy este o aplica\u021bie educa\u021bional\u0103 conceput\u0103 pentru copiii cu v\u00e2rste cuprinse \u00eentre 5 \u0219i 10 ani.<\/p>\n\n\n\n<p>Cu tati urs \u0219i cei \u0219ase fii ai s\u0103i, copiii pot exersa:<\/p>\n\n\n\n<ul class=\"wp-block-list\">\n<li>ad\u0103ugare<\/li>\n\n\n\n<li>sustragere<\/li>\n\n\n\n<li>\u00eenmul\u021bire<\/li>\n\n\n\n<li>diviziune<\/li>\n<\/ul>\n\n\n\n<p><\/p>\n\n\n\n<p>De ce copiii se bucur\u0103 de GrumblyDaddy:<\/p>\n\n\n\n<ul class=\"wp-block-list\">\n<li>practic\u0103 matematic\u0103 simpl\u0103 \u0219i juc\u0103u\u0219\u0103<\/li>\n\n\n\n<li>un personaj urs amuzant \u0219i expresiv<\/li>\n\n\n\n<li>\u00eenv\u0103\u021bare adaptat\u0103 pentru copiii de \u0219coal\u0103 primar\u0103<\/li>\n\n\n\n<li>un mod distractiv de a exersa aritmetica<\/li>\n\n\n\n<li>descoperirea progresiv\u0103 a celor 4 opera\u021biuni de baz\u0103<\/li>\n<\/ul>\n\n\n\n<p><\/p>\n\n\n\n<p>De ce le place p\u0103rin\u021bilor:<\/p>\n\n\n\n<ul class=\"wp-block-list\">\n<li>copiii exerseaz\u0103 abilit\u0103\u021bi aritmetice esen\u021biale<\/li>\n\n\n\n<li>\u00eenv\u0103\u021barea are loc prin joc<\/li>\n\n\n\n<li>universul umoristic ajut\u0103 la men\u021binerea aten\u021biei<\/li>\n\n\n\n<li>potrivit pentru tinerii cursan\u021bi<\/li>\n<\/ul>\n\n\n\n<p><\/p>\n\n\n\n<p>GrumblyDaddy este ideal pentru copiii care \u00eencep aritmetica sau care doresc s\u0103 \u00ee\u0219i consolideze abilit\u0103\u021bile matematice de baz\u0103.<\/p>\n\n\n\n<p><\/p>\n\n\n\n<p>Jocul vine \u00eentr-o versiune gratuit\u0103, limitat\u0103 la mesele 1, 2 \u0219i 3, pe care le pute\u021bi g\u0103si <a href=\"https:\/\/play.google.com\/store\/apps\/details?id=com.applisphones.bearoperations2\" target=\"_blank\" rel=\"noreferrer noopener\">aici<\/a> \u00een Magazinul Google Play. Dispune de o op\u021biune Premium care va debloca toate mesele. \u00cencearc\u0103-l pentru a ob\u021bine aspectul \u0219i experien\u021ba jocului!<\/p>\n\n\n\n<div style=\"height:40px\" aria-hidden=\"true\" class=\"wp-block-spacer\"><\/div>\n\n\n\n<h1 class=\"wp-block-heading\">Detalii<\/h1>\n\n\n\n<h2 class=\"wp-block-heading\">Ecranul principal<\/h2>\n\n\n\n<p>\u00cen ecranul principal, descoperim un urs t\u0103tic care \u00ee\u0219i supravegheaz\u0103 cei \u0219ase fii care \u00eencearc\u0103 s\u0103 g\u0103seasc\u0103 r\u0103spunsurile corecte la \u00eentreb\u0103ri despre opera\u021biile de adunare, sc\u0103dere, \u00eenmul\u021bire \u0219i \u00eemp\u0103r\u021bire.<\/p>\n\n\n\n<figure class=\"wp-block-image size-full\"><img loading=\"lazy\" decoding=\"async\" width=\"480\" height=\"800\" src=\"https:\/\/grumblydaddy.com\/wp-content\/uploads\/2026\/01\/Screenshot_20251202_222212.png\" alt=\"Ecranul principal al jocului de matematic\u0103 pentru copii GrumblyDaddy.\" class=\"wp-image-43\" srcset=\"https:\/\/grumblydaddy.com\/wp-content\/uploads\/2026\/01\/Screenshot_20251202_222212.png 480w, https:\/\/grumblydaddy.com\/wp-content\/uploads\/2026\/01\/Screenshot_20251202_222212-180x300.png 180w\" sizes=\"auto, (max-width: 480px) 100vw, 480px\" \/><\/figure>\n\n\n\n<p>Dac\u0103 r\u0103spund corect, t\u0103ticul urs devine din ce \u00een ce mai fericit.<\/p>\n\n\n\n<p>Dac\u0103 nu o fac, tati urs devine din ce \u00een ce mai furios. Totu\u0219i, pentru a-l calma, \u00eel pute\u021bi g\u00e2dila pe nas. F\u0103-o \u0219i vezi ce se \u00eent\u00e2mpl\u0103!<\/p>\n\n\n\n<p>Pute\u021bi pune pauz\u0103 \u00een orice moment.<\/p>\n\n\n\n<p>Pute\u021bi alege un nivel de dificultate \u00eentre U\u0219or, Mediu \u0219i Dificil.<\/p>\n\n\n\n<p>Aplica\u021bia GrumblyDaddy \u00ee\u0219i propune s\u0103 fac\u0103 aritmetica amuzant\u0103 \u0219i captivant\u0103. Copiii se identific\u0103 cu puii din aplica\u021bie. Puii ador\u0103 s\u0103 fie supraveghea\u021bi de tat\u0103l lor urs \u0219i s\u0103 \u00eel poat\u0103 calma g\u00e2dil\u00e2ndu-l pe nas atunci c\u00e2nd se enerveaz\u0103. De asemenea, atunci c\u00e2nd unul dintre pui face o gre\u0219eal\u0103, celorlal\u021bi le place s\u0103 r\u00e2d\u0103 de el.<\/p>\n\n\n\n<div style=\"height:40px\" aria-hidden=\"true\" class=\"wp-block-spacer\"><\/div>\n\n\n\n<h2 class=\"wp-block-heading\">Ecranul de statistici<\/h2>\n\n\n\n<p>Exist\u0103 un ecran de statistici, care arat\u0103 \u00eentreb\u0103rile la care s-a r\u0103spuns corect \u0219i cele care pot fi \u00eembun\u0103t\u0103\u021bite.<\/p>\n\n\n\n<figure class=\"wp-block-image size-full\"><img loading=\"lazy\" decoding=\"async\" width=\"480\" height=\"800\" src=\"https:\/\/grumblydaddy.com\/wp-content\/uploads\/2026\/01\/Screenshot_20251202_220243-1.png\" alt=\"Statistici matematice \u0219i prezentare general\u0103 a scorurilor\" class=\"wp-image-50\" srcset=\"https:\/\/grumblydaddy.com\/wp-content\/uploads\/2026\/01\/Screenshot_20251202_220243-1.png 480w, https:\/\/grumblydaddy.com\/wp-content\/uploads\/2026\/01\/Screenshot_20251202_220243-1-180x300.png 180w\" sizes=\"auto, (max-width: 480px) 100vw, 480px\" \/><\/figure>\n\n\n\n<div style=\"height:40px\" aria-hidden=\"true\" class=\"wp-block-spacer\"><\/div>\n\n\n\n<h2 class=\"wp-block-heading\">Ecranul de op\u021biuni<\/h2>\n\n\n\n<p>Exist\u0103, de asemenea, un ecran de op\u021biuni pentru a alege tabelele pe care dori\u021bi s\u0103 le practica\u021bi.<\/p>\n\n\n\n<figure class=\"wp-block-image size-full\"><img loading=\"lazy\" decoding=\"async\" width=\"480\" height=\"800\" src=\"https:\/\/grumblydaddy.com\/wp-content\/uploads\/2026\/01\/Screenshot_20251202_220306-1.png\" alt=\"\" class=\"wp-image-51\" srcset=\"https:\/\/grumblydaddy.com\/wp-content\/uploads\/2026\/01\/Screenshot_20251202_220306-1.png 480w, https:\/\/grumblydaddy.com\/wp-content\/uploads\/2026\/01\/Screenshot_20251202_220306-1-180x300.png 180w\" sizes=\"auto, (max-width: 480px) 100vw, 480px\" \/><\/figure>\n\n\n\n<div style=\"height:40px\" aria-hidden=\"true\" class=\"wp-block-spacer\"><\/div>\n\n\n\n<h2 class=\"wp-block-heading\">Ecranul de revizuire<\/h2>\n\n\n\n<p>Exist\u0103, de asemenea, un ecran de revizuire pentru a \u00eenv\u0103\u021ba sau revizui tabelele.<\/p>\n\n\n\n<figure class=\"wp-block-image size-full\"><img loading=\"lazy\" decoding=\"async\" width=\"480\" height=\"800\" src=\"https:\/\/grumblydaddy.com\/wp-content\/uploads\/2026\/01\/Screenshot_20251202_220325-1.png\" alt=\"\" class=\"wp-image-52\" srcset=\"https:\/\/grumblydaddy.com\/wp-content\/uploads\/2026\/01\/Screenshot_20251202_220325-1.png 480w, https:\/\/grumblydaddy.com\/wp-content\/uploads\/2026\/01\/Screenshot_20251202_220325-1-180x300.png 180w\" sizes=\"auto, (max-width: 480px) 100vw, 480px\" \/><\/figure>\n\n\n\n<div style=\"height:40px\" aria-hidden=\"true\" class=\"wp-block-spacer\"><\/div>\n\n\n\n<h2 class=\"wp-block-heading\">Demonstra\u021bie video<\/h2>\n\n\n\n<p class=\"has-large-font-size\">Pute\u021bi vizualiza <a href=\"https:\/\/youtu.be\/FvbKwQSI-vU\" target=\"_blank\" rel=\"noopener\">un tur video rapid al acestei aplica\u021bii.<\/a><\/p>\n\n\n\n<p><\/p>\n\n\n\n<p>Opera\u021biuni fericite!<\/p>\n\n\n\n<div style=\"height:100px\" aria-hidden=\"true\" class=\"wp-block-spacer\"><\/div>\n\n\n\n<p><\/p>\n\n\n\n<p class=\"has-medium-font-size\" style=\"margin-top:0;margin-right:0;margin-bottom:0;margin-left:0\"><a href=\"https:\/\/grumblydaddy.com\/ro\/politica-de-confidentialitate-a-jocurilor\/\" data-type=\"page\" data-id=\"62\">Politica de confiden\u021bialitate a aplica\u021biei<\/a><\/p>\n\n\n\n<p class=\"has-medium-font-size\" style=\"margin-top:0;margin-bottom:0\"><a href=\"https:\/\/grumblydaddy.com\/ro\/acord-de-licenta-pentru-utilizatorul-final-eula\/\" data-type=\"page\" data-id=\"74\">Acordul de licen\u021b\u0103 pentru utilizatorul final (EULA) al aplica\u021biei<\/a><\/p>\n\n\n\n<p class=\"has-medium-font-size\" style=\"margin-top:0;margin-right:0;margin-bottom:0;margin-left:0;padding-top:0;padding-bottom:0\"><a href=\"https:\/\/grumblydaddy.com\/ro\/politica-de-confidentialitate-a-acestui-site\/\" data-type=\"page\" data-id=\"64\">Politica de confiden\u021bialitate a acestui site<\/a><\/p>\n\n\n\n<p class=\"has-medium-font-size\" style=\"margin-top:0;margin-bottom:0\"><a href=\"https:\/\/grumblydaddy.com\/ro\/crash-reporting-stability-firebase-crashlytics\/\" data-type=\"page\" data-id=\"90\">Raportarea accidentelor<\/a><\/p>\n\n\n\n<p class=\"has-medium-font-size\" style=\"margin-top:0;margin-bottom:0\">Contact: contact@grumblydaddy.com<\/p>","protected":false},"excerpt":{"rendered":"<p>Let\u2019s have fun with arithmetic! Let kids learn the four basic operations in a funny way.GrumblyDaddy helps primary school children practice addition, subtraction, multiplication and division. Answer correctly to make daddy bear happier and happier. If you make mistakes, he gets grumpy\u2026 but you can tickle his nose to calm him down and see what [&hellip;]<\/p>\n","protected":false},"author":1,"featured_media":112,"parent":0,"menu_order":0,"comment_status":"closed","ping_status":"closed","template":"","meta":{"footnotes":""},"class_list":["post-48","page","type-page","status-publish","has-post-thumbnail","hentry"],"_links":{"self":[{"href":"https:\/\/grumblydaddy.com\/ro\/wp-json\/wp\/v2\/pages\/48","targetHints":{"allow":["GET"]}}],"collection":[{"href":"https:\/\/grumblydaddy.com\/ro\/wp-json\/wp\/v2\/pages"}],"about":[{"href":"https:\/\/grumblydaddy.com\/ro\/wp-json\/wp\/v2\/types\/page"}],"author":[{"embeddable":true,"href":"https:\/\/grumblydaddy.com\/ro\/wp-json\/wp\/v2\/users\/1"}],"replies":[{"embeddable":true,"href":"https:\/\/grumblydaddy.com\/ro\/wp-json\/wp\/v2\/comments?post=48"}],"version-history":[{"count":51,"href":"https:\/\/grumblydaddy.com\/ro\/wp-json\/wp\/v2\/pages\/48\/revisions"}],"predecessor-version":[{"id":203,"href":"https:\/\/grumblydaddy.com\/ro\/wp-json\/wp\/v2\/pages\/48\/revisions\/203"}],"wp:featuredmedia":[{"embeddable":true,"href":"https:\/\/grumblydaddy.com\/ro\/wp-json\/wp\/v2\/media\/112"}],"wp:attachment":[{"href":"https:\/\/grumblydaddy.com\/ro\/wp-json\/wp\/v2\/media?parent=48"}],"curies":[{"name":"wp","href":"https:\/\/api.w.org\/{rel}","templated":true}]}}