{"id":90,"date":"2026-03-03T19:58:52","date_gmt":"2026-03-03T19:58:52","guid":{"rendered":"https:\/\/grumblydaddy.com\/?page_id=90"},"modified":"2026-03-22T21:29:05","modified_gmt":"2026-03-22T20:29:05","slug":"crash-reporting-stability-firebase-crashlytics","status":"publish","type":"page","link":"https:\/\/grumblydaddy.com\/pt\/crash-reporting-stability-firebase-crashlytics\/","title":{"rendered":"Relat\u00f3rio de falhas (estabilidade) - Firebase Crashlytics"},"content":{"rendered":"<p>Usamos <strong>Firebase Crashlytics<\/strong> (Google) para <strong>detectar e diagnosticar falhas<\/strong>, corrigir problemas e <strong>melhorar a estabilidade<\/strong> do <strong>GrumblyDaddy<\/strong> aplicativo.<\/p>\n\n\n\n<p><strong>Dados processados<\/strong><br>Quando ocorre uma falha, o Crashlytics pode coletar e nos enviar:<\/p>\n\n\n\n<ul class=\"wp-block-list\">\n<li>informa\u00e7\u00f5es relacionadas a falhas (por exemplo, rastreamento de falhas\/rastreamento de pilha, hora da falha, contexto t\u00e9cnico);<\/li>\n\n\n\n<li>informa\u00e7\u00f5es t\u00e9cnicas sobre o dispositivo e o aplicativo (por exemplo, modelo do dispositivo, vers\u00e3o do Android, idioma\/localidade, vers\u00e3o do aplicativo);<\/li>\n\n\n\n<li>a <strong>identificador pseud\u00f4nimo<\/strong> vinculado \u00e0 instala\u00e7\u00e3o: definimos um Crashlytics <code>userId<\/code> com base em um <strong>UUID aleat\u00f3rio gerado na instala\u00e7\u00e3o<\/strong>, ent\u00e3o <strong>hash<\/strong>. Esse identificador n\u00e3o \u00e9 derivado de um identificador de publicidade ou de um identificador de dispositivo.<\/li>\n<\/ul>\n\n\n\n<p><strong>Dados que n\u00e3o coletamos intencionalmente<\/strong><br>N\u00e3o procuramos coletar, por meio do Crashlytics, dados que o identifiquem diretamente (por exemplo, nome, endere\u00e7o de e-mail, n\u00famero de telefone) ou dados confidenciais. Tamb\u00e9m evitamos incluir dados pessoais em registros t\u00e9cnicos.<\/p>\n\n\n\n<p><strong>Finalidade<\/strong><br>Manuten\u00e7\u00e3o corretiva, diagn\u00f3stico de erros e melhoria da confiabilidade e da seguran\u00e7a do aplicativo.<\/p>\n\n\n\n<p><strong>Base legal<\/strong><br>Nossa base legal \u00e9 <strong>interesse leg\u00edtimo<\/strong> para garantir a opera\u00e7\u00e3o adequada e a seguran\u00e7a do aplicativo.<\/p>\n\n\n\n<p><strong>Destinat\u00e1rios<\/strong><br>Os dados s\u00e3o acess\u00edveis apenas ao pessoal autorizado (equipes t\u00e9cnicas) e s\u00e3o processados por <strong>Google\/Firebase<\/strong> como provedor de servi\u00e7os.<\/p>\n\n\n\n<p><strong>Transfer\u00eancias internacionais<\/strong><br>Os dados podem ser processados pelo Google\/Firebase, inclusive em infraestrutura localizada fora da Uni\u00e3o Europeia, de acordo com os mecanismos contratuais e as prote\u00e7\u00f5es implementadas pelo Google\/Firebase.<\/p>\n\n\n\n<p><strong>Reten\u00e7\u00e3o<\/strong><br>Os relat\u00f3rios de acidentes s\u00e3o mantidos por <strong>12 meses<\/strong>, e, em seguida, exclu\u00eddos ou anonimizados, a menos que uma obriga\u00e7\u00e3o legal exija o contr\u00e1rio.<\/p>\n\n\n\n<p><strong>Seus direitos<\/strong><br>Voc\u00ea tem direitos de acesso, retifica\u00e7\u00e3o, exclus\u00e3o, restri\u00e7\u00e3o e obje\u00e7\u00e3o, sujeitos \u00e0 legisla\u00e7\u00e3o aplic\u00e1vel.<br>Para exercer seus direitos, entre em contato conosco: <strong><a href=\"mailto:contact@grumblydaddy.com\">contact@grumblydaddy.com<\/a><\/strong>.<\/p>","protected":false},"excerpt":{"rendered":"<p>We use Firebase Crashlytics (Google) to detect and diagnose crashes, fix issues, and improve the stability of the GrumblyDaddy app. Data processedWhen a crash occurs, Crashlytics may collect and send us: Data we do not intentionally collectWe do not seek to collect, via Crashlytics, data that directly identifies you (e.g., name, email address, phone number) [&hellip;]<\/p>\n","protected":false},"author":1,"featured_media":0,"parent":0,"menu_order":4,"comment_status":"closed","ping_status":"closed","template":"","meta":{"footnotes":""},"class_list":["post-90","page","type-page","status-publish","hentry"],"_links":{"self":[{"href":"https:\/\/grumblydaddy.com\/pt\/wp-json\/wp\/v2\/pages\/90","targetHints":{"allow":["GET"]}}],"collection":[{"href":"https:\/\/grumblydaddy.com\/pt\/wp-json\/wp\/v2\/pages"}],"about":[{"href":"https:\/\/grumblydaddy.com\/pt\/wp-json\/wp\/v2\/types\/page"}],"author":[{"embeddable":true,"href":"https:\/\/grumblydaddy.com\/pt\/wp-json\/wp\/v2\/users\/1"}],"replies":[{"embeddable":true,"href":"https:\/\/grumblydaddy.com\/pt\/wp-json\/wp\/v2\/comments?post=90"}],"version-history":[{"count":1,"href":"https:\/\/grumblydaddy.com\/pt\/wp-json\/wp\/v2\/pages\/90\/revisions"}],"predecessor-version":[{"id":91,"href":"https:\/\/grumblydaddy.com\/pt\/wp-json\/wp\/v2\/pages\/90\/revisions\/91"}],"wp:attachment":[{"href":"https:\/\/grumblydaddy.com\/pt\/wp-json\/wp\/v2\/media?parent=90"}],"curies":[{"name":"wp","href":"https:\/\/api.w.org\/{rel}","templated":true}]}}