{"id":74,"date":"2026-01-19T18:06:46","date_gmt":"2026-01-19T18:06:46","guid":{"rendered":"https:\/\/grumblydaddy.com\/?page_id=74"},"modified":"2026-03-22T21:27:48","modified_gmt":"2026-03-22T20:27:48","slug":"end-user-licence-agreement-eula","status":"publish","type":"page","link":"https:\/\/grumblydaddy.com\/pt\/end-user-licence-agreement-eula\/","title":{"rendered":"Contrato de licen\u00e7a de usu\u00e1rio final (EULA)"},"content":{"rendered":"<h3 class=\"wp-block-heading\"><strong>LIMITA\u00c7\u00c3O DE RESPONSABILIDADE PARA VIDEOGAMES EDUCACIONAIS<\/strong><\/h3>\n\n\n\n<p>ESTE VIDEOGAME \u00c9 FORNECIDO \u201cNO ESTADO EM QUE SE ENCONTRA\u201d E \u201cCONFORME DISPON\u00cdVEL\u201d APENAS PARA FINS EDUCACIONAIS GERAIS E DE ENTRETENIMENTO. EMBORA POSSA CONTER CONTE\u00daDO EDUCACIONAL, ELE N\u00c3O SE DESTINA A SUBSTITUIR A EDUCA\u00c7\u00c3O FORMAL, O TREINAMENTO PROFISSIONAL OU A CONSULTORIA ESPECIALIZADA.<\/p>\n\n\n\n<p>AT\u00c9 O LIMITE M\u00c1XIMO PERMITIDO POR LEI, O DESENVOLVEDOR, O DISTRIBUIDOR E QUAISQUER PARTES AFILIADAS N\u00c3O OFERECEM GARANTIAS, EXPRESSAS OU IMPL\u00cdCITAS, COM RELA\u00c7\u00c3O \u00c0 PRECIS\u00c3O, \u00c0 INTEGRIDADE OU \u00c0 CONFIABILIDADE DAS INFORMA\u00c7\u00d5ES APRESENTADAS NO JOGO. OS USU\u00c1RIOS DEVEM VERIFICAR TODAS AS INFORMA\u00c7\u00d5ES DE FONTES CONFI\u00c1VEIS ANTES DE CONFIAR NELAS PARA TOMAR DECIS\u00d5ES ACAD\u00caMICAS, PROFISSIONAIS OU PESSOAIS.<\/p>\n\n\n\n<p>EM NENHUMA CIRCUNST\u00c2NCIA O DESENVOLVEDOR, O DISTRIBUIDOR OU AS PARTES AFILIADAS SER\u00c3O RESPONS\u00c1VEIS POR QUAISQUER DANOS INDIRETOS, INCIDENTAIS, CONSEQUENCIAIS, ESPECIAIS OU EXEMPLARES DECORRENTES DO USO OU DA M\u00c1 INTERPRETA\u00c7\u00c3O DO CONTE\u00daDO DO JOGO. ISSO INCLUI, MAS N\u00c3O SE LIMITA A, RESULTADOS ACAD\u00caMICOS, INFORMA\u00c7\u00d5ES INCORRETAS, PERDAS FINANCEIRAS OU QUAISQUER DECIS\u00d5ES BASEADAS EM INFORMA\u00c7\u00d5ES DO JOGO.<\/p>\n\n\n\n<p>EM JURISDI\u00c7\u00d5ES ONDE AS LIMITA\u00c7\u00d5ES DE RESPONSABILIDADE S\u00c3O RESTRITAS (INCLUINDO A CALIF\u00d3RNIA), A RESPONSABILIDADE DEVER\u00c1 SER LIMITADA \u00c0 EXTENS\u00c3O M\u00c1XIMA PERMITIDA POR LEI. EM QUALQUER CASO, A RESPONSABILIDADE TOTAL DO DESENVOLVEDOR OU DISTRIBUIDOR N\u00c3O DEVER\u00c1 EXCEDER O VALOR PAGO PELO JOGO.<\/p>\n\n\n\n<p>AO JOGAR ESTE JOGO, VOC\u00ca RECONHECE QUE ENTENDE E ACEITA ESSAS LIMITA\u00c7\u00d5ES DE RESPONSABILIDADE.<\/p>\n\n\n\n<p>ESTE JOGO APRESENTA UM PAPAI URSO QUE D\u00c1 UM PRESENTE A SEUS FILHOS QUANDO ELES D\u00c3O AS RESPOSTAS CERTAS AO PAPAI. ISSO \u00c9 SIMB\u00d3LICO E N\u00c3O DEVE SER INTERPRETADO COMO O JOGO OFERECENDO UM PRESENTE AO USU\u00c1RIO.<\/p>\n\n\n\n<p><\/p>\n\n\n\n<p><\/p>\n\n\n\n<p class=\"has-medium-font-size\">Nosso e-mail: contact@grumblydaddy.com<\/p>","protected":false},"excerpt":{"rendered":"<p>LIMITATION OF LIABILITY FOR EDUCATIONAL VIDEO GAMES THIS VIDEO GAME IS PROVIDED &#8220;AS IS&#8221; AND &#8220;AS AVAILABLE&#8221; FOR ENTERTAINMENT AND GENERAL EDUCATIONAL PURPOSES ONLY. WHILE IT MAY CONTAIN EDUCATIONAL CONTENT, IT IS NOT INTENDED TO REPLACE FORMAL EDUCATION, PROFESSIONAL TRAINING, OR EXPERT ADVICE. TO THE MAXIMUM EXTENT PERMITTED BY LAW, THE DEVELOPER, DISTRIBUTOR, AND ANY [&hellip;]<\/p>\n","protected":false},"author":1,"featured_media":0,"parent":0,"menu_order":3,"comment_status":"closed","ping_status":"closed","template":"","meta":{"footnotes":""},"class_list":["post-74","page","type-page","status-publish","hentry"],"_links":{"self":[{"href":"https:\/\/grumblydaddy.com\/pt\/wp-json\/wp\/v2\/pages\/74","targetHints":{"allow":["GET"]}}],"collection":[{"href":"https:\/\/grumblydaddy.com\/pt\/wp-json\/wp\/v2\/pages"}],"about":[{"href":"https:\/\/grumblydaddy.com\/pt\/wp-json\/wp\/v2\/types\/page"}],"author":[{"embeddable":true,"href":"https:\/\/grumblydaddy.com\/pt\/wp-json\/wp\/v2\/users\/1"}],"replies":[{"embeddable":true,"href":"https:\/\/grumblydaddy.com\/pt\/wp-json\/wp\/v2\/comments?post=74"}],"version-history":[{"count":4,"href":"https:\/\/grumblydaddy.com\/pt\/wp-json\/wp\/v2\/pages\/74\/revisions"}],"predecessor-version":[{"id":87,"href":"https:\/\/grumblydaddy.com\/pt\/wp-json\/wp\/v2\/pages\/74\/revisions\/87"}],"wp:attachment":[{"href":"https:\/\/grumblydaddy.com\/pt\/wp-json\/wp\/v2\/media?parent=74"}],"curies":[{"name":"wp","href":"https:\/\/api.w.org\/{rel}","templated":true}]}}