{"id":48,"date":"2026-01-10T15:51:37","date_gmt":"2026-01-10T15:51:37","guid":{"rendered":"https:\/\/grumblydaddy.com\/?page_id=48"},"modified":"2026-04-14T22:57:29","modified_gmt":"2026-04-14T21:57:29","slug":"the-grumblydaddy-game","status":"publish","type":"page","link":"https:\/\/grumblydaddy.com\/pt\/","title":{"rendered":"O jogo infantil de matem\u00e1tica GrumblyDaddy"},"content":{"rendered":"<p class=\"is-style-text-subtitle has-x-large-font-size is-style-text-subtitle--1\"><strong>Vamos nos divertir com a aritm\u00e9tica!<\/strong><\/p>\n\n\n\n<div style=\"height:40px\" aria-hidden=\"true\" class=\"wp-block-spacer\"><\/div>\n\n\n\n<p>Permita que as crian\u00e7as aprendam as quatro opera\u00e7\u00f5es b\u00e1sicas de uma forma divertida.<br>O GrumblyDaddy ajuda as crian\u00e7as do ensino fundamental a praticar adi\u00e7\u00e3o, subtra\u00e7\u00e3o, multiplica\u00e7\u00e3o e divis\u00e3o.<\/p>\n\n\n\n<p>Responda corretamente para deixar o papai urso cada vez mais feliz. Se voc\u00ea errar, ele fica mal-humorado... mas voc\u00ea pode fazer c\u00f3cegas no nariz dele para acalm\u00e1-lo e ver o que acontece.<\/p>\n\n\n\n<p>O GrumblyDaddy \u00e9 um aplicativo educacional desenvolvido para crian\u00e7as de 5 a 10 anos.<\/p>\n\n\n\n<p>Com o papai urso e seus seis filhos, as crian\u00e7as podem praticar:<\/p>\n\n\n\n<ul class=\"wp-block-list\">\n<li>adi\u00e7\u00e3o<\/li>\n\n\n\n<li>subtra\u00e7\u00e3o<\/li>\n\n\n\n<li>multiplica\u00e7\u00e3o<\/li>\n\n\n\n<li>divis\u00e3o<\/li>\n<\/ul>\n\n\n\n<p><\/p>\n\n\n\n<p>Por que as crian\u00e7as gostam do GrumblyDaddy:<\/p>\n\n\n\n<ul class=\"wp-block-list\">\n<li>pr\u00e1tica simples e divertida de matem\u00e1tica<\/li>\n\n\n\n<li>Um personagem urso engra\u00e7ado e expressivo<\/li>\n\n\n\n<li>aprendizado adaptado para crian\u00e7as do ensino fundamental<\/li>\n\n\n\n<li>uma maneira divertida de praticar aritm\u00e9tica<\/li>\n\n\n\n<li>descoberta progressiva das 4 opera\u00e7\u00f5es b\u00e1sicas<\/li>\n<\/ul>\n\n\n\n<p><\/p>\n\n\n\n<p>Por que os pais gostam:<\/p>\n\n\n\n<ul class=\"wp-block-list\">\n<li>as crian\u00e7as praticam habilidades aritm\u00e9ticas essenciais<\/li>\n\n\n\n<li>o aprendizado acontece por meio de brincadeiras<\/li>\n\n\n\n<li>o universo humor\u00edstico ajuda a manter a aten\u00e7\u00e3o<\/li>\n\n\n\n<li>adequado para jovens aprendizes<\/li>\n<\/ul>\n\n\n\n<p><\/p>\n\n\n\n<p>O GrumblyDaddy \u00e9 ideal para crian\u00e7as que est\u00e3o iniciando a aritm\u00e9tica ou que desejam fortalecer suas habilidades matem\u00e1ticas b\u00e1sicas.<\/p>\n\n\n\n<p><\/p>\n\n\n\n<p>O jogo vem em uma vers\u00e3o gratuita, limitada \u00e0s mesas 1, 2 e 3, que voc\u00ea pode encontrar <a href=\"https:\/\/play.google.com\/store\/apps\/details?id=com.applisphones.bearoperations2\" target=\"_blank\" rel=\"noreferrer noopener\">aqui<\/a> dispon\u00edvel na Google Play Store. Possui uma op\u00e7\u00e3o Premium que desbloqueia todas as mesas. Experimente para ter a experi\u00eancia completa do jogo!<\/p>\n\n\n\n<div style=\"height:40px\" aria-hidden=\"true\" class=\"wp-block-spacer\"><\/div>\n\n\n\n<h1 class=\"wp-block-heading\">Detalhes<\/h1>\n\n\n\n<h2 class=\"wp-block-heading\">A tela principal<\/h2>\n\n\n\n<p>Na tela principal, descobrimos um papai urso observando seus seis filhos que est\u00e3o tentando encontrar as respostas certas para perguntas sobre opera\u00e7\u00f5es de adi\u00e7\u00e3o, subtra\u00e7\u00e3o, multiplica\u00e7\u00e3o e divis\u00e3o.<\/p>\n\n\n\n<figure class=\"wp-block-image size-full\"><img loading=\"lazy\" decoding=\"async\" width=\"480\" height=\"800\" src=\"https:\/\/grumblydaddy.com\/wp-content\/uploads\/2026\/01\/Screenshot_20251202_222212.png\" alt=\"A tela principal do jogo de matem\u00e1tica GrumblyDaddy para crian\u00e7as.\" class=\"wp-image-43\" srcset=\"https:\/\/grumblydaddy.com\/wp-content\/uploads\/2026\/01\/Screenshot_20251202_222212.png 480w, https:\/\/grumblydaddy.com\/wp-content\/uploads\/2026\/01\/Screenshot_20251202_222212-180x300.png 180w\" sizes=\"auto, (max-width: 480px) 100vw, 480px\" \/><\/figure>\n\n\n\n<p>Se eles responderem corretamente, o papai urso ficar\u00e1 cada vez mais feliz.<\/p>\n\n\n\n<p>Se n\u00e3o o fizerem, o papai urso ficar\u00e1 cada vez mais irritado. Entretanto, para acalm\u00e1-lo, voc\u00ea pode fazer c\u00f3cegas no nariz dele. Fa\u00e7a isso e veja o que acontece!<\/p>\n\n\n\n<p>Voc\u00ea pode pausar a qualquer momento.<\/p>\n\n\n\n<p>Voc\u00ea pode escolher um n\u00edvel de dificuldade entre F\u00e1cil, M\u00e9dio e Dif\u00edcil.<\/p>\n\n\n\n<p>O aplicativo GrumblyDaddy tem como objetivo tornar a aritm\u00e9tica bem-humorada e envolvente. As crian\u00e7as se identificam com os filhotes do aplicativo. Os filhotes adoram ser vigiados pelo papai urso e poder acalm\u00e1-lo com c\u00f3cegas no nariz quando ele fica bravo. Al\u00e9m disso, quando um dos filhotes comete um erro, os outros gostam de tirar sarro dele.<\/p>\n\n\n\n<div style=\"height:40px\" aria-hidden=\"true\" class=\"wp-block-spacer\"><\/div>\n\n\n\n<h2 class=\"wp-block-heading\">A tela de estat\u00edsticas<\/h2>\n\n\n\n<p>H\u00e1 uma tela de estat\u00edsticas que mostra as perguntas que foram respondidas corretamente e as que podem ser melhoradas.<\/p>\n\n\n\n<figure class=\"wp-block-image size-full\"><img loading=\"lazy\" decoding=\"async\" width=\"480\" height=\"800\" src=\"https:\/\/grumblydaddy.com\/wp-content\/uploads\/2026\/01\/Screenshot_20251202_220243-1.png\" alt=\"Estat\u00edsticas de matem\u00e1tica e vis\u00e3o geral da pontua\u00e7\u00e3o\" class=\"wp-image-50\" srcset=\"https:\/\/grumblydaddy.com\/wp-content\/uploads\/2026\/01\/Screenshot_20251202_220243-1.png 480w, https:\/\/grumblydaddy.com\/wp-content\/uploads\/2026\/01\/Screenshot_20251202_220243-1-180x300.png 180w\" sizes=\"auto, (max-width: 480px) 100vw, 480px\" \/><\/figure>\n\n\n\n<div style=\"height:40px\" aria-hidden=\"true\" class=\"wp-block-spacer\"><\/div>\n\n\n\n<h2 class=\"wp-block-heading\">A tela de op\u00e7\u00f5es<\/h2>\n\n\n\n<p>H\u00e1 tamb\u00e9m uma tela de op\u00e7\u00f5es para escolher as tabelas que deseja praticar.<\/p>\n\n\n\n<figure class=\"wp-block-image size-full\"><img loading=\"lazy\" decoding=\"async\" width=\"480\" height=\"800\" src=\"https:\/\/grumblydaddy.com\/wp-content\/uploads\/2026\/01\/Screenshot_20251202_220306-1.png\" alt=\"\" class=\"wp-image-51\" srcset=\"https:\/\/grumblydaddy.com\/wp-content\/uploads\/2026\/01\/Screenshot_20251202_220306-1.png 480w, https:\/\/grumblydaddy.com\/wp-content\/uploads\/2026\/01\/Screenshot_20251202_220306-1-180x300.png 180w\" sizes=\"auto, (max-width: 480px) 100vw, 480px\" \/><\/figure>\n\n\n\n<div style=\"height:40px\" aria-hidden=\"true\" class=\"wp-block-spacer\"><\/div>\n\n\n\n<h2 class=\"wp-block-heading\">A tela de revis\u00e3o<\/h2>\n\n\n\n<p>H\u00e1 tamb\u00e9m uma tela de revis\u00e3o para aprender ou revisar as tabelas.<\/p>\n\n\n\n<figure class=\"wp-block-image size-full\"><img loading=\"lazy\" decoding=\"async\" width=\"480\" height=\"800\" src=\"https:\/\/grumblydaddy.com\/wp-content\/uploads\/2026\/01\/Screenshot_20251202_220325-1.png\" alt=\"\" class=\"wp-image-52\" srcset=\"https:\/\/grumblydaddy.com\/wp-content\/uploads\/2026\/01\/Screenshot_20251202_220325-1.png 480w, https:\/\/grumblydaddy.com\/wp-content\/uploads\/2026\/01\/Screenshot_20251202_220325-1-180x300.png 180w\" sizes=\"auto, (max-width: 480px) 100vw, 480px\" \/><\/figure>\n\n\n\n<div style=\"height:40px\" aria-hidden=\"true\" class=\"wp-block-spacer\"><\/div>\n\n\n\n<h2 class=\"wp-block-heading\">Demonstra\u00e7\u00e3o em v\u00eddeo<\/h2>\n\n\n\n<p class=\"has-large-font-size\">Voc\u00ea pode visualizar <a href=\"https:\/\/youtu.be\/FvbKwQSI-vU\" target=\"_blank\" rel=\"noopener\">um r\u00e1pido tour em v\u00eddeo sobre esse aplicativo.<\/a><\/p>\n\n\n\n<p><\/p>\n\n\n\n<p>Boas opera\u00e7\u00f5es!<\/p>\n\n\n\n<div style=\"height:100px\" aria-hidden=\"true\" class=\"wp-block-spacer\"><\/div>\n\n\n\n<p><\/p>\n\n\n\n<p class=\"has-medium-font-size\" style=\"margin-top:0;margin-right:0;margin-bottom:0;margin-left:0\"><a href=\"https:\/\/grumblydaddy.com\/pt\/the-games-privacy-policy\/\" data-type=\"page\" data-id=\"62\">Pol\u00edtica de privacidade do aplicativo<\/a><\/p>\n\n\n\n<p class=\"has-medium-font-size\" style=\"margin-top:0;margin-bottom:0\"><a href=\"https:\/\/grumblydaddy.com\/pt\/end-user-licence-agreement-eula\/\" data-type=\"page\" data-id=\"74\">O contrato de licen\u00e7a de usu\u00e1rio final (EULA) do aplicativo<\/a><\/p>\n\n\n\n<p class=\"has-medium-font-size\" style=\"margin-top:0;margin-right:0;margin-bottom:0;margin-left:0;padding-top:0;padding-bottom:0\"><a href=\"https:\/\/grumblydaddy.com\/pt\/politica-de-privacidade-deste-site\/\" data-type=\"page\" data-id=\"64\">Pol\u00edtica de privacidade deste site<\/a><\/p>\n\n\n\n<p class=\"has-medium-font-size\" style=\"margin-top:0;margin-bottom:0\"><a href=\"https:\/\/grumblydaddy.com\/pt\/crash-reporting-stability-firebase-crashlytics\/\" data-type=\"page\" data-id=\"90\">Relat\u00f3rios de acidentes<\/a><\/p>\n\n\n\n<p class=\"has-medium-font-size\" style=\"margin-top:0;margin-bottom:0\">Contato: contact@grumblydaddy.com<\/p>","protected":false},"excerpt":{"rendered":"<p>Let\u2019s have fun with arithmetic! Let kids learn the four basic operations in a funny way.GrumblyDaddy helps primary school children practice addition, subtraction, multiplication and division. Answer correctly to make daddy bear happier and happier. If you make mistakes, he gets grumpy\u2026 but you can tickle his nose to calm him down and see what [&hellip;]<\/p>\n","protected":false},"author":1,"featured_media":112,"parent":0,"menu_order":0,"comment_status":"closed","ping_status":"closed","template":"","meta":{"footnotes":""},"class_list":["post-48","page","type-page","status-publish","has-post-thumbnail","hentry"],"_links":{"self":[{"href":"https:\/\/grumblydaddy.com\/pt\/wp-json\/wp\/v2\/pages\/48","targetHints":{"allow":["GET"]}}],"collection":[{"href":"https:\/\/grumblydaddy.com\/pt\/wp-json\/wp\/v2\/pages"}],"about":[{"href":"https:\/\/grumblydaddy.com\/pt\/wp-json\/wp\/v2\/types\/page"}],"author":[{"embeddable":true,"href":"https:\/\/grumblydaddy.com\/pt\/wp-json\/wp\/v2\/users\/1"}],"replies":[{"embeddable":true,"href":"https:\/\/grumblydaddy.com\/pt\/wp-json\/wp\/v2\/comments?post=48"}],"version-history":[{"count":51,"href":"https:\/\/grumblydaddy.com\/pt\/wp-json\/wp\/v2\/pages\/48\/revisions"}],"predecessor-version":[{"id":203,"href":"https:\/\/grumblydaddy.com\/pt\/wp-json\/wp\/v2\/pages\/48\/revisions\/203"}],"wp:featuredmedia":[{"embeddable":true,"href":"https:\/\/grumblydaddy.com\/pt\/wp-json\/wp\/v2\/media\/112"}],"wp:attachment":[{"href":"https:\/\/grumblydaddy.com\/pt\/wp-json\/wp\/v2\/media?parent=48"}],"curies":[{"name":"wp","href":"https:\/\/api.w.org\/{rel}","templated":true}]}}