{"id":74,"date":"2026-01-19T18:06:46","date_gmt":"2026-01-19T18:06:46","guid":{"rendered":"https:\/\/grumblydaddy.com\/?page_id=74"},"modified":"2026-03-22T21:27:48","modified_gmt":"2026-03-22T20:27:48","slug":"end-user-licence-agreement-eula","status":"publish","type":"page","link":"https:\/\/grumblydaddy.com\/pl\/end-user-licence-agreement-eula\/","title":{"rendered":"Umowa licencyjna u\u017cytkownika ko\u0144cowego (EULA)"},"content":{"rendered":"<h3 class=\"wp-block-heading\"><strong>OGRANICZENIE ODPOWIEDZIALNO\u015aCI ZA EDUKACYJNE GRY WIDEO<\/strong><\/h3>\n\n\n\n<p>NINIEJSZA GRA WIDEO JEST DOSTARCZANA \u201cW STANIE, W JAKIM SI\u0118 ZNAJDUJE\u201d I \u201cW MIAR\u0118 DOST\u0118PNO\u015aCI\u201d WY\u0141\u0104CZNIE W CELACH ROZRYWKOWYCH I EDUKACYJNYCH. CHOCIA\u017b MO\u017bE ZAWIERA\u0106 TRE\u015aCI EDUKACYJNE, NIE MA NA CELU ZAST\u0104PIENIA FORMALNEJ EDUKACJI, PROFESJONALNEGO SZKOLENIA LUB PORADY EKSPERTA.<\/p>\n\n\n\n<p>W MAKSYMALNYM ZAKRESIE DOZWOLONYM PRZEZ PRAWO DEWELOPER, DYSTRYBUTOR I WSZELKIE PODMIOTY POWI\u0104ZANE NIE UDZIELAJ\u0104 \u017bADNYCH GWARANCJI, WYRA\u0179NYCH ANI DOROZUMIANYCH, DOTYCZ\u0104CYCH DOK\u0141ADNO\u015aCI, KOMPLETNO\u015aCI LUB WIARYGODNO\u015aCI INFORMACJI PRZEDSTAWIONYCH W GRZE. U\u017bYTKOWNICY POWINNI ZWERYFIKOWA\u0106 WSZELKIE INFORMACJE Z WIARYGODNYCH \u0179R\u00d3DE\u0141 PRZED POLEGANIEM NA NICH PRZY PODEJMOWANIU DECYZJI AKADEMICKICH, ZAWODOWYCH LUB OSOBISTYCH.<\/p>\n\n\n\n<p>W \u017bADNYM WYPADKU DEWELOPER, DYSTRYBUTOR ANI PODMIOTY POWI\u0104ZANE NIE PONOSZ\u0104 ODPOWIEDZIALNO\u015aCI ZA JAKIEKOLWIEK PO\u015aREDNIE, PRZYPADKOWE, WT\u00d3RNE, SPECJALNE LUB PRZYK\u0141ADOWE SZKODY WYNIKAJ\u0104CE Z WYKORZYSTANIA LUB B\u0141\u0118DNEJ INTERPRETACJI ZAWARTO\u015aCI GRY. OBEJMUJE TO MI\u0118DZY INNYMI WYNIKI W NAUCE, B\u0141\u0118DNE INFORMACJE, STRATY FINANSOWE LUB WSZELKIE DECYZJE PODJ\u0118TE NA PODSTAWIE INFORMACJI ZAWARTYCH W GRZE.<\/p>\n\n\n\n<p>W JURYSDYKCJACH, W KT\u00d3RYCH OGRANICZENIA ODPOWIEDZIALNO\u015aCI S\u0104 OGRANICZONE (W TYM W KALIFORNII), ODPOWIEDZIALNO\u015a\u0106 B\u0118DZIE OGRANICZONA W MAKSYMALNYM ZAKRESIE DOZWOLONYM PRZEZ PRAWO. W KA\u017bDYM PRZYPADKU CA\u0141KOWITA ODPOWIEDZIALNO\u015a\u0106 DEWELOPERA LUB DYSTRYBUTORA NIE PRZEKROCZY KWOTY ZAP\u0141ACONEJ ZA GR\u0118.<\/p>\n\n\n\n<p>GRAJ\u0104C W T\u0118 GR\u0118, U\u017bYTKOWNIK POTWIERDZA, \u017bE ROZUMIE I AKCEPTUJE NINIEJSZE OGRANICZENIA ODPOWIEDZIALNO\u015aCI.<\/p>\n\n\n\n<p>TA GRA PRZEDSTAWIA MISIA TATUSIA, KT\u00d3RY WR\u0118CZA PREZENT SWOIM SYNOM, GDY CI UDZIEL\u0104 PRAWID\u0141OWYCH ODPOWIEDZI SWOJEMU TATUSIOWI. JEST TO SYMBOLICZNE I NIE MO\u017bE BY\u0106 INTERPRETOWANE JAKO PREZENT DLA U\u017bYTKOWNIKA.<\/p>\n\n\n\n<p><\/p>\n\n\n\n<p><\/p>\n\n\n\n<p class=\"has-medium-font-size\">Nasz adres e-mail: contact@grumblydaddy.com<\/p>","protected":false},"excerpt":{"rendered":"<p>LIMITATION OF LIABILITY FOR EDUCATIONAL VIDEO GAMES THIS VIDEO GAME IS PROVIDED &#8220;AS IS&#8221; AND &#8220;AS AVAILABLE&#8221; FOR ENTERTAINMENT AND GENERAL EDUCATIONAL PURPOSES ONLY. WHILE IT MAY CONTAIN EDUCATIONAL CONTENT, IT IS NOT INTENDED TO REPLACE FORMAL EDUCATION, PROFESSIONAL TRAINING, OR EXPERT ADVICE. TO THE MAXIMUM EXTENT PERMITTED BY LAW, THE DEVELOPER, DISTRIBUTOR, AND ANY [&hellip;]<\/p>\n","protected":false},"author":1,"featured_media":0,"parent":0,"menu_order":3,"comment_status":"closed","ping_status":"closed","template":"","meta":{"footnotes":""},"class_list":["post-74","page","type-page","status-publish","hentry"],"_links":{"self":[{"href":"https:\/\/grumblydaddy.com\/pl\/wp-json\/wp\/v2\/pages\/74","targetHints":{"allow":["GET"]}}],"collection":[{"href":"https:\/\/grumblydaddy.com\/pl\/wp-json\/wp\/v2\/pages"}],"about":[{"href":"https:\/\/grumblydaddy.com\/pl\/wp-json\/wp\/v2\/types\/page"}],"author":[{"embeddable":true,"href":"https:\/\/grumblydaddy.com\/pl\/wp-json\/wp\/v2\/users\/1"}],"replies":[{"embeddable":true,"href":"https:\/\/grumblydaddy.com\/pl\/wp-json\/wp\/v2\/comments?post=74"}],"version-history":[{"count":4,"href":"https:\/\/grumblydaddy.com\/pl\/wp-json\/wp\/v2\/pages\/74\/revisions"}],"predecessor-version":[{"id":87,"href":"https:\/\/grumblydaddy.com\/pl\/wp-json\/wp\/v2\/pages\/74\/revisions\/87"}],"wp:attachment":[{"href":"https:\/\/grumblydaddy.com\/pl\/wp-json\/wp\/v2\/media?parent=74"}],"curies":[{"name":"wp","href":"https:\/\/api.w.org\/{rel}","templated":true}]}}