{"id":64,"date":"2026-01-10T16:14:02","date_gmt":"2026-01-10T16:14:02","guid":{"rendered":"https:\/\/grumblydaddy.com\/?page_id=64"},"modified":"2026-03-27T19:10:43","modified_gmt":"2026-03-27T18:10:43","slug":"polityka-prywatnosci-tej-witryny","status":"publish","type":"page","link":"https:\/\/grumblydaddy.com\/pl\/this-sites-privacy-policy\/","title":{"rendered":"Polityka prywatno\u015bci tej witryny"},"content":{"rendered":"<p>Adres naszej strony internetowej to: https:\/\/grumblydaddy.com.<\/p>\n\n\n\n<p><strong>Komentarze<\/strong><br>Kiedy odwiedzaj\u0105cy zostawiaj\u0105 komentarze na stronie, gromadzimy dane wy\u015bwietlane w formularzu komentarzy, a tak\u017ce adres IP odwiedzaj\u0105cego i ci\u0105g znak\u00f3w agenta u\u017cytkownika przegl\u0105darki, aby pom\u00f3c w wykrywaniu spamu.<\/p>\n\n\n\n<p>Zanonimizowany ci\u0105g znak\u00f3w utworzony z Twojego adresu e-mail (zwany r\u00f3wnie\u017c skr\u00f3tem) mo\u017ce zosta\u0107 udost\u0119pniony us\u0142udze Gravatar, aby sprawdzi\u0107, czy jej u\u017cywasz. Polityka prywatno\u015bci us\u0142ugi Gravatar jest dost\u0119pna tutaj: https:\/\/automattic.com\/privacy\/. Po zatwierdzeniu Twojego komentarza, Twoje zdj\u0119cie profilowe b\u0119dzie widoczne publicznie w kontek\u015bcie Twojego komentarza.<\/p>\n\n\n\n<p><strong>Media<\/strong><br>Je\u015bli przesy\u0142asz zdj\u0119cia na stron\u0119 internetow\u0105, powiniene\u015b unika\u0107 przesy\u0142ania zdj\u0119\u0107 z osadzonymi danymi lokalizacyjnymi (EXIF GPS). Odwiedzaj\u0105cy stron\u0119 internetow\u0105 mog\u0105 pobiera\u0107 i wyodr\u0119bnia\u0107 wszelkie dane lokalizacyjne ze zdj\u0119\u0107 na stronie.<\/p>\n\n\n\n<p><strong>Ciasteczka<\/strong><br>Je\u015bli zostawisz komentarz na naszej stronie, mo\u017cesz wyrazi\u0107 zgod\u0119 na zapisanie swojego imienia, adresu e-mail i strony internetowej w plikach cookie. Maj\u0105 one na celu Twoj\u0105 wygod\u0119, dzi\u0119ki czemu nie b\u0119dziesz musia\u0142 ponownie wype\u0142nia\u0107 swoich danych przy pozostawianiu kolejnego komentarza. Te pliki cookie b\u0119d\u0105 przechowywane przez rok.<\/p>\n\n\n\n<p>Je\u015bli odwiedzisz nasz\u0105 stron\u0119 logowania, ustawimy tymczasowe ciasteczko, aby sprawdzi\u0107, czy Twoja przegl\u0105darka akceptuje ciasteczka. To ciasteczko nie zawiera \u017cadnych danych osobowych i jest usuwane po zamkni\u0119ciu przegl\u0105darki.<\/p>\n\n\n\n<p>Podczas logowania skonfigurujemy r\u00f3wnie\u017c kilka plik\u00f3w cookie, aby zapisa\u0107 dane logowania i opcje wy\u015bwietlania ekranu. Pliki cookie logowania s\u0105 przechowywane przez dwa dni, a pliki cookie opcji ekranu przez rok. W przypadku wybrania opcji \u201cZapami\u0119taj mnie\u201d dane logowania b\u0119d\u0105 przechowywane przez dwa tygodnie. Po wylogowaniu si\u0119 z konta pliki cookie logowania zostan\u0105 usuni\u0119te.<\/p>\n\n\n\n<p>Je\u015bli edytujesz lub publikujesz artyku\u0142, w Twojej przegl\u0105darce zostanie zapisane dodatkowe ciasteczko. To ciasteczko nie zawiera \u017cadnych danych osobowych i jedynie wskazuje identyfikator posta artyku\u0142u, kt\u00f3ry w\u0142a\u015bnie edytowa\u0142e\u015b. Wygasa po 1 dniu.<\/p>\n\n\n\n<p>Do zarz\u0105dzania plikami cookie i podobnymi wykorzystywanymi technologiami (piksele \u015bledz\u0105ce, sygna\u0142y nawigacyjne itp.) oraz zwi\u0105zanymi z nimi zgodami u\u017cywamy narz\u0119dzia zgody \u201cReal Cookie Banner\u201d.<\/p>\n\n\n\n<p>Podstaw\u0105 prawn\u0105 przetwarzania danych osobowych w tym kontek\u015bcie jest art. 6 ust. 1 lit. c) RODO oraz art. 6 ust. 2 lit. b) RODO. 6 (1) (c) RODO i art. 6 (1) (f) RODO. 6 (1) (f) RODO. Naszym uzasadnionym interesem jest zarz\u0105dzanie plikami cookie i podobnymi wykorzystywanymi technologiami oraz zwi\u0105zanymi z nimi zgodami.<\/p>\n\n\n\n<p>Podanie danych osobowych nie jest wymagane umownie ani konieczne do zawarcia umowy. U\u017cytkownik nie jest zobowi\u0105zany do podania danych osobowych. Je\u015bli u\u017cytkownik nie poda danych osobowych, nie b\u0119dziemy mogli zarz\u0105dza\u0107 jego zgodami.<\/p>\n\n\n\n<p><strong>Osadzone tre\u015bci z innych stron internetowych<\/strong><br>Artyku\u0142y na tej stronie mog\u0105 zawiera\u0107 osadzone tre\u015bci (np. filmy, obrazy, artyku\u0142y itp.). Osadzone tre\u015bci z innych stron internetowych zachowuj\u0105 si\u0119 dok\u0142adnie tak samo, jakby odwiedzaj\u0105cy odwiedzi\u0142 inn\u0105 stron\u0119 internetow\u0105.<\/p>\n\n\n\n<p>Te witryny mog\u0105 gromadzi\u0107 dane o Tobie, u\u017cywa\u0107 plik\u00f3w cookie, osadza\u0107 dodatkowe \u015bledzenie stron trzecich i monitorowa\u0107 Twoj\u0105 interakcj\u0119 z tym osadzonymi tre\u015bciami, w tym \u015bledzi\u0107 Twoj\u0105 interakcj\u0119 z osadzonymi tre\u015bciami, je\u015bli masz konto i jeste\u015b zalogowany do tej witryny.<\/p>\n\n\n\n<p><strong>Komu udost\u0119pniamy dane u\u017cytkownika<\/strong><br>Je\u015bli poprosisz o reset has\u0142a, Tw\u00f3j adres IP zostanie uwzgl\u0119dniony w wiadomo\u015bci e-mail z resetem.<\/p>\n\n\n\n<p><strong>Jak d\u0142ugo przechowujemy dane u\u017cytkownika<\/strong><br>Je\u015bli zamie\u015bcisz komentarz, komentarz i jego metadane zostan\u0105 zachowane na czas nieokre\u015blony. Pozwala to na automatyczne rozpoznawanie i zatwierdzanie kolejnych komentarzy zamiast umieszczania ich w kolejce moderacji.<\/p>\n\n\n\n<p>Dla u\u017cytkownik\u00f3w, kt\u00f3rzy zarejestruj\u0105 si\u0119 na naszej stronie internetowej (je\u015bli tacy b\u0119d\u0105), przechowujemy r\u00f3wnie\u017c dane osobowe, kt\u00f3re podaj\u0105 w swoim profilu u\u017cytkownika. Wszyscy u\u017cytkownicy mog\u0105 w ka\u017cdej chwili zobaczy\u0107, edytowa\u0107 lub usun\u0105\u0107 swoje dane osobowe (z wyj\u0105tkiem zmiany nazwy u\u017cytkownika). Administratorzy strony internetowej r\u00f3wnie\u017c mog\u0105 zobaczy\u0107 i edytowa\u0107 te dane.<\/p>\n\n\n\n<p><strong>Jakie prawa przys\u0142uguj\u0105 u\u017cytkownikowi w odniesieniu do jego danych<\/strong><br>Je\u015bli posiadasz konto na tej stronie lub pozostawi\u0142e\u015b komentarze, mo\u017cesz poprosi\u0107 o otrzymanie wyeksportowanego pliku z danymi osobowymi, kt\u00f3re przechowujemy na Tw\u00f3j temat, w tym wszelkimi danymi, kt\u00f3re nam przekaza\u0142e\u015b. Mo\u017cesz r\u00f3wnie\u017c za\u017c\u0105da\u0107 usuni\u0119cia wszelkich przechowywanych danych osobowych na Tw\u00f3j temat. Nie obejmuje to danych, kt\u00f3re jeste\u015bmy zobowi\u0105zani przechowywa\u0107 ze wzgl\u0119d\u00f3w administracyjnych, prawnych lub bezpiecze\u0144stwa.<\/p>\n\n\n\n<p><strong>Gdzie przesy\u0142ane s\u0105 dane u\u017cytkownika<\/strong><br>Komentarze odwiedzaj\u0105cych mog\u0105 by\u0107 sprawdzane przez zautomatyzowan\u0105 us\u0142ug\u0119 wykrywania spamu.<\/p>\n\n\n\n<p class=\"has-medium-font-size\"><strong>Nasz adres e-mail :<\/strong> contact@grumblydaddy.com<\/p>","protected":false},"excerpt":{"rendered":"<p>Our website address is: https:\/\/grumblydaddy.com. CommentsWhen visitors leave comments on the site we collect the data shown in the comments form, and also the visitor\u2019s IP address and browser user agent string to help spam detection. An anonymized string created from your email address (also called a hash) may be provided to the Gravatar service [&hellip;]<\/p>\n","protected":false},"author":1,"featured_media":0,"parent":0,"menu_order":2,"comment_status":"closed","ping_status":"closed","template":"","meta":{"footnotes":""},"class_list":["post-64","page","type-page","status-publish","hentry"],"_links":{"self":[{"href":"https:\/\/grumblydaddy.com\/pl\/wp-json\/wp\/v2\/pages\/64","targetHints":{"allow":["GET"]}}],"collection":[{"href":"https:\/\/grumblydaddy.com\/pl\/wp-json\/wp\/v2\/pages"}],"about":[{"href":"https:\/\/grumblydaddy.com\/pl\/wp-json\/wp\/v2\/types\/page"}],"author":[{"embeddable":true,"href":"https:\/\/grumblydaddy.com\/pl\/wp-json\/wp\/v2\/users\/1"}],"replies":[{"embeddable":true,"href":"https:\/\/grumblydaddy.com\/pl\/wp-json\/wp\/v2\/comments?post=64"}],"version-history":[{"count":6,"href":"https:\/\/grumblydaddy.com\/pl\/wp-json\/wp\/v2\/pages\/64\/revisions"}],"predecessor-version":[{"id":200,"href":"https:\/\/grumblydaddy.com\/pl\/wp-json\/wp\/v2\/pages\/64\/revisions\/200"}],"wp:attachment":[{"href":"https:\/\/grumblydaddy.com\/pl\/wp-json\/wp\/v2\/media?parent=64"}],"curies":[{"name":"wp","href":"https:\/\/api.w.org\/{rel}","templated":true}]}}