{"id":48,"date":"2026-01-10T15:51:37","date_gmt":"2026-01-10T15:51:37","guid":{"rendered":"https:\/\/grumblydaddy.com\/?page_id=48"},"modified":"2026-04-14T22:57:29","modified_gmt":"2026-04-14T21:57:29","slug":"the-grumblydaddy-game","status":"publish","type":"page","link":"https:\/\/grumblydaddy.com\/pl\/","title":{"rendered":"Gra matematyczna dla dzieci GrumblyDaddy"},"content":{"rendered":"<p class=\"is-style-text-subtitle has-x-large-font-size is-style-text-subtitle--1\"><strong>Bawmy si\u0119 arytmetyk\u0105!<\/strong><\/p>\n\n\n\n<div style=\"height:40px\" aria-hidden=\"true\" class=\"wp-block-spacer\"><\/div>\n\n\n\n<p>Pozw\u00f3l dzieciom nauczy\u0107 si\u0119 czterech podstawowych operacji w zabawny spos\u00f3b.<br>GrumblyDaddy pomaga dzieciom ze szk\u00f3\u0142 podstawowych \u0107wiczy\u0107 dodawanie, odejmowanie, mno\u017cenie i dzielenie.<\/p>\n\n\n\n<p>Odpowiedz poprawnie, aby tata mi\u015b by\u0142 coraz szcz\u0119\u015bliwszy. Je\u015bli pope\u0142nisz b\u0142\u0105d, b\u0119dzie zrz\u0119dliwy... ale mo\u017cesz po\u0142askota\u0107 go w nos, aby go uspokoi\u0107 i zobaczy\u0107, co si\u0119 stanie.<\/p>\n\n\n\n<p>GrumblyDaddy to aplikacja edukacyjna przeznaczona dla dzieci w wieku od 5 do 10 lat.<\/p>\n\n\n\n<p>Dzieci mog\u0105 \u0107wiczy\u0107 z tat\u0105 nied\u017awiedziem i jego sze\u015bcioma synami:<\/p>\n\n\n\n<ul class=\"wp-block-list\">\n<li>dodatek<\/li>\n\n\n\n<li>odejmowanie<\/li>\n\n\n\n<li>mno\u017cenie<\/li>\n\n\n\n<li>podzia\u0142<\/li>\n<\/ul>\n\n\n\n<p><\/p>\n\n\n\n<p>Dlaczego dzieci lubi\u0105 GrumblyDaddy:<\/p>\n\n\n\n<ul class=\"wp-block-list\">\n<li>proste i zabawne \u0107wiczenia matematyczne<\/li>\n\n\n\n<li>zabawna i wyrazista posta\u0107 nied\u017awiedzia<\/li>\n\n\n\n<li>nauka dostosowana dla dzieci ze szk\u00f3\u0142 podstawowych<\/li>\n\n\n\n<li>Zabawny spos\u00f3b na \u0107wiczenie arytmetyki<\/li>\n\n\n\n<li>Stopniowe odkrywanie 4 podstawowych operacji<\/li>\n<\/ul>\n\n\n\n<p><\/p>\n\n\n\n<p>Dlaczego rodzice to lubi\u0105:<\/p>\n\n\n\n<ul class=\"wp-block-list\">\n<li>dzieci \u0107wicz\u0105 podstawowe umiej\u0119tno\u015bci arytmetyczne<\/li>\n\n\n\n<li>nauka odbywa si\u0119 poprzez zabaw\u0119<\/li>\n\n\n\n<li>humorystyczny wszech\u015bwiat pomaga utrzyma\u0107 uwag\u0119<\/li>\n\n\n\n<li>odpowiedni dla m\u0142odych uczni\u00f3w<\/li>\n<\/ul>\n\n\n\n<p><\/p>\n\n\n\n<p>GrumblyDaddy jest idealny dla dzieci, kt\u00f3re rozpoczynaj\u0105 nauk\u0119 arytmetyki lub chc\u0105 wzmocni\u0107 swoje podstawowe umiej\u0119tno\u015bci matematyczne.<\/p>\n\n\n\n<p><\/p>\n\n\n\n<p>Gra jest dost\u0119pna w wersji darmowej, ograniczonej do sto\u0142\u00f3w 1, 2 i 3, kt\u00f3re mo\u017cna znale\u017a\u0107 <a href=\"https:\/\/play.google.com\/store\/apps\/details?id=com.applisphones.bearoperations2\" target=\"_blank\" rel=\"noreferrer noopener\">tutaj<\/a> w sklepie Google Play. Zawiera opcj\u0119 Premium, kt\u00f3ra odblokowuje wszystkie sto\u0142y. Wypr\u00f3buj j\u0105, aby poczu\u0107 klimat gry!<\/p>\n\n\n\n<div style=\"height:40px\" aria-hidden=\"true\" class=\"wp-block-spacer\"><\/div>\n\n\n\n<h1 class=\"wp-block-heading\">Szczeg\u00f3\u0142y<\/h1>\n\n\n\n<h2 class=\"wp-block-heading\">Ekran g\u0142\u00f3wny<\/h2>\n\n\n\n<p>Na ekranie g\u0142\u00f3wnym odkrywamy nied\u017awiedzia tatusia z widokiem na swoich sze\u015bciu syn\u00f3w, kt\u00f3rzy pr\u00f3buj\u0105 znale\u017a\u0107 w\u0142a\u015bciwe odpowiedzi na pytania dotycz\u0105ce dodawania, odejmowania, mno\u017cenia i dzielenia.<\/p>\n\n\n\n<figure class=\"wp-block-image size-full\"><img loading=\"lazy\" decoding=\"async\" width=\"480\" height=\"800\" src=\"https:\/\/grumblydaddy.com\/wp-content\/uploads\/2026\/01\/Screenshot_20251202_222212.png\" alt=\"Ekran g\u0142\u00f3wny gry matematycznej dla dzieci GrumblyDaddy.\" class=\"wp-image-43\" srcset=\"https:\/\/grumblydaddy.com\/wp-content\/uploads\/2026\/01\/Screenshot_20251202_222212.png 480w, https:\/\/grumblydaddy.com\/wp-content\/uploads\/2026\/01\/Screenshot_20251202_222212-180x300.png 180w\" sizes=\"auto, (max-width: 480px) 100vw, 480px\" \/><\/figure>\n\n\n\n<p>Je\u015bli odpowiedz\u0105 poprawnie, tata mi\u015b staje si\u0119 coraz szcz\u0119\u015bliwszy.<\/p>\n\n\n\n<p>Je\u015bli tego nie zrobi\u0105, tata mi\u015b staje si\u0119 coraz bardziej z\u0142y. Jednak, aby go uspokoi\u0107, mo\u017cesz po\u0142askota\u0107 go w nos. Zr\u00f3b to i zobacz, co si\u0119 stanie!<\/p>\n\n\n\n<p>W dowolnym momencie mo\u017cna wstrzyma\u0107 odtwarzanie.<\/p>\n\n\n\n<p>Mo\u017cesz wybra\u0107 poziom trudno\u015bci spo\u015br\u00f3d \u0142atwego, \u015bredniego i trudnego.<\/p>\n\n\n\n<p>Aplikacja GrumblyDaddy ma na celu uczynienie arytmetyki humorystyczn\u0105 i wci\u0105gaj\u0105c\u0105. Dzieci identyfikuj\u0105 si\u0119 z m\u0142odymi w aplikacji. M\u0142ode uwielbiaj\u0105 by\u0107 obserwowane przez swojego tat\u0119 nied\u017awiedzia i mog\u0105 go uspokoi\u0107, \u0142askocz\u0105c go w nos, gdy si\u0119 z\u0142o\u015bci. Ponadto, gdy jedno z m\u0142odych pope\u0142ni b\u0142\u0105d, inne lubi\u0105 si\u0119 z niego \u015bmia\u0107.<\/p>\n\n\n\n<div style=\"height:40px\" aria-hidden=\"true\" class=\"wp-block-spacer\"><\/div>\n\n\n\n<h2 class=\"wp-block-heading\">Ekran statystyk<\/h2>\n\n\n\n<p>Dost\u0119pny jest ekran statystyk, pokazuj\u0105cy pytania, na kt\u00f3re udzielono poprawnych odpowiedzi oraz te, kt\u00f3re wymagaj\u0105 poprawy.<\/p>\n\n\n\n<figure class=\"wp-block-image size-full\"><img loading=\"lazy\" decoding=\"async\" width=\"480\" height=\"800\" src=\"https:\/\/grumblydaddy.com\/wp-content\/uploads\/2026\/01\/Screenshot_20251202_220243-1.png\" alt=\"Statystyki matematyczne i przegl\u0105d wynik\u00f3w\" class=\"wp-image-50\" srcset=\"https:\/\/grumblydaddy.com\/wp-content\/uploads\/2026\/01\/Screenshot_20251202_220243-1.png 480w, https:\/\/grumblydaddy.com\/wp-content\/uploads\/2026\/01\/Screenshot_20251202_220243-1-180x300.png 180w\" sizes=\"auto, (max-width: 480px) 100vw, 480px\" \/><\/figure>\n\n\n\n<div style=\"height:40px\" aria-hidden=\"true\" class=\"wp-block-spacer\"><\/div>\n\n\n\n<h2 class=\"wp-block-heading\">Ekran opcji<\/h2>\n\n\n\n<p>Dost\u0119pny jest r\u00f3wnie\u017c ekran opcji umo\u017cliwiaj\u0105cy wyb\u00f3r sto\u0142\u00f3w, kt\u00f3re chcesz \u0107wiczy\u0107.<\/p>\n\n\n\n<figure class=\"wp-block-image size-full\"><img loading=\"lazy\" decoding=\"async\" width=\"480\" height=\"800\" src=\"https:\/\/grumblydaddy.com\/wp-content\/uploads\/2026\/01\/Screenshot_20251202_220306-1.png\" alt=\"\" class=\"wp-image-51\" srcset=\"https:\/\/grumblydaddy.com\/wp-content\/uploads\/2026\/01\/Screenshot_20251202_220306-1.png 480w, https:\/\/grumblydaddy.com\/wp-content\/uploads\/2026\/01\/Screenshot_20251202_220306-1-180x300.png 180w\" sizes=\"auto, (max-width: 480px) 100vw, 480px\" \/><\/figure>\n\n\n\n<div style=\"height:40px\" aria-hidden=\"true\" class=\"wp-block-spacer\"><\/div>\n\n\n\n<h2 class=\"wp-block-heading\">Ekran wersji<\/h2>\n\n\n\n<p>Dost\u0119pny jest r\u00f3wnie\u017c ekran weryfikacji, kt\u00f3ry umo\u017cliwia zapoznanie si\u0119 z tabelami.<\/p>\n\n\n\n<figure class=\"wp-block-image size-full\"><img loading=\"lazy\" decoding=\"async\" width=\"480\" height=\"800\" src=\"https:\/\/grumblydaddy.com\/wp-content\/uploads\/2026\/01\/Screenshot_20251202_220325-1.png\" alt=\"\" class=\"wp-image-52\" srcset=\"https:\/\/grumblydaddy.com\/wp-content\/uploads\/2026\/01\/Screenshot_20251202_220325-1.png 480w, https:\/\/grumblydaddy.com\/wp-content\/uploads\/2026\/01\/Screenshot_20251202_220325-1-180x300.png 180w\" sizes=\"auto, (max-width: 480px) 100vw, 480px\" \/><\/figure>\n\n\n\n<div style=\"height:40px\" aria-hidden=\"true\" class=\"wp-block-spacer\"><\/div>\n\n\n\n<h2 class=\"wp-block-heading\">Demonstracja wideo<\/h2>\n\n\n\n<p class=\"has-large-font-size\">Mo\u017cna wy\u015bwietli\u0107 <a href=\"https:\/\/youtu.be\/FvbKwQSI-vU\" target=\"_blank\" rel=\"noopener\">kr\u00f3tki film prezentuj\u0105cy t\u0119 aplikacj\u0119.<\/a><\/p>\n\n\n\n<p><\/p>\n\n\n\n<p>Szcz\u0119\u015bliwych operacji!<\/p>\n\n\n\n<div style=\"height:100px\" aria-hidden=\"true\" class=\"wp-block-spacer\"><\/div>\n\n\n\n<p><\/p>\n\n\n\n<p class=\"has-medium-font-size\" style=\"margin-top:0;margin-right:0;margin-bottom:0;margin-left:0\"><a href=\"https:\/\/grumblydaddy.com\/pl\/the-games-privacy-policy\/\" data-type=\"page\" data-id=\"62\">Polityka prywatno\u015bci aplikacji<\/a><\/p>\n\n\n\n<p class=\"has-medium-font-size\" style=\"margin-top:0;margin-bottom:0\"><a href=\"https:\/\/grumblydaddy.com\/pl\/end-user-licence-agreement-eula\/\" data-type=\"page\" data-id=\"74\">Umowa licencyjna u\u017cytkownika ko\u0144cowego aplikacji (EULA)<\/a><\/p>\n\n\n\n<p class=\"has-medium-font-size\" style=\"margin-top:0;margin-right:0;margin-bottom:0;margin-left:0;padding-top:0;padding-bottom:0\"><a href=\"https:\/\/grumblydaddy.com\/pl\/polityka-prywatnosci-tej-witryny\/\" data-type=\"page\" data-id=\"64\">Polityka prywatno\u015bci tej witryny<\/a><\/p>\n\n\n\n<p class=\"has-medium-font-size\" style=\"margin-top:0;margin-bottom:0\"><a href=\"https:\/\/grumblydaddy.com\/pl\/crash-reporting-stability-firebase-crashlytics\/\" data-type=\"page\" data-id=\"90\">Raportowanie wypadk\u00f3w<\/a><\/p>\n\n\n\n<p class=\"has-medium-font-size\" style=\"margin-top:0;margin-bottom:0\">Kontakt: contact@grumblydaddy.com<\/p>","protected":false},"excerpt":{"rendered":"<p>Let\u2019s have fun with arithmetic! Let kids learn the four basic operations in a funny way.GrumblyDaddy helps primary school children practice addition, subtraction, multiplication and division. Answer correctly to make daddy bear happier and happier. If you make mistakes, he gets grumpy\u2026 but you can tickle his nose to calm him down and see what [&hellip;]<\/p>\n","protected":false},"author":1,"featured_media":112,"parent":0,"menu_order":0,"comment_status":"closed","ping_status":"closed","template":"","meta":{"footnotes":""},"class_list":["post-48","page","type-page","status-publish","has-post-thumbnail","hentry"],"_links":{"self":[{"href":"https:\/\/grumblydaddy.com\/pl\/wp-json\/wp\/v2\/pages\/48","targetHints":{"allow":["GET"]}}],"collection":[{"href":"https:\/\/grumblydaddy.com\/pl\/wp-json\/wp\/v2\/pages"}],"about":[{"href":"https:\/\/grumblydaddy.com\/pl\/wp-json\/wp\/v2\/types\/page"}],"author":[{"embeddable":true,"href":"https:\/\/grumblydaddy.com\/pl\/wp-json\/wp\/v2\/users\/1"}],"replies":[{"embeddable":true,"href":"https:\/\/grumblydaddy.com\/pl\/wp-json\/wp\/v2\/comments?post=48"}],"version-history":[{"count":51,"href":"https:\/\/grumblydaddy.com\/pl\/wp-json\/wp\/v2\/pages\/48\/revisions"}],"predecessor-version":[{"id":203,"href":"https:\/\/grumblydaddy.com\/pl\/wp-json\/wp\/v2\/pages\/48\/revisions\/203"}],"wp:featuredmedia":[{"embeddable":true,"href":"https:\/\/grumblydaddy.com\/pl\/wp-json\/wp\/v2\/media\/112"}],"wp:attachment":[{"href":"https:\/\/grumblydaddy.com\/pl\/wp-json\/wp\/v2\/media?parent=48"}],"curies":[{"name":"wp","href":"https:\/\/api.w.org\/{rel}","templated":true}]}}