{"id":90,"date":"2026-03-03T19:58:52","date_gmt":"2026-03-03T19:58:52","guid":{"rendered":"https:\/\/grumblydaddy.com\/?page_id=90"},"modified":"2026-03-22T21:29:05","modified_gmt":"2026-03-22T20:29:05","slug":"crash-reporting-stability-firebase-crashlytics","status":"publish","type":"page","link":"https:\/\/grumblydaddy.com\/nb\/crash-reporting-stability-firebase-crashlytics\/","title":{"rendered":"Krasjrapportering (stabilitet) - Firebase Crashlytics"},"content":{"rendered":"<p>Vi bruker <strong>Firebase Crashlytics<\/strong> (Google) til <strong>oppdage og diagnostisere krasj<\/strong>, fikse problemer, og <strong>forbedre stabiliteten<\/strong> av <strong>GrumblyDaddy<\/strong> app.<\/p>\n\n\n\n<p><strong>Behandlede data<\/strong><br>N\u00e5r et krasj oppst\u00e5r, kan Crashlytics samle inn og sende oss<\/p>\n\n\n\n<ul class=\"wp-block-list\">\n<li>krasjrelatert informasjon (f.eks. krasjspor\/stack trace, tidspunkt for krasjet, teknisk kontekst);<\/li>\n\n\n\n<li>teknisk informasjon om enheten og appen (f.eks. enhetsmodell, Android-versjon, spr\u00e5k\/lokalisering, appversjon);<\/li>\n\n\n\n<li>a <strong>pseudonym identifikator<\/strong> knyttet til installasjonen: vi setter en Crashlytics <code>brukerId<\/code> basert p\u00e5 en <strong>tilfeldig UUID generert ved installasjon<\/strong>, s\u00e5 <strong>hashet<\/strong>. Denne identifikatoren er ikke avledet fra en reklameidentifikator eller en enhetsidentifikator.<\/li>\n<\/ul>\n\n\n\n<p><strong>Data vi ikke samler inn med vilje<\/strong><br>Vi fors\u00f8ker ikke \u00e5 samle inn data via Crashlytics som direkte identifiserer deg (f.eks. navn, e-postadresse, telefonnummer) eller sensitive data. Vi unng\u00e5r ogs\u00e5 \u00e5 inkludere personopplysninger i tekniske logger.<\/p>\n\n\n\n<p><strong>Form\u00e5l<\/strong><br>Korrigerende vedlikehold, feildiagnostisering og forbedring av appens p\u00e5litelighet og sikkerhet.<\/p>\n\n\n\n<p><strong>Juridisk grunnlag<\/strong><br>V\u00e5rt juridiske grunnlag er v\u00e5r <strong>berettiget interesse<\/strong> for \u00e5 sikre at appen fungerer som den skal og er sikker.<\/p>\n\n\n\n<p><strong>Mottakere<\/strong><br>Dataene er kun tilgjengelige for autorisert personell (tekniske team) og behandles av <strong>Google\/Firebase<\/strong> som tjenesteleverand\u00f8r.<\/p>\n\n\n\n<p><strong>Internasjonale overf\u00f8ringer<\/strong><br>Data kan behandles av Google\/Firebase, inkludert p\u00e5 infrastruktur utenfor EU, i samsvar med de kontraktsmessige mekanismene og sikkerhetstiltakene som er innf\u00f8rt av Google\/Firebase.<\/p>\n\n\n\n<p><strong>Oppbevaring<\/strong><br>Ulykkesrapporter oppbevares i <strong>12 m\u00e5neder<\/strong>, og deretter slettes eller anonymiseres, med mindre en juridisk forpliktelse krever noe annet.<\/p>\n\n\n\n<p><strong>Dine rettigheter<\/strong><br>Du har rett til innsyn, retting, sletting, begrensning og innsigelse, i henhold til gjeldende lovgivning.<br>For \u00e5 ut\u00f8ve dine rettigheter, kontakt oss p\u00e5 <strong><a href=\"mailto:contact@grumblydaddy.com\">contact@grumblydaddy.com<\/a><\/strong>.<\/p>","protected":false},"excerpt":{"rendered":"<p>We use Firebase Crashlytics (Google) to detect and diagnose crashes, fix issues, and improve the stability of the GrumblyDaddy app. Data processedWhen a crash occurs, Crashlytics may collect and send us: Data we do not intentionally collectWe do not seek to collect, via Crashlytics, data that directly identifies you (e.g., name, email address, phone number) [&hellip;]<\/p>\n","protected":false},"author":1,"featured_media":0,"parent":0,"menu_order":4,"comment_status":"closed","ping_status":"closed","template":"","meta":{"footnotes":""},"class_list":["post-90","page","type-page","status-publish","hentry"],"_links":{"self":[{"href":"https:\/\/grumblydaddy.com\/nb\/wp-json\/wp\/v2\/pages\/90","targetHints":{"allow":["GET"]}}],"collection":[{"href":"https:\/\/grumblydaddy.com\/nb\/wp-json\/wp\/v2\/pages"}],"about":[{"href":"https:\/\/grumblydaddy.com\/nb\/wp-json\/wp\/v2\/types\/page"}],"author":[{"embeddable":true,"href":"https:\/\/grumblydaddy.com\/nb\/wp-json\/wp\/v2\/users\/1"}],"replies":[{"embeddable":true,"href":"https:\/\/grumblydaddy.com\/nb\/wp-json\/wp\/v2\/comments?post=90"}],"version-history":[{"count":1,"href":"https:\/\/grumblydaddy.com\/nb\/wp-json\/wp\/v2\/pages\/90\/revisions"}],"predecessor-version":[{"id":91,"href":"https:\/\/grumblydaddy.com\/nb\/wp-json\/wp\/v2\/pages\/90\/revisions\/91"}],"wp:attachment":[{"href":"https:\/\/grumblydaddy.com\/nb\/wp-json\/wp\/v2\/media?parent=90"}],"curies":[{"name":"wp","href":"https:\/\/api.w.org\/{rel}","templated":true}]}}