{"id":48,"date":"2026-01-10T15:51:37","date_gmt":"2026-01-10T15:51:37","guid":{"rendered":"https:\/\/grumblydaddy.com\/?page_id=48"},"modified":"2026-04-14T22:57:29","modified_gmt":"2026-04-14T21:57:29","slug":"the-grumblydaddy-game","status":"publish","type":"page","link":"https:\/\/grumblydaddy.com\/nb\/","title":{"rendered":"GrumblyDaddy-matespillet for barn"},"content":{"rendered":"<p class=\"is-style-text-subtitle has-x-large-font-size is-style-text-subtitle--1\"><strong>La oss ha det g\u00f8y med aritmetikk!<\/strong><\/p>\n\n\n\n<div style=\"height:40px\" aria-hidden=\"true\" class=\"wp-block-spacer\"><\/div>\n\n\n\n<p>La barna l\u00e6re de fire grunnleggende operasjonene p\u00e5 en morsom m\u00e5te.<br>GrumblyDaddy hjelper barneskolebarn med \u00e5 \u00f8ve p\u00e5 addisjon, subtraksjon, multiplikasjon og divisjon.<\/p>\n\n\n\n<p>Svar riktig for \u00e5 gj\u00f8re pappa bj\u00f8rn lykkeligere og lykkeligere. Hvis du gj\u00f8r feil, blir han gretten ... men du kan kile ham p\u00e5 nesen for \u00e5 roe ham ned og se hva som skjer.<\/p>\n\n\n\n<p>GrumblyDaddy er en pedagogisk app for barn i alderen 5 til 10 \u00e5r.<\/p>\n\n\n\n<p>Sammen med pappa bj\u00f8rn og de seks s\u00f8nnene hans kan barna \u00f8ve seg:<\/p>\n\n\n\n<ul class=\"wp-block-list\">\n<li>tillegg<\/li>\n\n\n\n<li>subtraksjon<\/li>\n\n\n\n<li>multiplikasjon<\/li>\n\n\n\n<li>divisjon<\/li>\n<\/ul>\n\n\n\n<p><\/p>\n\n\n\n<p>Hvorfor barn liker GrumblyDaddy:<\/p>\n\n\n\n<ul class=\"wp-block-list\">\n<li>enkel og leken matte\u00f8velse<\/li>\n\n\n\n<li>en morsom og uttrykksfull bj\u00f8rnefigur<\/li>\n\n\n\n<li>l\u00e6ring tilpasset barn i grunnskolen<\/li>\n\n\n\n<li>en morsom m\u00e5te \u00e5 \u00f8ve p\u00e5 regning p\u00e5<\/li>\n\n\n\n<li>gradvis oppdagelse av de 4 grunnleggende operasjonene<\/li>\n<\/ul>\n\n\n\n<p><\/p>\n\n\n\n<p>Hvorfor foreldre liker det:<\/p>\n\n\n\n<ul class=\"wp-block-list\">\n<li>barna \u00f8ver p\u00e5 viktige regneferdigheter<\/li>\n\n\n\n<li>l\u00e6ring skjer gjennom lek<\/li>\n\n\n\n<li>det humoristiske universet bidrar til \u00e5 holde p\u00e5 oppmerksomheten<\/li>\n\n\n\n<li>egnet for unge elever<\/li>\n<\/ul>\n\n\n\n<p><\/p>\n\n\n\n<p>GrumblyDaddy er ideelt for barn som begynner \u00e5 regne eller som \u00f8nsker \u00e5 styrke de grunnleggende matteferdighetene sine.<\/p>\n\n\n\n<p><\/p>\n\n\n\n<p>Spillet kommer i en gratis versjon, begrenset til bord 1, 2 og 3, som du kan finne <a href=\"https:\/\/play.google.com\/store\/apps\/details?id=com.applisphones.bearoperations2\" target=\"_blank\" rel=\"noreferrer noopener\">her<\/a> i Google Play Store. Den har et Premium-alternativ som l\u00e5ser opp alle bordene. Pr\u00f8v det for \u00e5 f\u00e5 spillets utseende og preg!<\/p>\n\n\n\n<div style=\"height:40px\" aria-hidden=\"true\" class=\"wp-block-spacer\"><\/div>\n\n\n\n<h1 class=\"wp-block-heading\">Detaljer<\/h1>\n\n\n\n<h2 class=\"wp-block-heading\">Hovedskjermen<\/h2>\n\n\n\n<p>P\u00e5 hovedskjermen ser vi en bj\u00f8rnepappa som har oppsyn med sine seks s\u00f8nner som pr\u00f8ver \u00e5 finne de riktige svarene p\u00e5 sp\u00f8rsm\u00e5l om addisjon, subtraksjon, multiplikasjon og divisjon.<\/p>\n\n\n\n<figure class=\"wp-block-image size-full\"><img loading=\"lazy\" decoding=\"async\" width=\"480\" height=\"800\" src=\"https:\/\/grumblydaddy.com\/wp-content\/uploads\/2026\/01\/Screenshot_20251202_222212.png\" alt=\"Hovedskjermbildet i mattespillet GrumblyDaddy for barn.\" class=\"wp-image-43\" srcset=\"https:\/\/grumblydaddy.com\/wp-content\/uploads\/2026\/01\/Screenshot_20251202_222212.png 480w, https:\/\/grumblydaddy.com\/wp-content\/uploads\/2026\/01\/Screenshot_20251202_222212-180x300.png 180w\" sizes=\"auto, (max-width: 480px) 100vw, 480px\" \/><\/figure>\n\n\n\n<p>Hvis de svarer riktig, blir pappa bj\u00f8rn lykkeligere og lykkeligere.<\/p>\n\n\n\n<p>Hvis de ikke gj\u00f8r det, blir bj\u00f8rnepappa sintere og sintere. Men for \u00e5 roe ham ned, kan du kile ham p\u00e5 nesen. Gj\u00f8r det, og se hva som skjer!<\/p>\n\n\n\n<p>Du kan ta en pause n\u00e5r som helst.<\/p>\n\n\n\n<p>Du kan velge en vanskelighetsgrad blant Easy, Medium og Difficult.<\/p>\n\n\n\n<p>GrumblyDaddy-appen har som m\u00e5l \u00e5 gj\u00f8re regning humoristisk og engasjerende. Barna identifiserer seg med bj\u00f8rnungene i appen. Ungene elsker \u00e5 bli passet p\u00e5 av pappa bj\u00f8rn, og \u00e5 kunne roe ham ned ved \u00e5 kile ham p\u00e5 nesen n\u00e5r han blir sint. Og n\u00e5r en av ungene gj\u00f8r en feil, liker de andre \u00e5 gj\u00f8re narr av ham.<\/p>\n\n\n\n<div style=\"height:40px\" aria-hidden=\"true\" class=\"wp-block-spacer\"><\/div>\n\n\n\n<h2 class=\"wp-block-heading\">Statistikkskjermen<\/h2>\n\n\n\n<p>Det finnes et statistikkskjermbilde som viser hvilke sp\u00f8rsm\u00e5l som ble besvart riktig, og hvilke som kan forbedres.<\/p>\n\n\n\n<figure class=\"wp-block-image size-full\"><img loading=\"lazy\" decoding=\"async\" width=\"480\" height=\"800\" src=\"https:\/\/grumblydaddy.com\/wp-content\/uploads\/2026\/01\/Screenshot_20251202_220243-1.png\" alt=\"Matematikkstatistikk og poengoversikt\" class=\"wp-image-50\" srcset=\"https:\/\/grumblydaddy.com\/wp-content\/uploads\/2026\/01\/Screenshot_20251202_220243-1.png 480w, https:\/\/grumblydaddy.com\/wp-content\/uploads\/2026\/01\/Screenshot_20251202_220243-1-180x300.png 180w\" sizes=\"auto, (max-width: 480px) 100vw, 480px\" \/><\/figure>\n\n\n\n<div style=\"height:40px\" aria-hidden=\"true\" class=\"wp-block-spacer\"><\/div>\n\n\n\n<h2 class=\"wp-block-heading\">Skjermbildet for alternativer<\/h2>\n\n\n\n<p>Det finnes ogs\u00e5 et skjermbilde der du kan velge hvilke tabeller du \u00f8nsker \u00e5 \u00f8ve p\u00e5.<\/p>\n\n\n\n<figure class=\"wp-block-image size-full\"><img loading=\"lazy\" decoding=\"async\" width=\"480\" height=\"800\" src=\"https:\/\/grumblydaddy.com\/wp-content\/uploads\/2026\/01\/Screenshot_20251202_220306-1.png\" alt=\"\" class=\"wp-image-51\" srcset=\"https:\/\/grumblydaddy.com\/wp-content\/uploads\/2026\/01\/Screenshot_20251202_220306-1.png 480w, https:\/\/grumblydaddy.com\/wp-content\/uploads\/2026\/01\/Screenshot_20251202_220306-1-180x300.png 180w\" sizes=\"auto, (max-width: 480px) 100vw, 480px\" \/><\/figure>\n\n\n\n<div style=\"height:40px\" aria-hidden=\"true\" class=\"wp-block-spacer\"><\/div>\n\n\n\n<h2 class=\"wp-block-heading\">Revisjonsskjermen<\/h2>\n\n\n\n<p>Det finnes ogs\u00e5 en repetisjonsskjerm for \u00e5 l\u00e6re eller gjennomg\u00e5 tabellene.<\/p>\n\n\n\n<figure class=\"wp-block-image size-full\"><img loading=\"lazy\" decoding=\"async\" width=\"480\" height=\"800\" src=\"https:\/\/grumblydaddy.com\/wp-content\/uploads\/2026\/01\/Screenshot_20251202_220325-1.png\" alt=\"\" class=\"wp-image-52\" srcset=\"https:\/\/grumblydaddy.com\/wp-content\/uploads\/2026\/01\/Screenshot_20251202_220325-1.png 480w, https:\/\/grumblydaddy.com\/wp-content\/uploads\/2026\/01\/Screenshot_20251202_220325-1-180x300.png 180w\" sizes=\"auto, (max-width: 480px) 100vw, 480px\" \/><\/figure>\n\n\n\n<div style=\"height:40px\" aria-hidden=\"true\" class=\"wp-block-spacer\"><\/div>\n\n\n\n<h2 class=\"wp-block-heading\">Video-demo<\/h2>\n\n\n\n<p class=\"has-large-font-size\">Du kan se <a href=\"https:\/\/youtu.be\/FvbKwQSI-vU\" target=\"_blank\" rel=\"noopener\">en rask videotur i denne appen.<\/a><\/p>\n\n\n\n<p><\/p>\n\n\n\n<p>God drift!<\/p>\n\n\n\n<div style=\"height:100px\" aria-hidden=\"true\" class=\"wp-block-spacer\"><\/div>\n\n\n\n<p><\/p>\n\n\n\n<p class=\"has-medium-font-size\" style=\"margin-top:0;margin-right:0;margin-bottom:0;margin-left:0\"><a href=\"https:\/\/grumblydaddy.com\/nb\/the-games-privacy-policy\/\" data-type=\"page\" data-id=\"62\">Appens retningslinjer for personvern<\/a><\/p>\n\n\n\n<p class=\"has-medium-font-size\" style=\"margin-top:0;margin-bottom:0\"><a href=\"https:\/\/grumblydaddy.com\/nb\/end-user-licence-agreement-eula\/\" data-type=\"page\" data-id=\"74\">Appens lisensavtale for sluttbrukere (EULA)<\/a><\/p>\n\n\n\n<p class=\"has-medium-font-size\" style=\"margin-top:0;margin-right:0;margin-bottom:0;margin-left:0;padding-top:0;padding-bottom:0\"><a href=\"https:\/\/grumblydaddy.com\/nb\/dette-nettstedets-personvernerklaering\/\" data-type=\"page\" data-id=\"64\">Personvernerkl\u00e6ring for dette nettstedet<\/a><\/p>\n\n\n\n<p class=\"has-medium-font-size\" style=\"margin-top:0;margin-bottom:0\"><a href=\"https:\/\/grumblydaddy.com\/nb\/crash-reporting-stability-firebase-crashlytics\/\" data-type=\"page\" data-id=\"90\">Rapportering av krasj<\/a><\/p>\n\n\n\n<p class=\"has-medium-font-size\" style=\"margin-top:0;margin-bottom:0\">Kontakt: contact@grumblydaddy.com<\/p>","protected":false},"excerpt":{"rendered":"<p>Let\u2019s have fun with arithmetic! Let kids learn the four basic operations in a funny way.GrumblyDaddy helps primary school children practice addition, subtraction, multiplication and division. Answer correctly to make daddy bear happier and happier. If you make mistakes, he gets grumpy\u2026 but you can tickle his nose to calm him down and see what [&hellip;]<\/p>\n","protected":false},"author":1,"featured_media":112,"parent":0,"menu_order":0,"comment_status":"closed","ping_status":"closed","template":"","meta":{"footnotes":""},"class_list":["post-48","page","type-page","status-publish","has-post-thumbnail","hentry"],"_links":{"self":[{"href":"https:\/\/grumblydaddy.com\/nb\/wp-json\/wp\/v2\/pages\/48","targetHints":{"allow":["GET"]}}],"collection":[{"href":"https:\/\/grumblydaddy.com\/nb\/wp-json\/wp\/v2\/pages"}],"about":[{"href":"https:\/\/grumblydaddy.com\/nb\/wp-json\/wp\/v2\/types\/page"}],"author":[{"embeddable":true,"href":"https:\/\/grumblydaddy.com\/nb\/wp-json\/wp\/v2\/users\/1"}],"replies":[{"embeddable":true,"href":"https:\/\/grumblydaddy.com\/nb\/wp-json\/wp\/v2\/comments?post=48"}],"version-history":[{"count":51,"href":"https:\/\/grumblydaddy.com\/nb\/wp-json\/wp\/v2\/pages\/48\/revisions"}],"predecessor-version":[{"id":203,"href":"https:\/\/grumblydaddy.com\/nb\/wp-json\/wp\/v2\/pages\/48\/revisions\/203"}],"wp:featuredmedia":[{"embeddable":true,"href":"https:\/\/grumblydaddy.com\/nb\/wp-json\/wp\/v2\/media\/112"}],"wp:attachment":[{"href":"https:\/\/grumblydaddy.com\/nb\/wp-json\/wp\/v2\/media?parent=48"}],"curies":[{"name":"wp","href":"https:\/\/api.w.org\/{rel}","templated":true}]}}