{"id":74,"date":"2026-01-19T18:06:46","date_gmt":"2026-01-19T18:06:46","guid":{"rendered":"https:\/\/grumblydaddy.com\/?page_id=74"},"modified":"2026-03-22T21:27:48","modified_gmt":"2026-03-22T20:27:48","slug":"end-user-licence-agreement-eula","status":"publish","type":"page","link":"https:\/\/grumblydaddy.com\/it\/end-user-licence-agreement-eula\/","title":{"rendered":"Contratto di licenza con l'utente finale (EULA)"},"content":{"rendered":"<h3 class=\"wp-block-heading\"><strong>LIMITAZIONE DI RESPONSABILIT\u00c0 PER I VIDEOGIOCHI DIDATTICI<\/strong><\/h3>\n\n\n\n<p>QUESTO VIDEOGIOCO VIENE FORNITO \u201cCOS\u00cc COM'\u00c8\u201d E \u201cCOME DISPONIBILE\u201d SOLO A SCOPO DI INTRATTENIMENTO E DI EDUCAZIONE GENERALE. PUR CONTENENDO CONTENUTI EDUCATIVI, NON \u00c8 DESTINATO A SOSTITUIRE L'ISTRUZIONE FORMALE, LA FORMAZIONE PROFESSIONALE O LA CONSULENZA DI ESPERTI.<\/p>\n\n\n\n<p>NELLA MISURA MASSIMA CONSENTITA DALLA LEGGE, LO SVILUPPATORE, IL DISTRIBUTORE E LE PARTI AFFILIATE NON FORNISCONO ALCUNA GARANZIA, ESPLICITA O IMPLICITA, IN MERITO ALL'ACCURATEZZA, ALLA COMPLETEZZA O ALL'AFFIDABILIT\u00c0 DELLE INFORMAZIONI PRESENTATE NEL GIOCO. GLI UTENTI DEVONO VERIFICARE QUALSIASI INFORMAZIONE DA FONTI AFFIDABILI PRIMA DI AFFIDARSI AD ESSA PER DECISIONI ACCADEMICHE, PROFESSIONALI O PERSONALI.<\/p>\n\n\n\n<p>IN NESSUN CASO LO SVILUPPATORE, IL DISTRIBUTORE O LE PARTI AFFILIATE SARANNO RESPONSABILI DI EVENTUALI DANNI INDIRETTI, INCIDENTALI, CONSEQUENZIALI, SPECIALI O ESEMPLARI DERIVANTI DALL'USO O DALL'ERRATA INTERPRETAZIONE DEL CONTENUTO DEL GIOCO. CI\u00d2 INCLUDE, MA NON SI LIMITA A, RISULTATI ACCADEMICI, INFORMAZIONI ERRATE, PERDITE FINANZIARIE O QUALSIASI DECISIONE BASATA SULLE INFORMAZIONI DEL GIOCO.<\/p>\n\n\n\n<p>NELLE GIURISDIZIONI IN CUI LE LIMITAZIONI DI RESPONSABILIT\u00c0 SONO LIMITATE (INCLUSA LA CALIFORNIA), LA RESPONSABILIT\u00c0 SAR\u00c0 LIMITATA NELLA MISURA MASSIMA CONSENTITA DALLA LEGGE. IN OGNI CASO, LA RESPONSABILIT\u00c0 TOTALE DELLO SVILUPPATORE O DEL DISTRIBUTORE NON SUPERER\u00c0 L'IMPORTO PAGATO PER IL GIOCO.<\/p>\n\n\n\n<p>GIOCANDO A QUESTO GIOCO, L'UTENTE DICHIARA DI AVER COMPRESO E ACCETTATO QUESTE LIMITAZIONI DI RESPONSABILIT\u00c0.<\/p>\n\n\n\n<p>QUESTO GIOCO PRESENTA UN PAP\u00c0 ORSO CHE OFFRE UN REGALO AI SUOI FIGLI QUANDO QUESTI DANNO LE RISPOSTE GIUSTE AL LORO PAP\u00c0. QUESTO \u00c8 SIMBOLICO E NON DEVE ESSERE INTERPRETATO COME UN REGALO DEL GIOCO ALL'UTENTE.<\/p>\n\n\n\n<p><\/p>\n\n\n\n<p><\/p>\n\n\n\n<p class=\"has-medium-font-size\">Il nostro indirizzo e-mail: contact@grumblydaddy.com<\/p>","protected":false},"excerpt":{"rendered":"<p>LIMITATION OF LIABILITY FOR EDUCATIONAL VIDEO GAMES THIS VIDEO GAME IS PROVIDED &#8220;AS IS&#8221; AND &#8220;AS AVAILABLE&#8221; FOR ENTERTAINMENT AND GENERAL EDUCATIONAL PURPOSES ONLY. WHILE IT MAY CONTAIN EDUCATIONAL CONTENT, IT IS NOT INTENDED TO REPLACE FORMAL EDUCATION, PROFESSIONAL TRAINING, OR EXPERT ADVICE. TO THE MAXIMUM EXTENT PERMITTED BY LAW, THE DEVELOPER, DISTRIBUTOR, AND ANY [&hellip;]<\/p>\n","protected":false},"author":1,"featured_media":0,"parent":0,"menu_order":3,"comment_status":"closed","ping_status":"closed","template":"","meta":{"footnotes":""},"class_list":["post-74","page","type-page","status-publish","hentry"],"_links":{"self":[{"href":"https:\/\/grumblydaddy.com\/it\/wp-json\/wp\/v2\/pages\/74","targetHints":{"allow":["GET"]}}],"collection":[{"href":"https:\/\/grumblydaddy.com\/it\/wp-json\/wp\/v2\/pages"}],"about":[{"href":"https:\/\/grumblydaddy.com\/it\/wp-json\/wp\/v2\/types\/page"}],"author":[{"embeddable":true,"href":"https:\/\/grumblydaddy.com\/it\/wp-json\/wp\/v2\/users\/1"}],"replies":[{"embeddable":true,"href":"https:\/\/grumblydaddy.com\/it\/wp-json\/wp\/v2\/comments?post=74"}],"version-history":[{"count":4,"href":"https:\/\/grumblydaddy.com\/it\/wp-json\/wp\/v2\/pages\/74\/revisions"}],"predecessor-version":[{"id":87,"href":"https:\/\/grumblydaddy.com\/it\/wp-json\/wp\/v2\/pages\/74\/revisions\/87"}],"wp:attachment":[{"href":"https:\/\/grumblydaddy.com\/it\/wp-json\/wp\/v2\/media?parent=74"}],"curies":[{"name":"wp","href":"https:\/\/api.w.org\/{rel}","templated":true}]}}