{"id":90,"date":"2026-03-03T19:58:52","date_gmt":"2026-03-03T19:58:52","guid":{"rendered":"https:\/\/grumblydaddy.com\/?page_id=90"},"modified":"2026-03-22T21:29:05","modified_gmt":"2026-03-22T20:29:05","slug":"crash-reporting-stability-firebase-crashlytics","status":"publish","type":"page","link":"https:\/\/grumblydaddy.com\/hu\/crash-reporting-stability-firebase-crashlytics\/","title":{"rendered":"\u00dctk\u00f6z\u00e9sjelent\u00e9s (stabilit\u00e1s) - Firebase Crashlytics"},"content":{"rendered":"<p>Haszn\u00e1ljuk <strong>Firebase Crashlytics<\/strong> (Google) a <strong>felismeri \u00e9s diagnosztiz\u00e1lja az \u00f6sszeoml\u00e1sokat<\/strong>, jav\u00edtsa a probl\u00e9m\u00e1kat, \u00e9s <strong>jav\u00edtja a stabilit\u00e1st<\/strong> a <strong>GrumblyDaddy<\/strong> app.<\/p>\n\n\n\n<p><strong>Feldolgozott adatok<\/strong><br>Amikor baleset t\u00f6rt\u00e9nik, a Crashlytics \u00f6sszegy\u0171jtheti \u00e9s elk\u00fcldheti nek\u00fcnk:<\/p>\n\n\n\n<ul class=\"wp-block-list\">\n<li>az \u00f6sszeoml\u00e1ssal kapcsolatos inform\u00e1ci\u00f3k (pl. az \u00f6sszeoml\u00e1s nyomvonala\/stack trace, az \u00f6sszeoml\u00e1s id\u0151pontja, technikai kontextus);<\/li>\n\n\n\n<li>a k\u00e9sz\u00fcl\u00e9kre \u00e9s az alkalmaz\u00e1sra vonatkoz\u00f3 technikai inform\u00e1ci\u00f3k (pl. k\u00e9sz\u00fcl\u00e9kmodell, Android-verzi\u00f3, nyelv\/lok\u00e1lis nyelv, alkalmaz\u00e1sverzi\u00f3);<\/li>\n\n\n\n<li>a <strong>\u00e1lneves azonos\u00edt\u00f3<\/strong> a telep\u00edt\u00e9shez kapcsol\u00f3dik: be\u00e1ll\u00edtunk egy Crashlytics <code>userId<\/code> egy <strong>v\u00e9letlenszer\u0171 UUID gener\u00e1lva a telep\u00edt\u00e9skor<\/strong>, akkor <strong>hashed<\/strong>. Ez az azonos\u00edt\u00f3 nem egy hirdet\u00e9si azonos\u00edt\u00f3b\u00f3l vagy egy eszk\u00f6zazonos\u00edt\u00f3b\u00f3l sz\u00e1rmazik.<\/li>\n<\/ul>\n\n\n\n<p><strong>Sz\u00e1nd\u00e9kosan nem gy\u0171jt\u00f6tt adatok<\/strong><br>A Crashlytics seg\u00edts\u00e9g\u00e9vel nem k\u00edv\u00e1nunk olyan adatokat gy\u0171jteni, amelyek k\u00f6zvetlen\u00fcl azonos\u00edtj\u00e1k \u00d6nt (pl. n\u00e9v, e-mail c\u00edm, telefonsz\u00e1m) vagy \u00e9rz\u00e9keny adatokat. Ker\u00fclj\u00fck tov\u00e1bb\u00e1 a szem\u00e9lyes adatok technikai napl\u00f3kba val\u00f3 felv\u00e9tel\u00e9t.<\/p>\n\n\n\n<p><strong>C\u00e9l<\/strong><br>Jav\u00edt\u00f3 karbantart\u00e1s, hibadiagnosztika, valamint az alkalmaz\u00e1s megb\u00edzhat\u00f3s\u00e1g\u00e1nak \u00e9s biztons\u00e1g\u00e1nak jav\u00edt\u00e1sa.<\/p>\n\n\n\n<p><strong>Jogalap<\/strong><br>Jogalapunk a mi <strong>jogos \u00e9rdek<\/strong> az alkalmaz\u00e1s megfelel\u0151 m\u0171k\u00f6d\u00e9s\u00e9nek \u00e9s biztons\u00e1g\u00e1nak biztos\u00edt\u00e1s\u00e1ban.<\/p>\n\n\n\n<p><strong>C\u00edmzettek<\/strong><br>Az adatokhoz csak az arra felhatalmazott szem\u00e9lyzet (m\u0171szaki csoportok) f\u00e9rhetnek hozz\u00e1, \u00e9s azokat a k\u00f6vetkez\u0151k dolgozz\u00e1k fel <strong>Google\/Firebase<\/strong> mint szolg\u00e1ltat\u00f3.<\/p>\n\n\n\n<p><strong>Nemzetk\u00f6zi transzferek<\/strong><br>Az adatokat a Google\/Firebase feldolgozhatja, bele\u00e9rtve az Eur\u00f3pai Uni\u00f3n k\u00edv\u00fcli infrastrukt\u00far\u00e1t is, a Google\/Firebase \u00e1ltal bevezetett szerz\u0151d\u00e9ses mechanizmusokkal \u00e9s biztos\u00edt\u00e9kokkal \u00f6sszhangban.<\/p>\n\n\n\n<p><strong>Megtart\u00e1s<\/strong><br>A baleseti jelent\u00e9seket a k\u00f6vetkez\u0151kig \u0151rzik meg <strong>12 h\u00f3nap<\/strong>, majd t\u00f6rlik vagy anonimiz\u00e1lj\u00e1k, kiv\u00e9ve, ha jogi k\u00f6telezetts\u00e9g m\u00e1sk\u00e9nt nem rendelkezik.<\/p>\n\n\n\n<p><strong>Az \u00d6n jogai<\/strong><br>Az alkalmazand\u00f3 jogszab\u00e1lyokt\u00f3l f\u00fcgg\u0151en joga van a hozz\u00e1f\u00e9r\u00e9shez, a helyesb\u00edt\u00e9shez, a t\u00f6rl\u00e9shez, a korl\u00e1toz\u00e1shoz \u00e9s a tiltakoz\u00e1shoz.<br>Jogai gyakorl\u00e1s\u00e1hoz l\u00e9pjen kapcsolatba vel\u00fcnk a k\u00f6vetkez\u0151 c\u00edmen: <strong><a href=\"mailto:contact@grumblydaddy.com\">contact@grumblydaddy.com<\/a><\/strong>.<\/p>","protected":false},"excerpt":{"rendered":"<p>We use Firebase Crashlytics (Google) to detect and diagnose crashes, fix issues, and improve the stability of the GrumblyDaddy app. Data processedWhen a crash occurs, Crashlytics may collect and send us: Data we do not intentionally collectWe do not seek to collect, via Crashlytics, data that directly identifies you (e.g., name, email address, phone number) [&hellip;]<\/p>\n","protected":false},"author":1,"featured_media":0,"parent":0,"menu_order":4,"comment_status":"closed","ping_status":"closed","template":"","meta":{"footnotes":""},"class_list":["post-90","page","type-page","status-publish","hentry"],"_links":{"self":[{"href":"https:\/\/grumblydaddy.com\/hu\/wp-json\/wp\/v2\/pages\/90","targetHints":{"allow":["GET"]}}],"collection":[{"href":"https:\/\/grumblydaddy.com\/hu\/wp-json\/wp\/v2\/pages"}],"about":[{"href":"https:\/\/grumblydaddy.com\/hu\/wp-json\/wp\/v2\/types\/page"}],"author":[{"embeddable":true,"href":"https:\/\/grumblydaddy.com\/hu\/wp-json\/wp\/v2\/users\/1"}],"replies":[{"embeddable":true,"href":"https:\/\/grumblydaddy.com\/hu\/wp-json\/wp\/v2\/comments?post=90"}],"version-history":[{"count":1,"href":"https:\/\/grumblydaddy.com\/hu\/wp-json\/wp\/v2\/pages\/90\/revisions"}],"predecessor-version":[{"id":91,"href":"https:\/\/grumblydaddy.com\/hu\/wp-json\/wp\/v2\/pages\/90\/revisions\/91"}],"wp:attachment":[{"href":"https:\/\/grumblydaddy.com\/hu\/wp-json\/wp\/v2\/media?parent=90"}],"curies":[{"name":"wp","href":"https:\/\/api.w.org\/{rel}","templated":true}]}}