{"id":74,"date":"2026-01-19T18:06:46","date_gmt":"2026-01-19T18:06:46","guid":{"rendered":"https:\/\/grumblydaddy.com\/?page_id=74"},"modified":"2026-03-22T21:27:48","modified_gmt":"2026-03-22T20:27:48","slug":"end-user-licence-agreement-eula","status":"publish","type":"page","link":"https:\/\/grumblydaddy.com\/hu\/end-user-licence-agreement-eula\/","title":{"rendered":"V\u00e9gfelhaszn\u00e1l\u00f3i licencszerz\u0151d\u00e9s (EULA)"},"content":{"rendered":"<h3 class=\"wp-block-heading\"><strong>AZ OKTAT\u00c1SI C\u00c9L\u00da VIDEOJ\u00c1T\u00c9KOKRA VONATKOZ\u00d3 FELEL\u0150SS\u00c9G KORL\u00c1TOZ\u00c1SA<\/strong><\/h3>\n\n\n\n<p>EZ A VIDEOJ\u00c1T\u00c9K KIZ\u00c1R\u00d3LAG SZ\u00d3RAKOZTAT\u00c1SI \u00c9S \u00c1LTAL\u00c1NOS OKTAT\u00c1SI C\u00c9LLAL, \u201cAHOGY VAN\u201d \u00c9S \u201cAHOGY RENDELKEZ\u00c9SRE \u00c1LL\u201d KER\u00dcL RENDELKEZ\u00c9SRE BOCS\u00c1T\u00c1SRA. B\u00c1R OKTAT\u00c1SI TARTALMAT TARTALMAZHAT, NEM C\u00c9LJA, HOGY HELYETTES\u00cdTSE A FORM\u00c1LIS OKTAT\u00c1ST, A SZAKMAI K\u00c9PZ\u00c9ST VAGY A SZAK\u00c9RT\u0150I TAN\u00c1CSAD\u00c1ST.<\/p>\n\n\n\n<p>A T\u00d6RV\u00c9NY \u00c1LTAL MEGENGEDETT LEGNAGYOBB M\u00c9RT\u00c9KBEN A FEJLESZT\u0150, A FORGALMAZ\u00d3 \u00c9S A KAPCSOLT FELEK NEM V\u00c1LLALNAK SEMMILYEN KIFEJEZETT VAGY HALLGAT\u00d3LAGOS GARANCI\u00c1T A J\u00c1T\u00c9KBAN BEMUTATOTT INFORM\u00c1CI\u00d3K PONTOSS\u00c1G\u00c1RA, TELJESS\u00c9G\u00c9RE VAGY MEGB\u00cdZHAT\u00d3S\u00c1G\u00c1RA VONATKOZ\u00d3AN. A FELHASZN\u00c1L\u00d3KNAK MINDEN INFORM\u00c1CI\u00d3T MEGB\u00cdZHAT\u00d3 FORR\u00c1SB\u00d3L KELL ELLEN\u0150RIZNI\u00dcK, MIEL\u0150TT TUDOM\u00c1NYOS, SZAKMAI VAGY SZEM\u00c9LYES D\u00d6NT\u00c9SEIK SOR\u00c1N T\u00c1MASZKODN\u00c1NAK R\u00c1.<\/p>\n\n\n\n<p>A FEJLESZT\u0150, A FORGALMAZ\u00d3 VAGY A KAPCSOLT FELEK SEMMILYEN K\u00d6R\u00dcLM\u00c9NYEK K\u00d6Z\u00d6TT NEM V\u00c1LLALNAK FELEL\u0150SS\u00c9GET A J\u00c1T\u00c9K TARTALM\u00c1NAK HASZN\u00c1LAT\u00c1B\u00d3L VAGY T\u00c9VES \u00c9RTELMEZ\u00c9S\u00c9B\u0150L ERED\u0150 K\u00d6ZVETETT, V\u00c9LETLEN, K\u00d6VETKEZM\u00c9NYES, K\u00dcL\u00d6NLEGES VAGY P\u00c9LDAMUTAT\u00d3 K\u00c1ROK\u00c9RT. EZ MAG\u00c1BAN FOGLALJA, DE NEM KIZ\u00c1R\u00d3LAGOSAN, A TANULM\u00c1NYI EREDM\u00c9NYEKET, A T\u00c9VES INFORM\u00c1CI\u00d3KAT, A P\u00c9NZ\u00dcGYI VESZTES\u00c9GET VAGY A J\u00c1T\u00c9KBAN TAL\u00c1LHAT\u00d3 INFORM\u00c1CI\u00d3KON ALAPUL\u00d3 B\u00c1RMILYEN D\u00d6NT\u00c9ST.<\/p>\n\n\n\n<p>AZOKBAN A JOGHAT\u00d3S\u00c1GOKBAN, AHOL A FELEL\u0150SS\u00c9G KORL\u00c1TOZ\u00c1SA KORL\u00c1TOZOTT (BELE\u00c9RTVE KALIFORNI\u00c1T), A FELEL\u0150SS\u00c9G A T\u00d6RV\u00c9NY \u00c1LTAL MEGENGEDETT LEGNAGYOBB M\u00c9RT\u00c9KBEN KORL\u00c1TOZ\u00d3DIK. A FEJLESZT\u0150 VAGY FORGALMAZ\u00d3 TELJES FELEL\u0150SS\u00c9GE SEMMILYEN ESETBEN SEM HALADHATJA MEG A J\u00c1T\u00c9K\u00c9RT KIFIZETETT \u00d6SSZEGET.<\/p>\n\n\n\n<p>A J\u00c1T\u00c9KKAL VAL\u00d3 J\u00c1T\u00c9KKAL \u00d6N ELISMERI, HOGY MEG\u00c9RTETTE \u00c9S ELFOGADJA EZEKET A FELEL\u0150SS\u00c9GKORL\u00c1TOZ\u00c1SOKAT.<\/p>\n\n\n\n<p>EBBEN A J\u00c1T\u00c9KBAN EGY MEDVEPAPA SZEREPEL, AKI AJ\u00c1ND\u00c9KOT AD A FIAINAK, HA AZOK HELYES V\u00c1LASZOKAT ADNAK AZ APUK\u00c1JUKNAK. EZ SZIMBOLIKUS, \u00c9S NEM \u00daGY \u00c9RTELMEZEND\u0150, HOGY A J\u00c1T\u00c9K AJ\u00c1ND\u00c9KOT AD A FELHASZN\u00c1L\u00d3NAK.<\/p>\n\n\n\n<p><\/p>\n\n\n\n<p><\/p>\n\n\n\n<p class=\"has-medium-font-size\">E-mail c\u00edm\u00fcnk : contact@grumblydaddy.com<\/p>","protected":false},"excerpt":{"rendered":"<p>LIMITATION OF LIABILITY FOR EDUCATIONAL VIDEO GAMES THIS VIDEO GAME IS PROVIDED &#8220;AS IS&#8221; AND &#8220;AS AVAILABLE&#8221; FOR ENTERTAINMENT AND GENERAL EDUCATIONAL PURPOSES ONLY. WHILE IT MAY CONTAIN EDUCATIONAL CONTENT, IT IS NOT INTENDED TO REPLACE FORMAL EDUCATION, PROFESSIONAL TRAINING, OR EXPERT ADVICE. TO THE MAXIMUM EXTENT PERMITTED BY LAW, THE DEVELOPER, DISTRIBUTOR, AND ANY [&hellip;]<\/p>\n","protected":false},"author":1,"featured_media":0,"parent":0,"menu_order":3,"comment_status":"closed","ping_status":"closed","template":"","meta":{"footnotes":""},"class_list":["post-74","page","type-page","status-publish","hentry"],"_links":{"self":[{"href":"https:\/\/grumblydaddy.com\/hu\/wp-json\/wp\/v2\/pages\/74","targetHints":{"allow":["GET"]}}],"collection":[{"href":"https:\/\/grumblydaddy.com\/hu\/wp-json\/wp\/v2\/pages"}],"about":[{"href":"https:\/\/grumblydaddy.com\/hu\/wp-json\/wp\/v2\/types\/page"}],"author":[{"embeddable":true,"href":"https:\/\/grumblydaddy.com\/hu\/wp-json\/wp\/v2\/users\/1"}],"replies":[{"embeddable":true,"href":"https:\/\/grumblydaddy.com\/hu\/wp-json\/wp\/v2\/comments?post=74"}],"version-history":[{"count":4,"href":"https:\/\/grumblydaddy.com\/hu\/wp-json\/wp\/v2\/pages\/74\/revisions"}],"predecessor-version":[{"id":87,"href":"https:\/\/grumblydaddy.com\/hu\/wp-json\/wp\/v2\/pages\/74\/revisions\/87"}],"wp:attachment":[{"href":"https:\/\/grumblydaddy.com\/hu\/wp-json\/wp\/v2\/media?parent=74"}],"curies":[{"name":"wp","href":"https:\/\/api.w.org\/{rel}","templated":true}]}}