{"id":64,"date":"2026-01-10T16:14:02","date_gmt":"2026-01-10T16:14:02","guid":{"rendered":"https:\/\/grumblydaddy.com\/?page_id=64"},"modified":"2026-03-27T19:10:43","modified_gmt":"2026-03-27T18:10:43","slug":"this-sites-privacy-policy","status":"publish","type":"page","link":"https:\/\/grumblydaddy.com\/hu\/this-sites-privacy-policy\/","title":{"rendered":"Az oldal adatv\u00e9delmi ir\u00e1nyelvei"},"content":{"rendered":"<p>Honlapunk c\u00edme: https:\/\/grumblydaddy.com.<\/p>\n\n\n\n<p><strong>Megjegyz\u00e9sek<\/strong><br>Amikor a l\u00e1togat\u00f3k megjegyz\u00e9seket f\u0171znek a webhelyhez, \u00f6sszegy\u0171jtj\u00fck a megjegyz\u00e9s \u0171rlapon megjelen\u00edtett adatokat, valamint a l\u00e1togat\u00f3 IP-c\u00edm\u00e9t \u00e9s a b\u00f6ng\u00e9sz\u0151 felhaszn\u00e1l\u00f3i \u00fcgyn\u00f6kkarakterl\u00e1nc\u00e1t, hogy seg\u00edts\u00fck a spam \u00e9szlel\u00e9st.<\/p>\n\n\n\n<p>Az e-mail c\u00edm\u00e9b\u0151l l\u00e9trehozott, anonimiz\u00e1lt karakterl\u00e1ncot (m\u00e1s n\u00e9ven \"hash\"-t) a Gravatar szolg\u00e1ltat\u00e1s megkaphatja, hogy ellen\u0151rizz\u00e9k, haszn\u00e1lja-e azt. A Gravatar szolg\u00e1ltat\u00e1s adatv\u00e9delmi ir\u00e1nyelvei itt \u00e9rhet\u0151k el: https:\/\/automattic.com\/privacy\/. A megjegyz\u00e9sed j\u00f3v\u00e1hagy\u00e1sa ut\u00e1n a profilk\u00e9ped l\u00e1that\u00f3 lesz a nyilv\u00e1noss\u00e1g sz\u00e1m\u00e1ra a megjegyz\u00e9sed kontextus\u00e1ban.<\/p>\n\n\n\n<p><strong>M\u00e9dia<\/strong><br>Ha k\u00e9peket t\u00f6lt fel a weboldalra, ker\u00fclnie kell azokat a k\u00e9peket, amelyekbe be\u00e1gyazott helyadatok (EXIF GPS) vannak. A weboldal l\u00e1togat\u00f3i let\u00f6lthetik \u00e9s kicsomagolhatj\u00e1k a weboldalon l\u00e9v\u0151 k\u00e9pek b\u00e1rmely helyadat\u00e1t.<\/p>\n\n\n\n<p><strong>S\u00fctik<\/strong><br>Ha hozz\u00e1sz\u00f3lsz az oldalunkon, k\u00e9rheted, hogy a neved, e-mail c\u00edmed \u00e9s weboldalad s\u00fctikben t\u00e1rol\u00f3djon. Ez a te k\u00e9nyelmedet szolg\u00e1lja, hogy ne kelljen \u00fajra kit\u00f6ltened az adataidat, amikor egy \u00fajabb hozz\u00e1sz\u00f3l\u00e1st \u00edrsz. Ezek a s\u00fctik egy \u00e9vig maradnak \u00e9rv\u00e9nyben.<\/p>\n\n\n\n<p>Ha felkeresi a bejelentkez\u00e9si oldalunkat, egy ideiglenes s\u00fctit \u00e1ll\u00edtunk be annak meg\u00e1llap\u00edt\u00e1s\u00e1ra, hogy a b\u00f6ng\u00e9sz\u0151je elfogadja-e a s\u00fctiket. Ez a s\u00fcti nem tartalmaz szem\u00e9lyes adatokat, \u00e9s a b\u00f6ng\u00e9sz\u0151 bez\u00e1r\u00e1sakor t\u00f6rl\u0151dik.<\/p>\n\n\n\n<p>Amikor bejelentkezik, t\u00f6bb s\u00fctit is be\u00e1ll\u00edtunk, hogy elmentse a bejelentkez\u00e9si adatait \u00e9s a k\u00e9perny\u0151 megjelen\u00edt\u00e9si be\u00e1ll\u00edt\u00e1sait. A bejelentkez\u00e9si s\u00fctik k\u00e9t napig, a k\u00e9perny\u0151be\u00e1ll\u00edt\u00e1sok s\u00fctik pedig egy \u00e9vig tartanak. Ha az \u201cEml\u00e9kezz r\u00e1m\u201d opci\u00f3t v\u00e1lasztja, a bejelentkez\u00e9se k\u00e9t h\u00e9tig megmarad. Ha kijelentkezik fi\u00f3kj\u00e1b\u00f3l, a bejelentkez\u00e9si cookie-k t\u00f6rl\u0151dnek.<\/p>\n\n\n\n<p>Ha szerkeszt vagy publik\u00e1l egy cikket, egy tov\u00e1bbi cookie t\u00e1rol\u00f3dik a b\u00f6ng\u00e9sz\u0151dben. Ez a cookie nem tartalmaz szem\u00e9lyes adatokat, \u00e9s csup\u00e1n a szerkesztett cikk azonos\u00edt\u00f3j\u00e1t jelzi. 1 nap eltelt\u00e9vel lej\u00e1r.<\/p>\n\n\n\n<p>To manage the cookies and similar technologies used (tracking pixels, web beacons, etc.) and related consents, we use the consent tool &#8220;Real Cookie Banner&#8221;.<\/p>\n\n\n\n<p>The legal basis for the processing of personal data in this context are Art. 6 (1) (c) GDPR and Art. 6 (1) (f) GDPR. Our legitimate interest is the management of the cookies and similar technologies used and the related consents.<\/p>\n\n\n\n<p>The provision of personal data is neither contractually required nor necessary for the conclusion of a contract. You are not obliged to provide the personal data. If you do not provide the personal data, we will not be able to manage your consents.<\/p>\n\n\n\n<p><strong>Be\u00e1gyazott tartalom m\u00e1s webhelyekr\u0151l<\/strong><br>Az ezen a webhelyen tal\u00e1lhat\u00f3 cikkek be\u00e1gyazott tartalmakat (pl. vide\u00f3kat, k\u00e9peket, cikkeket stb.) tartalmazhatnak. M\u00e1s webhelyekr\u0151l sz\u00e1rmaz\u00f3 be\u00e1gyazott tartalmak pontosan ugyan\u00fagy m\u0171k\u00f6dnek, mintha a l\u00e1togat\u00f3 a m\u00e1sik webhelyet kereste volna fel.<\/p>\n\n\n\n<p>Ezek a webhelyek adatokat gy\u0171jthetnek \u00d6nr\u0151l, s\u00fctik haszn\u00e1lhatnak, tov\u00e1bbi harmadik f\u00e9lt\u0151l sz\u00e1rmaz\u00f3 nyomk\u00f6vet\u0151ket \u00e1gyazhatnak be, \u00e9s figyelhetik az \u00d6n e be\u00e1gyazott tartalmakkal val\u00f3 interakci\u00f3it, bele\u00e9rtve az \u00d6n interakci\u00f3inak nyomon k\u00f6vet\u00e9s\u00e9t is az embedded tartalmakkal, amennyiben rendelkezik fi\u00f3kkal, \u00e9s be van jelentkezve az adott webhelyre.<\/p>\n\n\n\n<p><strong>Kikkel osztjuk meg az \u00d6n adatait<\/strong><br>Ha jelsz\u00f3-vissza\u00e1ll\u00edt\u00e1st k\u00e9r, az IP-c\u00edme szerepelni fog a vissza\u00e1ll\u00edt\u00f3 e-mailben.<\/p>\n\n\n\n<p><strong>Meddig \u0151rizz\u00fck meg az adatait<\/strong><br>Ha hozz\u00e1sz\u00f3lsz, a hozz\u00e1sz\u00f3l\u00e1said \u00e9s azok metaadatai \u00f6r\u00f6kre megmaradnak. Ez az\u00e9rt van, hogy automatikusan felismerhess\u00fck \u00e9s j\u00f3v\u00e1hagyhassuk a tov\u00e1bbi hozz\u00e1sz\u00f3l\u00e1saidat a moder\u00e1l\u00e1si v\u00e1r\u00f3list\u00e1n val\u00f3 tart\u00e1s helyett.<\/p>\n\n\n\n<p>A weboldalunkon regisztr\u00e1l\u00f3 felhaszn\u00e1l\u00f3k (ha ilyenek vannak) \u00e1ltal megadott szem\u00e9lyes adatokat is t\u00e1roljuk a felhaszn\u00e1l\u00f3i profiljukban. Minden felhaszn\u00e1l\u00f3 b\u00e1rmikor megtekintheti, szerkesztheti vagy t\u00f6r\u00f6lheti szem\u00e9lyes adatait (kiv\u00e9ve a felhaszn\u00e1l\u00f3n\u00e9v m\u00f3dos\u00edt\u00e1s\u00e1t). A weboldal rendszergazd\u00e1i szint\u00e9n megtekinthetik \u00e9s szerkeszthetik ezeket az inform\u00e1ci\u00f3kat.<\/p>\n\n\n\n<p><strong>Milyen jogai vannak az adataival kapcsolatban<\/strong><br>Ha rendelkezik fi\u00f3kkal ezen az oldalon, vagy hozz\u00e1sz\u00f3l\u00e1sokat hagyott, k\u00e9rheti, hogy k\u00fcldj\u00fcnk \u00d6nnek egy export\u00e1lt f\u00e1jlt az \u00e1ltalunk t\u00e1rolt szem\u00e9lyes adatair\u00f3l, bele\u00e9rtve az \u00e1ltalunk megadott adatokat is. K\u00e9rheti tov\u00e1bb\u00e1, hogy t\u00f6r\u00f6lj\u00fck az \u00e1ltalunk t\u00e1rolt szem\u00e9lyes adatait. Ez nem tartalmazza azokat az adatokat, amelyeket adminisztrat\u00edv, jogi vagy biztons\u00e1gi c\u00e9lb\u00f3l k\u00f6telesek vagyunk meg\u0151rizni.<\/p>\n\n\n\n<p><strong>Hova k\u00fcldik az \u00d6n adatait<\/strong><br>A l\u00e1togat\u00f3i megjegyz\u00e9seket automatiz\u00e1lt spam-sz\u0171r\u0151 szolg\u00e1ltat\u00e1s ellen\u0151rizheti.<\/p>\n\n\n\n<p class=\"has-medium-font-size\"><strong>Email c\u00edm\u00fcnk :<\/strong> contact@grumblydaddy.com<\/p>","protected":false},"excerpt":{"rendered":"<p>Our website address is: https:\/\/grumblydaddy.com. CommentsWhen visitors leave comments on the site we collect the data shown in the comments form, and also the visitor\u2019s IP address and browser user agent string to help spam detection. An anonymized string created from your email address (also called a hash) may be provided to the Gravatar service [&hellip;]<\/p>\n","protected":false},"author":1,"featured_media":0,"parent":0,"menu_order":2,"comment_status":"closed","ping_status":"closed","template":"","meta":{"footnotes":""},"class_list":["post-64","page","type-page","status-publish","hentry"],"_links":{"self":[{"href":"https:\/\/grumblydaddy.com\/hu\/wp-json\/wp\/v2\/pages\/64","targetHints":{"allow":["GET"]}}],"collection":[{"href":"https:\/\/grumblydaddy.com\/hu\/wp-json\/wp\/v2\/pages"}],"about":[{"href":"https:\/\/grumblydaddy.com\/hu\/wp-json\/wp\/v2\/types\/page"}],"author":[{"embeddable":true,"href":"https:\/\/grumblydaddy.com\/hu\/wp-json\/wp\/v2\/users\/1"}],"replies":[{"embeddable":true,"href":"https:\/\/grumblydaddy.com\/hu\/wp-json\/wp\/v2\/comments?post=64"}],"version-history":[{"count":6,"href":"https:\/\/grumblydaddy.com\/hu\/wp-json\/wp\/v2\/pages\/64\/revisions"}],"predecessor-version":[{"id":200,"href":"https:\/\/grumblydaddy.com\/hu\/wp-json\/wp\/v2\/pages\/64\/revisions\/200"}],"wp:attachment":[{"href":"https:\/\/grumblydaddy.com\/hu\/wp-json\/wp\/v2\/media?parent=64"}],"curies":[{"name":"wp","href":"https:\/\/api.w.org\/{rel}","templated":true}]}}