{"id":62,"date":"2026-01-10T16:12:38","date_gmt":"2026-01-10T16:12:38","guid":{"rendered":"https:\/\/grumblydaddy.com\/?page_id=62"},"modified":"2026-03-22T21:21:15","modified_gmt":"2026-03-22T20:21:15","slug":"the-games-privacy-policy","status":"publish","type":"page","link":"https:\/\/grumblydaddy.com\/hu\/the-games-privacy-policy\/","title":{"rendered":"A j\u00e1t\u00e9k adatv\u00e9delmi ir\u00e1nyelvei"},"content":{"rendered":"<p class=\"has-large-font-size\"><strong>Bevezet\u00e9s<\/strong><br>Ez az Adatv\u00e9delmi szab\u00e1lyzat elmagyar\u00e1zza, hogy a GrumblyDaddy (\u201cmi\u201d, \u201cmi\u201d vagy \u201cminket\u201d) hogyan kezeli a felhaszn\u00e1l\u00f3i inform\u00e1ci\u00f3kat.<br>A GrumblyDaddy egy gyerekeknek \u00e9s feln\u0151tteknek egyar\u00e1nt tervezett oktat\u00f3j\u00e1t\u00e9k. Elk\u00f6telezettek vagyunk a felhaszn\u00e1l\u00f3k adatainak v\u00e9delme \u00e9s a biztons\u00e1gos j\u00e1t\u00e9k\u00e9lm\u00e9ny biztos\u00edt\u00e1sa ir\u00e1nt minden koroszt\u00e1ly sz\u00e1m\u00e1ra.<\/p>\n\n\n\n<p><strong>Az \u00e1ltalunk gy\u0171jt\u00f6tt inform\u00e1ci\u00f3k<\/strong><br>A GrumblyDaddy nem gy\u0171jt, t\u00e1rol, haszn\u00e1l vagy oszt meg szem\u00e9lyes adatokat.<br>Nem gy\u0171jt\u00fcnk:<br>Nevek, e-mail c\u00edmek vagy telefonsz\u00e1mok<br>Sz\u00e1mlainform\u00e1ci\u00f3k<br>Helymeghat\u00e1roz\u00e1si adatok<br>Eszk\u00f6zazonos\u00edt\u00f3k<br>Felhaszn\u00e1l\u00e1si vagy elemz\u00e9si adatok<br>Az alkalmaz\u00e1s teljesen offline is haszn\u00e1lhat\u00f3, \u00e9s nem ig\u00e9nyel fi\u00f3k l\u00e9trehoz\u00e1s\u00e1t.<\/p>\n\n\n\n<p><strong>Enged\u00e9lyek<\/strong><br>A GrumblyDaddy nem k\u00e9r hozz\u00e1f\u00e9r\u00e9st semmilyen \u00e9rz\u00e9keny enged\u00e9lyhez vagy szem\u00e9lyes adathoz, ahogyan azt a Google Play ir\u00e1nyelvei meghat\u00e1rozz\u00e1k.<\/p>\n\n\n\n<p><strong>Gyermekek adatv\u00e9delme<\/strong><br>A GrumblyDaddy 13 \u00e9v alatti gyermekek sz\u00e1m\u00e1ra alkalmas, \u00e9s megfelel a gyermekek online adatv\u00e9delm\u00e9r\u0151l sz\u00f3l\u00f3 t\u00f6rv\u00e9nynek (COPPA).<br>Tudatosan nem gy\u0171jt\u00fcnk szem\u00e9lyes adatokat gyermekekt\u0151l.<br>Mivel nem gy\u0171jt\u00fcnk adatokat, nincs mit t\u00e1rolni, megosztani vagy feldolgozni.<\/p>\n\n\n\n<p><strong>Oktat\u00e1si c\u00e9l<\/strong><br>Az alkalmaz\u00e1s kiz\u00e1r\u00f3lag oktat\u00e1si c\u00e9lokat szolg\u00e1l, \u00e9s nem tartalmazza:<br>Rekl\u00e1m<br>Alkalmaz\u00e1son bel\u00fcli v\u00e1s\u00e1rl\u00e1sok<br>Szoci\u00e1lis interakci\u00f3s funkci\u00f3k<br>K\u00fcls\u0151 hivatkoz\u00e1sok harmadik f\u00e9l szolg\u00e1ltat\u00e1saira<\/p>\n\n\n\n<p><strong>Harmadik f\u00e9l \u00e1ltal ny\u00fajtott szolg\u00e1ltat\u00e1sok<\/strong><br>A GrumblyDaddy j\u00e1t\u00e9k nem haszn\u00e1l harmadik f\u00e9lt\u0151l sz\u00e1rmaz\u00f3 SDK-kat vagy szolg\u00e1ltat\u00e1sokat, amelyek felhaszn\u00e1l\u00f3i adatokat gy\u0171jtenek vagy feldolgoznak (p\u00e9ld\u00e1ul analitikai, hirdet\u00e9si vagy nyomk\u00f6vet\u0151 eszk\u00f6z\u00f6ket).<\/p>\n\n\n\n<p><strong>Adatmegoszt\u00e1s<\/strong><br>Nem gy\u0171jt\u00fcnk szem\u00e9lyes adatokat, ez\u00e9rt nem osztjuk meg azokat harmadik f\u00e9llel.<\/p>\n\n\n\n<p><strong>Biztons\u00e1g<\/strong><br>Mivel nem gy\u0171jt\u00fcnk vagy t\u00e1rolunk felhaszn\u00e1l\u00f3i adatokat, a szem\u00e9lyes adatok biztons\u00e1g\u00e1val kapcsolatban nincsenek kock\u00e1zatok.<\/p>\n\n\n\n<p><strong>Az Adatv\u00e9delmi szab\u00e1lyzat m\u00f3dos\u00edt\u00e1sai<\/strong><br>Id\u0151r\u0151l id\u0151re friss\u00edthetj\u00fck ezt az Adatv\u00e9delmi szab\u00e1lyzatot. B\u00e1rmilyen v\u00e1ltoz\u00e1st ezen az oldalon vagy az alkalmaz\u00e1sbolt list\u00e1j\u00e1n fogunk felt\u00fcntetni.<\/p>\n\n\n\n<p><strong>Kapcsolat<\/strong><br>Ha b\u00e1rmilyen k\u00e9rd\u00e9se van ezzel az adatv\u00e9delmi ir\u00e1nyelvvel kapcsolatban, k\u00e9rj\u00fck, l\u00e9pjen kapcsolatba vel\u00fcnk a k\u00f6vetkez\u0151 c\u00edmen: contact@grumblydaddy.com.<\/p>","protected":false},"excerpt":{"rendered":"<p>IntroductionThis Privacy Policy explains how GrumblyDaddy (\u201cwe\u201d, \u201cour\u201d, or \u201cus\u201d) handles user information.GrumblyDaddy is an educational game designed for both children and adults. We are committed to protecting user privacy and ensuring a safe experience for all ages. Information We CollectGrumblyDaddy does not collect, store, use, or share any personal data.We do not collect:Names, email [&hellip;]<\/p>\n","protected":false},"author":1,"featured_media":0,"parent":0,"menu_order":1,"comment_status":"closed","ping_status":"closed","template":"","meta":{"footnotes":""},"class_list":["post-62","page","type-page","status-publish","hentry"],"_links":{"self":[{"href":"https:\/\/grumblydaddy.com\/hu\/wp-json\/wp\/v2\/pages\/62","targetHints":{"allow":["GET"]}}],"collection":[{"href":"https:\/\/grumblydaddy.com\/hu\/wp-json\/wp\/v2\/pages"}],"about":[{"href":"https:\/\/grumblydaddy.com\/hu\/wp-json\/wp\/v2\/types\/page"}],"author":[{"embeddable":true,"href":"https:\/\/grumblydaddy.com\/hu\/wp-json\/wp\/v2\/users\/1"}],"replies":[{"embeddable":true,"href":"https:\/\/grumblydaddy.com\/hu\/wp-json\/wp\/v2\/comments?post=62"}],"version-history":[{"count":2,"href":"https:\/\/grumblydaddy.com\/hu\/wp-json\/wp\/v2\/pages\/62\/revisions"}],"predecessor-version":[{"id":70,"href":"https:\/\/grumblydaddy.com\/hu\/wp-json\/wp\/v2\/pages\/62\/revisions\/70"}],"wp:attachment":[{"href":"https:\/\/grumblydaddy.com\/hu\/wp-json\/wp\/v2\/media?parent=62"}],"curies":[{"name":"wp","href":"https:\/\/api.w.org\/{rel}","templated":true}]}}