{"id":48,"date":"2026-01-10T15:51:37","date_gmt":"2026-01-10T15:51:37","guid":{"rendered":"https:\/\/grumblydaddy.com\/?page_id=48"},"modified":"2026-04-14T22:57:29","modified_gmt":"2026-04-14T21:57:29","slug":"the-grumblydaddy-game","status":"publish","type":"page","link":"https:\/\/grumblydaddy.com\/hu\/","title":{"rendered":"A GrumblyDaddy matematikai gyerekj\u00e1t\u00e9k"},"content":{"rendered":"<p class=\"is-style-text-subtitle has-x-large-font-size is-style-text-subtitle--1\"><strong>Sz\u00f3rakozzunk a sz\u00e1mtannal!<\/strong><\/p>\n\n\n\n<div style=\"height:40px\" aria-hidden=\"true\" class=\"wp-block-spacer\"><\/div>\n\n\n\n<p>Hagyja, hogy a gyerekek vicces m\u00f3don megtanulj\u00e1k a n\u00e9gy alapm\u0171veletet.<br>A GrumblyDaddy seg\u00edt az \u00e1ltal\u00e1nos iskol\u00e1s gyerekeknek gyakorolni az \u00f6sszead\u00e1st, kivon\u00e1st, szorz\u00e1st \u00e9s oszt\u00e1st.<\/p>\n\n\n\n<p>V\u00e1laszolj helyesen, hogy apuci medve egyre boldogabb \u00e9s boldogabb legyen. Ha hib\u00e1zol, morcos lesz... de csiklandozhatod az orr\u00e1t, hogy megnyugtasd, \u00e9s megl\u00e1tod, mi t\u00f6rt\u00e9nik.<\/p>\n\n\n\n<p>A GrumblyDaddy egy 5 \u00e9s 10 \u00e9v k\u00f6z\u00f6tti gyermekek sz\u00e1m\u00e1ra k\u00e9sz\u00fclt oktat\u00f3 alkalmaz\u00e1s.<\/p>\n\n\n\n<p>Medveap\u00e1val \u00e9s hat fi\u00e1val gyakorolhatnak a gyerekek:<\/p>\n\n\n\n<ul class=\"wp-block-list\">\n<li>kieg\u00e9sz\u00edt\u00e9s<\/li>\n\n\n\n<li>kivon\u00e1s<\/li>\n\n\n\n<li>szorz\u00e1s<\/li>\n\n\n\n<li>div\u00edzi\u00f3<\/li>\n<\/ul>\n\n\n\n<p><\/p>\n\n\n\n<p>Mi\u00e9rt \u00e9lvezik a gyerekek a GrumblyDaddy-t:<\/p>\n\n\n\n<ul class=\"wp-block-list\">\n<li>egyszer\u0171 \u00e9s j\u00e1t\u00e9kos matematikai gyakorlatok<\/li>\n\n\n\n<li>egy vicces \u00e9s kifejez\u0151 medve karakter<\/li>\n\n\n\n<li>az \u00e1ltal\u00e1nos iskol\u00e1sok sz\u00e1m\u00e1ra adapt\u00e1lt tanul\u00e1s<\/li>\n\n\n\n<li>a sz\u00e1mol\u00e1s sz\u00f3rakoztat\u00f3 gyakorl\u00e1sa<\/li>\n\n\n\n<li>a 4 alapm\u0171velet fokozatos felfedez\u00e9se<\/li>\n<\/ul>\n\n\n\n<p><\/p>\n\n\n\n<p>Mi\u00e9rt szeretik a sz\u00fcl\u0151k:<\/p>\n\n\n\n<ul class=\"wp-block-list\">\n<li>a gyerekek gyakorolj\u00e1k az alapvet\u0151 sz\u00e1mtani k\u00e9szs\u00e9geket<\/li>\n\n\n\n<li>a tanul\u00e1s a j\u00e1t\u00e9kon kereszt\u00fcl t\u00f6rt\u00e9nik<\/li>\n\n\n\n<li>a humoros univerzum seg\u00edt fenntartani a figyelmet<\/li>\n\n\n\n<li>alkalmas fiatal tanul\u00f3k sz\u00e1m\u00e1ra<\/li>\n<\/ul>\n\n\n\n<p><\/p>\n\n\n\n<p>A GrumblyDaddy ide\u00e1lis olyan gyerekek sz\u00e1m\u00e1ra, akik most kezdik a sz\u00e1mol\u00e1st, vagy akik szeretn\u00e9k meger\u0151s\u00edteni alapvet\u0151 matematikai k\u00e9szs\u00e9geiket.<\/p>\n\n\n\n<p><\/p>\n\n\n\n<p>A j\u00e1t\u00e9k ingyenes v\u00e1ltozatban is el\u00e9rhet\u0151, amely a 2. \u00e9s 3. asztalra korl\u00e1toz\u00f3dik, \u00e9s amelyet a k\u00f6vetkez\u0151 helyen tal\u00e1lsz meg <a href=\"https:\/\/play.google.com\/store\/apps\/details?id=com.applisphones.bearoperations2\" target=\"_blank\" rel=\"noreferrer noopener\">itt<\/a> a Google Play \u00c1ruh\u00e1zban. Pr\u00e9mium opci\u00f3val feloldhatod az \u00f6sszes asztalt. Pr\u00f3b\u00e1ld ki, hogy megismerd a j\u00e1t\u00e9k kin\u00e9zet\u00e9t \u00e9s hangulat\u00e1t!<\/p>\n\n\n\n<div style=\"height:40px\" aria-hidden=\"true\" class=\"wp-block-spacer\"><\/div>\n\n\n\n<h1 class=\"wp-block-heading\">R\u00e9szletek<\/h1>\n\n\n\n<h2 class=\"wp-block-heading\">A f\u0151k\u00e9perny\u0151<\/h2>\n\n\n\n<p>A f\u0151k\u00e9perny\u0151n egy medvepap\u00e1t fedezhet\u00fcnk fel, aki hat fia f\u00f6l\u00f6tt \u0151rk\u00f6dik, akik az \u00f6sszead\u00e1ssal, kivon\u00e1ssal, szorz\u00e1ssal \u00e9s oszt\u00e1ssal kapcsolatos k\u00e9rd\u00e9sekre pr\u00f3b\u00e1lj\u00e1k megtal\u00e1lni a helyes v\u00e1laszt.<\/p>\n\n\n\n<figure class=\"wp-block-image size-full\"><img loading=\"lazy\" decoding=\"async\" width=\"480\" height=\"800\" src=\"https:\/\/grumblydaddy.com\/wp-content\/uploads\/2026\/01\/Screenshot_20251202_222212.png\" alt=\"A GrumblyDaddy matematikai j\u00e1t\u00e9k f\u0151 k\u00e9perny\u0151je gyerekeknek.\" class=\"wp-image-43\" srcset=\"https:\/\/grumblydaddy.com\/wp-content\/uploads\/2026\/01\/Screenshot_20251202_222212.png 480w, https:\/\/grumblydaddy.com\/wp-content\/uploads\/2026\/01\/Screenshot_20251202_222212-180x300.png 180w\" sizes=\"auto, (max-width: 480px) 100vw, 480px\" \/><\/figure>\n\n\n\n<p>Ha helyesen v\u00e1laszolnak, apuci medve egyre boldogabb \u00e9s boldogabb lesz.<\/p>\n\n\n\n<p>Ha nem teszik, apamedve apuci egyre d\u00fch\u00f6sebb lesz. Azonban, hogy megnyugodjon, megcsiklandozhatod az orr\u00e1t. Tedd meg, \u00e9s megl\u00e1tod, mi t\u00f6rt\u00e9nik !<\/p>\n\n\n\n<p>B\u00e1rmikor sz\u00fcnetet tarthat.<\/p>\n\n\n\n<p>A neh\u00e9zs\u00e9gi szintek k\u00f6z\u00fcl v\u00e1laszthatsz a K\u00f6nny\u0171, a K\u00f6zepes \u00e9s a Neh\u00e9z k\u00f6z\u00f6tt.<\/p>\n\n\n\n<p>A GrumblyDaddy alkalmaz\u00e1s c\u00e9lja, hogy a sz\u00e1mtan humoross\u00e1 \u00e9s \u00e9rdekess\u00e9 v\u00e1ljon. A gyerekek azonosulnak az alkalmaz\u00e1sban szerepl\u0151 k\u00f6lyk\u00f6kkel. A k\u00f6lyk\u00f6k szeretik, hogy apuci medv\u00e9re vigy\u00e1z, \u00e9s hogy megnyugtathatj\u00e1k \u0151t azzal, hogy megcsiklandozz\u00e1k az orr\u00e1t, amikor d\u00fch\u00f6s lesz. Emellett, amikor az egyik k\u00f6ly\u00f6k hib\u00e1zik, a t\u00f6bbiek szeretnek rajta viccel\u0151dni.<\/p>\n\n\n\n<div style=\"height:40px\" aria-hidden=\"true\" class=\"wp-block-spacer\"><\/div>\n\n\n\n<h2 class=\"wp-block-heading\">A statisztikai k\u00e9perny\u0151<\/h2>\n\n\n\n<p>Van egy statisztikai k\u00e9perny\u0151, amely megmutatja a helyesen megv\u00e1laszolt k\u00e9rd\u00e9seket \u00e9s azokat, amelyeken m\u00e9g van mit jav\u00edtani.<\/p>\n\n\n\n<figure class=\"wp-block-image size-full\"><img loading=\"lazy\" decoding=\"async\" width=\"480\" height=\"800\" src=\"https:\/\/grumblydaddy.com\/wp-content\/uploads\/2026\/01\/Screenshot_20251202_220243-1.png\" alt=\"Matematikai statisztik\u00e1k \u00e9s pontsz\u00e1mok \u00e1ttekint\u00e9se\" class=\"wp-image-50\" srcset=\"https:\/\/grumblydaddy.com\/wp-content\/uploads\/2026\/01\/Screenshot_20251202_220243-1.png 480w, https:\/\/grumblydaddy.com\/wp-content\/uploads\/2026\/01\/Screenshot_20251202_220243-1-180x300.png 180w\" sizes=\"auto, (max-width: 480px) 100vw, 480px\" \/><\/figure>\n\n\n\n<div style=\"height:40px\" aria-hidden=\"true\" class=\"wp-block-spacer\"><\/div>\n\n\n\n<h2 class=\"wp-block-heading\">Az opci\u00f3k k\u00e9perny\u0151je<\/h2>\n\n\n\n<p>Van egy opci\u00f3s k\u00e9perny\u0151 is, ahol kiv\u00e1laszthatja a gyakorolni k\u00edv\u00e1nt t\u00e1bl\u00e1zatokat.<\/p>\n\n\n\n<figure class=\"wp-block-image size-full\"><img loading=\"lazy\" decoding=\"async\" width=\"480\" height=\"800\" src=\"https:\/\/grumblydaddy.com\/wp-content\/uploads\/2026\/01\/Screenshot_20251202_220306-1.png\" alt=\"\" class=\"wp-image-51\" srcset=\"https:\/\/grumblydaddy.com\/wp-content\/uploads\/2026\/01\/Screenshot_20251202_220306-1.png 480w, https:\/\/grumblydaddy.com\/wp-content\/uploads\/2026\/01\/Screenshot_20251202_220306-1-180x300.png 180w\" sizes=\"auto, (max-width: 480px) 100vw, 480px\" \/><\/figure>\n\n\n\n<div style=\"height:40px\" aria-hidden=\"true\" class=\"wp-block-spacer\"><\/div>\n\n\n\n<h2 class=\"wp-block-heading\">A fel\u00fclvizsg\u00e1lati k\u00e9perny\u0151<\/h2>\n\n\n\n<p>A t\u00e1bl\u00e1zatok megtanul\u00e1s\u00e1ra vagy \u00e1ttekint\u00e9s\u00e9re egy fel\u00fclvizsg\u00e1lati k\u00e9perny\u0151 is rendelkez\u00e9sre \u00e1ll.<\/p>\n\n\n\n<figure class=\"wp-block-image size-full\"><img loading=\"lazy\" decoding=\"async\" width=\"480\" height=\"800\" src=\"https:\/\/grumblydaddy.com\/wp-content\/uploads\/2026\/01\/Screenshot_20251202_220325-1.png\" alt=\"\" class=\"wp-image-52\" srcset=\"https:\/\/grumblydaddy.com\/wp-content\/uploads\/2026\/01\/Screenshot_20251202_220325-1.png 480w, https:\/\/grumblydaddy.com\/wp-content\/uploads\/2026\/01\/Screenshot_20251202_220325-1-180x300.png 180w\" sizes=\"auto, (max-width: 480px) 100vw, 480px\" \/><\/figure>\n\n\n\n<div style=\"height:40px\" aria-hidden=\"true\" class=\"wp-block-spacer\"><\/div>\n\n\n\n<h2 class=\"wp-block-heading\">Vide\u00f3 bemutat\u00f3<\/h2>\n\n\n\n<p class=\"has-large-font-size\">Megtekintheti <a href=\"https:\/\/youtu.be\/FvbKwQSI-vU\" target=\"_blank\" rel=\"noopener\">egy gyors vide\u00f3t\u00fara err\u0151l az alkalmaz\u00e1sr\u00f3l.<\/a><\/p>\n\n\n\n<p><\/p>\n\n\n\n<p>Boldog m\u0171veleteket !<\/p>\n\n\n\n<div style=\"height:100px\" aria-hidden=\"true\" class=\"wp-block-spacer\"><\/div>\n\n\n\n<p><\/p>\n\n\n\n<p class=\"has-medium-font-size\" style=\"margin-top:0;margin-right:0;margin-bottom:0;margin-left:0\"><a href=\"https:\/\/grumblydaddy.com\/hu\/the-games-privacy-policy\/\" data-type=\"page\" data-id=\"62\">Az alkalmaz\u00e1s adatv\u00e9delmi ir\u00e1nyelvei<\/a><\/p>\n\n\n\n<p class=\"has-medium-font-size\" style=\"margin-top:0;margin-bottom:0\"><a href=\"https:\/\/grumblydaddy.com\/hu\/end-user-licence-agreement-eula\/\" data-type=\"page\" data-id=\"74\">Az alkalmaz\u00e1s v\u00e9gfelhaszn\u00e1l\u00f3i licencszerz\u0151d\u00e9se (EULA)<\/a><\/p>\n\n\n\n<p class=\"has-medium-font-size\" style=\"margin-top:0;margin-right:0;margin-bottom:0;margin-left:0;padding-top:0;padding-bottom:0\"><a href=\"https:\/\/grumblydaddy.com\/hu\/this-sites-privacy-policy\/\" data-type=\"page\" data-id=\"64\">Az oldal adatv\u00e9delmi ir\u00e1nyelvei<\/a><\/p>\n\n\n\n<p class=\"has-medium-font-size\" style=\"margin-top:0;margin-bottom:0\"><a href=\"https:\/\/grumblydaddy.com\/hu\/crash-reporting-stability-firebase-crashlytics\/\" data-type=\"page\" data-id=\"90\">Baleseti jelent\u00e9s<\/a><\/p>\n\n\n\n<p class=\"has-medium-font-size\" style=\"margin-top:0;margin-bottom:0\">Kapcsolat: contact@grumblydaddy.com<\/p>","protected":false},"excerpt":{"rendered":"<p>Let\u2019s have fun with arithmetic! Let kids learn the four basic operations in a funny way.GrumblyDaddy helps primary school children practice addition, subtraction, multiplication and division. Answer correctly to make daddy bear happier and happier. If you make mistakes, he gets grumpy\u2026 but you can tickle his nose to calm him down and see what [&hellip;]<\/p>\n","protected":false},"author":1,"featured_media":112,"parent":0,"menu_order":0,"comment_status":"closed","ping_status":"closed","template":"","meta":{"footnotes":""},"class_list":["post-48","page","type-page","status-publish","has-post-thumbnail","hentry"],"_links":{"self":[{"href":"https:\/\/grumblydaddy.com\/hu\/wp-json\/wp\/v2\/pages\/48","targetHints":{"allow":["GET"]}}],"collection":[{"href":"https:\/\/grumblydaddy.com\/hu\/wp-json\/wp\/v2\/pages"}],"about":[{"href":"https:\/\/grumblydaddy.com\/hu\/wp-json\/wp\/v2\/types\/page"}],"author":[{"embeddable":true,"href":"https:\/\/grumblydaddy.com\/hu\/wp-json\/wp\/v2\/users\/1"}],"replies":[{"embeddable":true,"href":"https:\/\/grumblydaddy.com\/hu\/wp-json\/wp\/v2\/comments?post=48"}],"version-history":[{"count":51,"href":"https:\/\/grumblydaddy.com\/hu\/wp-json\/wp\/v2\/pages\/48\/revisions"}],"predecessor-version":[{"id":203,"href":"https:\/\/grumblydaddy.com\/hu\/wp-json\/wp\/v2\/pages\/48\/revisions\/203"}],"wp:featuredmedia":[{"embeddable":true,"href":"https:\/\/grumblydaddy.com\/hu\/wp-json\/wp\/v2\/media\/112"}],"wp:attachment":[{"href":"https:\/\/grumblydaddy.com\/hu\/wp-json\/wp\/v2\/media?parent=48"}],"curies":[{"name":"wp","href":"https:\/\/api.w.org\/{rel}","templated":true}]}}