{"id":90,"date":"2026-03-03T19:58:52","date_gmt":"2026-03-03T19:58:52","guid":{"rendered":"https:\/\/grumblydaddy.com\/?page_id=90"},"modified":"2026-03-22T21:29:05","modified_gmt":"2026-03-22T20:29:05","slug":"rapport-de-crash-stabilite-firebase-crashlytics","status":"publish","type":"page","link":"https:\/\/grumblydaddy.com\/fr\/crash-reporting-stability-firebase-crashlytics\/","title":{"rendered":"Rapport d'incidents (stabilit\u00e9) - Firebase Crashlytics"},"content":{"rendered":"<p>Nous utilisons <strong>Firebase Crashlytics<\/strong> (Google) \u00e0 <strong>d\u00e9tecter et diagnostiquer les pannes<\/strong>, de r\u00e9soudre les probl\u00e8mes, et <strong>am\u00e9liorer la stabilit\u00e9<\/strong> de la <strong>GrumblyDaddy<\/strong> app.<\/p>\n\n\n\n<p><strong>Donn\u00e9es trait\u00e9es<\/strong><br>Lorsqu'un accident se produit, Crashlytics peut collecter et nous envoyer :<\/p>\n\n\n\n<ul class=\"wp-block-list\">\n<li>les informations relatives au crash (par exemple, la trace du crash\/de la pile, l'heure du crash, le contexte technique) ;<\/li>\n\n\n\n<li>des informations techniques sur l'appareil et l'application (par exemple, le mod\u00e8le de l'appareil, la version d'Android, la langue\/lieu, la version de l'application) ;<\/li>\n\n\n\n<li>a <strong>identifiant pseudonyme<\/strong> li\u00e9 \u00e0 l'installation : nous avons cr\u00e9\u00e9 un fichier Crashlytics <code>ID utilisateur<\/code> sur la base d'un <strong>UUID al\u00e9atoire g\u00e9n\u00e9r\u00e9 lors de l'installation<\/strong>, alors <strong>hach\u00e9<\/strong>. Cet identifiant n'est pas d\u00e9riv\u00e9 d'un identifiant publicitaire ou d'un identifiant d'appareil.<\/li>\n<\/ul>\n\n\n\n<p><strong>Donn\u00e9es que nous ne collectons pas intentionnellement<\/strong><br>Nous ne cherchons pas \u00e0 collecter, via Crashlytics, des donn\u00e9es qui vous identifient directement (par exemple, nom, adresse \u00e9lectronique, num\u00e9ro de t\u00e9l\u00e9phone) ou des donn\u00e9es sensibles. Nous \u00e9vitons \u00e9galement d'inclure des donn\u00e9es personnelles dans les journaux techniques.<\/p>\n\n\n\n<p><strong>Objectif<\/strong><br>Maintenance corrective, diagnostic des erreurs et am\u00e9lioration de la fiabilit\u00e9 et de la s\u00e9curit\u00e9 de l'application.<\/p>\n\n\n\n<p><strong>Base juridique<\/strong><br>Notre base juridique est notre <strong>int\u00e9r\u00eat l\u00e9gitime<\/strong> pour assurer le bon fonctionnement et la s\u00e9curit\u00e9 de l'application.<\/p>\n\n\n\n<p><strong>B\u00e9n\u00e9ficiaires<\/strong><br>Les donn\u00e9es ne sont accessibles qu'au personnel autoris\u00e9 (\u00e9quipes techniques) et sont trait\u00e9es par <strong>Google\/Firebase<\/strong> en tant que prestataire de services.<\/p>\n\n\n\n<p><strong>Transferts internationaux<\/strong><br>Les donn\u00e9es peuvent \u00eatre trait\u00e9es par Google\/Firebase, y compris sur des infrastructures situ\u00e9es en dehors de l'Union europ\u00e9enne, conform\u00e9ment aux m\u00e9canismes contractuels et aux mesures de protection mis en place par Google\/Firebase.<\/p>\n\n\n\n<p><strong>R\u00e9tention<\/strong><br>Les rapports d'accident sont conserv\u00e9s pendant <strong>12 mois<\/strong>, Les donn\u00e9es sont ensuite supprim\u00e9es ou rendues anonymes, \u00e0 moins qu'une obligation l\u00e9gale n'exige qu'il en soit autrement.<\/p>\n\n\n\n<p><strong>Vos droits<\/strong><br>Vous disposez de droits d'acc\u00e8s, de rectification, d'effacement, de restriction et d'opposition, sous r\u00e9serve de la l\u00e9gislation applicable.<br>Pour exercer vos droits, contactez-nous \u00e0 l'adresse suivante <strong><a href=\"mailto:contact@grumblydaddy.com\">contact@grumblydaddy.com<\/a><\/strong>.<\/p>","protected":false},"excerpt":{"rendered":"<p>We use Firebase Crashlytics (Google) to detect and diagnose crashes, fix issues, and improve the stability of the GrumblyDaddy app. Data processedWhen a crash occurs, Crashlytics may collect and send us: Data we do not intentionally collectWe do not seek to collect, via Crashlytics, data that directly identifies you (e.g., name, email address, phone number) [&hellip;]<\/p>\n","protected":false},"author":1,"featured_media":0,"parent":0,"menu_order":4,"comment_status":"closed","ping_status":"closed","template":"","meta":{"footnotes":""},"class_list":["post-90","page","type-page","status-publish","hentry"],"_links":{"self":[{"href":"https:\/\/grumblydaddy.com\/fr\/wp-json\/wp\/v2\/pages\/90","targetHints":{"allow":["GET"]}}],"collection":[{"href":"https:\/\/grumblydaddy.com\/fr\/wp-json\/wp\/v2\/pages"}],"about":[{"href":"https:\/\/grumblydaddy.com\/fr\/wp-json\/wp\/v2\/types\/page"}],"author":[{"embeddable":true,"href":"https:\/\/grumblydaddy.com\/fr\/wp-json\/wp\/v2\/users\/1"}],"replies":[{"embeddable":true,"href":"https:\/\/grumblydaddy.com\/fr\/wp-json\/wp\/v2\/comments?post=90"}],"version-history":[{"count":1,"href":"https:\/\/grumblydaddy.com\/fr\/wp-json\/wp\/v2\/pages\/90\/revisions"}],"predecessor-version":[{"id":91,"href":"https:\/\/grumblydaddy.com\/fr\/wp-json\/wp\/v2\/pages\/90\/revisions\/91"}],"wp:attachment":[{"href":"https:\/\/grumblydaddy.com\/fr\/wp-json\/wp\/v2\/media?parent=90"}],"curies":[{"name":"wp","href":"https:\/\/api.w.org\/{rel}","templated":true}]}}