{"id":74,"date":"2026-01-19T18:06:46","date_gmt":"2026-01-19T18:06:46","guid":{"rendered":"https:\/\/grumblydaddy.com\/?page_id=74"},"modified":"2026-03-22T21:27:48","modified_gmt":"2026-03-22T20:27:48","slug":"accord-de-licence-pour-lutilisateur-final-eula","status":"publish","type":"page","link":"https:\/\/grumblydaddy.com\/fr\/end-user-licence-agreement-eula\/","title":{"rendered":"Contrat de licence pour utilisateur final (CLUF)"},"content":{"rendered":"<h3 class=\"wp-block-heading\"><strong>LIMITATION DE LA RESPONSABILIT\u00c9 POUR LES JEUX VID\u00c9O \u00c9DUCATIFS<\/strong><\/h3>\n\n\n\n<p>CE JEU VID\u00c9O EST FOURNI \u201cEN L'\u00c9TAT\u201d ET \u201cTEL QUE DISPONIBLE\u201d \u00c0 DES FINS DE DIVERTISSEMENT ET D'\u00c9DUCATION G\u00c9N\u00c9RALE UNIQUEMENT. BIEN QU'IL PUISSE CONTENIR UN CONTENU \u00c9DUCATIF, IL N'EST PAS DESTIN\u00c9 \u00c0 REMPLACER UNE \u00c9DUCATION FORMELLE, UNE FORMATION PROFESSIONNELLE OU UN AVIS D'EXPERT.<\/p>\n\n\n\n<p>DANS LES LIMITES AUTORIS\u00c9ES PAR LA LOI, LE D\u00c9VELOPPEUR, LE DISTRIBUTEUR ET TOUTES LES PARTIES AFFILI\u00c9ES NE DONNENT AUCUNE GARANTIE, EXPRESSE OU IMPLICITE, QUANT \u00c0 L'EXACTITUDE, L'EXHAUSTIVIT\u00c9 OU LA FIABILIT\u00c9 DES INFORMATIONS PR\u00c9SENT\u00c9ES DANS LE JEU. LES UTILISATEURS DOIVENT V\u00c9RIFIER TOUTE INFORMATION AUPR\u00c8S DE SOURCES FIABLES AVANT DE S'Y FIER POUR DES D\u00c9CISIONS ACAD\u00c9MIQUES, PROFESSIONNELLES OU PERSONNELLES.<\/p>\n\n\n\n<p>EN AUCUN CAS, LE D\u00c9VELOPPEUR, LE DISTRIBUTEUR OU LES PARTIES AFFILI\u00c9ES NE PEUVENT \u00caTRE TENUS RESPONSABLES DES DOMMAGES INDIRECTS, ACCESSOIRES, CONS\u00c9CUTIFS, SP\u00c9CIAUX OU EXEMPLAIRES R\u00c9SULTANT DE L'UTILISATION OU DE LA MAUVAISE INTERPR\u00c9TATION DU CONTENU DU JEU. CELA COMPREND, SANS S'Y LIMITER, LES R\u00c9SULTATS SCOLAIRES, LES INFORMATIONS ERRON\u00c9ES, LES PERTES FINANCI\u00c8RES OU TOUTE D\u00c9CISION BAS\u00c9E SUR DES INFORMATIONS CONTENUES DANS LE JEU.<\/p>\n\n\n\n<p>DANS LES JURIDICTIONS O\u00d9 LES LIMITATIONS DE RESPONSABILIT\u00c9 SONT RESTREINTES (Y COMPRIS EN CALIFORNIE), LA RESPONSABILIT\u00c9 SERA LIMIT\u00c9E AU MAXIMUM AUTORIS\u00c9 PAR LA LOI. DANS TOUS LES CAS, LA RESPONSABILIT\u00c9 TOTALE DU D\u00c9VELOPPEUR OU DU DISTRIBUTEUR N'EXC\u00c9DERA PAS LE MONTANT PAY\u00c9 POUR LE JEU.<\/p>\n\n\n\n<p>EN JOUANT \u00c0 CE JEU, VOUS RECONNAISSEZ QUE VOUS COMPRENEZ ET ACCEPTEZ CES LIMITATIONS DE RESPONSABILIT\u00c9.<\/p>\n\n\n\n<p>CE JEU MET EN SC\u00c8NE UN PAPA OURS QUI OFFRE UN CADEAU \u00c0 SES FILS LORSQU'ILS DONNENT LES BONNES R\u00c9PONSES \u00c0 LEUR PAPA. CECI EST SYMBOLIQUE ET NE DOIT PAS \u00caTRE INTERPR\u00c9T\u00c9 COMME UN CADEAU OFFERT PAR LE JEU \u00c0 L'UTILISATEUR.<\/p>\n\n\n\n<p><\/p>\n\n\n\n<p><\/p>\n\n\n\n<p class=\"has-medium-font-size\">Notre adresse \u00e9lectronique : contact@grumblydaddy.com<\/p>","protected":false},"excerpt":{"rendered":"<p>LIMITATION OF LIABILITY FOR EDUCATIONAL VIDEO GAMES THIS VIDEO GAME IS PROVIDED &#8220;AS IS&#8221; AND &#8220;AS AVAILABLE&#8221; FOR ENTERTAINMENT AND GENERAL EDUCATIONAL PURPOSES ONLY. WHILE IT MAY CONTAIN EDUCATIONAL CONTENT, IT IS NOT INTENDED TO REPLACE FORMAL EDUCATION, PROFESSIONAL TRAINING, OR EXPERT ADVICE. TO THE MAXIMUM EXTENT PERMITTED BY LAW, THE DEVELOPER, DISTRIBUTOR, AND ANY [&hellip;]<\/p>\n","protected":false},"author":1,"featured_media":0,"parent":0,"menu_order":3,"comment_status":"closed","ping_status":"closed","template":"","meta":{"footnotes":""},"class_list":["post-74","page","type-page","status-publish","hentry"],"_links":{"self":[{"href":"https:\/\/grumblydaddy.com\/fr\/wp-json\/wp\/v2\/pages\/74","targetHints":{"allow":["GET"]}}],"collection":[{"href":"https:\/\/grumblydaddy.com\/fr\/wp-json\/wp\/v2\/pages"}],"about":[{"href":"https:\/\/grumblydaddy.com\/fr\/wp-json\/wp\/v2\/types\/page"}],"author":[{"embeddable":true,"href":"https:\/\/grumblydaddy.com\/fr\/wp-json\/wp\/v2\/users\/1"}],"replies":[{"embeddable":true,"href":"https:\/\/grumblydaddy.com\/fr\/wp-json\/wp\/v2\/comments?post=74"}],"version-history":[{"count":4,"href":"https:\/\/grumblydaddy.com\/fr\/wp-json\/wp\/v2\/pages\/74\/revisions"}],"predecessor-version":[{"id":87,"href":"https:\/\/grumblydaddy.com\/fr\/wp-json\/wp\/v2\/pages\/74\/revisions\/87"}],"wp:attachment":[{"href":"https:\/\/grumblydaddy.com\/fr\/wp-json\/wp\/v2\/media?parent=74"}],"curies":[{"name":"wp","href":"https:\/\/api.w.org\/{rel}","templated":true}]}}