{"id":48,"date":"2026-01-10T15:51:37","date_gmt":"2026-01-10T15:51:37","guid":{"rendered":"https:\/\/grumblydaddy.com\/?page_id=48"},"modified":"2026-04-14T22:57:29","modified_gmt":"2026-04-14T21:57:29","slug":"the-grumblydaddy-game","status":"publish","type":"page","link":"https:\/\/grumblydaddy.com\/fr\/","title":{"rendered":"Le jeu de maths pour enfants GrumblyDaddy"},"content":{"rendered":"<p class=\"is-style-text-subtitle has-x-large-font-size is-style-text-subtitle--1\"><strong>Amusons-nous avec l'arithm\u00e9tique !<\/strong><\/p>\n\n\n\n<div style=\"height:40px\" aria-hidden=\"true\" class=\"wp-block-spacer\"><\/div>\n\n\n\n<p>Les enfants apprennent les quatre op\u00e9rations de base d'une mani\u00e8re amusante.<br>GrumblyDaddy aide les enfants de l'\u00e9cole primaire \u00e0 pratiquer l'addition, la soustraction, la multiplication et la division.<\/p>\n\n\n\n<p>R\u00e9ponds correctement pour rendre papa ours de plus en plus heureux. Si tu te trompes, il devient grincheux... mais tu peux lui chatouiller le nez pour le calmer et voir ce qui se passe.<\/p>\n\n\n\n<p>GrumblyDaddy est une application \u00e9ducative de math\u00e9matiques con\u00e7ue pour les enfants de 5 \u00e0 10 ans.<\/p>\n\n\n\n<p>Avec papa ours et ses six fils, les enfants peuvent s'entra\u00eener :<\/p>\n\n\n\n<ul class=\"wp-block-list\">\n<li>addition<\/li>\n\n\n\n<li>soustraction<\/li>\n\n\n\n<li>la multiplication<\/li>\n\n\n\n<li>division<\/li>\n<\/ul>\n\n\n\n<p><\/p>\n\n\n\n<p>Pourquoi les enfants aiment GrumblyDaddy :<\/p>\n\n\n\n<ul class=\"wp-block-list\">\n<li>des exercices de math\u00e9matiques simples et ludiques<\/li>\n\n\n\n<li>un personnage d'ours dr\u00f4le et expressif<\/li>\n\n\n\n<li>un apprentissage adapt\u00e9 aux enfants de l'\u00e9cole primaire<\/li>\n\n\n\n<li>une fa\u00e7on amusante de pratiquer l'arithm\u00e9tique<\/li>\n\n\n\n<li>d\u00e9couverte progressive des 4 op\u00e9rations de base<\/li>\n<\/ul>\n\n\n\n<p><\/p>\n\n\n\n<p>Pourquoi les parents l'aiment :<\/p>\n\n\n\n<ul class=\"wp-block-list\">\n<li>les enfants pratiquent les comp\u00e9tences arithm\u00e9tiques essentielles<\/li>\n\n\n\n<li>l'apprentissage se fait par le jeu<\/li>\n\n\n\n<li>l'univers humoristique permet de maintenir l'attention<\/li>\n\n\n\n<li>adapt\u00e9 aux jeunes apprenants<\/li>\n<\/ul>\n\n\n\n<p><\/p>\n\n\n\n<p>GrumblyDaddy est id\u00e9al pour les enfants qui commencent l'arithm\u00e9tique ou qui veulent renforcer leurs comp\u00e9tences de base en math\u00e9matiques.<\/p>\n\n\n\n<p><\/p>\n\n\n\n<p>Le jeu est disponible dans une version \u201cLite\u201d gratuite, limit\u00e9e aux tables 1, 2 et 3, que vous pouvez trouver \u00e0 l'adresse suivante <a href=\"https:\/\/play.google.com\/store\/apps\/details?id=com.applisphones.bearoperations2\" target=\"_blank\" rel=\"noreferrer noopener\">ici<\/a> disponible sur le Google Play Store. Cette application propose une option Premium permettant de d\u00e9bloquer tous les niveaux. Essayez-la pour d\u00e9couvrir le jeu dans son int\u00e9gralit\u00e9\u00a0!<\/p>\n\n\n\n<div style=\"height:40px\" aria-hidden=\"true\" class=\"wp-block-spacer\"><\/div>\n\n\n\n<h1 class=\"wp-block-heading\">D\u00e9tails<\/h1>\n\n\n\n<h2 class=\"wp-block-heading\">L'\u00e9cran principal<\/h2>\n\n\n\n<p>Dans l'\u00e9cran principal, on d\u00e9couvre un papa ours surplombant ses six fils qui tentent de trouver les bonnes r\u00e9ponses \u00e0 des questions sur les op\u00e9rations d'addition, de soustraction, de multiplication et de division.<\/p>\n\n\n\n<figure class=\"wp-block-image size-full\"><img loading=\"lazy\" decoding=\"async\" width=\"480\" height=\"800\" src=\"https:\/\/grumblydaddy.com\/wp-content\/uploads\/2026\/01\/Screenshot_20251202_222212.png\" alt=\"L&#039;\u00e9cran principal du jeu de math\u00e9matiques pour enfants GrumblyDaddy.\" class=\"wp-image-43\" srcset=\"https:\/\/grumblydaddy.com\/wp-content\/uploads\/2026\/01\/Screenshot_20251202_222212.png 480w, https:\/\/grumblydaddy.com\/wp-content\/uploads\/2026\/01\/Screenshot_20251202_222212-180x300.png 180w\" sizes=\"auto, (max-width: 480px) 100vw, 480px\" \/><\/figure>\n\n\n\n<p>S'ils r\u00e9pondent correctement, papa ours devient de plus en plus heureux.<\/p>\n\n\n\n<p>S'ils ne le font pas, papa ours devient de plus en plus furieux. Pour le calmer, tu peux le chatouiller sur le nez. Fais-le, et tu verras ce qui se passe !<\/p>\n\n\n\n<p>Vous pouvez faire une pause \u00e0 tout moment.<\/p>\n\n\n\n<p>Vous pouvez choisir un niveau de difficult\u00e9 parmi Facile, Moyen et Difficile.<\/p>\n\n\n\n<p>L'application GrumblyDaddy vise \u00e0 rendre l'arithm\u00e9tique humoristique et attrayante. Les enfants s'identifient aux oursons de l'application. Les oursons aiment \u00eatre surveill\u00e9s par leur papa ours et pouvoir le calmer en lui chatouillant le nez lorsqu'il se met en col\u00e8re. De plus, lorsque l'un des oursons fait une erreur, les autres aiment se moquer de lui.<\/p>\n\n\n\n<div style=\"height:40px\" aria-hidden=\"true\" class=\"wp-block-spacer\"><\/div>\n\n\n\n<h2 class=\"wp-block-heading\">L'\u00e9cran des statistiques<\/h2>\n\n\n\n<p>Un \u00e9cran de statistiques indique les questions auxquelles il a \u00e9t\u00e9 r\u00e9pondu correctement et celles qui peuvent \u00eatre am\u00e9lior\u00e9es.<\/p>\n\n\n\n<figure class=\"wp-block-image size-full\"><img loading=\"lazy\" decoding=\"async\" width=\"480\" height=\"800\" src=\"https:\/\/grumblydaddy.com\/wp-content\/uploads\/2026\/01\/Screenshot_20251202_220243-1.png\" alt=\"Statistiques math\u00e9matiques et aper\u00e7u des r\u00e9sultats\" class=\"wp-image-50\" srcset=\"https:\/\/grumblydaddy.com\/wp-content\/uploads\/2026\/01\/Screenshot_20251202_220243-1.png 480w, https:\/\/grumblydaddy.com\/wp-content\/uploads\/2026\/01\/Screenshot_20251202_220243-1-180x300.png 180w\" sizes=\"auto, (max-width: 480px) 100vw, 480px\" \/><\/figure>\n\n\n\n<div style=\"height:40px\" aria-hidden=\"true\" class=\"wp-block-spacer\"><\/div>\n\n\n\n<h2 class=\"wp-block-heading\">L'\u00e9cran des options<\/h2>\n\n\n\n<p>Un \u00e9cran d'options permet \u00e9galement de choisir les tables que vous souhaitez pratiquer.<\/p>\n\n\n\n<figure class=\"wp-block-image size-full\"><img loading=\"lazy\" decoding=\"async\" width=\"480\" height=\"800\" src=\"https:\/\/grumblydaddy.com\/wp-content\/uploads\/2026\/01\/Screenshot_20251202_220306-1.png\" alt=\"\" class=\"wp-image-51\" srcset=\"https:\/\/grumblydaddy.com\/wp-content\/uploads\/2026\/01\/Screenshot_20251202_220306-1.png 480w, https:\/\/grumblydaddy.com\/wp-content\/uploads\/2026\/01\/Screenshot_20251202_220306-1-180x300.png 180w\" sizes=\"auto, (max-width: 480px) 100vw, 480px\" \/><\/figure>\n\n\n\n<div style=\"height:40px\" aria-hidden=\"true\" class=\"wp-block-spacer\"><\/div>\n\n\n\n<h2 class=\"wp-block-heading\">L'\u00e9cran de r\u00e9vision<\/h2>\n\n\n\n<p>Un \u00e9cran de r\u00e9vision permet \u00e9galement d'apprendre ou de revoir les tableaux.<\/p>\n\n\n\n<figure class=\"wp-block-image size-full\"><img loading=\"lazy\" decoding=\"async\" width=\"480\" height=\"800\" src=\"https:\/\/grumblydaddy.com\/wp-content\/uploads\/2026\/01\/Screenshot_20251202_220325-1.png\" alt=\"\" class=\"wp-image-52\" srcset=\"https:\/\/grumblydaddy.com\/wp-content\/uploads\/2026\/01\/Screenshot_20251202_220325-1.png 480w, https:\/\/grumblydaddy.com\/wp-content\/uploads\/2026\/01\/Screenshot_20251202_220325-1-180x300.png 180w\" sizes=\"auto, (max-width: 480px) 100vw, 480px\" \/><\/figure>\n\n\n\n<div style=\"height:40px\" aria-hidden=\"true\" class=\"wp-block-spacer\"><\/div>\n\n\n\n<h2 class=\"wp-block-heading\">D\u00e9monstration vid\u00e9o<\/h2>\n\n\n\n<p class=\"has-large-font-size\">Vous pouvez consulter <a href=\"https:\/\/youtu.be\/FvbKwQSI-vU\" target=\"_blank\" rel=\"noopener\">une visite vid\u00e9o rapide de cette application.<\/a><\/p>\n\n\n\n<p><\/p>\n\n\n\n<p>Joyeuses op\u00e9rations !<\/p>\n\n\n\n<div style=\"height:100px\" aria-hidden=\"true\" class=\"wp-block-spacer\"><\/div>\n\n\n\n<p><\/p>\n\n\n\n<p class=\"has-medium-font-size\" style=\"margin-top:0;margin-right:0;margin-bottom:0;margin-left:0\"><a href=\"https:\/\/grumblydaddy.com\/fr\/politique-de-confidentialite-des-jeux\/\" data-type=\"page\" data-id=\"62\">Politique de confidentialit\u00e9 de l'application<\/a><\/p>\n\n\n\n<p class=\"has-medium-font-size\" style=\"margin-top:0;margin-bottom:0\"><a href=\"https:\/\/grumblydaddy.com\/fr\/accord-de-licence-pour-lutilisateur-final-eula\/\" data-type=\"page\" data-id=\"74\">Le contrat de licence utilisateur final (CLUF) de l'application<\/a><\/p>\n\n\n\n<p class=\"has-medium-font-size\" style=\"margin-top:0;margin-right:0;margin-bottom:0;margin-left:0;padding-top:0;padding-bottom:0\"><a href=\"https:\/\/grumblydaddy.com\/fr\/la-politique-de-confidentialite-de-ce-site\/\" data-type=\"page\" data-id=\"64\">Politique de confidentialit\u00e9 de ce site<\/a><\/p>\n\n\n\n<p class=\"has-medium-font-size\" style=\"margin-top:0;margin-bottom:0\"><a href=\"https:\/\/grumblydaddy.com\/fr\/rapport-de-crash-stabilite-firebase-crashlytics\/\" data-type=\"page\" data-id=\"90\">Rapport d'accident<\/a><\/p>\n\n\n\n<p class=\"has-medium-font-size\" style=\"margin-top:0;margin-bottom:0\">Contact : contact@grumblydaddy.com<\/p>","protected":false},"excerpt":{"rendered":"<p>Let\u2019s have fun with arithmetic! Let kids learn the four basic operations in a funny way.GrumblyDaddy helps primary school children practice addition, subtraction, multiplication and division. Answer correctly to make daddy bear happier and happier. If you make mistakes, he gets grumpy\u2026 but you can tickle his nose to calm him down and see what [&hellip;]<\/p>\n","protected":false},"author":1,"featured_media":112,"parent":0,"menu_order":0,"comment_status":"closed","ping_status":"closed","template":"","meta":{"footnotes":""},"class_list":["post-48","page","type-page","status-publish","has-post-thumbnail","hentry"],"_links":{"self":[{"href":"https:\/\/grumblydaddy.com\/fr\/wp-json\/wp\/v2\/pages\/48","targetHints":{"allow":["GET"]}}],"collection":[{"href":"https:\/\/grumblydaddy.com\/fr\/wp-json\/wp\/v2\/pages"}],"about":[{"href":"https:\/\/grumblydaddy.com\/fr\/wp-json\/wp\/v2\/types\/page"}],"author":[{"embeddable":true,"href":"https:\/\/grumblydaddy.com\/fr\/wp-json\/wp\/v2\/users\/1"}],"replies":[{"embeddable":true,"href":"https:\/\/grumblydaddy.com\/fr\/wp-json\/wp\/v2\/comments?post=48"}],"version-history":[{"count":51,"href":"https:\/\/grumblydaddy.com\/fr\/wp-json\/wp\/v2\/pages\/48\/revisions"}],"predecessor-version":[{"id":203,"href":"https:\/\/grumblydaddy.com\/fr\/wp-json\/wp\/v2\/pages\/48\/revisions\/203"}],"wp:featuredmedia":[{"embeddable":true,"href":"https:\/\/grumblydaddy.com\/fr\/wp-json\/wp\/v2\/media\/112"}],"wp:attachment":[{"href":"https:\/\/grumblydaddy.com\/fr\/wp-json\/wp\/v2\/media?parent=48"}],"curies":[{"name":"wp","href":"https:\/\/api.w.org\/{rel}","templated":true}]}}