{"id":74,"date":"2026-01-19T18:06:46","date_gmt":"2026-01-19T18:06:46","guid":{"rendered":"https:\/\/grumblydaddy.com\/?page_id=74"},"modified":"2026-03-22T21:27:48","modified_gmt":"2026-03-22T20:27:48","slug":"end-user-licence-agreement-eula","status":"publish","type":"page","link":"https:\/\/grumblydaddy.com\/fi\/end-user-licence-agreement-eula\/","title":{"rendered":"Loppuk\u00e4ytt\u00e4j\u00e4n lisenssisopimus (EULA)"},"content":{"rendered":"<h3 class=\"wp-block-heading\"><strong>OPETUSVIDEOPELEJ\u00c4 KOSKEVAN VASTUUN RAJOITTAMINEN<\/strong><\/h3>\n\n\n\n<p>T\u00c4M\u00c4 VIDEOPELI TARJOTAAN \u201cSELLAISENA KUIN SE ON\u201d JA \u201cSELLAISENA KUIN SE ON SAATAVILLA\u201d AINOASTAAN VIIHDE- JA YLEISSIVIST\u00c4VIIN TARKOITUKSIIN. VAIKKA SE SAATTAA SIS\u00c4LT\u00c4\u00c4 OPETTAVAISTA SIS\u00c4LT\u00d6\u00c4, SIT\u00c4 EI OLE TARKOITETTU KORVAAMAAN MUODOLLISTA KOULUTUSTA, AMMATILLISTA KOULUTUSTA TAI ASIANTUNTIJAN NEUVOJA.<\/p>\n\n\n\n<p>LAIN SALLIMISSA RAJOISSA KEHITT\u00c4J\u00c4, JAKELIJA JA SIIHEN LIITTYV\u00c4T OSAPUOLET EIV\u00c4T ANNA MIT\u00c4\u00c4N TAKUITA, NIMENOMAISIA TAI EP\u00c4SUORIA, PELISS\u00c4 ESITETTYJEN TIETOJEN TARKKUUDESTA, T\u00c4YDELLISYYDEST\u00c4 TAI LUOTETTAVUUDESTA. K\u00c4YTT\u00c4JIEN TULEE TARKISTAA KAIKKI TIEDOT LUOTETTAVISTA L\u00c4HTEIST\u00c4 ENNEN KUIN HE LUOTTAVAT NIIHIN AKATEEMISIA, AMMATILLISIA TAI HENKIL\u00d6KOHTAISIA P\u00c4\u00c4T\u00d6KSI\u00c4 TEHDESS\u00c4\u00c4N.<\/p>\n\n\n\n<p>KEHITT\u00c4J\u00c4, JAKELIJA TAI SIIHEN LIITTYV\u00c4T OSAPUOLET EIV\u00c4T MISS\u00c4\u00c4N TAPAUKSESSA OLE VASTUUSSA MIST\u00c4\u00c4N EP\u00c4SUORISTA, SATUNNAISISTA, V\u00c4LILLISIST\u00c4, ERITYISIST\u00c4 TAI ESIMERKILLISIST\u00c4 VAHINGOISTA, JOTKA JOHTUVAT PELIN SIS\u00c4LL\u00d6N K\u00c4YT\u00d6ST\u00c4 TAI VIRHEELLISEST\u00c4 TULKINNASTA. T\u00c4M\u00c4 KOSKEE MUUN MUASSA AKATEEMISIA TULOKSIA, V\u00c4\u00c4R\u00c4\u00c4 TIETOA, TALOUDELLISIA TAPPIOITA TAI PELISS\u00c4 OLEVIIN TIETOIHIN PERUSTUVIA P\u00c4\u00c4T\u00d6KSI\u00c4.<\/p>\n\n\n\n<p>LAINK\u00c4YTT\u00d6ALUEILLA, JOILLA VASTUUN RAJOITTAMINEN ON RAJOITETTUA (MUKAAN LUKIEN KALIFORNIA), VASTUU ON RAJOITETTU LAIN SALLIMAAN LAAJUUTEEN. MISS\u00c4\u00c4N TAPAUKSESSA KEHITT\u00c4J\u00c4N TAI JAKELIJAN KOKONAISVASTUU EI SAA YLITT\u00c4\u00c4 PELIST\u00c4 MAKSETTUA SUMMAA.<\/p>\n\n\n\n<p>PELATESSASI T\u00c4T\u00c4 PELI\u00c4 VAHVISTAT, ETT\u00c4 YMM\u00c4RR\u00c4T JA HYV\u00c4KSYT N\u00c4M\u00c4 VASTUUNRAJOITUKSET.<\/p>\n\n\n\n<p>T\u00c4SS\u00c4 PELISS\u00c4 IS\u00c4KARHU ANTAA POJILLEEN LAHJAN, KUN N\u00c4M\u00c4 ANTAVAT OIKEAT VASTAUKSET IS\u00c4LLEEN. T\u00c4M\u00c4 ON SYMBOLINEN EIK\u00c4 SIT\u00c4 PID\u00c4 TULKITA NIIN, ETT\u00c4 PELI TARJOAA K\u00c4YTT\u00c4J\u00c4LLE LAHJAN.<\/p>\n\n\n\n<p><\/p>\n\n\n\n<p><\/p>\n\n\n\n<p class=\"has-medium-font-size\">S\u00e4hk\u00f6postimme : contact@grumblydaddy.com<\/p>","protected":false},"excerpt":{"rendered":"<p>LIMITATION OF LIABILITY FOR EDUCATIONAL VIDEO GAMES THIS VIDEO GAME IS PROVIDED &#8220;AS IS&#8221; AND &#8220;AS AVAILABLE&#8221; FOR ENTERTAINMENT AND GENERAL EDUCATIONAL PURPOSES ONLY. WHILE IT MAY CONTAIN EDUCATIONAL CONTENT, IT IS NOT INTENDED TO REPLACE FORMAL EDUCATION, PROFESSIONAL TRAINING, OR EXPERT ADVICE. TO THE MAXIMUM EXTENT PERMITTED BY LAW, THE DEVELOPER, DISTRIBUTOR, AND ANY [&hellip;]<\/p>\n","protected":false},"author":1,"featured_media":0,"parent":0,"menu_order":3,"comment_status":"closed","ping_status":"closed","template":"","meta":{"footnotes":""},"class_list":["post-74","page","type-page","status-publish","hentry"],"_links":{"self":[{"href":"https:\/\/grumblydaddy.com\/fi\/wp-json\/wp\/v2\/pages\/74","targetHints":{"allow":["GET"]}}],"collection":[{"href":"https:\/\/grumblydaddy.com\/fi\/wp-json\/wp\/v2\/pages"}],"about":[{"href":"https:\/\/grumblydaddy.com\/fi\/wp-json\/wp\/v2\/types\/page"}],"author":[{"embeddable":true,"href":"https:\/\/grumblydaddy.com\/fi\/wp-json\/wp\/v2\/users\/1"}],"replies":[{"embeddable":true,"href":"https:\/\/grumblydaddy.com\/fi\/wp-json\/wp\/v2\/comments?post=74"}],"version-history":[{"count":4,"href":"https:\/\/grumblydaddy.com\/fi\/wp-json\/wp\/v2\/pages\/74\/revisions"}],"predecessor-version":[{"id":87,"href":"https:\/\/grumblydaddy.com\/fi\/wp-json\/wp\/v2\/pages\/74\/revisions\/87"}],"wp:attachment":[{"href":"https:\/\/grumblydaddy.com\/fi\/wp-json\/wp\/v2\/media?parent=74"}],"curies":[{"name":"wp","href":"https:\/\/api.w.org\/{rel}","templated":true}]}}