{"id":64,"date":"2026-01-10T16:14:02","date_gmt":"2026-01-10T16:14:02","guid":{"rendered":"https:\/\/grumblydaddy.com\/?page_id=64"},"modified":"2026-03-27T19:10:43","modified_gmt":"2026-03-27T18:10:43","slug":"this-sites-privacy-policy","status":"publish","type":"page","link":"https:\/\/grumblydaddy.com\/fi\/this-sites-privacy-policy\/","title":{"rendered":"T\u00e4m\u00e4n sivuston tietosuojak\u00e4yt\u00e4nt\u00f6"},"content":{"rendered":"<p>Verkkosivustomme osoite on: https:\/\/grumblydaddy.com.<\/p>\n\n\n\n<p><strong>Kommentit<\/strong><br>Kun k\u00e4vij\u00e4t j\u00e4tt\u00e4v\u00e4t kommentteja sivustolle, ker\u00e4\u00e4mme kommenttilomakkeessa n\u00e4kyv\u00e4t tiedot sek\u00e4 k\u00e4vij\u00e4n IP-osoitteen ja selaimen k\u00e4ytt\u00e4j\u00e4agenttijonon roskapostin havaitsemisen helpottamiseksi.<\/p>\n\n\n\n<p>Gravatar-palvelulle voidaan toimittaa s\u00e4hk\u00f6postiosoitteestasi luotu anonyymi merkkijono (jota kutsutaan my\u00f6s hashiksi), jotta voidaan n\u00e4hd\u00e4, k\u00e4yt\u00e4tk\u00f6 sit\u00e4. Gravatar-palvelun tietosuojak\u00e4yt\u00e4nt\u00f6 on saatavilla t\u00e4\u00e4ll\u00e4: https:\/\/automattic.com\/privacy\/. Kun kommenttisi on hyv\u00e4ksytty, profiilikuvasi n\u00e4kyy yleis\u00f6lle kommenttisi yhteydess\u00e4.<\/p>\n\n\n\n<p><strong>Media<\/strong><br>Jos lataat kuvia verkkosivustolle, sinun tulisi v\u00e4ltt\u00e4\u00e4 sellaisten kuvien lataamista, joihin on sis\u00e4llytetty sijaintitietoja (EXIF GPS). Verkkosivuston k\u00e4vij\u00e4t voivat ladata ja poimia sijaintitietoja verkkosivustolla olevista kuvista.<\/p>\n\n\n\n<p><strong>Ev\u00e4steet<\/strong><br>Jos j\u00e4t\u00e4t kommentin sivustollemme, voit suostua siihen, ett\u00e4 nimesi, s\u00e4hk\u00f6postiosoitteesi ja verkkosivustosi tallennetaan ev\u00e4steisiin. N\u00e4m\u00e4 ovat sinulle k\u00e4tevi\u00e4, jotta sinun ei tarvitse t\u00e4ytt\u00e4\u00e4 tietojasi uudelleen, kun j\u00e4t\u00e4t toisen kommentin. N\u00e4m\u00e4 ev\u00e4steet s\u00e4ilyv\u00e4t yhden vuoden ajan.<\/p>\n\n\n\n<p>Jos k\u00e4yt kirjautumissivullamme, asetamme v\u00e4liaikaisen ev\u00e4steen m\u00e4\u00e4ritt\u00e4\u00e4ksemme, hyv\u00e4ksyyk\u00f6 selaimesi ev\u00e4steet. T\u00e4m\u00e4 ev\u00e4ste ei sis\u00e4ll\u00e4 henkil\u00f6tietoja, ja se h\u00e4vitet\u00e4\u00e4n, kun suljet selaimesi.<\/p>\n\n\n\n<p>Kun kirjaudut sis\u00e4\u00e4n, asetamme my\u00f6s useita ev\u00e4steit\u00e4 tallentaaksemme kirjautumistietosi ja n\u00e4yt\u00f6n n\u00e4ytt\u00f6valintasi. Sis\u00e4\u00e4nkirjautumisev\u00e4steet s\u00e4ilyv\u00e4t kaksi p\u00e4iv\u00e4\u00e4, ja n\u00e4ytt\u00f6asetusten ev\u00e4steet s\u00e4ilyv\u00e4t vuoden. Jos valitset \u201cMuista minut\u201d, kirjautumisesi s\u00e4ilyy kaksi viikkoa. Jos kirjaudut ulos tililt\u00e4si, kirjautumisev\u00e4steet poistetaan.<\/p>\n\n\n\n<p>Jos muokkaat tai julkaiset artikkelin, selaimeesi tallennetaan toinen ev\u00e4ste. T\u00e4m\u00e4 ev\u00e4ste ei sis\u00e4ll\u00e4 henkil\u00f6tietoja, vaan se ilmoittaa vain juuri muokkaamasi artikkelin postitustunnuksen. Se vanhenee 1 p\u00e4iv\u00e4n kuluttua.<\/p>\n\n\n\n<p>K\u00e4ytett\u00e4vien ev\u00e4steiden ja vastaavien tekniikoiden (seurantapikselit, verkkomajakat jne.) ja niihin liittyvien suostumusten hallintaan k\u00e4yt\u00e4mme suostumusty\u00f6kalua \u201cReal Cookie Banner\u201d.<\/p>\n\n\n\n<p>Henkil\u00f6tietojen k\u00e4sittelyn oikeusperustana t\u00e4ss\u00e4 yhteydess\u00e4 ovat art. 6 (1) c) GDPR ja Art. 6 (1) f) GDPR. Oikeutettu etumme on k\u00e4ytettyjen ev\u00e4steiden ja vastaavien tekniikoiden hallinta ja niihin liittyv\u00e4t suostumukset.<\/p>\n\n\n\n<p>Henkil\u00f6tietojen toimittamista ei edellytet\u00e4 sopimuksessa eik\u00e4 se ole v\u00e4ltt\u00e4m\u00e4t\u00f6nt\u00e4 sopimuksen tekemist\u00e4 varten. Sinulla ei ole velvollisuutta antaa henkil\u00f6tietoja. Jos et anna henkil\u00f6tietoja, emme voi hallinnoida suostumuksiasi.<\/p>\n\n\n\n<p><strong>Muiden verkkosivustojen upotettu sis\u00e4lt\u00f6<\/strong><br>T\u00e4m\u00e4n sivuston artikkelit voivat sis\u00e4lt\u00e4\u00e4 upotettua sis\u00e4lt\u00f6\u00e4 (esim. videoita, kuvia, artikkeleita jne.). Muiden verkkosivustojen upotettu sis\u00e4lt\u00f6 k\u00e4ytt\u00e4ytyy t\u00e4sm\u00e4lleen samalla tavalla kuin jos k\u00e4vij\u00e4 olisi vieraillut toisella verkkosivustolla.<\/p>\n\n\n\n<p>N\u00e4m\u00e4 verkkosivustot voivat ker\u00e4t\u00e4 tietoja sinusta, k\u00e4ytt\u00e4\u00e4 ev\u00e4steit\u00e4, upottaa kolmannen osapuolen lis\u00e4seurantaa ja seurata vuorovaikutustasi upotetun sis\u00e4ll\u00f6n kanssa, mukaan lukien vuorovaikutuksesi seuraaminen upotetun sis\u00e4ll\u00f6n kanssa, jos sinulla on tili ja olet kirjautunut kyseiselle verkkosivustolle.<\/p>\n\n\n\n<p><strong>Kenen kanssa jaamme tietojasi<\/strong><br>Jos pyyd\u00e4t salasanan palautusta, IP-osoitteesi sis\u00e4llytet\u00e4\u00e4n palautuss\u00e4hk\u00f6postiin.<\/p>\n\n\n\n<p><strong>Kuinka kauan s\u00e4ilyt\u00e4mme tietojasi<\/strong><br>Jos j\u00e4t\u00e4t kommentin, kommentti ja sen metatiedot s\u00e4ilytet\u00e4\u00e4n loputtomiin. N\u00e4in voimme tunnistaa ja hyv\u00e4ksy\u00e4 mahdolliset jatkokommentit automaattisesti sen sijaan, ett\u00e4 pit\u00e4isimme niit\u00e4 moderointijonossa.<\/p>\n\n\n\n<p>Sivustollamme rekister\u00f6ityneiden k\u00e4ytt\u00e4jien (jos sellaisia on) osalta tallennamme heid\u00e4n antamansa henkil\u00f6tiedot my\u00f6s heid\u00e4n k\u00e4ytt\u00e4j\u00e4profiiliinsa. Kaikki k\u00e4ytt\u00e4j\u00e4t voivat milloin tahansa n\u00e4hd\u00e4, muokata tai poistaa henkil\u00f6kohtaisia tietojaan (paitsi ett\u00e4 he eiv\u00e4t voi muuttaa k\u00e4ytt\u00e4j\u00e4tunnustaan). My\u00f6s verkkosivuston yll\u00e4pit\u00e4j\u00e4t voivat n\u00e4hd\u00e4 ja muokata n\u00e4it\u00e4 tietoja.<\/p>\n\n\n\n<p><strong>Mit\u00e4 oikeuksia sinulla on tietojesi suhteen<\/strong><br>Jos sinulla on tili t\u00e4ll\u00e4 sivustolla tai olet j\u00e4tt\u00e4nyt kommentteja, voit pyyt\u00e4\u00e4, ett\u00e4 sinulle l\u00e4hetet\u00e4\u00e4n tiedosto sinusta hallussamme olevista henkil\u00f6tiedoista, mukaan lukien kaikki meille antamasi tiedot. Voit my\u00f6s pyyt\u00e4\u00e4, ett\u00e4 poistamme hallussamme olevat henkil\u00f6tietosi. T\u00e4m\u00e4 ei koske tietoja, jotka meid\u00e4n on s\u00e4ilytett\u00e4v\u00e4 hallinnollisista, oikeudellisista tai turvallisuussyist\u00e4.<\/p>\n\n\n\n<p><strong>Minne tietosi l\u00e4hetet\u00e4\u00e4n<\/strong><br>Vierailijoiden kommentit voidaan tarkistaa automaattisen roskapostin havaitsemispalvelun avulla.<\/p>\n\n\n\n<p class=\"has-medium-font-size\"><strong>Meid\u00e4n s\u00e4hk\u00f6postiosoitteemme :<\/strong> contact@grumblydaddy.com<\/p>","protected":false},"excerpt":{"rendered":"<p>Our website address is: https:\/\/grumblydaddy.com. CommentsWhen visitors leave comments on the site we collect the data shown in the comments form, and also the visitor\u2019s IP address and browser user agent string to help spam detection. An anonymized string created from your email address (also called a hash) may be provided to the Gravatar service [&hellip;]<\/p>\n","protected":false},"author":1,"featured_media":0,"parent":0,"menu_order":2,"comment_status":"closed","ping_status":"closed","template":"","meta":{"footnotes":""},"class_list":["post-64","page","type-page","status-publish","hentry"],"_links":{"self":[{"href":"https:\/\/grumblydaddy.com\/fi\/wp-json\/wp\/v2\/pages\/64","targetHints":{"allow":["GET"]}}],"collection":[{"href":"https:\/\/grumblydaddy.com\/fi\/wp-json\/wp\/v2\/pages"}],"about":[{"href":"https:\/\/grumblydaddy.com\/fi\/wp-json\/wp\/v2\/types\/page"}],"author":[{"embeddable":true,"href":"https:\/\/grumblydaddy.com\/fi\/wp-json\/wp\/v2\/users\/1"}],"replies":[{"embeddable":true,"href":"https:\/\/grumblydaddy.com\/fi\/wp-json\/wp\/v2\/comments?post=64"}],"version-history":[{"count":6,"href":"https:\/\/grumblydaddy.com\/fi\/wp-json\/wp\/v2\/pages\/64\/revisions"}],"predecessor-version":[{"id":200,"href":"https:\/\/grumblydaddy.com\/fi\/wp-json\/wp\/v2\/pages\/64\/revisions\/200"}],"wp:attachment":[{"href":"https:\/\/grumblydaddy.com\/fi\/wp-json\/wp\/v2\/media?parent=64"}],"curies":[{"name":"wp","href":"https:\/\/api.w.org\/{rel}","templated":true}]}}