{"id":48,"date":"2026-01-10T15:51:37","date_gmt":"2026-01-10T15:51:37","guid":{"rendered":"https:\/\/grumblydaddy.com\/?page_id=48"},"modified":"2026-04-14T22:57:29","modified_gmt":"2026-04-14T21:57:29","slug":"the-grumblydaddy-game","status":"publish","type":"page","link":"https:\/\/grumblydaddy.com\/fi\/","title":{"rendered":"GrumblyDaddy matematiikan lasten peli"},"content":{"rendered":"<p class=\"is-style-text-subtitle has-x-large-font-size is-style-text-subtitle--1\"><strong>Pidet\u00e4\u00e4n hauskaa aritmetiikan kanssa!<\/strong><\/p>\n\n\n\n<div style=\"height:40px\" aria-hidden=\"true\" class=\"wp-block-spacer\"><\/div>\n\n\n\n<p>Anna lasten oppia nelj\u00e4 perusoperaatiota hauskalla tavalla.<br>GrumblyDaddy auttaa alakoululaisia harjoittelemaan yhteen-, v\u00e4hennys-, kerto- ja jakolaskuja.<\/p>\n\n\n\n<p>Vastaa oikein, niin isukki on entist\u00e4 onnellisempi. Jos teet virheit\u00e4, h\u00e4n muuttuu \u00e4rtyneeksi... mutta voit kutittaa h\u00e4nen nen\u00e4\u00e4ns\u00e4 rauhoittaaksesi h\u00e4nt\u00e4 ja katsoa, mit\u00e4 tapahtuu.<\/p>\n\n\n\n<p>GrumblyDaddy on opetussovellus, joka on suunniteltu 5\u201310-vuotiaille lapsille.<\/p>\n\n\n\n<p>Is\u00e4karhun ja h\u00e4nen kuuden poikansa kanssa lapset voivat harjoitella:<\/p>\n\n\n\n<ul class=\"wp-block-list\">\n<li>lis\u00e4ys<\/li>\n\n\n\n<li>v\u00e4hennyslasku<\/li>\n\n\n\n<li>kertolasku<\/li>\n\n\n\n<li>Osasto<\/li>\n<\/ul>\n\n\n\n<p><\/p>\n\n\n\n<p>Miksi lapset pit\u00e4v\u00e4t GrumblyDaddyst\u00e4:<\/p>\n\n\n\n<ul class=\"wp-block-list\">\n<li>yksinkertaista ja leikkis\u00e4\u00e4 matematiikan harjoittelua<\/li>\n\n\n\n<li>hauska ja ilmeik\u00e4s karhuhahmo<\/li>\n\n\n\n<li>alakoululaisille mukautettu oppiminen<\/li>\n\n\n\n<li>hauska tapa harjoitella aritmetiikkaa<\/li>\n\n\n\n<li>4 perusoperaation asteittainen l\u00f6yt\u00e4minen<\/li>\n<\/ul>\n\n\n\n<p><\/p>\n\n\n\n<p>Miksi vanhemmat pit\u00e4v\u00e4t siit\u00e4:<\/p>\n\n\n\n<ul class=\"wp-block-list\">\n<li>lapset harjoittelevat keskeisi\u00e4 aritmeettisia taitoja<\/li>\n\n\n\n<li>oppiminen tapahtuu leikin kautta<\/li>\n\n\n\n<li>humoristinen maailmankaikkeus auttaa pit\u00e4m\u00e4\u00e4n huomion yll\u00e4<\/li>\n\n\n\n<li>sopii nuorille oppijoille<\/li>\n<\/ul>\n\n\n\n<p><\/p>\n\n\n\n<p>GrumblyDaddy sopii lapsille, jotka aloittavat laskemisen tai haluavat vahvistaa matematiikan perustaitojaan.<\/p>\n\n\n\n<p><\/p>\n\n\n\n<p>Pelist\u00e4 on saatavilla ilmainen versio, joka on rajoitettu p\u00f6ytiin 1, 2 ja 3. L\u00f6yd\u00e4t sen <a href=\"https:\/\/play.google.com\/store\/apps\/details?id=com.applisphones.bearoperations2\" target=\"_blank\" rel=\"noreferrer noopener\">t\u00e4\u00e4ll\u00e4<\/a> Google Play Kaupassa. Siin\u00e4 on Premium-vaihtoehto, joka avaa kaikki p\u00f6yd\u00e4t. Kokeile sit\u00e4 ja tutustu pelin ulkoasuun ja tuntumaan!<\/p>\n\n\n\n<div style=\"height:40px\" aria-hidden=\"true\" class=\"wp-block-spacer\"><\/div>\n\n\n\n<h1 class=\"wp-block-heading\">Tiedot<\/h1>\n\n\n\n<h2 class=\"wp-block-heading\">P\u00e4\u00e4n\u00e4ytt\u00f6<\/h2>\n\n\n\n<p>P\u00e4\u00e4ruudussa is\u00e4karhu katselee kuutta poikaansa, jotka yritt\u00e4v\u00e4t l\u00f6yt\u00e4\u00e4 oikeat vastaukset yhteen-, v\u00e4hennys-, kerto- ja jakolaskuja koskeviin kysymyksiin.<\/p>\n\n\n\n<figure class=\"wp-block-image size-full\"><img loading=\"lazy\" decoding=\"async\" width=\"480\" height=\"800\" src=\"https:\/\/grumblydaddy.com\/wp-content\/uploads\/2026\/01\/Screenshot_20251202_222212.png\" alt=\"GrumblyDaddy-matematiikkapelin p\u00e4\u00e4n\u00e4ytt\u00f6 lapsille.\" class=\"wp-image-43\" srcset=\"https:\/\/grumblydaddy.com\/wp-content\/uploads\/2026\/01\/Screenshot_20251202_222212.png 480w, https:\/\/grumblydaddy.com\/wp-content\/uploads\/2026\/01\/Screenshot_20251202_222212-180x300.png 180w\" sizes=\"auto, (max-width: 480px) 100vw, 480px\" \/><\/figure>\n\n\n\n<p>Jos he vastaavat oikein, is\u00e4karhu tulee yh\u00e4 onnellisemmaksi ja onnellisemmaksi.<\/p>\n\n\n\n<p>Jos he eiv\u00e4t tee niin, is\u00e4karhu on yh\u00e4 vihaisempi. Voit kuitenkin rauhoittaa sit\u00e4 kutittamalla sit\u00e4 nen\u00e4st\u00e4. Tee se, ja katso mit\u00e4 tapahtuu !<\/p>\n\n\n\n<p>Voit keskeytt\u00e4\u00e4 milloin tahansa.<\/p>\n\n\n\n<p>Voit valita vaikeustasoksi Helppo, Keskivaikea ja Vaikea.<\/p>\n\n\n\n<p>GrumblyDaddy-sovelluksen tavoitteena on tehd\u00e4 laskemisesta humoristista ja mukaansatempaavaa. Lapset samaistuvat sovelluksen pennuihin. Pennut rakastavat sit\u00e4, ett\u00e4 is\u00e4karhu vahtii heit\u00e4 ja ett\u00e4 he voivat rauhoittaa is\u00e4karhua kutittamalla sit\u00e4 nen\u00e4st\u00e4, kun se suuttuu. Kun yksi pennuista tekee virheen, muut pit\u00e4v\u00e4t siit\u00e4, ett\u00e4 ne pilkkaavat sit\u00e4.<\/p>\n\n\n\n<div style=\"height:40px\" aria-hidden=\"true\" class=\"wp-block-spacer\"><\/div>\n\n\n\n<h2 class=\"wp-block-heading\">Tilastoruutu<\/h2>\n\n\n\n<p>Tilastoruutu n\u00e4ytt\u00e4\u00e4 oikein vastatut kysymykset ja ne, joissa on parantamisen varaa.<\/p>\n\n\n\n<figure class=\"wp-block-image size-full\"><img loading=\"lazy\" decoding=\"async\" width=\"480\" height=\"800\" src=\"https:\/\/grumblydaddy.com\/wp-content\/uploads\/2026\/01\/Screenshot_20251202_220243-1.png\" alt=\"Matematiikan tilastot ja pisteet\" class=\"wp-image-50\" srcset=\"https:\/\/grumblydaddy.com\/wp-content\/uploads\/2026\/01\/Screenshot_20251202_220243-1.png 480w, https:\/\/grumblydaddy.com\/wp-content\/uploads\/2026\/01\/Screenshot_20251202_220243-1-180x300.png 180w\" sizes=\"auto, (max-width: 480px) 100vw, 480px\" \/><\/figure>\n\n\n\n<div style=\"height:40px\" aria-hidden=\"true\" class=\"wp-block-spacer\"><\/div>\n\n\n\n<h2 class=\"wp-block-heading\">Vaihtoehtojen n\u00e4ytt\u00f6<\/h2>\n\n\n\n<p>Lis\u00e4ksi on valintaruutu, josta voit valita taulukot, joita haluat harjoitella.<\/p>\n\n\n\n<figure class=\"wp-block-image size-full\"><img loading=\"lazy\" decoding=\"async\" width=\"480\" height=\"800\" src=\"https:\/\/grumblydaddy.com\/wp-content\/uploads\/2026\/01\/Screenshot_20251202_220306-1.png\" alt=\"\" class=\"wp-image-51\" srcset=\"https:\/\/grumblydaddy.com\/wp-content\/uploads\/2026\/01\/Screenshot_20251202_220306-1.png 480w, https:\/\/grumblydaddy.com\/wp-content\/uploads\/2026\/01\/Screenshot_20251202_220306-1-180x300.png 180w\" sizes=\"auto, (max-width: 480px) 100vw, 480px\" \/><\/figure>\n\n\n\n<div style=\"height:40px\" aria-hidden=\"true\" class=\"wp-block-spacer\"><\/div>\n\n\n\n<h2 class=\"wp-block-heading\">Tarkistusn\u00e4ytt\u00f6<\/h2>\n\n\n\n<p>Taulukoiden opettelemiseksi tai tarkistamiseksi on my\u00f6s tarkistusn\u00e4ytt\u00f6.<\/p>\n\n\n\n<figure class=\"wp-block-image size-full\"><img loading=\"lazy\" decoding=\"async\" width=\"480\" height=\"800\" src=\"https:\/\/grumblydaddy.com\/wp-content\/uploads\/2026\/01\/Screenshot_20251202_220325-1.png\" alt=\"\" class=\"wp-image-52\" srcset=\"https:\/\/grumblydaddy.com\/wp-content\/uploads\/2026\/01\/Screenshot_20251202_220325-1.png 480w, https:\/\/grumblydaddy.com\/wp-content\/uploads\/2026\/01\/Screenshot_20251202_220325-1-180x300.png 180w\" sizes=\"auto, (max-width: 480px) 100vw, 480px\" \/><\/figure>\n\n\n\n<div style=\"height:40px\" aria-hidden=\"true\" class=\"wp-block-spacer\"><\/div>\n\n\n\n<h2 class=\"wp-block-heading\">Video demo<\/h2>\n\n\n\n<p class=\"has-large-font-size\">Voit tarkastella <a href=\"https:\/\/youtu.be\/FvbKwQSI-vU\" target=\"_blank\" rel=\"noopener\">nopea videokierros t\u00e4st\u00e4 sovelluksesta.<\/a><\/p>\n\n\n\n<p><\/p>\n\n\n\n<p>Hyv\u00e4\u00e4 toimintaa !<\/p>\n\n\n\n<div style=\"height:100px\" aria-hidden=\"true\" class=\"wp-block-spacer\"><\/div>\n\n\n\n<p><\/p>\n\n\n\n<p class=\"has-medium-font-size\" style=\"margin-top:0;margin-right:0;margin-bottom:0;margin-left:0\"><a href=\"https:\/\/grumblydaddy.com\/fi\/the-games-privacy-policy\/\" data-type=\"page\" data-id=\"62\">Sovelluksen tietosuojak\u00e4yt\u00e4nt\u00f6<\/a><\/p>\n\n\n\n<p class=\"has-medium-font-size\" style=\"margin-top:0;margin-bottom:0\"><a href=\"https:\/\/grumblydaddy.com\/fi\/end-user-licence-agreement-eula\/\" data-type=\"page\" data-id=\"74\">Sovelluksen loppuk\u00e4ytt\u00e4j\u00e4n lisenssisopimus (EULA).<\/a><\/p>\n\n\n\n<p class=\"has-medium-font-size\" style=\"margin-top:0;margin-right:0;margin-bottom:0;margin-left:0;padding-top:0;padding-bottom:0\"><a href=\"https:\/\/grumblydaddy.com\/fi\/this-sites-privacy-policy\/\" data-type=\"page\" data-id=\"64\">T\u00e4m\u00e4n sivuston tietosuojak\u00e4yt\u00e4nt\u00f6<\/a><\/p>\n\n\n\n<p class=\"has-medium-font-size\" style=\"margin-top:0;margin-bottom:0\"><a href=\"https:\/\/grumblydaddy.com\/fi\/crash-reporting-stability-firebase-crashlytics\/\" data-type=\"page\" data-id=\"90\">Onnettomuuksien raportointi<\/a><\/p>\n\n\n\n<p class=\"has-medium-font-size\" style=\"margin-top:0;margin-bottom:0\">Yhteystiedot: contact@grumblydaddy.com<\/p>","protected":false},"excerpt":{"rendered":"<p>Let\u2019s have fun with arithmetic! Let kids learn the four basic operations in a funny way.GrumblyDaddy helps primary school children practice addition, subtraction, multiplication and division. Answer correctly to make daddy bear happier and happier. If you make mistakes, he gets grumpy\u2026 but you can tickle his nose to calm him down and see what [&hellip;]<\/p>\n","protected":false},"author":1,"featured_media":112,"parent":0,"menu_order":0,"comment_status":"closed","ping_status":"closed","template":"","meta":{"footnotes":""},"class_list":["post-48","page","type-page","status-publish","has-post-thumbnail","hentry"],"_links":{"self":[{"href":"https:\/\/grumblydaddy.com\/fi\/wp-json\/wp\/v2\/pages\/48","targetHints":{"allow":["GET"]}}],"collection":[{"href":"https:\/\/grumblydaddy.com\/fi\/wp-json\/wp\/v2\/pages"}],"about":[{"href":"https:\/\/grumblydaddy.com\/fi\/wp-json\/wp\/v2\/types\/page"}],"author":[{"embeddable":true,"href":"https:\/\/grumblydaddy.com\/fi\/wp-json\/wp\/v2\/users\/1"}],"replies":[{"embeddable":true,"href":"https:\/\/grumblydaddy.com\/fi\/wp-json\/wp\/v2\/comments?post=48"}],"version-history":[{"count":51,"href":"https:\/\/grumblydaddy.com\/fi\/wp-json\/wp\/v2\/pages\/48\/revisions"}],"predecessor-version":[{"id":203,"href":"https:\/\/grumblydaddy.com\/fi\/wp-json\/wp\/v2\/pages\/48\/revisions\/203"}],"wp:featuredmedia":[{"embeddable":true,"href":"https:\/\/grumblydaddy.com\/fi\/wp-json\/wp\/v2\/media\/112"}],"wp:attachment":[{"href":"https:\/\/grumblydaddy.com\/fi\/wp-json\/wp\/v2\/media?parent=48"}],"curies":[{"name":"wp","href":"https:\/\/api.w.org\/{rel}","templated":true}]}}