{"id":90,"date":"2026-03-03T19:58:52","date_gmt":"2026-03-03T19:58:52","guid":{"rendered":"https:\/\/grumblydaddy.com\/?page_id=90"},"modified":"2026-03-22T21:29:05","modified_gmt":"2026-03-22T20:29:05","slug":"crash-reporting-stability-firebase-crashlytics","status":"publish","type":"page","link":"https:\/\/grumblydaddy.com\/es\/crash-reporting-stability-firebase-crashlytics\/","title":{"rendered":"Informes de fallos (estabilidad) - Firebase Crashlytics"},"content":{"rendered":"<p>Utilizamos <strong>Firebase Crashlytics<\/strong> (Google) a <strong>detectar y diagnosticar colisiones<\/strong>, solucionar problemas y <strong>mejorar la estabilidad<\/strong> de la <strong>GrumblyDaddy<\/strong> app.<\/p>\n\n\n\n<p><strong>Datos tratados<\/strong><br>Cuando se produce un accidente, Crashlytics puede recoger y enviarnos:<\/p>\n\n\n\n<ul class=\"wp-block-list\">\n<li>informaci\u00f3n relacionada con el fallo (por ejemplo, rastreo del fallo\/rastreo de pila, hora del fallo, contexto t\u00e9cnico);<\/li>\n\n\n\n<li>informaci\u00f3n t\u00e9cnica sobre el dispositivo y la aplicaci\u00f3n (por ejemplo, modelo de dispositivo, versi\u00f3n de Android, idioma\/localizaci\u00f3n, versi\u00f3n de la aplicaci\u00f3n);<\/li>\n\n\n\n<li>a <strong>identificador seud\u00f3nimo<\/strong> vinculado a la instalaci\u00f3n: establecemos un Crashlytics <code>userId<\/code> basado en un <strong>UUID aleatorio generado en la instalaci\u00f3n<\/strong>, entonces <strong>hash<\/strong>. Este identificador no se deriva de un identificador de publicidad ni de un identificador de dispositivo.<\/li>\n<\/ul>\n\n\n\n<p><strong>Datos que no recogemos intencionadamente<\/strong><br>No pretendemos recopilar, a trav\u00e9s de Crashlytics, datos que le identifiquen directamente (por ejemplo, nombre, direcci\u00f3n de correo electr\u00f3nico, n\u00famero de tel\u00e9fono) o datos sensibles. Tambi\u00e9n evitamos incluir datos personales en los registros t\u00e9cnicos.<\/p>\n\n\n\n<p><strong>Prop\u00f3sito<\/strong><br>Mantenimiento correctivo, diagn\u00f3stico de errores y mejora de la fiabilidad y seguridad de la aplicaci\u00f3n.<\/p>\n\n\n\n<p><strong>Base jur\u00eddica<\/strong><br>Nuestra base jur\u00eddica es <strong>inter\u00e9s leg\u00edtimo<\/strong> para garantizar el buen funcionamiento y la seguridad de la aplicaci\u00f3n.<\/p>\n\n\n\n<p><strong>Destinatarios<\/strong><br>Los datos s\u00f3lo son accesibles al personal autorizado (equipos t\u00e9cnicos) y son procesados por <strong>Google\/Firebase<\/strong> como proveedor de servicios.<\/p>\n\n\n\n<p><strong>Transferencias internacionales<\/strong><br>Los datos pueden ser procesados por Google\/Firebase, incluso en infraestructuras ubicadas fuera de la Uni\u00f3n Europea, de conformidad con los mecanismos contractuales y las garant\u00edas establecidas por Google\/Firebase.<\/p>\n\n\n\n<p><strong>Retenci\u00f3n<\/strong><br>Los informes de accidentes se conservan durante <strong>12 meses<\/strong>, A continuaci\u00f3n, se eliminan o se convierten en an\u00f3nimos, a menos que una obligaci\u00f3n legal exija lo contrario.<\/p>\n\n\n\n<p><strong>Sus derechos<\/strong><br>Usted dispone de derechos de acceso, rectificaci\u00f3n, supresi\u00f3n, restricci\u00f3n y oposici\u00f3n, con sujeci\u00f3n a la legislaci\u00f3n aplicable.<br>Para ejercer sus derechos, p\u00f3ngase en contacto con nosotros <strong><a href=\"mailto:contact@grumblydaddy.com\">contact@grumblydaddy.com<\/a><\/strong>.<\/p>","protected":false},"excerpt":{"rendered":"<p>We use Firebase Crashlytics (Google) to detect and diagnose crashes, fix issues, and improve the stability of the GrumblyDaddy app. Data processedWhen a crash occurs, Crashlytics may collect and send us: Data we do not intentionally collectWe do not seek to collect, via Crashlytics, data that directly identifies you (e.g., name, email address, phone number) [&hellip;]<\/p>\n","protected":false},"author":1,"featured_media":0,"parent":0,"menu_order":4,"comment_status":"closed","ping_status":"closed","template":"","meta":{"footnotes":""},"class_list":["post-90","page","type-page","status-publish","hentry"],"_links":{"self":[{"href":"https:\/\/grumblydaddy.com\/es\/wp-json\/wp\/v2\/pages\/90","targetHints":{"allow":["GET"]}}],"collection":[{"href":"https:\/\/grumblydaddy.com\/es\/wp-json\/wp\/v2\/pages"}],"about":[{"href":"https:\/\/grumblydaddy.com\/es\/wp-json\/wp\/v2\/types\/page"}],"author":[{"embeddable":true,"href":"https:\/\/grumblydaddy.com\/es\/wp-json\/wp\/v2\/users\/1"}],"replies":[{"embeddable":true,"href":"https:\/\/grumblydaddy.com\/es\/wp-json\/wp\/v2\/comments?post=90"}],"version-history":[{"count":1,"href":"https:\/\/grumblydaddy.com\/es\/wp-json\/wp\/v2\/pages\/90\/revisions"}],"predecessor-version":[{"id":91,"href":"https:\/\/grumblydaddy.com\/es\/wp-json\/wp\/v2\/pages\/90\/revisions\/91"}],"wp:attachment":[{"href":"https:\/\/grumblydaddy.com\/es\/wp-json\/wp\/v2\/media?parent=90"}],"curies":[{"name":"wp","href":"https:\/\/api.w.org\/{rel}","templated":true}]}}