{"id":74,"date":"2026-01-19T18:06:46","date_gmt":"2026-01-19T18:06:46","guid":{"rendered":"https:\/\/grumblydaddy.com\/?page_id=74"},"modified":"2026-03-22T21:27:48","modified_gmt":"2026-03-22T20:27:48","slug":"end-user-licence-agreement-eula","status":"publish","type":"page","link":"https:\/\/grumblydaddy.com\/es\/end-user-licence-agreement-eula\/","title":{"rendered":"Acuerdo de licencia de usuario final (CLUF)"},"content":{"rendered":"<h3 class=\"wp-block-heading\"><strong>LIMITACI\u00d3N DE LA RESPONSABILIDAD DE LOS VIDEOJUEGOS EDUCATIVOS<\/strong><\/h3>\n\n\n\n<p>ESTE VIDEOJUEGO SE PROPORCIONA \u201cTAL CUAL\u201d Y \u201cSEG\u00daN EST\u00c9 DISPONIBLE\u201d \u00daNICAMENTE CON FINES DE ENTRETENIMIENTO Y EDUCACI\u00d3N GENERAL. AUNQUE PUEDE CONTENER CONTENIDOS EDUCATIVOS, NO PRETENDE SUSTITUIR LA EDUCACI\u00d3N FORMAL, LA FORMACI\u00d3N PROFESIONAL NI EL ASESORAMIENTO DE EXPERTOS.<\/p>\n\n\n\n<p>EN LA MEDIDA M\u00c1XIMA PERMITIDA POR LA LEY, EL DESARROLLADOR, EL DISTRIBUIDOR Y CUALQUIER PARTE AFILIADA NO OFRECEN NINGUNA GARANT\u00cdA, EXPRESA O IMPL\u00cdCITA, SOBRE LA EXACTITUD, INTEGRIDAD O FIABILIDAD DE LA INFORMACI\u00d3N PRESENTADA EN EL JUEGO. LOS USUARIOS DEBEN VERIFICAR CUALQUIER INFORMACI\u00d3N DE FUENTES FIABLES ANTES DE BASARSE EN ELLA PARA TOMAR DECISIONES ACAD\u00c9MICAS, PROFESIONALES O PERSONALES.<\/p>\n\n\n\n<p>BAJO NINGUNA CIRCUNSTANCIA EL DESARROLLADOR, DISTRIBUIDOR O PARTES AFILIADAS SER\u00c1N RESPONSABLES DE NING\u00daN DA\u00d1O INDIRECTO, INCIDENTAL, CONSECUENTE, ESPECIAL O EJEMPLAR DERIVADO DEL USO O MALA INTERPRETACI\u00d3N DEL CONTENIDO DEL JUEGO. ESTO INCLUYE, PERO NO SE LIMITA A, RESULTADOS ACAD\u00c9MICOS, INFORMACI\u00d3N ERR\u00d3NEA, P\u00c9RDIDAS FINANCIERAS O CUALQUIER DECISI\u00d3N BASADA EN LA INFORMACI\u00d3N DEL JUEGO.<\/p>\n\n\n\n<p>EN LAS JURISDICCIONES EN LAS QUE LAS LIMITACIONES DE RESPONSABILIDAD EST\u00c9N RESTRINGIDAS (INCLUIDA CALIFORNIA), LA RESPONSABILIDAD SE LIMITAR\u00c1 AL M\u00c1XIMO PERMITIDO POR LA LEY. EN CUALQUIER CASO, LA RESPONSABILIDAD TOTAL DEL DESARROLLADOR O DISTRIBUIDOR NO SUPERAR\u00c1 EL IMPORTE PAGADO POR EL JUEGO.<\/p>\n\n\n\n<p>AL JUGAR A ESTE JUEGO, USTED RECONOCE QUE COMPRENDE Y ACEPTA ESTAS LIMITACIONES DE RESPONSABILIDAD.<\/p>\n\n\n\n<p>ESTE JUEGO PRESENTA A UN PAP\u00c1 OSO QUE ENTREGA UN REGALO A SUS HIJOS CUANDO DAN LAS RESPUESTAS CORRECTAS A SU PAP\u00c1. ESTO ES SIMB\u00d3LICO Y NO DEBE INTERPRETARSE COMO QUE EL JUEGO OFRECE UN REGALO AL USUARIO.<\/p>\n\n\n\n<p><\/p>\n\n\n\n<p><\/p>\n\n\n\n<p class=\"has-medium-font-size\">Nuestro correo electr\u00f3nico : contact@grumblydaddy.com<\/p>","protected":false},"excerpt":{"rendered":"<p>LIMITATION OF LIABILITY FOR EDUCATIONAL VIDEO GAMES THIS VIDEO GAME IS PROVIDED &#8220;AS IS&#8221; AND &#8220;AS AVAILABLE&#8221; FOR ENTERTAINMENT AND GENERAL EDUCATIONAL PURPOSES ONLY. WHILE IT MAY CONTAIN EDUCATIONAL CONTENT, IT IS NOT INTENDED TO REPLACE FORMAL EDUCATION, PROFESSIONAL TRAINING, OR EXPERT ADVICE. TO THE MAXIMUM EXTENT PERMITTED BY LAW, THE DEVELOPER, DISTRIBUTOR, AND ANY [&hellip;]<\/p>\n","protected":false},"author":1,"featured_media":0,"parent":0,"menu_order":3,"comment_status":"closed","ping_status":"closed","template":"","meta":{"footnotes":""},"class_list":["post-74","page","type-page","status-publish","hentry"],"_links":{"self":[{"href":"https:\/\/grumblydaddy.com\/es\/wp-json\/wp\/v2\/pages\/74","targetHints":{"allow":["GET"]}}],"collection":[{"href":"https:\/\/grumblydaddy.com\/es\/wp-json\/wp\/v2\/pages"}],"about":[{"href":"https:\/\/grumblydaddy.com\/es\/wp-json\/wp\/v2\/types\/page"}],"author":[{"embeddable":true,"href":"https:\/\/grumblydaddy.com\/es\/wp-json\/wp\/v2\/users\/1"}],"replies":[{"embeddable":true,"href":"https:\/\/grumblydaddy.com\/es\/wp-json\/wp\/v2\/comments?post=74"}],"version-history":[{"count":4,"href":"https:\/\/grumblydaddy.com\/es\/wp-json\/wp\/v2\/pages\/74\/revisions"}],"predecessor-version":[{"id":87,"href":"https:\/\/grumblydaddy.com\/es\/wp-json\/wp\/v2\/pages\/74\/revisions\/87"}],"wp:attachment":[{"href":"https:\/\/grumblydaddy.com\/es\/wp-json\/wp\/v2\/media?parent=74"}],"curies":[{"name":"wp","href":"https:\/\/api.w.org\/{rel}","templated":true}]}}