{"id":48,"date":"2026-01-10T15:51:37","date_gmt":"2026-01-10T15:51:37","guid":{"rendered":"https:\/\/grumblydaddy.com\/?page_id=48"},"modified":"2026-04-14T22:57:29","modified_gmt":"2026-04-14T21:57:29","slug":"the-grumblydaddy-game","status":"publish","type":"page","link":"https:\/\/grumblydaddy.com\/es\/","title":{"rendered":"El juego de matem\u00e1ticas para ni\u00f1os GrumblyDaddy"},"content":{"rendered":"<p class=\"is-style-text-subtitle has-x-large-font-size is-style-text-subtitle--1\"><strong>\u00a1Divirt\u00e1monos con la aritm\u00e9tica!<\/strong><\/p>\n\n\n\n<div style=\"height:40px\" aria-hidden=\"true\" class=\"wp-block-spacer\"><\/div>\n\n\n\n<p>Deja que los ni\u00f1os aprendan las cuatro operaciones b\u00e1sicas de forma divertida.<br>GrumblyDaddy ayuda a los ni\u00f1os de primaria a practicar sumas, restas, multiplicaciones y divisiones.<\/p>\n\n\n\n<p>Responde correctamente para que pap\u00e1 oso est\u00e9 cada vez m\u00e1s contento. Si te equivocas, se pone gru\u00f1\u00f3n... pero puedes hacerle cosquillas en la nariz para calmarlo y ver qu\u00e9 pasa.<\/p>\n\n\n\n<p>GrumblyDaddy es una aplicaci\u00f3n educativa dise\u00f1ada para ni\u00f1os de 5 a 10 a\u00f1os.<\/p>\n\n\n\n<p>Con pap\u00e1 oso y sus seis hijos, los ni\u00f1os pueden practicar:<\/p>\n\n\n\n<ul class=\"wp-block-list\">\n<li>adici\u00f3n<\/li>\n\n\n\n<li>sustracci\u00f3n<\/li>\n\n\n\n<li>multiplicaci\u00f3n<\/li>\n\n\n\n<li>divisi\u00f3n<\/li>\n<\/ul>\n\n\n\n<p><\/p>\n\n\n\n<p>Por qu\u00e9 los ni\u00f1os disfrutan con GrumblyDaddy:<\/p>\n\n\n\n<ul class=\"wp-block-list\">\n<li>pr\u00e1ctica matem\u00e1tica sencilla y l\u00fadica<\/li>\n\n\n\n<li>un divertido y expresivo personaje de oso<\/li>\n\n\n\n<li>aprendizaje adaptado para ni\u00f1os de primaria<\/li>\n\n\n\n<li>una forma divertida de practicar aritm\u00e9tica<\/li>\n\n\n\n<li>descubrimiento progresivo de las 4 operaciones b\u00e1sicas<\/li>\n<\/ul>\n\n\n\n<p><\/p>\n\n\n\n<p>Por qu\u00e9 les gusta a los padres:<\/p>\n\n\n\n<ul class=\"wp-block-list\">\n<li>los ni\u00f1os practican habilidades aritm\u00e9ticas esenciales<\/li>\n\n\n\n<li>el aprendizaje se produce a trav\u00e9s del juego<\/li>\n\n\n\n<li>el universo humor\u00edstico ayuda a mantener la atenci\u00f3n<\/li>\n\n\n\n<li>adecuado para j\u00f3venes estudiantes<\/li>\n<\/ul>\n\n\n\n<p><\/p>\n\n\n\n<p>GrumblyDaddy es ideal para ni\u00f1os que se inician en la aritm\u00e9tica o que quieren reforzar sus habilidades matem\u00e1ticas b\u00e1sicas.<\/p>\n\n\n\n<p><\/p>\n\n\n\n<p>El juego viene en una versi\u00f3n gratuita, limitada a las mesas 1, 2 y 3, que puedes encontrar <a href=\"https:\/\/play.google.com\/store\/apps\/details?id=com.applisphones.bearoperations2\" target=\"_blank\" rel=\"noreferrer noopener\">aqu\u00ed<\/a> disponible en Google Play Store. Incluye una opci\u00f3n Premium que desbloquea todas las mesas. \u00a1Pru\u00e9bala para disfrutar de la experiencia de juego!<\/p>\n\n\n\n<div style=\"height:40px\" aria-hidden=\"true\" class=\"wp-block-spacer\"><\/div>\n\n\n\n<h1 class=\"wp-block-heading\">Detalles<\/h1>\n\n\n\n<h2 class=\"wp-block-heading\">La pantalla principal<\/h2>\n\n\n\n<p>En la pantalla principal, descubrimos a un pap\u00e1 oso que vigila a sus seis hijos, que intentan encontrar las respuestas correctas a preguntas sobre operaciones de suma, resta, multiplicaci\u00f3n y divisi\u00f3n.<\/p>\n\n\n\n<figure class=\"wp-block-image size-full\"><img loading=\"lazy\" decoding=\"async\" width=\"480\" height=\"800\" src=\"https:\/\/grumblydaddy.com\/wp-content\/uploads\/2026\/01\/Screenshot_20251202_222212.png\" alt=\"La pantalla principal del juego de matem\u00e1ticas para ni\u00f1os GrumblyDaddy.\" class=\"wp-image-43\" srcset=\"https:\/\/grumblydaddy.com\/wp-content\/uploads\/2026\/01\/Screenshot_20251202_222212.png 480w, https:\/\/grumblydaddy.com\/wp-content\/uploads\/2026\/01\/Screenshot_20251202_222212-180x300.png 180w\" sizes=\"auto, (max-width: 480px) 100vw, 480px\" \/><\/figure>\n\n\n\n<p>Si responden correctamente, pap\u00e1 oso ser\u00e1 cada vez m\u00e1s feliz.<\/p>\n\n\n\n<p>Si no lo hacen, pap\u00e1 oso se enfadar\u00e1 cada vez m\u00e1s. Sin embargo, para calmarlo, puedes hacerle cosquillas en la nariz. Hazlo y ver\u00e1s lo que pasa.<\/p>\n\n\n\n<p>Puedes hacer una pausa en cualquier momento.<\/p>\n\n\n\n<p>Puedes elegir un nivel de dificultad entre F\u00e1cil, Medio y Dif\u00edcil.<\/p>\n\n\n\n<p>La aplicaci\u00f3n GrumblyDaddy pretende hacer que la aritm\u00e9tica sea divertida y atractiva. Los ni\u00f1os se identifican con los oseznos de la aplicaci\u00f3n. A los oseznos les encanta que su pap\u00e1 oso los vigile y poder calmarlo haci\u00e9ndole cosquillas en la nariz cuando se enfada. Adem\u00e1s, cuando uno de los oseznos se equivoca, a los dem\u00e1s les gusta re\u00edrse de \u00e9l.<\/p>\n\n\n\n<div style=\"height:40px\" aria-hidden=\"true\" class=\"wp-block-spacer\"><\/div>\n\n\n\n<h2 class=\"wp-block-heading\">La pantalla de estad\u00edsticas<\/h2>\n\n\n\n<p>Hay una pantalla de estad\u00edsticas que muestra las preguntas que se han contestado correctamente y las que se pueden mejorar.<\/p>\n\n\n\n<figure class=\"wp-block-image size-full\"><img loading=\"lazy\" decoding=\"async\" width=\"480\" height=\"800\" src=\"https:\/\/grumblydaddy.com\/wp-content\/uploads\/2026\/01\/Screenshot_20251202_220243-1.png\" alt=\"Estad\u00edsticas matem\u00e1ticas y puntuaci\u00f3n\" class=\"wp-image-50\" srcset=\"https:\/\/grumblydaddy.com\/wp-content\/uploads\/2026\/01\/Screenshot_20251202_220243-1.png 480w, https:\/\/grumblydaddy.com\/wp-content\/uploads\/2026\/01\/Screenshot_20251202_220243-1-180x300.png 180w\" sizes=\"auto, (max-width: 480px) 100vw, 480px\" \/><\/figure>\n\n\n\n<div style=\"height:40px\" aria-hidden=\"true\" class=\"wp-block-spacer\"><\/div>\n\n\n\n<h2 class=\"wp-block-heading\">La pantalla de opciones<\/h2>\n\n\n\n<p>Tambi\u00e9n hay una pantalla de opciones para elegir las mesas que desea practicar.<\/p>\n\n\n\n<figure class=\"wp-block-image size-full\"><img loading=\"lazy\" decoding=\"async\" width=\"480\" height=\"800\" src=\"https:\/\/grumblydaddy.com\/wp-content\/uploads\/2026\/01\/Screenshot_20251202_220306-1.png\" alt=\"\" class=\"wp-image-51\" srcset=\"https:\/\/grumblydaddy.com\/wp-content\/uploads\/2026\/01\/Screenshot_20251202_220306-1.png 480w, https:\/\/grumblydaddy.com\/wp-content\/uploads\/2026\/01\/Screenshot_20251202_220306-1-180x300.png 180w\" sizes=\"auto, (max-width: 480px) 100vw, 480px\" \/><\/figure>\n\n\n\n<div style=\"height:40px\" aria-hidden=\"true\" class=\"wp-block-spacer\"><\/div>\n\n\n\n<h2 class=\"wp-block-heading\">La pantalla de revisi\u00f3n<\/h2>\n\n\n\n<p>Tambi\u00e9n hay una pantalla de revisi\u00f3n para aprender o repasar las tablas.<\/p>\n\n\n\n<figure class=\"wp-block-image size-full\"><img loading=\"lazy\" decoding=\"async\" width=\"480\" height=\"800\" src=\"https:\/\/grumblydaddy.com\/wp-content\/uploads\/2026\/01\/Screenshot_20251202_220325-1.png\" alt=\"\" class=\"wp-image-52\" srcset=\"https:\/\/grumblydaddy.com\/wp-content\/uploads\/2026\/01\/Screenshot_20251202_220325-1.png 480w, https:\/\/grumblydaddy.com\/wp-content\/uploads\/2026\/01\/Screenshot_20251202_220325-1-180x300.png 180w\" sizes=\"auto, (max-width: 480px) 100vw, 480px\" \/><\/figure>\n\n\n\n<div style=\"height:40px\" aria-hidden=\"true\" class=\"wp-block-spacer\"><\/div>\n\n\n\n<h2 class=\"wp-block-heading\">V\u00eddeo de demostraci\u00f3n<\/h2>\n\n\n\n<p class=\"has-large-font-size\">Puede consultar <a href=\"https:\/\/youtu.be\/FvbKwQSI-vU\" target=\"_blank\" rel=\"noopener\">un r\u00e1pido recorrido en v\u00eddeo por esta aplicaci\u00f3n.<\/a><\/p>\n\n\n\n<p><\/p>\n\n\n\n<p>\u00a1Felices operaciones!<\/p>\n\n\n\n<div style=\"height:100px\" aria-hidden=\"true\" class=\"wp-block-spacer\"><\/div>\n\n\n\n<p><\/p>\n\n\n\n<p class=\"has-medium-font-size\" style=\"margin-top:0;margin-right:0;margin-bottom:0;margin-left:0\"><a href=\"https:\/\/grumblydaddy.com\/es\/the-games-privacy-policy\/\" data-type=\"page\" data-id=\"62\">Pol\u00edtica de privacidad de la aplicaci\u00f3n<\/a><\/p>\n\n\n\n<p class=\"has-medium-font-size\" style=\"margin-top:0;margin-bottom:0\"><a href=\"https:\/\/grumblydaddy.com\/es\/end-user-licence-agreement-eula\/\" data-type=\"page\" data-id=\"74\">El acuerdo de licencia de usuario final (CLUF) de la aplicaci\u00f3n.<\/a><\/p>\n\n\n\n<p class=\"has-medium-font-size\" style=\"margin-top:0;margin-right:0;margin-bottom:0;margin-left:0;padding-top:0;padding-bottom:0\"><a href=\"https:\/\/grumblydaddy.com\/es\/this-sites-privacy-policy\/\" data-type=\"page\" data-id=\"64\">Pol\u00edtica de privacidad de este sitio<\/a><\/p>\n\n\n\n<p class=\"has-medium-font-size\" style=\"margin-top:0;margin-bottom:0\"><a href=\"https:\/\/grumblydaddy.com\/es\/crash-reporting-stability-firebase-crashlytics\/\" data-type=\"page\" data-id=\"90\">Notificaci\u00f3n de accidentes<\/a><\/p>\n\n\n\n<p class=\"has-medium-font-size\" style=\"margin-top:0;margin-bottom:0\">Contacto: contact@grumblydaddy.com<\/p>","protected":false},"excerpt":{"rendered":"<p>Let\u2019s have fun with arithmetic! Let kids learn the four basic operations in a funny way.GrumblyDaddy helps primary school children practice addition, subtraction, multiplication and division. Answer correctly to make daddy bear happier and happier. If you make mistakes, he gets grumpy\u2026 but you can tickle his nose to calm him down and see what [&hellip;]<\/p>\n","protected":false},"author":1,"featured_media":112,"parent":0,"menu_order":0,"comment_status":"closed","ping_status":"closed","template":"","meta":{"footnotes":""},"class_list":["post-48","page","type-page","status-publish","has-post-thumbnail","hentry"],"_links":{"self":[{"href":"https:\/\/grumblydaddy.com\/es\/wp-json\/wp\/v2\/pages\/48","targetHints":{"allow":["GET"]}}],"collection":[{"href":"https:\/\/grumblydaddy.com\/es\/wp-json\/wp\/v2\/pages"}],"about":[{"href":"https:\/\/grumblydaddy.com\/es\/wp-json\/wp\/v2\/types\/page"}],"author":[{"embeddable":true,"href":"https:\/\/grumblydaddy.com\/es\/wp-json\/wp\/v2\/users\/1"}],"replies":[{"embeddable":true,"href":"https:\/\/grumblydaddy.com\/es\/wp-json\/wp\/v2\/comments?post=48"}],"version-history":[{"count":51,"href":"https:\/\/grumblydaddy.com\/es\/wp-json\/wp\/v2\/pages\/48\/revisions"}],"predecessor-version":[{"id":203,"href":"https:\/\/grumblydaddy.com\/es\/wp-json\/wp\/v2\/pages\/48\/revisions\/203"}],"wp:featuredmedia":[{"embeddable":true,"href":"https:\/\/grumblydaddy.com\/es\/wp-json\/wp\/v2\/media\/112"}],"wp:attachment":[{"href":"https:\/\/grumblydaddy.com\/es\/wp-json\/wp\/v2\/media?parent=48"}],"curies":[{"name":"wp","href":"https:\/\/api.w.org\/{rel}","templated":true}]}}