{"id":90,"date":"2026-03-03T19:58:52","date_gmt":"2026-03-03T19:58:52","guid":{"rendered":"https:\/\/grumblydaddy.com\/?page_id=90"},"modified":"2026-03-22T21:29:05","modified_gmt":"2026-03-22T20:29:05","slug":"crash-reporting-stability-firebase-crashlytics","status":"publish","type":"page","link":"https:\/\/grumblydaddy.com\/de\/crash-reporting-stability-firebase-crashlytics\/","title":{"rendered":"Absturzberichte (Stabilit\u00e4t) - Firebase Crashlytics"},"content":{"rendered":"<p>Wir verwenden <strong>Firebase Crashlytics<\/strong> (Google) an <strong>Abst\u00fcrze erkennen und diagnostizieren<\/strong>, Probleme zu beheben, und <strong>die Stabilit\u00e4t zu verbessern<\/strong> der <strong>GrumblyDaddy<\/strong> app.<\/p>\n\n\n\n<p><strong>Verarbeitete Daten<\/strong><br>Wenn ein Absturz auftritt, kann Crashlytics Daten sammeln und an uns senden:<\/p>\n\n\n\n<ul class=\"wp-block-list\">\n<li>absturzbezogene Informationen (z. B. Crash-Trace\/Stack-Trace, Zeitpunkt des Absturzes, technischer Kontext);<\/li>\n\n\n\n<li>technische Informationen \u00fcber das Ger\u00e4t und die App (z. B. Ger\u00e4temodell, Android-Version, Sprache\/Locale, App-Version);<\/li>\n\n\n\n<li>a <strong>pseudonymer Bezeichner<\/strong> mit der Installation verkn\u00fcpft: Wir setzen eine Crashlytics <code>userId<\/code> basierend auf einem <strong>zuf\u00e4llige UUID, die bei der Installation erzeugt wird<\/strong>, dann <strong>hashed<\/strong>. Diese Kennung ist nicht von einer Werbekennung oder einer Ger\u00e4tekennung abgeleitet.<\/li>\n<\/ul>\n\n\n\n<p><strong>Daten, die wir nicht absichtlich sammeln<\/strong><br>Wir versuchen nicht, \u00fcber Crashlytics Daten zu sammeln, die Sie direkt identifizieren (z. B. Name, E-Mail-Adresse, Telefonnummer) oder sensible Daten. Wir vermeiden auch die Aufnahme pers\u00f6nlicher Daten in technische Protokolle.<\/p>\n\n\n\n<p><strong>Zweck<\/strong><br>Korrigierende Wartung, Fehlerdiagnose und Verbesserung der Zuverl\u00e4ssigkeit und Sicherheit der App.<\/p>\n\n\n\n<p><strong>Rechtsgrundlage<\/strong><br>Unsere Rechtsgrundlage ist unser <strong>rechtm\u00e4\u00dfiges Interesse<\/strong> um den ordnungsgem\u00e4\u00dfen Betrieb und die Sicherheit der App zu gew\u00e4hrleisten.<\/p>\n\n\n\n<p><strong>Empf\u00e4nger<\/strong><br>Die Daten sind nur f\u00fcr autorisiertes Personal (technische Teams) zug\u00e4nglich und werden verarbeitet von <strong>Google\/Firebase<\/strong> als Dienstleistungsanbieter.<\/p>\n\n\n\n<p><strong>Internationale \u00dcberweisungen<\/strong><br>Die Daten k\u00f6nnen von Google\/Firebase verarbeitet werden, auch auf einer Infrastruktur au\u00dferhalb der Europ\u00e4ischen Union, in \u00dcbereinstimmung mit den von Google\/Firebase eingerichteten vertraglichen Mechanismen und Sicherheitsvorkehrungen.<\/p>\n\n\n\n<p><strong>Vorratsspeicherung<\/strong><br>Unfallberichte werden aufbewahrt f\u00fcr <strong>12 Monate<\/strong>, Anschlie\u00dfend werden die Daten gel\u00f6scht oder anonymisiert, es sei denn, eine gesetzliche Verpflichtung verlangt etwas anderes.<\/p>\n\n\n\n<p><strong>Ihre Rechte<\/strong><br>Sie haben das Recht auf Zugang, Berichtigung, L\u00f6schung, Einschr\u00e4nkung und Widerspruch, vorbehaltlich des geltenden Rechts.<br>Um Ihre Rechte auszu\u00fcben, wenden Sie sich bitte an uns: <strong><a href=\"mailto:contact@grumblydaddy.com\">contact@grumblydaddy.com<\/a><\/strong>.<\/p>","protected":false},"excerpt":{"rendered":"<p>We use Firebase Crashlytics (Google) to detect and diagnose crashes, fix issues, and improve the stability of the GrumblyDaddy app. Data processedWhen a crash occurs, Crashlytics may collect and send us: Data we do not intentionally collectWe do not seek to collect, via Crashlytics, data that directly identifies you (e.g., name, email address, phone number) [&hellip;]<\/p>\n","protected":false},"author":1,"featured_media":0,"parent":0,"menu_order":4,"comment_status":"closed","ping_status":"closed","template":"","meta":{"footnotes":""},"class_list":["post-90","page","type-page","status-publish","hentry"],"_links":{"self":[{"href":"https:\/\/grumblydaddy.com\/de\/wp-json\/wp\/v2\/pages\/90","targetHints":{"allow":["GET"]}}],"collection":[{"href":"https:\/\/grumblydaddy.com\/de\/wp-json\/wp\/v2\/pages"}],"about":[{"href":"https:\/\/grumblydaddy.com\/de\/wp-json\/wp\/v2\/types\/page"}],"author":[{"embeddable":true,"href":"https:\/\/grumblydaddy.com\/de\/wp-json\/wp\/v2\/users\/1"}],"replies":[{"embeddable":true,"href":"https:\/\/grumblydaddy.com\/de\/wp-json\/wp\/v2\/comments?post=90"}],"version-history":[{"count":1,"href":"https:\/\/grumblydaddy.com\/de\/wp-json\/wp\/v2\/pages\/90\/revisions"}],"predecessor-version":[{"id":91,"href":"https:\/\/grumblydaddy.com\/de\/wp-json\/wp\/v2\/pages\/90\/revisions\/91"}],"wp:attachment":[{"href":"https:\/\/grumblydaddy.com\/de\/wp-json\/wp\/v2\/media?parent=90"}],"curies":[{"name":"wp","href":"https:\/\/api.w.org\/{rel}","templated":true}]}}