{"id":64,"date":"2026-01-10T16:14:02","date_gmt":"2026-01-10T16:14:02","guid":{"rendered":"https:\/\/grumblydaddy.com\/?page_id=64"},"modified":"2026-03-27T19:10:43","modified_gmt":"2026-03-27T18:10:43","slug":"this-sites-privacy-policy","status":"publish","type":"page","link":"https:\/\/grumblydaddy.com\/de\/this-sites-privacy-policy\/","title":{"rendered":"Die Datenschutzrichtlinie dieser Website"},"content":{"rendered":"<p>Unsere Website-Adresse lautet: https:\/\/grumblydaddy.com.<\/p>\n\n\n\n<p><strong>Kommentare<\/strong><br>Wenn Besucher Kommentare auf der Website hinterlassen, erfassen wir die im Kommentarformular angezeigten Daten sowie die IP-Adresse und den User-Agent-String des Browsers des Besuchers, um die Spam-Erkennung zu erleichtern.<\/p>\n\n\n\n<p>Eine anonymisierte Zeichenfolge, die aus Ihrer E-Mail-Adresse erstellt wird (auch Hash genannt), kann dem Gravatar-Dienst zur Verf\u00fcgung gestellt werden, um zu sehen, ob Sie ihn benutzen. Die Datenschutzrichtlinien des Gravatar-Dienstes finden Sie hier: https:\/\/automattic.com\/privacy\/. Nach der Freigabe Ihres Kommentars ist Ihr Profilbild im Zusammenhang mit Ihrem Kommentar \u00f6ffentlich sichtbar.<\/p>\n\n\n\n<p><strong>Medien<\/strong><br>Wenn Sie Bilder auf die Website hochladen, sollten Sie es vermeiden, Bilder hochzuladen, die eingebettete Standortdaten (EXIF-GPS) enthalten. Die Besucher der Website k\u00f6nnen alle Standortdaten von den Bildern auf der Website herunterladen und extrahieren.<\/p>\n\n\n\n<p><strong>Cookies<\/strong><br>Wenn Sie einen Kommentar auf unserer Website hinterlassen, k\u00f6nnen Sie sich damit einverstanden erkl\u00e4ren, dass Ihr Name, Ihre E-Mail-Adresse und Ihre Website in Cookies gespeichert werden. Diese dienen Ihrer Bequemlichkeit, damit Sie Ihre Daten nicht erneut eingeben m\u00fcssen, wenn Sie einen weiteren Kommentar hinterlassen. Diese Cookies sind ein Jahr lang g\u00fcltig.<\/p>\n\n\n\n<p>Wenn Sie unsere Anmeldeseite besuchen, setzen wir ein tempor\u00e4res Cookie, um festzustellen, ob Ihr Browser Cookies akzeptiert. Dieses Cookie enth\u00e4lt keine pers\u00f6nlichen Daten und wird beim Schlie\u00dfen Ihres Browsers verworfen.<\/p>\n\n\n\n<p>Wenn Sie sich anmelden, legen wir au\u00dferdem mehrere Cookies an, um Ihre Anmeldeinformationen und die von Ihnen gew\u00e4hlten Bildschirmoptionen zu speichern. Die Anmelde-Cookies bleiben zwei Tage lang gespeichert, die Cookies f\u00fcr die Bildschirmoptionen ein Jahr lang. Wenn Sie \u201cRemember Me\u201d w\u00e4hlen, bleibt Ihr Login zwei Wochen lang erhalten. Wenn Sie sich von Ihrem Konto abmelden, werden die Anmelde-Cookies entfernt.<\/p>\n\n\n\n<p>Wenn Sie einen Artikel bearbeiten oder ver\u00f6ffentlichen, wird ein zus\u00e4tzliches Cookie in Ihrem Browser gespeichert. Dieses Cookie enth\u00e4lt keine pers\u00f6nlichen Daten und zeigt lediglich die Post-ID des Artikels an, den Sie gerade bearbeitet haben. Er verf\u00e4llt nach 1 Tag.<\/p>\n\n\n\n<p>Zur Verwaltung der verwendeten Cookies und \u00e4hnlicher Technologien (Z\u00e4hlpixel, Web Beacons usw.) und der damit verbundenen Einwilligungen verwenden wir das Einwilligungstool \u201cReal Cookie Banner\u201d.<\/p>\n\n\n\n<p>Die Rechtsgrundlage f\u00fcr die Verarbeitung personenbezogener Daten in diesem Zusammenhang sind Art. 6 (1) (c) GDPR und Art. 6 (1) (f) GDPR. Unser berechtigtes Interesse ist die Verwaltung der verwendeten Cookies und \u00e4hnlicher Technologien sowie der damit verbundenen Einwilligungen.<\/p>\n\n\n\n<p>Die Bereitstellung der personenbezogenen Daten ist weder vertraglich vorgeschrieben noch f\u00fcr den Abschluss eines Vertrages erforderlich. Sie sind nicht verpflichtet, die personenbezogenen Daten bereitzustellen. Wenn Sie die personenbezogenen Daten nicht bereitstellen, k\u00f6nnen wir Ihre Einwilligungen nicht verwalten.<\/p>\n\n\n\n<p><strong>Eingebettete Inhalte von anderen Websites<\/strong><br>Die Artikel auf dieser Website k\u00f6nnen eingebettete Inhalte (z. B. Videos, Bilder, Artikel usw.) enthalten. Eingebettete Inhalte von anderen Websites verhalten sich genau so, als ob der Besucher die andere Website besucht h\u00e4tte.<\/p>\n\n\n\n<p>Diese Websites k\u00f6nnen Daten \u00fcber Sie sammeln, Cookies verwenden, zus\u00e4tzliche Trackingfunktionen von Dritten einbetten und Ihre Interaktion mit diesen eingebetteten Inhalten \u00fcberwachen, einschlie\u00dflich der Verfolgung Ihrer Interaktion mit den eingebetteten Inhalten, wenn Sie ein Konto haben und auf dieser Website angemeldet sind.<\/p>\n\n\n\n<p><strong>Mit wem wir Ihre Daten teilen<\/strong><br>Wenn Sie ein neues Passwort anfordern, wird Ihre IP-Adresse in der E-Mail mit dem neuen Passwort angegeben.<\/p>\n\n\n\n<p><strong>Wie lange wir Ihre Daten aufbewahren<\/strong><br>Wenn Sie einen Kommentar hinterlassen, werden der Kommentar und seine Metadaten auf unbestimmte Zeit gespeichert. Auf diese Weise k\u00f6nnen wir Folgekommentare automatisch erkennen und genehmigen, anstatt sie in einer Moderationswarteschlange zu halten.<\/p>\n\n\n\n<p>F\u00fcr Benutzer, die sich auf unserer Website registrieren (falls vorhanden), speichern wir auch die pers\u00f6nlichen Informationen, die sie in ihrem Benutzerprofil angeben. Alle Nutzer k\u00f6nnen ihre pers\u00f6nlichen Daten jederzeit einsehen, bearbeiten oder l\u00f6schen (sie k\u00f6nnen jedoch ihren Benutzernamen nicht \u00e4ndern). Auch die Administratoren der Website k\u00f6nnen diese Informationen einsehen und bearbeiten.<\/p>\n\n\n\n<p><strong>Welche Rechte Sie an Ihren Daten haben<\/strong><br>Wenn Sie ein Konto auf dieser Website haben oder Kommentare hinterlassen haben, k\u00f6nnen Sie eine exportierte Datei mit den personenbezogenen Daten anfordern, die wir \u00fcber Sie gespeichert haben, einschlie\u00dflich aller Daten, die Sie uns zur Verf\u00fcgung gestellt haben. Sie k\u00f6nnen auch verlangen, dass wir alle personenbezogenen Daten, die wir \u00fcber Sie gespeichert haben, l\u00f6schen. Davon ausgenommen sind Daten, die wir aus administrativen, rechtlichen oder Sicherheitsgr\u00fcnden aufbewahren m\u00fcssen.<\/p>\n\n\n\n<p><strong>Wohin Ihre Daten gesendet werden<\/strong><br>Die Kommentare der Besucher k\u00f6nnen durch einen automatischen Spam-Erkennungsdienst \u00fcberpr\u00fcft werden.<\/p>\n\n\n\n<p class=\"has-medium-font-size\"><strong>Unsere E-Mail :<\/strong> contact@grumblydaddy.com<\/p>","protected":false},"excerpt":{"rendered":"<p>Our website address is: https:\/\/grumblydaddy.com. CommentsWhen visitors leave comments on the site we collect the data shown in the comments form, and also the visitor\u2019s IP address and browser user agent string to help spam detection. An anonymized string created from your email address (also called a hash) may be provided to the Gravatar service [&hellip;]<\/p>\n","protected":false},"author":1,"featured_media":0,"parent":0,"menu_order":2,"comment_status":"closed","ping_status":"closed","template":"","meta":{"footnotes":""},"class_list":["post-64","page","type-page","status-publish","hentry"],"_links":{"self":[{"href":"https:\/\/grumblydaddy.com\/de\/wp-json\/wp\/v2\/pages\/64","targetHints":{"allow":["GET"]}}],"collection":[{"href":"https:\/\/grumblydaddy.com\/de\/wp-json\/wp\/v2\/pages"}],"about":[{"href":"https:\/\/grumblydaddy.com\/de\/wp-json\/wp\/v2\/types\/page"}],"author":[{"embeddable":true,"href":"https:\/\/grumblydaddy.com\/de\/wp-json\/wp\/v2\/users\/1"}],"replies":[{"embeddable":true,"href":"https:\/\/grumblydaddy.com\/de\/wp-json\/wp\/v2\/comments?post=64"}],"version-history":[{"count":6,"href":"https:\/\/grumblydaddy.com\/de\/wp-json\/wp\/v2\/pages\/64\/revisions"}],"predecessor-version":[{"id":200,"href":"https:\/\/grumblydaddy.com\/de\/wp-json\/wp\/v2\/pages\/64\/revisions\/200"}],"wp:attachment":[{"href":"https:\/\/grumblydaddy.com\/de\/wp-json\/wp\/v2\/media?parent=64"}],"curies":[{"name":"wp","href":"https:\/\/api.w.org\/{rel}","templated":true}]}}