{"id":48,"date":"2026-01-10T15:51:37","date_gmt":"2026-01-10T15:51:37","guid":{"rendered":"https:\/\/grumblydaddy.com\/?page_id=48"},"modified":"2026-04-14T22:57:29","modified_gmt":"2026-04-14T21:57:29","slug":"the-grumblydaddy-game","status":"publish","type":"page","link":"https:\/\/grumblydaddy.com\/de\/","title":{"rendered":"Das GrumblyDaddy-Mathe-Kinderspiel"},"content":{"rendered":"<p class=\"is-style-text-subtitle has-x-large-font-size is-style-text-subtitle--1\"><strong>Wir wollen Spa\u00df am Rechnen haben!<\/strong><\/p>\n\n\n\n<div style=\"height:40px\" aria-hidden=\"true\" class=\"wp-block-spacer\"><\/div>\n\n\n\n<p>Lassen Sie die Kinder die vier Grundrechenarten auf lustige Weise lernen.<br>GrumblyDaddy hilft Grundschulkindern beim \u00dcben von Addition, Subtraktion, Multiplikation und Division.<\/p>\n\n\n\n<p>Antworte richtig, um Papa B\u00e4r immer gl\u00fccklicher zu machen. Wenn du Fehler machst, wird er m\u00fcrrisch... aber du kannst seine Nase kitzeln, um ihn zu beruhigen und zu sehen, was passiert.<\/p>\n\n\n\n<p>GrumblyDaddy ist eine Lern-App f\u00fcr Kinder zwischen 5 und 10 Jahren.<\/p>\n\n\n\n<p>Mit Papa B\u00e4r und seinen sechs S\u00f6hnen k\u00f6nnen die Kinder \u00fcben:<\/p>\n\n\n\n<ul class=\"wp-block-list\">\n<li>Zusatz<\/li>\n\n\n\n<li>Subtraktion<\/li>\n\n\n\n<li>Multiplikation<\/li>\n\n\n\n<li>Abteilung<\/li>\n<\/ul>\n\n\n\n<p><\/p>\n\n\n\n<p>Warum Kinder GrumblyDaddy m\u00f6gen:<\/p>\n\n\n\n<ul class=\"wp-block-list\">\n<li>einfaches und spielerisches \u00dcben von Mathe<\/li>\n\n\n\n<li>eine lustige und ausdrucksstarke B\u00e4renfigur<\/li>\n\n\n\n<li>angepasstes Lernen f\u00fcr Grundschulkinder<\/li>\n\n\n\n<li>eine unterhaltsame Art, Rechnen zu \u00fcben<\/li>\n\n\n\n<li>schrittweise Entdeckung der 4 Grundoperationen<\/li>\n<\/ul>\n\n\n\n<p><\/p>\n\n\n\n<p>Warum Eltern es m\u00f6gen:<\/p>\n\n\n\n<ul class=\"wp-block-list\">\n<li>Kinder \u00fcben grundlegende Rechenfertigkeiten<\/li>\n\n\n\n<li>Lernen geschieht durch Spielen<\/li>\n\n\n\n<li>das humorvolle Universum hilft, die Aufmerksamkeit zu behalten<\/li>\n\n\n\n<li>geeignet f\u00fcr junge Lernende<\/li>\n<\/ul>\n\n\n\n<p><\/p>\n\n\n\n<p>GrumblyDaddy ist ideal f\u00fcr Kinder, die mit dem Rechnen beginnen oder ihre mathematischen Grundkenntnisse festigen wollen.<\/p>\n\n\n\n<p><\/p>\n\n\n\n<p>Das Spiel gibt es in einer kostenlosen version, die auf die Tabellen 1, 2 und 3 beschr\u00e4nkt ist. Sie finden diese Version unter <a href=\"https:\/\/play.google.com\/store\/apps\/details?id=com.applisphones.bearoperations2\" target=\"_blank\" rel=\"noreferrer noopener\">hier<\/a> im Google Play Store erh\u00e4ltlich. Es bietet eine Premium-Option, die alle Tische freischaltet. Probieren Sie es aus, um das Spielgef\u00fchl kennenzulernen!<\/p>\n\n\n\n<div style=\"height:40px\" aria-hidden=\"true\" class=\"wp-block-spacer\"><\/div>\n\n\n\n<h1 class=\"wp-block-heading\">Einzelheiten<\/h1>\n\n\n\n<h2 class=\"wp-block-heading\">Der Hauptbildschirm<\/h2>\n\n\n\n<p>Auf dem Hauptbildschirm sehen wir einen B\u00e4renvater, der seine sechs S\u00f6hne beaufsichtigt, die versuchen, die richtigen Antworten auf Fragen zur Addition, Subtraktion, Multiplikation und Division zu finden.<\/p>\n\n\n\n<figure class=\"wp-block-image size-full\"><img loading=\"lazy\" decoding=\"async\" width=\"480\" height=\"800\" src=\"https:\/\/grumblydaddy.com\/wp-content\/uploads\/2026\/01\/Screenshot_20251202_222212.png\" alt=\"Der Hauptbildschirm von GrumblyDaddy, dem Mathe-Spiel f\u00fcr Kinder.\" class=\"wp-image-43\" srcset=\"https:\/\/grumblydaddy.com\/wp-content\/uploads\/2026\/01\/Screenshot_20251202_222212.png 480w, https:\/\/grumblydaddy.com\/wp-content\/uploads\/2026\/01\/Screenshot_20251202_222212-180x300.png 180w\" sizes=\"auto, (max-width: 480px) 100vw, 480px\" \/><\/figure>\n\n\n\n<p>Wenn sie richtig antworten, wird Papa B\u00e4r immer gl\u00fccklicher.<\/p>\n\n\n\n<p>Wenn sie das nicht tun, wird Papa B\u00e4r immer w\u00fctender und w\u00fctender. Um ihn zu beruhigen, kannst du ihn an der Nase kitzeln. Tun Sie es, und sehen Sie, was passiert!<\/p>\n\n\n\n<p>Sie k\u00f6nnen jederzeit eine Pause einlegen.<\/p>\n\n\n\n<p>Sie k\u00f6nnen zwischen den Schwierigkeitsgraden Leicht, Mittel und Schwer w\u00e4hlen.<\/p>\n\n\n\n<p>Die App \"GrumblyDaddy\" soll das Rechnen auf humorvolle und ansprechende Weise vermitteln. Kinder identifizieren sich mit den B\u00e4renjungen in der App. Die Jungen lieben es, von ihrem B\u00e4renpapa bewacht zu werden und ihn beruhigen zu k\u00f6nnen, indem sie ihn auf der Nase kitzeln, wenn er w\u00fctend wird. Und wenn einer der B\u00e4renjungen einen Fehler macht, machen sich die anderen gerne \u00fcber ihn lustig.<\/p>\n\n\n\n<div style=\"height:40px\" aria-hidden=\"true\" class=\"wp-block-spacer\"><\/div>\n\n\n\n<h2 class=\"wp-block-heading\">Der Statistikbildschirm<\/h2>\n\n\n\n<p>Es gibt einen Statistikbildschirm, der zeigt, welche Fragen richtig beantwortet wurden und welche noch verbessert werden k\u00f6nnen.<\/p>\n\n\n\n<figure class=\"wp-block-image size-full\"><img loading=\"lazy\" decoding=\"async\" width=\"480\" height=\"800\" src=\"https:\/\/grumblydaddy.com\/wp-content\/uploads\/2026\/01\/Screenshot_20251202_220243-1.png\" alt=\"Mathe-Statistiken und Noten\u00fcbersicht\" class=\"wp-image-50\" srcset=\"https:\/\/grumblydaddy.com\/wp-content\/uploads\/2026\/01\/Screenshot_20251202_220243-1.png 480w, https:\/\/grumblydaddy.com\/wp-content\/uploads\/2026\/01\/Screenshot_20251202_220243-1-180x300.png 180w\" sizes=\"auto, (max-width: 480px) 100vw, 480px\" \/><\/figure>\n\n\n\n<div style=\"height:40px\" aria-hidden=\"true\" class=\"wp-block-spacer\"><\/div>\n\n\n\n<h2 class=\"wp-block-heading\">Der Optionsbildschirm<\/h2>\n\n\n\n<p>Au\u00dferdem gibt es einen Optionsbildschirm, auf dem Sie die Tabellen ausw\u00e4hlen k\u00f6nnen, die Sie \u00fcben m\u00f6chten.<\/p>\n\n\n\n<figure class=\"wp-block-image size-full\"><img loading=\"lazy\" decoding=\"async\" width=\"480\" height=\"800\" src=\"https:\/\/grumblydaddy.com\/wp-content\/uploads\/2026\/01\/Screenshot_20251202_220306-1.png\" alt=\"\" class=\"wp-image-51\" srcset=\"https:\/\/grumblydaddy.com\/wp-content\/uploads\/2026\/01\/Screenshot_20251202_220306-1.png 480w, https:\/\/grumblydaddy.com\/wp-content\/uploads\/2026\/01\/Screenshot_20251202_220306-1-180x300.png 180w\" sizes=\"auto, (max-width: 480px) 100vw, 480px\" \/><\/figure>\n\n\n\n<div style=\"height:40px\" aria-hidden=\"true\" class=\"wp-block-spacer\"><\/div>\n\n\n\n<h2 class=\"wp-block-heading\">Der Revisionsbildschirm<\/h2>\n\n\n\n<p>Es gibt auch einen Revisionsbildschirm zum Lernen oder Wiederholen der Tabellen.<\/p>\n\n\n\n<figure class=\"wp-block-image size-full\"><img loading=\"lazy\" decoding=\"async\" width=\"480\" height=\"800\" src=\"https:\/\/grumblydaddy.com\/wp-content\/uploads\/2026\/01\/Screenshot_20251202_220325-1.png\" alt=\"\" class=\"wp-image-52\" srcset=\"https:\/\/grumblydaddy.com\/wp-content\/uploads\/2026\/01\/Screenshot_20251202_220325-1.png 480w, https:\/\/grumblydaddy.com\/wp-content\/uploads\/2026\/01\/Screenshot_20251202_220325-1-180x300.png 180w\" sizes=\"auto, (max-width: 480px) 100vw, 480px\" \/><\/figure>\n\n\n\n<div style=\"height:40px\" aria-hidden=\"true\" class=\"wp-block-spacer\"><\/div>\n\n\n\n<h2 class=\"wp-block-heading\">Video-Demo<\/h2>\n\n\n\n<p class=\"has-large-font-size\">Sie k\u00f6nnen sich <a href=\"https:\/\/youtu.be\/FvbKwQSI-vU\" target=\"_blank\" rel=\"noopener\">eine kurze Videotour durch diese Anwendung.<\/a><\/p>\n\n\n\n<p><\/p>\n\n\n\n<p>Frohes Schaffen!<\/p>\n\n\n\n<div style=\"height:100px\" aria-hidden=\"true\" class=\"wp-block-spacer\"><\/div>\n\n\n\n<p><\/p>\n\n\n\n<p class=\"has-medium-font-size\" style=\"margin-top:0;margin-right:0;margin-bottom:0;margin-left:0\"><a href=\"https:\/\/grumblydaddy.com\/de\/die-datenschutzbestimmungen-der-spiele\/\" data-type=\"page\" data-id=\"62\">Die Datenschutzrichtlinie der App<\/a><\/p>\n\n\n\n<p class=\"has-medium-font-size\" style=\"margin-top:0;margin-bottom:0\"><a href=\"https:\/\/grumblydaddy.com\/de\/end-user-licence-agreement-eula\/\" data-type=\"page\" data-id=\"74\">Die Endbenutzer-Lizenzvereinbarung (EULA) der App<\/a><\/p>\n\n\n\n<p class=\"has-medium-font-size\" style=\"margin-top:0;margin-right:0;margin-bottom:0;margin-left:0;padding-top:0;padding-bottom:0\"><a href=\"https:\/\/grumblydaddy.com\/de\/this-sites-privacy-policy\/\" data-type=\"page\" data-id=\"64\">Die Datenschutzrichtlinie dieser Website<\/a><\/p>\n\n\n\n<p class=\"has-medium-font-size\" style=\"margin-top:0;margin-bottom:0\"><a href=\"https:\/\/grumblydaddy.com\/de\/crash-reporting-stability-firebase-crashlytics\/\" data-type=\"page\" data-id=\"90\">Meldung von Unf\u00e4llen<\/a><\/p>\n\n\n\n<p class=\"has-medium-font-size\" style=\"margin-top:0;margin-bottom:0\">Kontakt: contact@grumblydaddy.com<\/p>","protected":false},"excerpt":{"rendered":"<p>Let\u2019s have fun with arithmetic! Let kids learn the four basic operations in a funny way.GrumblyDaddy helps primary school children practice addition, subtraction, multiplication and division. Answer correctly to make daddy bear happier and happier. If you make mistakes, he gets grumpy\u2026 but you can tickle his nose to calm him down and see what [&hellip;]<\/p>\n","protected":false},"author":1,"featured_media":112,"parent":0,"menu_order":0,"comment_status":"closed","ping_status":"closed","template":"","meta":{"footnotes":""},"class_list":["post-48","page","type-page","status-publish","has-post-thumbnail","hentry"],"_links":{"self":[{"href":"https:\/\/grumblydaddy.com\/de\/wp-json\/wp\/v2\/pages\/48","targetHints":{"allow":["GET"]}}],"collection":[{"href":"https:\/\/grumblydaddy.com\/de\/wp-json\/wp\/v2\/pages"}],"about":[{"href":"https:\/\/grumblydaddy.com\/de\/wp-json\/wp\/v2\/types\/page"}],"author":[{"embeddable":true,"href":"https:\/\/grumblydaddy.com\/de\/wp-json\/wp\/v2\/users\/1"}],"replies":[{"embeddable":true,"href":"https:\/\/grumblydaddy.com\/de\/wp-json\/wp\/v2\/comments?post=48"}],"version-history":[{"count":51,"href":"https:\/\/grumblydaddy.com\/de\/wp-json\/wp\/v2\/pages\/48\/revisions"}],"predecessor-version":[{"id":203,"href":"https:\/\/grumblydaddy.com\/de\/wp-json\/wp\/v2\/pages\/48\/revisions\/203"}],"wp:featuredmedia":[{"embeddable":true,"href":"https:\/\/grumblydaddy.com\/de\/wp-json\/wp\/v2\/media\/112"}],"wp:attachment":[{"href":"https:\/\/grumblydaddy.com\/de\/wp-json\/wp\/v2\/media?parent=48"}],"curies":[{"name":"wp","href":"https:\/\/api.w.org\/{rel}","templated":true}]}}