{"id":90,"date":"2026-03-03T19:58:52","date_gmt":"2026-03-03T19:58:52","guid":{"rendered":"https:\/\/grumblydaddy.com\/?page_id=90"},"modified":"2026-03-22T21:29:05","modified_gmt":"2026-03-22T20:29:05","slug":"crash-reporting-stability-firebase-crashlytics","status":"publish","type":"page","link":"https:\/\/grumblydaddy.com\/da\/crash-reporting-stability-firebase-crashlytics\/","title":{"rendered":"Rapportering af nedbrud (stabilitet) - Firebase Crashlytics"},"content":{"rendered":"<p>Vi bruger <strong>Firebase Crashlytics<\/strong> (Google) til <strong>opdage og diagnosticere nedbrud<\/strong>, l\u00f8se problemer og <strong>forbedre stabiliteten<\/strong> af <strong>GrumblyDaddy<\/strong> app.<\/p>\n\n\n\n<p><strong>Behandlede data<\/strong><br>N\u00e5r der sker et nedbrud, kan Crashlytics indsamle og sende os:<\/p>\n\n\n\n<ul class=\"wp-block-list\">\n<li>nedbrudsrelaterede oplysninger (f.eks. nedbrudsspor\/stackspor, tidspunkt for nedbruddet, teknisk kontekst);<\/li>\n\n\n\n<li>tekniske oplysninger om enheden og appen (f.eks. enhedsmodel, Android-version, sprog\/lokalitet, app-version);<\/li>\n\n\n\n<li>a <strong>pseudonym identifikator<\/strong> knyttet til installationen: vi indstiller en Crashlytics <code>brugerId<\/code> baseret p\u00e5 en <strong>tilf\u00e6ldig UUID genereret ved installation<\/strong>, s\u00e5 <strong>Hashed<\/strong>. Denne identifikator er ikke afledt af en reklameidentifikator eller en enhedsidentifikator.<\/li>\n<\/ul>\n\n\n\n<p><strong>Data, vi ikke indsamler med vilje<\/strong><br>Vi fors\u00f8ger ikke via Crashlytics at indsamle data, der direkte identificerer dig (f.eks. navn, e-mailadresse, telefonnummer) eller f\u00f8lsomme data. Vi undg\u00e5r ogs\u00e5 at inkludere personlige data i tekniske logfiler.<\/p>\n\n\n\n<p><strong>Form\u00e5l<\/strong><br>Korrigerende vedligeholdelse, fejldiagnose og forbedring af appens p\u00e5lidelighed og sikkerhed.<\/p>\n\n\n\n<p><strong>Juridisk grundlag<\/strong><br>Vores juridiske grundlag er vores <strong>legitim interesse<\/strong> for at sikre, at appen fungerer korrekt og er sikker.<\/p>\n\n\n\n<p><strong>Modtagere<\/strong><br>Dataene er kun tilg\u00e6ngelige for autoriseret personale (tekniske teams) og behandles af <strong>Google\/Firebase<\/strong> som serviceudbyder.<\/p>\n\n\n\n<p><strong>Internationale overf\u00f8rsler<\/strong><br>Data kan behandles af Google\/Firebase, herunder p\u00e5 infrastruktur beliggende uden for Den Europ\u00e6iske Union, i overensstemmelse med de kontraktlige mekanismer og sikkerhedsforanstaltninger, der er indf\u00f8rt af Google\/Firebase.<\/p>\n\n\n\n<p><strong>Fastholdelse<\/strong><br>Ulykkesrapporter opbevares i <strong>12 m\u00e5neder<\/strong>, og derefter slettes eller anonymiseres, medmindre en juridisk forpligtelse kr\u00e6ver andet.<\/p>\n\n\n\n<p><strong>Dine rettigheder<\/strong><br>Du har ret til adgang, berigtigelse, sletning, begr\u00e6nsning og indsigelse i henhold til g\u00e6ldende lovgivning.<br>For at ud\u00f8ve dine rettigheder skal du kontakte os p\u00e5: <strong><a href=\"mailto:contact@grumblydaddy.com\">contact@grumblydaddy.com<\/a><\/strong>.<\/p>","protected":false},"excerpt":{"rendered":"<p>We use Firebase Crashlytics (Google) to detect and diagnose crashes, fix issues, and improve the stability of the GrumblyDaddy app. Data processedWhen a crash occurs, Crashlytics may collect and send us: Data we do not intentionally collectWe do not seek to collect, via Crashlytics, data that directly identifies you (e.g., name, email address, phone number) [&hellip;]<\/p>\n","protected":false},"author":1,"featured_media":0,"parent":0,"menu_order":4,"comment_status":"closed","ping_status":"closed","template":"","meta":{"footnotes":""},"class_list":["post-90","page","type-page","status-publish","hentry"],"_links":{"self":[{"href":"https:\/\/grumblydaddy.com\/da\/wp-json\/wp\/v2\/pages\/90","targetHints":{"allow":["GET"]}}],"collection":[{"href":"https:\/\/grumblydaddy.com\/da\/wp-json\/wp\/v2\/pages"}],"about":[{"href":"https:\/\/grumblydaddy.com\/da\/wp-json\/wp\/v2\/types\/page"}],"author":[{"embeddable":true,"href":"https:\/\/grumblydaddy.com\/da\/wp-json\/wp\/v2\/users\/1"}],"replies":[{"embeddable":true,"href":"https:\/\/grumblydaddy.com\/da\/wp-json\/wp\/v2\/comments?post=90"}],"version-history":[{"count":1,"href":"https:\/\/grumblydaddy.com\/da\/wp-json\/wp\/v2\/pages\/90\/revisions"}],"predecessor-version":[{"id":91,"href":"https:\/\/grumblydaddy.com\/da\/wp-json\/wp\/v2\/pages\/90\/revisions\/91"}],"wp:attachment":[{"href":"https:\/\/grumblydaddy.com\/da\/wp-json\/wp\/v2\/media?parent=90"}],"curies":[{"name":"wp","href":"https:\/\/api.w.org\/{rel}","templated":true}]}}