{"id":48,"date":"2026-01-10T15:51:37","date_gmt":"2026-01-10T15:51:37","guid":{"rendered":"https:\/\/grumblydaddy.com\/?page_id=48"},"modified":"2026-04-14T22:57:29","modified_gmt":"2026-04-14T21:57:29","slug":"the-grumblydaddy-game","status":"publish","type":"page","link":"https:\/\/grumblydaddy.com\/da\/","title":{"rendered":"Matematikspillet GrumblyDaddy for b\u00f8rn"},"content":{"rendered":"<p class=\"is-style-text-subtitle has-x-large-font-size is-style-text-subtitle--1\"><strong>Lad os have det sjovt med aritmetik!<\/strong><\/p>\n\n\n\n<div style=\"height:40px\" aria-hidden=\"true\" class=\"wp-block-spacer\"><\/div>\n\n\n\n<p>Lad b\u00f8rnene l\u00e6re de fire grundl\u00e6ggende operationer p\u00e5 en sjov m\u00e5de.<br>GrumblyDaddy hj\u00e6lper b\u00f8rn i grundskolen med at \u00f8ve addition, subtraktion, multiplikation og division.<\/p>\n\n\n\n<p>Svar rigtigt for at g\u00f8re bj\u00f8rnefar gladere og gladere. Hvis du laver fejl, bliver han gnaven ... men du kan kilde ham p\u00e5 n\u00e6sen for at berolige ham og se, hvad der sker.<\/p>\n\n\n\n<p>GrumblyDaddy er en p\u00e6dagogisk app designet til b\u00f8rn i alderen 5 til 10 \u00e5r.<\/p>\n\n\n\n<p>Sammen med bj\u00f8rnefar og hans seks s\u00f8nner kan b\u00f8rnene \u00f8ve sig:<\/p>\n\n\n\n<ul class=\"wp-block-list\">\n<li>tilf\u00f8jelse<\/li>\n\n\n\n<li>Subtraktion<\/li>\n\n\n\n<li>Multiplikation<\/li>\n\n\n\n<li>Division<\/li>\n<\/ul>\n\n\n\n<p><\/p>\n\n\n\n<p>Hvorfor b\u00f8rn kan lide GrumblyDaddy:<\/p>\n\n\n\n<ul class=\"wp-block-list\">\n<li>Enkel og legende matematik\u00f8velse<\/li>\n\n\n\n<li>en sjov og udtryksfuld bj\u00f8rnefigur<\/li>\n\n\n\n<li>l\u00e6ring tilpasset b\u00f8rn i grundskolen<\/li>\n\n\n\n<li>en sjov m\u00e5de at \u00f8ve sig i at regne p\u00e5<\/li>\n\n\n\n<li>gradvis opdagelse af de 4 grundl\u00e6ggende operationer<\/li>\n<\/ul>\n\n\n\n<p><\/p>\n\n\n\n<p>Hvorfor for\u00e6ldre kan lide det:<\/p>\n\n\n\n<ul class=\"wp-block-list\">\n<li>b\u00f8rn \u00f8ver sig i vigtige regnef\u00e6rdigheder<\/li>\n\n\n\n<li>L\u00e6ring sker gennem leg<\/li>\n\n\n\n<li>Det humoristiske univers hj\u00e6lper med at holde opm\u00e6rksomheden<\/li>\n\n\n\n<li>velegnet til unge elever<\/li>\n<\/ul>\n\n\n\n<p><\/p>\n\n\n\n<p>GrumblyDaddy er ideel til b\u00f8rn, der er begyndt at regne, eller som \u00f8nsker at styrke deres grundl\u00e6ggende matematiske f\u00e6rdigheder.<\/p>\n\n\n\n<p><\/p>\n\n\n\n<p>Spillet kommer i en gratis version, begr\u00e6nset til bord 1, 2 og 3, som du kan finde <a href=\"https:\/\/play.google.com\/store\/apps\/details?id=com.applisphones.bearoperations2\" target=\"_blank\" rel=\"noreferrer noopener\">her<\/a> i Google Play Store. Den har en Premium-mulighed, der l\u00e5ser op for alle bordene. Pr\u00f8v det for at f\u00e5 spillets udseende og f\u00f8lelse!<\/p>\n\n\n\n<div style=\"height:40px\" aria-hidden=\"true\" class=\"wp-block-spacer\"><\/div>\n\n\n\n<h1 class=\"wp-block-heading\">Detaljer<\/h1>\n\n\n\n<h2 class=\"wp-block-heading\">Hovedsk\u00e6rmen<\/h2>\n\n\n\n<p>P\u00e5 hovedsk\u00e6rmen ser vi en bj\u00f8rnefar, der holder \u00f8je med sine seks s\u00f8nner, som fors\u00f8ger at finde de rigtige svar p\u00e5 sp\u00f8rgsm\u00e5l om addition, subtraktion, multiplikation og division.<\/p>\n\n\n\n<figure class=\"wp-block-image size-full\"><img loading=\"lazy\" decoding=\"async\" width=\"480\" height=\"800\" src=\"https:\/\/grumblydaddy.com\/wp-content\/uploads\/2026\/01\/Screenshot_20251202_222212.png\" alt=\"Hovedsk\u00e6rmen i matematikspillet GrumblyDaddy for b\u00f8rn.\" class=\"wp-image-43\" srcset=\"https:\/\/grumblydaddy.com\/wp-content\/uploads\/2026\/01\/Screenshot_20251202_222212.png 480w, https:\/\/grumblydaddy.com\/wp-content\/uploads\/2026\/01\/Screenshot_20251202_222212-180x300.png 180w\" sizes=\"auto, (max-width: 480px) 100vw, 480px\" \/><\/figure>\n\n\n\n<p>Hvis de svarer rigtigt, bliver bj\u00f8rnefar gladere og gladere.<\/p>\n\n\n\n<p>Hvis de ikke g\u00f8r det, bliver bj\u00f8rnefar mere og mere vred. Men for at berolige ham kan du kilde ham p\u00e5 n\u00e6sen. G\u00f8r det, og se, hvad der sker!<\/p>\n\n\n\n<p>Du kan holde pause n\u00e5r som helst.<\/p>\n\n\n\n<p>Du kan v\u00e6lge en sv\u00e6rhedsgrad blandt Easy, Medium og Difficult.<\/p>\n\n\n\n<p>GrumblyDaddy-appen har til form\u00e5l at g\u00f8re regning humoristisk og engagerende. B\u00f8rn identificerer sig med ungerne i appen. Ungerne elsker at blive overv\u00e5get af deres bj\u00f8rnefar og at kunne berolige ham ved at kilde ham p\u00e5 n\u00e6sen, n\u00e5r han bliver vred. Og n\u00e5r en af ungerne beg\u00e5r en fejl, kan de andre godt lide at g\u00f8re grin med ham.<\/p>\n\n\n\n<div style=\"height:40px\" aria-hidden=\"true\" class=\"wp-block-spacer\"><\/div>\n\n\n\n<h2 class=\"wp-block-heading\">Statistik-sk\u00e6rmen<\/h2>\n\n\n\n<p>Der er en statistiksk\u00e6rm, som viser de sp\u00f8rgsm\u00e5l, der blev besvaret korrekt, og dem, der kan forbedres.<\/p>\n\n\n\n<figure class=\"wp-block-image size-full\"><img loading=\"lazy\" decoding=\"async\" width=\"480\" height=\"800\" src=\"https:\/\/grumblydaddy.com\/wp-content\/uploads\/2026\/01\/Screenshot_20251202_220243-1.png\" alt=\"Statistik og oversigt over resultater i matematik\" class=\"wp-image-50\" srcset=\"https:\/\/grumblydaddy.com\/wp-content\/uploads\/2026\/01\/Screenshot_20251202_220243-1.png 480w, https:\/\/grumblydaddy.com\/wp-content\/uploads\/2026\/01\/Screenshot_20251202_220243-1-180x300.png 180w\" sizes=\"auto, (max-width: 480px) 100vw, 480px\" \/><\/figure>\n\n\n\n<div style=\"height:40px\" aria-hidden=\"true\" class=\"wp-block-spacer\"><\/div>\n\n\n\n<h2 class=\"wp-block-heading\">Sk\u00e6rmen med indstillinger<\/h2>\n\n\n\n<p>Der er ogs\u00e5 en indstillingssk\u00e6rm, hvor du kan v\u00e6lge de tabeller, du vil \u00f8ve dig p\u00e5.<\/p>\n\n\n\n<figure class=\"wp-block-image size-full\"><img loading=\"lazy\" decoding=\"async\" width=\"480\" height=\"800\" src=\"https:\/\/grumblydaddy.com\/wp-content\/uploads\/2026\/01\/Screenshot_20251202_220306-1.png\" alt=\"\" class=\"wp-image-51\" srcset=\"https:\/\/grumblydaddy.com\/wp-content\/uploads\/2026\/01\/Screenshot_20251202_220306-1.png 480w, https:\/\/grumblydaddy.com\/wp-content\/uploads\/2026\/01\/Screenshot_20251202_220306-1-180x300.png 180w\" sizes=\"auto, (max-width: 480px) 100vw, 480px\" \/><\/figure>\n\n\n\n<div style=\"height:40px\" aria-hidden=\"true\" class=\"wp-block-spacer\"><\/div>\n\n\n\n<h2 class=\"wp-block-heading\">Revisionssk\u00e6rmen<\/h2>\n\n\n\n<p>Der er ogs\u00e5 en repetitionssk\u00e6rm til at l\u00e6re eller gennemg\u00e5 tabellerne.<\/p>\n\n\n\n<figure class=\"wp-block-image size-full\"><img loading=\"lazy\" decoding=\"async\" width=\"480\" height=\"800\" src=\"https:\/\/grumblydaddy.com\/wp-content\/uploads\/2026\/01\/Screenshot_20251202_220325-1.png\" alt=\"\" class=\"wp-image-52\" srcset=\"https:\/\/grumblydaddy.com\/wp-content\/uploads\/2026\/01\/Screenshot_20251202_220325-1.png 480w, https:\/\/grumblydaddy.com\/wp-content\/uploads\/2026\/01\/Screenshot_20251202_220325-1-180x300.png 180w\" sizes=\"auto, (max-width: 480px) 100vw, 480px\" \/><\/figure>\n\n\n\n<div style=\"height:40px\" aria-hidden=\"true\" class=\"wp-block-spacer\"><\/div>\n\n\n\n<h2 class=\"wp-block-heading\">Video-demo<\/h2>\n\n\n\n<p class=\"has-large-font-size\">Du kan se <a href=\"https:\/\/youtu.be\/FvbKwQSI-vU\" target=\"_blank\" rel=\"noopener\">en hurtig videotur i denne app.<\/a><\/p>\n\n\n\n<p><\/p>\n\n\n\n<p>God arbejdslyst!<\/p>\n\n\n\n<div style=\"height:100px\" aria-hidden=\"true\" class=\"wp-block-spacer\"><\/div>\n\n\n\n<p><\/p>\n\n\n\n<p class=\"has-medium-font-size\" style=\"margin-top:0;margin-right:0;margin-bottom:0;margin-left:0\"><a href=\"https:\/\/grumblydaddy.com\/da\/spillets-privatlivspolitik\/\" data-type=\"page\" data-id=\"62\">Appens privatlivspolitik<\/a><\/p>\n\n\n\n<p class=\"has-medium-font-size\" style=\"margin-top:0;margin-bottom:0\"><a href=\"https:\/\/grumblydaddy.com\/da\/slutbrugerlicensaftale-eula\/\" data-type=\"page\" data-id=\"74\">Appens slutbrugerlicensaftale (EULA)<\/a><\/p>\n\n\n\n<p class=\"has-medium-font-size\" style=\"margin-top:0;margin-right:0;margin-bottom:0;margin-left:0;padding-top:0;padding-bottom:0\"><a href=\"https:\/\/grumblydaddy.com\/da\/dette-websteds-privatlivspolitik\/\" data-type=\"page\" data-id=\"64\">Dette websteds privatlivspolitik<\/a><\/p>\n\n\n\n<p class=\"has-medium-font-size\" style=\"margin-top:0;margin-bottom:0\"><a href=\"https:\/\/grumblydaddy.com\/da\/crash-reporting-stability-firebase-crashlytics\/\" data-type=\"page\" data-id=\"90\">Rapportering af nedbrud<\/a><\/p>\n\n\n\n<p class=\"has-medium-font-size\" style=\"margin-top:0;margin-bottom:0\">Kontakt: contact@grumblydaddy.com<\/p>","protected":false},"excerpt":{"rendered":"<p>Let\u2019s have fun with arithmetic! Let kids learn the four basic operations in a funny way.GrumblyDaddy helps primary school children practice addition, subtraction, multiplication and division. Answer correctly to make daddy bear happier and happier. If you make mistakes, he gets grumpy\u2026 but you can tickle his nose to calm him down and see what [&hellip;]<\/p>\n","protected":false},"author":1,"featured_media":112,"parent":0,"menu_order":0,"comment_status":"closed","ping_status":"closed","template":"","meta":{"footnotes":""},"class_list":["post-48","page","type-page","status-publish","has-post-thumbnail","hentry"],"_links":{"self":[{"href":"https:\/\/grumblydaddy.com\/da\/wp-json\/wp\/v2\/pages\/48","targetHints":{"allow":["GET"]}}],"collection":[{"href":"https:\/\/grumblydaddy.com\/da\/wp-json\/wp\/v2\/pages"}],"about":[{"href":"https:\/\/grumblydaddy.com\/da\/wp-json\/wp\/v2\/types\/page"}],"author":[{"embeddable":true,"href":"https:\/\/grumblydaddy.com\/da\/wp-json\/wp\/v2\/users\/1"}],"replies":[{"embeddable":true,"href":"https:\/\/grumblydaddy.com\/da\/wp-json\/wp\/v2\/comments?post=48"}],"version-history":[{"count":51,"href":"https:\/\/grumblydaddy.com\/da\/wp-json\/wp\/v2\/pages\/48\/revisions"}],"predecessor-version":[{"id":203,"href":"https:\/\/grumblydaddy.com\/da\/wp-json\/wp\/v2\/pages\/48\/revisions\/203"}],"wp:featuredmedia":[{"embeddable":true,"href":"https:\/\/grumblydaddy.com\/da\/wp-json\/wp\/v2\/media\/112"}],"wp:attachment":[{"href":"https:\/\/grumblydaddy.com\/da\/wp-json\/wp\/v2\/media?parent=48"}],"curies":[{"name":"wp","href":"https:\/\/api.w.org\/{rel}","templated":true}]}}